{"id":932,"date":"2018-10-25T00:07:35","date_gmt":"2018-10-25T03:07:35","guid":{"rendered":"http:\/\/lafase.cl\/corporacion\/comision-paritaria\/"},"modified":"2021-05-20T17:11:17","modified_gmt":"2021-05-20T21:11:17","slug":"commission-paritaire","status":"publish","type":"page","link":"https:\/\/lafase.cl\/fr\/establecimiento\/corporacion\/commission-paritaire\/","title":{"rendered":"Commission Paritaire"},"content":{"rendered":"<section class=\"wpb-content-wrapper\"><p>[vc_row][vc_column][rev_slider_vc alias=\u00a0\u00bbcorporacion\u00a0\u00bb][vc_custom_heading text=\u00a0\u00bbCommission Paritaire\u00a0\u00bb use_theme_fonts=\u00a0\u00bbyes\u00a0\u00bb][vc_separator color=\u00a0\u00bbcustom\u00a0\u00bb accent_color=\u00a0\u00bb#005da5&Prime;][vc_row_inner][vc_column_inner][vc_column_text]<\/p>\n<h3>Comit\u00e9 Paritario de Higiene y Seguridad:<\/h3>\n<p align=\"justify\">El colegio Antoine de Saint Exup\u00e9ry cuenta con un Comit\u00e9 Paritario de Higiene y Seguridad, obligatorio en Chile para las empresas de m\u00e1s de 25 trabajadores, en el marco de la legislaci\u00f3n sobre Accidentes de Trabajo y Enfermedades Profesionales.<\/p>\n<p align=\"justify\">Este comit\u00e9 se re\u00fane habitualmente una vez al mes y, de manera extraordinaria, en caso de un accidente grave o a petici\u00f3n de al menos un miembro de cada parte. Su funci\u00f3n es prevenir los accidentes de trabajo o las enfermedades profesionales. En primer lugar eval\u00faa los riesgos inherentes a los equipamientos y a las actividades del establecimiento, y, por otra parte, investiga las causas de accidentes o enfermedades que eventualmente pudieran producirse. Posteriormente adopta una serie de medidas que permitan evitar los riesgos detectados, as\u00ed como tambi\u00e9n vela por su aplicaci\u00f3n.<\/p>\n<p>[\/vc_column_text][\/vc_column_inner][\/vc_row_inner][\/vc_column][\/vc_row]<\/p>\n<\/section>","protected":false},"excerpt":{"rendered":"<p>[vc_row][vc_column][rev_slider_vc alias=\u00a0\u00bbcorporacion\u00a0\u00bb][vc_custom_heading text=\u00a0\u00bbCommission Paritaire\u00a0\u00bb use_theme_fonts=\u00a0\u00bbyes\u00a0\u00bb][vc_separator color=\u00a0\u00bbcustom\u00a0\u00bb accent_color=\u00a0\u00bb#005da5&Prime;][vc_row_inner][vc_column_inner][vc_column_text] Comit\u00e9 Paritario de Higiene y Seguridad: El colegio Antoine de Saint Exup\u00e9ry cuenta&nbsp;<a href=\"https:\/\/lafase.cl\/fr\/establecimiento\/corporacion\/commission-paritaire\/\">&hellip;<\/a><\/p>\n","protected":false},"author":1,"featured_media":0,"parent":909,"menu_order":5,"comment_status":"closed","ping_status":"closed","template":"template-home.php","meta":{"om_disable_all_campaigns":false,"_monsterinsights_skip_tracking":false,"_monsterinsights_sitenote_active":false,"_monsterinsights_sitenote_note":"","_monsterinsights_sitenote_category":0},"aioseo_notices":[],"_links":{"self":[{"href":"https:\/\/lafase.cl\/fr\/wp-json\/wp\/v2\/pages\/932"}],"collection":[{"href":"https:\/\/lafase.cl\/fr\/wp-json\/wp\/v2\/pages"}],"about":[{"href":"https:\/\/lafase.cl\/fr\/wp-json\/wp\/v2\/types\/page"}],"author":[{"embeddable":true,"href":"https:\/\/lafase.cl\/fr\/wp-json\/wp\/v2\/users\/1"}],"replies":[{"embeddable":true,"href":"https:\/\/lafase.cl\/fr\/wp-json\/wp\/v2\/comments?post=932"}],"version-history":[{"count":4,"href":"https:\/\/lafase.cl\/fr\/wp-json\/wp\/v2\/pages\/932\/revisions"}],"predecessor-version":[{"id":32815,"href":"https:\/\/lafase.cl\/fr\/wp-json\/wp\/v2\/pages\/932\/revisions\/32815"}],"up":[{"embeddable":true,"href":"https:\/\/lafase.cl\/fr\/wp-json\/wp\/v2\/pages\/909"}],"wp:attachment":[{"href":"https:\/\/lafase.cl\/fr\/wp-json\/wp\/v2\/media?parent=932"}],"curies":[{"name":"wp","href":"https:\/\/api.w.org\/{rel}","templated":true}]}}