{"id":926,"date":"2018-10-24T21:20:37","date_gmt":"2018-10-25T00:20:37","guid":{"rendered":"http:\/\/lafase.cl\/corporacion\/comunicacion-a-los-socios\/"},"modified":"2021-05-20T17:09:44","modified_gmt":"2021-05-20T21:09:44","slug":"information-aux-socios","status":"publish","type":"page","link":"https:\/\/lafase.cl\/fr\/establecimiento\/corporacion\/information-aux-socios\/","title":{"rendered":"Information aux membres"},"content":{"rendered":"<section class=\"wpb-content-wrapper\"><p>[vc_row][vc_column][rev_slider_vc alias=\u00a0\u00bbcorporacion\u00a0\u00bb][vc_custom_heading text=\u00a0\u00bbComunicaci\u00f3n a los socios\u00a0\u00bb use_theme_fonts=\u00a0\u00bbyes\u00a0\u00bb][vc_separator color=\u00a0\u00bbcustom\u00a0\u00bb accent_color=\u00a0\u00bb#005da5&Prime;][vc_row_inner][vc_column_inner width=\u00a0\u00bb1\/2&Prime;][vc_single_image image=\u00a0\u00bb772&Prime; img_size=\u00a0\u00bblarge\u00a0\u00bb][\/vc_column_inner][vc_column_inner width=\u00a0\u00bb1\/2&Prime;][vc_column_text]<\/p>\n<h3>Comunicado:<\/h3>\n<p>El Ministerio de Educaci\u00f3n de Chile, por intermedio de la Secretaria Regional Ministerial de Educaci\u00f3n (S) Sra. Edith Viorklumds Heredia, ha emitido la Resoluci\u00f3n Exenta N\u00ba 02417 de fecha 19 de Julio de 2013, con el\u00a0<strong>Reconocimiento Oficial de esa Secretar\u00eda a nuestra Sede de Chamisero, a contar del a\u00f1o 2013<\/strong>completo, otorg\u00e1ndole el RBD No 16776-2.[\/vc_column_text][\/vc_column_inner][\/vc_row_inner][\/vc_column][\/vc_row]<\/p>\n<\/section>","protected":false},"excerpt":{"rendered":"<p>[vc_row][vc_column][rev_slider_vc alias=\u00a0\u00bbcorporacion\u00a0\u00bb][vc_custom_heading text=\u00a0\u00bbComunicaci\u00f3n a los socios\u00a0\u00bb use_theme_fonts=\u00a0\u00bbyes\u00a0\u00bb][vc_separator color=\u00a0\u00bbcustom\u00a0\u00bb accent_color=\u00a0\u00bb#005da5&Prime;][vc_row_inner][vc_column_inner width=\u00a0\u00bb1\/2&Prime;][vc_single_image image=\u00a0\u00bb772&Prime; img_size=\u00a0\u00bblarge\u00a0\u00bb][\/vc_column_inner][vc_column_inner width=\u00a0\u00bb1\/2&Prime;][vc_column_text] Comunicado: El Ministerio de Educaci\u00f3n de Chile,&nbsp;<a href=\"https:\/\/lafase.cl\/fr\/establecimiento\/corporacion\/information-aux-socios\/\">&hellip;<\/a><\/p>\n","protected":false},"author":1,"featured_media":0,"parent":909,"menu_order":2,"comment_status":"closed","ping_status":"closed","template":"template-home.php","meta":{"om_disable_all_campaigns":false,"_monsterinsights_skip_tracking":false,"_monsterinsights_sitenote_active":false,"_monsterinsights_sitenote_note":"","_monsterinsights_sitenote_category":0},"aioseo_notices":[],"_links":{"self":[{"href":"https:\/\/lafase.cl\/fr\/wp-json\/wp\/v2\/pages\/926"}],"collection":[{"href":"https:\/\/lafase.cl\/fr\/wp-json\/wp\/v2\/pages"}],"about":[{"href":"https:\/\/lafase.cl\/fr\/wp-json\/wp\/v2\/types\/page"}],"author":[{"embeddable":true,"href":"https:\/\/lafase.cl\/fr\/wp-json\/wp\/v2\/users\/1"}],"replies":[{"embeddable":true,"href":"https:\/\/lafase.cl\/fr\/wp-json\/wp\/v2\/comments?post=926"}],"version-history":[{"count":3,"href":"https:\/\/lafase.cl\/fr\/wp-json\/wp\/v2\/pages\/926\/revisions"}],"predecessor-version":[{"id":32814,"href":"https:\/\/lafase.cl\/fr\/wp-json\/wp\/v2\/pages\/926\/revisions\/32814"}],"up":[{"embeddable":true,"href":"https:\/\/lafase.cl\/fr\/wp-json\/wp\/v2\/pages\/909"}],"wp:attachment":[{"href":"https:\/\/lafase.cl\/fr\/wp-json\/wp\/v2\/media?parent=926"}],"curies":[{"name":"wp","href":"https:\/\/api.w.org\/{rel}","templated":true}]}}