{"id":909,"date":"2018-10-24T19:21:03","date_gmt":"2018-10-24T22:21:03","guid":{"rendered":"http:\/\/lafase.cl\/corporacion\/"},"modified":"2025-11-10T12:15:47","modified_gmt":"2025-11-10T15:15:47","slug":"corporacion","status":"publish","type":"page","link":"https:\/\/lafase.cl\/fr\/establecimiento\/corporacion\/","title":{"rendered":"La Corporaci\u00f3n"},"content":{"rendered":"<section class=\"wpb-content-wrapper\"><p>[vc_row][vc_column][rev_slider_vc alias=\u00a0\u00bbcorporacion\u00a0\u00bb][vc_empty_space][vc_custom_heading text=\u00a0\u00bbCorporation\u00a0\u00bb use_theme_fonts=\u00a0\u00bbyes\u00a0\u00bb][vc_row_inner][vc_column_inner][vc_custom_heading text=\u00a0\u00bbLa \u00ab CORPORACI\u00d3N EDUCACIONAL ALIANZA FRANCESA DE SANTIAGO \u00bb est une association \u00e0 but non lucratif, fond\u00e9e en 1973, qui est charg\u00e9e de la gestion financi\u00e8re de l\u2019\u00e9tablissement. La direction p\u00e9dagogique est elle-m\u00eame sous la responsabilit\u00e9 de la direction de l\u2019\u00e9tablissement. Pour autant, les r\u00f4les de la Corporation et de la Direction se compl\u00e8tent et ont les m\u00eames objectifs, d\u00e9finis dans les statuts officiels (article 2).\u00a0\u00bb font_container=\u00a0\u00bbtag:h2|font_size:16%20px|text_align:justify\u00a0\u00bb use_theme_fonts=\u00a0\u00bbyes\u00a0\u00bb][vc_custom_heading text=\u00a0\u00bbOBJETIVOS\u00a0\u00bb font_container=\u00a0\u00bbtag:h3|font_size:18px|text_align:left\u00a0\u00bb use_theme_fonts=\u00a0\u00bbyes\u00a0\u00bb][vc_column_text]<\/p>\n<ul>\n<li style=\"text-align: justify;\">Appliquer le syst\u00e8me \u00e9ducatif fran\u00e7ais sans sortir de la conception de l\u2019enseignement publique chilien. L\u2019\u00e9tablissement est r\u00e9git par un d\u00e9cret particulier approuv\u00e9 par le Minist\u00e8re Chilien de l\u2019Education, qui respecte les programmes chiliens et fran\u00e7ais.<\/li>\n<li style=\"text-align: justify;\">L\u2019\u00e9ducation est tourn\u00e9e vers les valeurs de la citoyennet\u00e9.<\/li>\n<li style=\"text-align: justify;\">Une formation rigoureuse avec de l\u2019esprit critique.<\/li>\n<li style=\"text-align: justify;\">Favoriser les \u00e9changes culturels (plus de 23 nationalit\u00e9s repr\u00e9sent\u00e9es) tout en respectant les diff\u00e9rences gr\u00e2ce aux valeurs de la tol\u00e9rance.<\/li>\n<\/ul>\n<p>[\/vc_column_text][vc_custom_heading text=\u00a0\u00bbDIRECTORIO\u00a0\u00bb font_container=\u00a0\u00bbtag:h3|font_size:18px|text_align:left\u00a0\u00bb use_theme_fonts=\u00a0\u00bbyes\u00a0\u00bb][vc_column_text]<\/p>\n<div>\n<ul>\n<li style=\"text-align: justify;\">PR\u00c9SIDENT : Paul Miquel<\/li>\n<\/ul>\n<\/div>\n<div style=\"text-align: justify;\">\n<ul>\n<li>VICE-PR\u00c9SIDENTE : Mar\u00eda Paz Cerda<\/li>\n<\/ul>\n<\/div>\n<div style=\"text-align: justify;\">\n<ul>\n<li>TR\u00c9SORIER : Barth\u00e9l\u00e9my Amann<\/li>\n<\/ul>\n<\/div>\n<div style=\"text-align: justify;\">\n<ul>\n<li>PRO-TR\u00c9SORIER : Aur\u00e9lien Nicolas<\/li>\n<\/ul>\n<\/div>\n<div style=\"text-align: justify;\">\n<ul>\n<li>SECR\u00c9TAIRE : Laura S\u00e1nchez<\/li>\n<\/ul>\n<\/div>\n<div>\n<ul>\n<li style=\"text-align: justify;\">DIRECTEURS : Val\u00e9rie Tulard, Paula Maturana, Claudia Ebring, Javier Carvallo<\/li>\n<\/ul>\n<\/div>\n<p>[\/vc_column_text][\/vc_column_inner][\/vc_row_inner][\/vc_column][\/vc_row][vc_row][vc_column][vc_row_inner][vc_column_inner][vc_custom_heading text=\u00a0\u00bbPaul Miquel\u00a0\u00bb font_container=\u00a0\u00bbtag:h3|text_align:left\u00a0\u00bb google_fonts=\u00a0\u00bbfont_family:Abel%3Aregular|font_style:400%20regular%3A400%3Anormal\u00a0\u00bb][vc_custom_heading text=\u00a0\u00bbPr\u00e9sident du Conseil d&rsquo;administration (AF Ile de France)\u00a0\u00bb font_container=\u00a0\u00bbtag:h3|font_size:18|text_align:left\u00a0\u00bb google_fonts=\u00a0\u00bbfont_family:Abel%3Aregular|font_style:400%20regular%3A400%3Anormal\u00a0\u00bb][vc_column_text]<\/p>\n<p style=\"text-align: justify;\"><a href=\"https:\/\/lafase.cl\/wp-content\/uploads\/2022\/12\/paul-miquel.jpg\"><img decoding=\"async\" loading=\"lazy\" class=\"wp-image-48082 size-thumbnail alignleft\" src=\"https:\/\/lafase.cl\/wp-content\/uploads\/2022\/12\/paul-miquel-150x150.jpg\" alt=\"\" width=\"150\" height=\"150\" srcset=\"https:\/\/lafase.cl\/wp-content\/uploads\/2022\/12\/paul-miquel-150x150.jpg 150w, https:\/\/lafase.cl\/wp-content\/uploads\/2022\/12\/paul-miquel-768x768.jpg 768w\" sizes=\"(max-width: 150px) 100vw, 150px\" \/><\/a>Paul Miquel est actuellement Managing Director de Soci\u00e9t\u00e9 G\u00e9n\u00e9rale, responsable de l&rsquo;Am\u00e9rique du Sud (hors Br\u00e9sil). Il a travaill\u00e9 pendant plus de 30 ans dans des banques d&rsquo;investissement internationales, structurant ou conseillant de grands projets \u00e9nerg\u00e9tiques, miniers et d&rsquo;infrastructure dans la r\u00e9gion. Paul est \u00e9galement vice-pr\u00e9sident de la Chambre de commerce franco-chilienne, vice-pr\u00e9sident des Conseillers du commerce ext\u00e9rieur de la France et membre de conseils d&rsquo;administration d&rsquo;entreprises chiliennes et internationales. Il est \u00e9galement directeur de la Corporation culturelle de La Pintana.<br \/>\nIl a \u00e9t\u00e9 pr\u00e9sident de la Corporation entre 2015 et 2021, ancien \u00e9l\u00e8ve des \u00e9coles du r\u00e9seau AEFE de Monrovia, Rome et du CNED et ses enfants ont \u00e9t\u00e9 \u00e9l\u00e8ves de l&rsquo;\u00e9cole. Il a \u00e9tudi\u00e9 les math\u00e9matiques appliqu\u00e9es en France et l&rsquo;\u00e9conomie au Chili.<\/p>\n<p>[\/vc_column_text][vc_separator style=\u00a0\u00bbshadow\u00a0\u00bb][vc_custom_heading text=\u00a0\u00bbMar\u00eda Paz Cerda\u00a0\u00bb font_container=\u00a0\u00bbtag:h3|text_align:left\u00a0\u00bb use_theme_fonts=\u00a0\u00bbyes\u00a0\u00bb][vc_custom_heading text=\u00a0\u00bbVice-pr\u00e9sidente du Conseil d&rsquo;administration (AF Ile de France)\u00a0\u00bb font_container=\u00a0\u00bbtag:h3|font_size:18|text_align:left\u00a0\u00bb use_theme_fonts=\u00a0\u00bbyes\u00a0\u00bb][vc_column_text]<\/p>\n<p style=\"text-align: justify;\"><a href=\"https:\/\/lafase.cl\/wp-content\/uploads\/2021\/07\/Mar\u00eda-Paz-Cerda.jpg\"><img decoding=\"async\" loading=\"lazy\" class=\"alignleft wp-image-33729 size-thumbnail\" src=\"https:\/\/lafase.cl\/wp-content\/uploads\/2021\/07\/Mar\u00eda-Paz-Cerda-150x150.jpg\" alt=\"\" width=\"150\" height=\"150\" srcset=\"https:\/\/lafase.cl\/wp-content\/uploads\/2021\/07\/Mar\u00eda-Paz-Cerda-150x150.jpg 150w, https:\/\/lafase.cl\/wp-content\/uploads\/2021\/07\/Mar\u00eda-Paz-Cerda-768x768.jpg 768w\" sizes=\"(max-width: 150px) 100vw, 150px\" \/><\/a><\/p>\n<p style=\"font-weight: 400; text-align: justify;\">Ancienne \u00e9l\u00e8ve du Lyc\u00e9e Antoine de Saint-Exup\u00e9ry. M\u00e8re de deux filles actuellement scolaris\u00e9es dans notre \u00e9cole.<\/p>\n<p style=\"font-weight: 400; text-align: justify;\">Avocate dipl\u00f4m\u00e9e de la facult\u00e9 de droit de la Pontificia Universidad Cat\u00f3lica de Chile et titulaire d&rsquo;un master en droit commercial et en droit des soci\u00e9t\u00e9s (LL.M.) de la London School of Economics and Political Science.<\/p>\n<p style=\"font-weight: 400; text-align: justify;\">Vice-pr\u00e9sident des affaires juridiques de AES Andes S.A. pour le Chili, la Colombie et l&rsquo;Argentine. Membre du conseil d&rsquo;administration d&rsquo;entreprises au Chili, en Colombie et au Br\u00e9sil. Elle est \u00e9galement copr\u00e9sidente du comit\u00e9 de gouvernance d&rsquo;entreprise et de conformit\u00e9 de l&rsquo;AmCham Chile (Chambre de commerce am\u00e9ricano-chilienne).<\/p>\n<p style=\"font-weight: 400; text-align: justify;\">Mar\u00eda Paz a \u00e9t\u00e9 reconnue comme l&rsquo;une des principales avocates du secteur de l&rsquo;\u00e9nergie au Chili et figure parmi les 100 femmes les plus influentes du Chili.<\/p>\n<p>[\/vc_column_text][vc_separator style=\u00a0\u00bbshadow\u00a0\u00bb][vc_custom_heading text=\u00a0\u00bbBarth\u00e9l\u00e9my Amann\u00a0\u00bb font_container=\u00a0\u00bbtag:h3|text_align:left\u00a0\u00bb use_theme_fonts=\u00a0\u00bbyes\u00a0\u00bb][vc_custom_heading text=\u00a0\u00bbTr\u00e9sorier (AF Ile de France)\u00a0\u00bb font_container=\u00a0\u00bbtag:h3|font_size:18|text_align:left\u00a0\u00bb use_theme_fonts=\u00a0\u00bbyes\u00a0\u00bb][vc_column_text]<\/p>\n<p style=\"text-align: justify;\"><a href=\"https:\/\/lafase.cl\/wp-content\/uploads\/2024\/07\/PXL_20240328_1249362442.jpg\"><img decoding=\"async\" loading=\"lazy\" class=\"wp-image-69135 size-thumbnail alignleft\" src=\"https:\/\/lafase.cl\/wp-content\/uploads\/2024\/07\/PXL_20240328_1249362442-150x150.jpg\" alt=\"\" width=\"150\" height=\"150\" srcset=\"https:\/\/lafase.cl\/wp-content\/uploads\/2024\/07\/PXL_20240328_1249362442-150x150.jpg 150w, https:\/\/lafase.cl\/wp-content\/uploads\/2024\/07\/PXL_20240328_1249362442-768x768.jpg 768w, https:\/\/lafase.cl\/wp-content\/uploads\/2024\/07\/PXL_20240328_1249362442-420x420.jpg 420w\" sizes=\"(max-width: 150px) 100vw, 150px\" \/><\/a><\/p>\n<p>Gestionnaire de lyc\u00e9e professionnel puis fond\u00e9 de pouvoir d&rsquo;un agent comptable d&rsquo;un groupement de lyc\u00e9es et coll\u00e8ges publics en \u00cele de France.<\/p>\n<p>P\u00e8re de deux filles scolaris\u00e9es au lyc\u00e9e Antoine de Saint-Exup\u00e9ry. Notre famille a d\u00e9m\u00e9nag\u00e9 en Belgique, aux Philippines et maintenant au Chili.<\/p>\n<p>J&rsquo;\u00e9tais membre du comit\u00e9 de gestion\/directorio du lyc\u00e9e fran\u00e7ais de Manille en tant que tr\u00e9sorier.[\/vc_column_text][vc_separator style=\u00a0\u00bbshadow\u00a0\u00bb][vc_custom_heading text=\u00a0\u00bbAur\u00e9lien Nicolas\u00a0\u00bb font_container=\u00a0\u00bbtag:h3|text_align:left\u00a0\u00bb use_theme_fonts=\u00a0\u00bbyes\u00a0\u00bb][vc_custom_heading text=\u00a0\u00bbPro-tr\u00e9sorier (AF Ile de France)\u00a0\u00bb font_container=\u00a0\u00bbtag:h3|font_size:18|text_align:left\u00a0\u00bb use_theme_fonts=\u00a0\u00bbyes\u00a0\u00bb][vc_column_text]<\/p>\n<p style=\"text-align: justify;\"><a href=\"https:\/\/lafase.cl\/wp-content\/uploads\/2021\/07\/Aurelien-Nicolas-BNPP.jpg\"><img decoding=\"async\" loading=\"lazy\" class=\"alignleft wp-image-33619 size-thumbnail\" src=\"https:\/\/lafase.cl\/wp-content\/uploads\/2021\/07\/Aurelien-Nicolas-BNPP-150x150.jpg\" alt=\"\" width=\"150\" height=\"150\" \/><\/a><\/p>\n<p style=\"font-weight: 400; text-align: justify;\">Sp\u00e9cialiste des fusions et acquisitions et responsable du Chili et du P\u00e9rou pour la premi\u00e8re institution bancaire fran\u00e7aise.<\/p>\n<p style=\"font-weight: 400; text-align: justify;\">Arriv\u00e9 au Chili il y a 25 ans, il a d\u00e9velopp\u00e9 sa carri\u00e8re professionnelle \u00e0 Paris, New York, Buenos Aires et Santiago. Il est ing\u00e9nieur commercial de l&rsquo;Universit\u00e9 de Talca (1997) et titulaire d&rsquo;un Master en administration des affaires de l&rsquo;INSEAD, France (2009). Il est issu d&rsquo;une famille d&rsquo;enseignants de l&rsquo;enseignement public fran\u00e7ais.<\/p>\n<p>[\/vc_column_text][vc_separator style=\u00a0\u00bbshadow\u00a0\u00bb][vc_custom_heading text=\u00a0\u00bbLaura S\u00e1nchez Zu\u00f1iga\u00a0\u00bb font_container=\u00a0\u00bbtag:h3|text_align:left\u00a0\u00bb use_theme_fonts=\u00a0\u00bbyes\u00a0\u00bb][vc_custom_heading text=\u00a0\u00bbSecr\u00e9taire (Assembl\u00e9e)\u00a0\u00bb font_container=\u00a0\u00bbtag:h3|font_size:18|text_align:left\u00a0\u00bb use_theme_fonts=\u00a0\u00bbyes\u00a0\u00bb][vc_column_text]<\/p>\n<p style=\"text-align: justify;\"><a href=\"https:\/\/lafase.cl\/wp-content\/uploads\/2021\/06\/foto.jpeg\"><img decoding=\"async\" loading=\"lazy\" class=\"alignleft wp-image-33038 size-thumbnail\" src=\"https:\/\/lafase.cl\/wp-content\/uploads\/2021\/06\/foto-150x150.jpeg\" alt=\"\" width=\"150\" height=\"150\" \/><\/a><\/p>\n<p style=\"font-weight: 400; text-align: justify;\">Laura a \u00a0\u00e9tudi\u00e9 \u00e0 l&rsquo;alliance fran\u00e7aise de santiago de 1973-1987<\/p>\n<p style=\"font-weight: 400; text-align: justify;\">\u00c9tudes de \u00ab\u00a0Designer\u00a0\u00bb \u00e0 la pontificia universidad cat\u00f3lica de chile 1988-1993<\/p>\n<p style=\"font-weight: 400; text-align: justify;\">Responsable du d\u00e9partement design de l&rsquo;entreprise de c\u00e9ramique Cordillera 1994-2004<\/p>\n<p style=\"font-weight: 400; text-align: justify;\">Directeur commercial de l&rsquo;entreprise d&#8217;emballage Cajas Chile 2004- 2010<\/p>\n<p style=\"font-weight: 400; text-align: justify;\">Administration et membre du conseil d&rsquo;administration de l&rsquo;entreprise Qu\u00edmica del Sur de 2010 \u00e0 ce jour.<\/p>\n<p>[\/vc_column_text][vc_separator style=\u00a0\u00bbshadow\u00a0\u00bb][vc_custom_heading text=\u00a0\u00bbBruno Coulon\u00a0\u00bb font_container=\u00a0\u00bbtag:h3|text_align:left\u00a0\u00bb use_theme_fonts=\u00a0\u00bbyes\u00a0\u00bb][vc_custom_heading text=\u00a0\u00bbDirecteur (Assembl\u00e9e)\u00a0\u00bb font_container=\u00a0\u00bbtag:h3|font_size:18|text_align:left\u00a0\u00bb use_theme_fonts=\u00a0\u00bbyes\u00a0\u00bb][vc_column_text]<\/p>\n<p style=\"text-align: justify;\"><a href=\"https:\/\/lafase.cl\/wp-content\/uploads\/2025\/08\/BCS-Portrait-e1756309406610.jpg\"><img decoding=\"async\" loading=\"lazy\" class=\"alignleft wp-image-84570 size-thumbnail\" src=\"https:\/\/lafase.cl\/wp-content\/uploads\/2025\/08\/BCS-Portrait-150x150.jpg\" alt=\"\" width=\"150\" height=\"150\" srcset=\"https:\/\/lafase.cl\/wp-content\/uploads\/2025\/08\/BCS-Portrait-150x150.jpg 150w, https:\/\/lafase.cl\/wp-content\/uploads\/2025\/08\/BCS-Portrait-768x768.jpg 768w, https:\/\/lafase.cl\/wp-content\/uploads\/2025\/08\/BCS-Portrait-420x420.jpg 420w\" sizes=\"(max-width: 150px) 100vw, 150px\" \/><\/a><\/p>\n<p style=\"font-weight: 400; text-align: justify;\">Architecte, associ\u00e9 de CHEB Architectes et Umbria Construction.<br data-start=\"63\" data-end=\"66\" \/>18 ans d\u2019exp\u00e9rience dans le d\u00e9veloppement, la gestion administrative et la construction de projets r\u00e9sidentiels, commerciaux, corporatifs et \u00e9ducatifs.<br data-start=\"217\" data-end=\"220\" \/>Ancien \u00e9l\u00e8ve du Lyc\u00e9e de l\u2019Alliance Fran\u00e7aise Antoine de Saint-Exup\u00e9ry, promotion 1999.<br data-start=\"307\" data-end=\"310\" \/>P\u00e8re de deux enfants, actuellement en CE2 et CM2. R\u00e9guli\u00e8rement impliqu\u00e9 dans les comit\u00e9s de classe, ravi de l\u2019opportunit\u00e9 de contribuer \u00e0 la corporation gr\u00e2ce \u00e0 ma formation et \u00e0 mon exp\u00e9rience professionnelle.<\/p>\n<p>[\/vc_column_text][vc_separator style=\u00a0\u00bbshadow\u00a0\u00bb][vc_custom_heading text=\u00a0\u00bbJavier Carvallo\u00a0\u00bb font_container=\u00a0\u00bbtag:h3|text_align:left\u00a0\u00bb use_theme_fonts=\u00a0\u00bbyes\u00a0\u00bb][vc_custom_heading text=\u00a0\u00bbDirecteur (AF de Chile)\u00a0\u00bb font_container=\u00a0\u00bbtag:h3|font_size:18|text_align:left\u00a0\u00bb use_theme_fonts=\u00a0\u00bbyes\u00a0\u00bb][vc_column_text]<\/p>\n<p style=\"font-weight: 400; text-align: justify;\"><a href=\"https:\/\/lafase.cl\/wp-content\/uploads\/2023\/08\/Javier-Carvallo_Director-scaled.jpg\"><img decoding=\"async\" loading=\"lazy\" class=\"alignnone wp-image-56782 size-thumbnail\" src=\"https:\/\/lafase.cl\/wp-content\/uploads\/2023\/08\/Javier-Carvallo_Director-150x150.jpg\" alt=\"\" width=\"150\" height=\"150\" srcset=\"https:\/\/lafase.cl\/wp-content\/uploads\/2023\/08\/Javier-Carvallo_Director-150x150.jpg 150w, https:\/\/lafase.cl\/wp-content\/uploads\/2023\/08\/Javier-Carvallo_Director-768x768.jpg 768w, https:\/\/lafase.cl\/wp-content\/uploads\/2023\/08\/Javier-Carvallo_Director-420x420.jpg 420w\" sizes=\"(max-width: 150px) 100vw, 150px\" \/><\/a><\/p>\n<p>[\/vc_column_text][vc_separator style=\u00a0\u00bbshadow\u00a0\u00bb][vc_custom_heading text=\u00a0\u00bbClaudia Ebring\u00a0\u00bb font_container=\u00a0\u00bbtag:h3|text_align:left\u00a0\u00bb use_theme_fonts=\u00a0\u00bbyes\u00a0\u00bb][vc_custom_heading text=\u00a0\u00bbDirectrice (AF de Chile)\u00a0\u00bb font_container=\u00a0\u00bbtag:h3|font_size:18|text_align:left\u00a0\u00bb use_theme_fonts=\u00a0\u00bbyes\u00a0\u00bb][vc_column_text]<\/p>\n<p style=\"text-align: justify;\"><a href=\"https:\/\/lafase.cl\/wp-content\/uploads\/2024\/05\/Claudia-Ebring_CPA-1.jpeg\"><img decoding=\"async\" loading=\"lazy\" class=\"alignnone wp-image-67228 size-thumbnail\" src=\"https:\/\/lafase.cl\/wp-content\/uploads\/2024\/05\/Claudia-Ebring_CPA-1-150x150.jpeg\" alt=\"\" width=\"150\" height=\"150\" srcset=\"https:\/\/lafase.cl\/wp-content\/uploads\/2024\/05\/Claudia-Ebring_CPA-1-150x150.jpeg 150w, https:\/\/lafase.cl\/wp-content\/uploads\/2024\/05\/Claudia-Ebring_CPA-1-420x420.jpeg 420w\" sizes=\"(max-width: 150px) 100vw, 150px\" \/><\/a><\/p>\n<p>[\/vc_column_text][vc_separator style=\u00a0\u00bbshadow\u00a0\u00bb][vc_custom_heading text=\u00a0\u00bbDaniel Arenas\u00a0\u00bb font_container=\u00a0\u00bbtag:h3|text_align:left\u00a0\u00bb use_theme_fonts=\u00a0\u00bbyes\u00a0\u00bb][vc_custom_heading text=\u00a0\u00bbDirecteur (CPA)\u00a0\u00bb font_container=\u00a0\u00bbtag:h3|font_size:18|text_align:left\u00a0\u00bb use_theme_fonts=\u00a0\u00bbyes\u00a0\u00bb][vc_column_text]<\/p>\n<p style=\"font-weight: 400; text-align: justify;\"><img decoding=\"async\" loading=\"lazy\" class=\"wp-image-86728 size-thumbnail alignleft\" src=\"https:\/\/lafase.cl\/wp-content\/uploads\/2025\/11\/Daniel-Arenas--150x150.jpg\" alt=\"\" width=\"150\" height=\"150\" srcset=\"https:\/\/lafase.cl\/wp-content\/uploads\/2025\/11\/Daniel-Arenas--150x150.jpg 150w, https:\/\/lafase.cl\/wp-content\/uploads\/2025\/11\/Daniel-Arenas--300x300.jpg 300w, https:\/\/lafase.cl\/wp-content\/uploads\/2025\/11\/Daniel-Arenas--420x420.jpg 420w, https:\/\/lafase.cl\/wp-content\/uploads\/2025\/11\/Daniel-Arenas-.jpg 600w\" sizes=\"(max-width: 150px) 100vw, 150px\" \/>P\u00e8re de famille et parent d&rsquo;\u00e9l\u00e8ve de deux filles actuellement scolaris\u00e9es en CE2 et en CP sur le site de Chamisero, impliqu\u00e9 et engag\u00e9 depuis son arriv\u00e9e \u00e0 l\u2019\u00e9cole en tant que pr\u00e9sident de classe des deux classes, membre du <em data-start=\"220\" data-end=\"237\">Conseil d\u2019\u00c9cole<\/em> et, depuis 2024, directeur du CPA. Entrepreneur dans le secteur de la construction, il se consacre aux programmes de soutien social pour le logement et \u00e0 l\u2019am\u00e9lioration du d\u00e9ficit qualitatif du Minist\u00e8re du Logement. Dirigeant syndical, il a pr\u00e9sid\u00e9 l\u2019ANAEGIS au niveau national de 2018 \u00e0 2023.<\/p>\n<p>[\/vc_column_text][\/vc_column_inner][\/vc_row_inner][\/vc_column][\/vc_row]<\/p>\n<\/section>","protected":false},"excerpt":{"rendered":"<p>[vc_row][vc_column][rev_slider_vc alias=\u00a0\u00bbcorporacion\u00a0\u00bb][vc_empty_space][vc_custom_heading text=\u00a0\u00bbCorporation\u00a0\u00bb use_theme_fonts=\u00a0\u00bbyes\u00a0\u00bb][vc_row_inner][vc_column_inner][vc_custom_heading text=\u00a0\u00bbLa \u00ab CORPORACI\u00d3N EDUCACIONAL ALIANZA FRANCESA DE SANTIAGO \u00bb est une association \u00e0 but non lucratif,&nbsp;<a href=\"https:\/\/lafase.cl\/fr\/establecimiento\/corporacion\/\">&hellip;<\/a><\/p>\n","protected":false},"author":1,"featured_media":0,"parent":319,"menu_order":4,"comment_status":"closed","ping_status":"closed","template":"template-home.php","meta":{"om_disable_all_campaigns":false,"_monsterinsights_skip_tracking":false,"_monsterinsights_sitenote_active":false,"_monsterinsights_sitenote_note":"","_monsterinsights_sitenote_category":0},"aioseo_notices":[],"_links":{"self":[{"href":"https:\/\/lafase.cl\/fr\/wp-json\/wp\/v2\/pages\/909"}],"collection":[{"href":"https:\/\/lafase.cl\/fr\/wp-json\/wp\/v2\/pages"}],"about":[{"href":"https:\/\/lafase.cl\/fr\/wp-json\/wp\/v2\/types\/page"}],"author":[{"embeddable":true,"href":"https:\/\/lafase.cl\/fr\/wp-json\/wp\/v2\/users\/1"}],"replies":[{"embeddable":true,"href":"https:\/\/lafase.cl\/fr\/wp-json\/wp\/v2\/comments?post=909"}],"version-history":[{"count":61,"href":"https:\/\/lafase.cl\/fr\/wp-json\/wp\/v2\/pages\/909\/revisions"}],"predecessor-version":[{"id":86734,"href":"https:\/\/lafase.cl\/fr\/wp-json\/wp\/v2\/pages\/909\/revisions\/86734"}],"up":[{"embeddable":true,"href":"https:\/\/lafase.cl\/fr\/wp-json\/wp\/v2\/pages\/319"}],"wp:attachment":[{"href":"https:\/\/lafase.cl\/fr\/wp-json\/wp\/v2\/media?parent=909"}],"curies":[{"name":"wp","href":"https:\/\/api.w.org\/{rel}","templated":true}]}}