{"id":86993,"date":"2025-11-18T15:08:21","date_gmt":"2025-11-18T18:08:21","guid":{"rendered":"https:\/\/lafase.cl\/canal-de-reporte-etico\/"},"modified":"2025-12-03T13:55:57","modified_gmt":"2025-12-03T16:55:57","slug":"canal-de-reporte-etico","status":"publish","type":"page","link":"https:\/\/lafase.cl\/fr\/canal-de-reporte-etico\/","title":{"rendered":"Canal de Signalement \u00c9thique"},"content":{"rendered":"<section class=\"wpb-content-wrapper\"><p>[vc_row][vc_column][vc_custom_heading text=\u00a0\u00bbCanal de Signalement \u00c9thique (Mod\u00e8le de pr\u00e9vention des d\u00e9lits)\u00a0\u00bb use_theme_fonts=\u00a0\u00bbyes\u00a0\u00bb][vc_column_text]<\/p>\n<h5>Au sein de la Corporaci\u00f3n Educacional Alianza Francesa de Santiago, nous nous engageons \u00e0 promouvoir une culture d\u2019int\u00e9grit\u00e9, de transparence et de responsabilit\u00e9 dans toutes nos actions. \u00c0 cette fin, nous mettons \u00e0 disposition de notre communaut\u00e9 un <strong data-start=\"438\" data-end=\"470\">Canal de Signalement \u00c9thique<\/strong>, destin\u00e9 \u00e0 recevoir de mani\u00e8re confidentielle toute information relative \u00e0 d\u2019\u00e9ventuels manquements au <strong data-start=\"573\" data-end=\"614\">Mod\u00e8le de Pr\u00e9vention des D\u00e9lits (MPD)<\/strong> ou \u00e0 la possible commission des d\u00e9lits \u00e9tablis dans la <span style=\"color: #3366ff;\"><strong data-start=\"670\" data-end=\"687\">Loi n\u00b0 20.393<\/strong><\/span>, conform\u00e9ment \u00e0 la <span style=\"color: #3366ff;\"><strong data-start=\"707\" data-end=\"724\">Loi n\u00b0 21.595<\/strong><\/span>.<\/h5>\n<p>[\/vc_column_text][vc_column_text]Ce canal s\u2019adresse aux collaborateurs, aux familles, aux fournisseurs et aux tiers li\u00e9s \u00e0 l\u2019\u00e9tablissement, et permet de signaler \u2014de mani\u00e8re s\u00e9rieuse, s\u00fbre et responsable\u2014 des situations pouvant enfreindre notre cadre \u00e9thique, normatif ou institutionnel.[\/vc_column_text][vc_column_text]<\/p>\n<h3 data-start=\"983\" data-end=\"1013\"><strong data-start=\"987\" data-end=\"1013\">Que peut-on signaler ?<\/strong><\/h3>\n<p data-start=\"1014\" data-end=\"1293\">\u2022 Manquements au Mod\u00e8le de Pr\u00e9vention des D\u00e9lits (MPD)<br data-start=\"1068\" data-end=\"1071\" \/>\u2022 Comportements contraires au Code d\u2019\u00c9thique<br data-start=\"1115\" data-end=\"1118\" \/>\u2022 Soup\u00e7on ou connaissance de d\u00e9lits \u00e9ventuels pr\u00e9vus par la Loi 20.393<br data-start=\"1188\" data-end=\"1191\" \/>\u2022 Toute situation portant atteinte \u00e0 l\u2019int\u00e9grit\u00e9, \u00e0 la probit\u00e9 ou \u00e0 la transparence institutionnelle<\/p>\n<p data-start=\"1014\" data-end=\"1293\"><strong>*Ce canal ne re\u00e7oit pas de signalements li\u00e9s aux questions de climat scolaire.<\/strong><\/p>\n<p>[\/vc_column_text][vc_column_text]<\/p>\n<h3 data-start=\"1295\" data-end=\"1334\"><strong data-start=\"1299\" data-end=\"1332\">Engagement de confidentialit\u00e9<\/strong><\/h3>\n<p data-start=\"1335\" data-end=\"1593\">Tous les signalements re\u00e7us par ce canal seront trait\u00e9s avec une confidentialit\u00e9 absolue, en prot\u00e9geant l\u2019identit\u00e9 de la personne qui effectue le signalement et en garantissant un processus d\u2019examen s\u00e9rieux, respectueux et conforme \u00e0 nos politiques internes.<\/p>\n<p>[\/vc_column_text][vc_column_text]<\/p>\n<h3 data-start=\"1595\" data-end=\"1642\"><strong data-start=\"1599\" data-end=\"1640\">Acc\u00e8s au Canal de Signalement \u00c9thique<\/strong><\/h3>\n<p data-start=\"1643\" data-end=\"1828\">Si vous avez besoin d\u2019effectuer un signalement, vous pouvez acc\u00e9der au canal ici :<\/p>\n<p>[\/vc_column_text][vc_btn title=\u00a0\u00bbAcc\u00e9der au Canal de Signalement \u00c9thique\u00a0\u00bb shape=\u00a0\u00bbround\u00a0\u00bb color=\u00a0\u00bbsky\u00a0\u00bb size=\u00a0\u00bblg\u00a0\u00bb i_icon_fontawesome=\u00a0\u00bbfas fa-hand-point-right\u00a0\u00bb css_animation=\u00a0\u00bbnone\u00a0\u00bb add_icon=\u00a0\u00bbtrue\u00a0\u00bb link=\u00a0\u00bburl:https%3A%2F%2Fcanaldereportelafase.canal360server.cl%2Fhome\u00a0\u00bb][vc_column_text]<\/p>\n<h3 data-start=\"1830\" data-end=\"1854\"><strong data-start=\"1834\" data-end=\"1852\">Code d\u2019\u00c9thique<\/strong><\/h3>\n<p data-start=\"1855\" data-end=\"2125\">Pour conna\u00eetre en d\u00e9tail les principes, valeurs et normes qui guident notre conduite, vous pouvez t\u00e9l\u00e9charger notre Code d\u2019\u00c9thique ici :<\/p>\n<p>[\/vc_column_text][vc_btn title=\u00a0\u00bbT\u00e9l\u00e9charger le Code d\u2019\u00e9thique\u00a0\u00bb shape=\u00a0\u00bbround\u00a0\u00bb color=\u00a0\u00bbsky\u00a0\u00bb size=\u00a0\u00bblg\u00a0\u00bb i_icon_fontawesome=\u00a0\u00bbfas fa-hand-point-right\u00a0\u00bb css_animation=\u00a0\u00bbnone\u00a0\u00bb add_icon=\u00a0\u00bbtrue\u00a0\u00bb link=\u00a0\u00bburl:https%3A%2F%2Flafase.cl%2Fwp-content%2Fuploads%2F2025%2F11%2F2025.10-Code-Ethique.pdf\u00a0\u00bb][vc_column_text]<\/p>\n<h3 data-start=\"1830\" data-end=\"1854\"><strong data-start=\"1834\" data-end=\"1852\">Politique de pr\u00e9vention des d\u00e9lits<\/strong><\/h3>\n<p data-start=\"1855\" data-end=\"2125\">Pour conna\u00eetre en d\u00e9tail les principes, vous pouvez t\u00e9l\u00e9charger le document ici :<\/p>\n<p>[\/vc_column_text][vc_btn title=\u00a0\u00bbT\u00e9l\u00e9charger la politique de pr\u00e9vention des d\u00e9lits\u00a0\u00bb shape=\u00a0\u00bbround\u00a0\u00bb color=\u00a0\u00bbsky\u00a0\u00bb size=\u00a0\u00bblg\u00a0\u00bb i_icon_fontawesome=\u00a0\u00bbfas fa-hand-point-right\u00a0\u00bb css_animation=\u00a0\u00bbnone\u00a0\u00bb add_icon=\u00a0\u00bbtrue\u00a0\u00bb link=\u00a0\u00bburl:https%3A%2F%2Flafase.cl%2Fwp-content%2Fuploads%2F2025%2F11%2FPolitica-de-Prevencion-de-Delitos-Alianza-Francesa.pdf\u00a0\u00bb][vc_column_text]<\/p>\n<h3 data-start=\"1830\" data-end=\"1854\">Proc\u00e9dure de gestion et canal de signalement<\/h3>\n<p data-start=\"1855\" data-end=\"2125\">Pour conna\u00eetre en d\u00e9tail les principes, vous pouvez t\u00e9l\u00e9charger le document ici :<\/p>\n<p>[\/vc_column_text][vc_btn title=\u00a0\u00bbT\u00e9l\u00e9charger la Proc\u00e9dure de gestion et canal de signalement\u00a0\u00bb shape=\u00a0\u00bbround\u00a0\u00bb color=\u00a0\u00bbsky\u00a0\u00bb size=\u00a0\u00bblg\u00a0\u00bb i_icon_fontawesome=\u00a0\u00bbfas fa-hand-point-right\u00a0\u00bb css_animation=\u00a0\u00bbnone\u00a0\u00bb add_icon=\u00a0\u00bbtrue\u00a0\u00bb link=\u00a0\u00bburl:https%3A%2F%2Flafase.cl%2Fwp-content%2Fuploads%2F2025%2F12%2FProcedimiento-Gestion-y-Canal-de-Denuncias-Alianza-Francesa.pdf\u00a0\u00bb][\/vc_column][\/vc_row]<\/p>\n<\/section>","protected":false},"excerpt":{"rendered":"<p>[vc_row][vc_column][vc_custom_heading text=\u00a0\u00bbCanal de Signalement \u00c9thique (Mod\u00e8le de pr\u00e9vention des d\u00e9lits)\u00a0\u00bb use_theme_fonts=\u00a0\u00bbyes\u00a0\u00bb][vc_column_text] Au sein de la Corporaci\u00f3n Educacional Alianza Francesa de&nbsp;<a href=\"https:\/\/lafase.cl\/fr\/canal-de-reporte-etico\/\">&hellip;<\/a><\/p>\n","protected":false},"author":3,"featured_media":0,"parent":0,"menu_order":0,"comment_status":"closed","ping_status":"closed","template":"","meta":{"om_disable_all_campaigns":false,"_monsterinsights_skip_tracking":false,"_monsterinsights_sitenote_active":false,"_monsterinsights_sitenote_note":"","_monsterinsights_sitenote_category":0},"aioseo_notices":[],"_links":{"self":[{"href":"https:\/\/lafase.cl\/fr\/wp-json\/wp\/v2\/pages\/86993"}],"collection":[{"href":"https:\/\/lafase.cl\/fr\/wp-json\/wp\/v2\/pages"}],"about":[{"href":"https:\/\/lafase.cl\/fr\/wp-json\/wp\/v2\/types\/page"}],"author":[{"embeddable":true,"href":"https:\/\/lafase.cl\/fr\/wp-json\/wp\/v2\/users\/3"}],"replies":[{"embeddable":true,"href":"https:\/\/lafase.cl\/fr\/wp-json\/wp\/v2\/comments?post=86993"}],"version-history":[{"count":10,"href":"https:\/\/lafase.cl\/fr\/wp-json\/wp\/v2\/pages\/86993\/revisions"}],"predecessor-version":[{"id":87631,"href":"https:\/\/lafase.cl\/fr\/wp-json\/wp\/v2\/pages\/86993\/revisions\/87631"}],"wp:attachment":[{"href":"https:\/\/lafase.cl\/fr\/wp-json\/wp\/v2\/media?parent=86993"}],"curies":[{"name":"wp","href":"https:\/\/api.w.org\/{rel}","templated":true}]}}