{"id":7536,"date":"2019-05-16T15:58:39","date_gmt":"2019-05-16T19:58:39","guid":{"rendered":"http:\/\/lafase.cl\/?page_id=7536"},"modified":"2025-03-18T16:46:09","modified_gmt":"2025-03-18T19:46:09","slug":"biblioteca","status":"publish","type":"page","link":"https:\/\/lafase.cl\/fr\/elementaire\/biblioteca\/","title":{"rendered":"B.C.D"},"content":{"rendered":"<section class=\"wpb-content-wrapper\"><p>[vc_row][vc_column][vc_custom_heading text=\u00a0\u00bbBCD &#8211; Biblioth\u00e8que Centre de Documentation\u00a0\u00bb use_theme_fonts=\u00a0\u00bbyes\u00a0\u00bb][vc_images_carousel images=\u00a0\u00bb66413,66425,66415,66423,66417,66421,66419&Prime; img_size=\u00a0\u00bbfull\u00a0\u00bb][vc_tta_accordion style=\u00a0\u00bboutline\u00a0\u00bb color=\u00a0\u00bbsky\u00a0\u00bb active_section=\u00a0\u00bb\u00a0\u00bb no_fill=\u00a0\u00bbtrue\u00a0\u00bb collapsible_all=\u00a0\u00bbtrue\u00a0\u00bb][vc_tta_section i_icon_fontawesome=\u00a0\u00bbfas fa-book-reader\u00a0\u00bb add_icon=\u00a0\u00bbtrue\u00a0\u00bb title=\u00a0\u00bbBCD Vitacura\u00a0\u00bb tab_id=\u00a0\u00bb1742326984984-f97138d8-c4ad\u00a0\u00bb][vc_column_text css=\u00a0\u00bb.vc_custom_1742327099198{background-color: #ffffff !important;}\u00a0\u00bb]<\/p>\n<p style=\"font-weight: 400; text-align: justify;\"><a href=\"https:\/\/lafase.cl\/wp-content\/uploads\/2024\/04\/Captura-de-pantalla-2024-04-04-a-las-15.37.45.png\"><img decoding=\"async\" loading=\"lazy\" class=\"wp-image-66434 aligncenter\" src=\"https:\/\/lafase.cl\/wp-content\/uploads\/2024\/04\/Captura-de-pantalla-2024-04-04-a-las-15.37.45-300x219.png\" alt=\"\" width=\"210\" height=\"153\" srcset=\"https:\/\/lafase.cl\/wp-content\/uploads\/2024\/04\/Captura-de-pantalla-2024-04-04-a-las-15.37.45-300x219.png 300w, https:\/\/lafase.cl\/wp-content\/uploads\/2024\/04\/Captura-de-pantalla-2024-04-04-a-las-15.37.45-1024x747.png 1024w, https:\/\/lafase.cl\/wp-content\/uploads\/2024\/04\/Captura-de-pantalla-2024-04-04-a-las-15.37.45-768x561.png 768w, https:\/\/lafase.cl\/wp-content\/uploads\/2024\/04\/Captura-de-pantalla-2024-04-04-a-las-15.37.45-150x109.png 150w, https:\/\/lafase.cl\/wp-content\/uploads\/2024\/04\/Captura-de-pantalla-2024-04-04-a-las-15.37.45.png 1392w\" sizes=\"(max-width: 210px) 100vw, 210px\" \/><\/a>Cher\u00b7e \u00e9l\u00e8ve de l\u2019\u00e9l\u00e9mentaire,<\/p>\n<p style=\"font-weight: 400; text-align: justify;\">Que ce soit pour lire, emprunter, chercher des informations, jouer calmement, participer au Club de lecture du mardi ou dessiner, tu es le bienvenu\u00b7e \u00e0 la BCD. <strong>Tu peux venir d\u00e8s 8h du matin si tu arrives t\u00f4t \u00e0 l\u2019\u00e9cole, mais aussi durant les r\u00e9cr\u00e9ations ou encore apr\u00e8s le d\u00e9jeuner. <\/strong><\/p>\n<p style=\"font-weight: 400; text-align: justify;\">Dans la biblioth\u00e8que, tu trouveras des albums illustr\u00e9s, des romans, des contes, des livres documentaires, des bandes-dessin\u00e9es et des revues, en fran\u00e7ais, en espagnol mais aussi en anglais. <strong>Tu peux emprunter jusqu\u2019\u00e0 2 livres et les conserver 2 semaines maximum, 3 semaines s\u2019il s\u2019agit d\u2019un roman. Pour les rendre, je t\u2019invite \u00e0 les d\u00e9poser dans la bo\u00eete de retour.<\/strong><\/p>\n<p style=\"font-weight: 400; text-align: justify;\">Tu viendras aussi s\u00fbrement pendant les ateliers BCD pour \u00e9couter des histoires, faire des recherches ou participer \u00e0 diff\u00e9rents projets litt\u00e9raires.<\/p>\n<p style=\"font-weight: 400; text-align: justify;\">Les biblioth\u00e9caires et moi esp\u00e9rons que tu y trouveras ton bonheur.<\/p>\n<p style=\"font-weight: 400; text-align: justify;\">Bonne lecture !!!<\/p>\n<p>&nbsp;<\/p>\n<p><strong><span style=\"text-decoration: underline;\">Contacts<\/span> :<\/strong><\/p>\n<p><a href=\"mailto:maite.hille@lafase.cl\">maite.hille@lafase.cl<\/a><\/p>\n<p><a href=\"mailto:catherine.blanche@lafase.cl\">catherine.blanche@lafase.cl<\/a><\/p>\n<p><a href=\"https:\/\/lafase.cl\/wp-content\/uploads\/2024\/04\/Captura-de-pantalla-2024-04-04-a-las-15.46.07.png\"><img decoding=\"async\" loading=\"lazy\" class=\"wp-image-66439 size-thumbnail alignleft\" src=\"https:\/\/lafase.cl\/wp-content\/uploads\/2024\/04\/Captura-de-pantalla-2024-04-04-a-las-15.46.07-150x150.png\" alt=\"\" width=\"150\" height=\"150\" \/><\/a><\/p>\n<p>[\/vc_column_text][\/vc_tta_section][vc_tta_section i_icon_fontawesome=\u00a0\u00bbfas fa-book-reader\u00a0\u00bb add_icon=\u00a0\u00bbtrue\u00a0\u00bb title=\u00a0\u00bbBCD Chamisero\u00a0\u00bb tab_id=\u00a0\u00bb1742326984997-aa35f7bb-c1ab\u00a0\u00bb][\/vc_tta_section][\/vc_tta_accordion][\/vc_column][\/vc_row]<\/p>\n<\/section>","protected":false},"excerpt":{"rendered":"<p>[vc_row][vc_column][vc_custom_heading text=\u00a0\u00bbBCD &#8211; Biblioth\u00e8que Centre de Documentation\u00a0\u00bb use_theme_fonts=\u00a0\u00bbyes\u00a0\u00bb][vc_images_carousel images=\u00a0\u00bb66413,66425,66415,66423,66417,66421,66419&Prime; img_size=\u00a0\u00bbfull\u00a0\u00bb][vc_tta_accordion style=\u00a0\u00bboutline\u00a0\u00bb color=\u00a0\u00bbsky\u00a0\u00bb active_section=\u00a0\u00bb\u00a0\u00bb no_fill=\u00a0\u00bbtrue\u00a0\u00bb collapsible_all=\u00a0\u00bbtrue\u00a0\u00bb][vc_tta_section i_icon_fontawesome=\u00a0\u00bbfas fa-book-reader\u00a0\u00bb add_icon=\u00a0\u00bbtrue\u00a0\u00bb title=\u00a0\u00bbBCD Vitacura\u00a0\u00bb&nbsp;<a href=\"https:\/\/lafase.cl\/fr\/elementaire\/biblioteca\/\">&hellip;<\/a><\/p>\n","protected":false},"author":1,"featured_media":0,"parent":2269,"menu_order":10,"comment_status":"closed","ping_status":"closed","template":"","meta":{"om_disable_all_campaigns":false,"_monsterinsights_skip_tracking":false,"_monsterinsights_sitenote_active":false,"_monsterinsights_sitenote_note":"","_monsterinsights_sitenote_category":0},"aioseo_notices":[],"_links":{"self":[{"href":"https:\/\/lafase.cl\/fr\/wp-json\/wp\/v2\/pages\/7536"}],"collection":[{"href":"https:\/\/lafase.cl\/fr\/wp-json\/wp\/v2\/pages"}],"about":[{"href":"https:\/\/lafase.cl\/fr\/wp-json\/wp\/v2\/types\/page"}],"author":[{"embeddable":true,"href":"https:\/\/lafase.cl\/fr\/wp-json\/wp\/v2\/users\/1"}],"replies":[{"embeddable":true,"href":"https:\/\/lafase.cl\/fr\/wp-json\/wp\/v2\/comments?post=7536"}],"version-history":[{"count":29,"href":"https:\/\/lafase.cl\/fr\/wp-json\/wp\/v2\/pages\/7536\/revisions"}],"predecessor-version":[{"id":77965,"href":"https:\/\/lafase.cl\/fr\/wp-json\/wp\/v2\/pages\/7536\/revisions\/77965"}],"up":[{"embeddable":true,"href":"https:\/\/lafase.cl\/fr\/wp-json\/wp\/v2\/pages\/2269"}],"wp:attachment":[{"href":"https:\/\/lafase.cl\/fr\/wp-json\/wp\/v2\/media?parent=7536"}],"curies":[{"name":"wp","href":"https:\/\/api.w.org\/{rel}","templated":true}]}}