{"id":7477,"date":"2019-02-27T12:09:42","date_gmt":"2019-02-27T15:09:42","guid":{"rendered":"http:\/\/lafase.cl\/viaje-a-francia\/"},"modified":"2019-05-30T15:58:16","modified_gmt":"2019-05-30T19:58:16","slug":"viaje-a-francia","status":"publish","type":"page","link":"https:\/\/lafase.cl\/fr\/secundaria\/viaje-a-francia\/","title":{"rendered":"Voyage en France"},"content":{"rendered":"<section class=\"wpb-content-wrapper\"><p>[vc_row][vc_column][vc_custom_heading text=\u00a0\u00bbVoyage d&rsquo;\u00e9tude en France\u00a0\u00bb font_container=\u00a0\u00bbtag:h1|font_size:40|text_align:left\u00a0\u00bb google_fonts=\u00a0\u00bbfont_family:Cinzel%20Decorative%3Aregular%2C700%2C900|font_style:400%20regular%3A400%3Anormal\u00a0\u00bb][\/vc_column][\/vc_row][vc_row][vc_column][vc_gallery type=\u00a0\u00bbflexslider_slide\u00a0\u00bb interval=\u00a0\u00bb3&Prime; images=\u00a0\u00bb8382,8380,8378,8376,8374,8372,8370,8368,8366,8364,8344,8346,8348,8350,8352,8354,8356,8358,8360,8362,8342,8340,8338,8336,8332,8330,8328,8324,8318,8320,8322,8316,8314,8312,8306,8304,8302,8300,8298,8295,8404,8402,8400,8398,8396,8394,8392,8390,8388,8386,8384&Prime; img_size=\u00a0\u00bbmedium\u00a0\u00bb title=\u00a0\u00bbUne exp\u00e9rience inoubliable\u00a0\u00bb][\/vc_column][\/vc_row][vc_row][vc_column width=\u00a0\u00bb1\/2&Prime;][vc_column_text]<\/p>\n<p style=\"text-align: justify\">Le voyage en France est propos\u00e9 aux \u00e9l\u00e8ves de secondes d\u00e9sireux de conna\u00eetre le pays auquel le lyc\u00e9e est rattach\u00e9. Ce voyage, <span style=\"text-decoration: underline\"><strong>d&rsquo;initiative p\u00e9dagogique<\/strong><\/span>, a pour but d&rsquo;ouvrir l&rsquo;esprit critique des \u00e9l\u00e8ves par la visite du pays et de ses richesses, tout en ayant un lien direct avec le programme de seconde. Tout au long du voyage, les \u00e9l\u00e8ves trouveront diff\u00e9rents chefs-d&rsquo;oeuvre des monuments et de la culture fran\u00e7aise.<\/p>\n<p style=\"text-align: justify\">D&rsquo;une <strong>dur\u00e9e sup\u00e9rieure \u00e0 2 semaines<\/strong>, les \u00e9tudiants d\u00e9couvrent tous les jours au rythme d&rsquo;un programme intensif, alliant une multitude d&rsquo;activit\u00e9s \u00e0 <strong>Paris<\/strong>, mais aussi en <strong>province<\/strong>.<\/p>\n<p>[\/vc_column_text][\/vc_column][vc_column width=\u00a0\u00bb1\/2&Prime;][vc_single_image image=\u00a0\u00bb8290&Prime; img_size=\u00a0\u00bb500&#215;370&Prime; alignment=\u00a0\u00bbcenter\u00a0\u00bb css_animation=\u00a0\u00bbbounceIn\u00a0\u00bb][\/vc_column][\/vc_row][vc_row][vc_column][vc_message]<\/p>\n<h5>Experience Louis Le Grand : les \u00e9l\u00e8ves s\u00e9lectionn\u00e9s restent une semaine suppl\u00e9mentaire au sein du lyc\u00e9e LLG \u00e0 Paris.<\/h5>\n<p>[\/vc_message][vc_separator border_width=\u00a0\u00bb3&Prime;][\/vc_column][\/vc_row][vc_row][vc_column][vc_custom_heading text=\u00a0\u00bbComit\u00e9 VEF\u00a0\u00bb google_fonts=\u00a0\u00bbfont_family:Abel%3Aregular|font_style:400%20regular%3A400%3Anormal\u00a0\u00bb][vc_row_inner][vc_column_inner width=\u00a0\u00bb1\/2&Prime;][vc_gallery type=\u00a0\u00bbnivo\u00a0\u00bb interval=\u00a0\u00bb3&Prime; images=\u00a0\u00bb8422,8424,8426,8428,8430,8432,8434,8436,8438&Prime; img_size=\u00a0\u00bbmedium\u00a0\u00bb][\/vc_column_inner][vc_column_inner width=\u00a0\u00bb1\/2&Prime;][vc_column_text]<\/p>\n<p style=\"text-align: justify\">Le comit\u00e9 VEF est contitu\u00e9 de parents volontaire. Il est en charge de promouvoir le voyage en France et de r\u00e9colter des fonds gr\u00e2ce \u00e0 des \u00e9v\u00e8nements mis en place tout au long de l&rsquo;ann\u00e9e. Ces contributions sont n\u00e9cessaires pour proposer un voyage toujours plus complet aux \u00e9tudiants.<\/p>\n<p>[\/vc_column_text][vc_single_image image=\u00a0\u00bb8284&Prime; alignment=\u00a0\u00bbcenter\u00a0\u00bb style=\u00a0\u00bbvc_box_outline\u00a0\u00bb css_animation=\u00a0\u00bbbounceInLeft\u00a0\u00bb][\/vc_column_inner][\/vc_row_inner][\/vc_column][\/vc_row][vc_row][vc_column][vc_empty_space][\/vc_column][\/vc_row][vc_row][vc_column width=\u00a0\u00bb1\/2&Prime;][vc_custom_heading text=\u00a0\u00bbEv\u00e8nements VEF\u00a0\u00bb google_fonts=\u00a0\u00bbfont_family:Abel%3Aregular|font_style:400%20regular%3A400%3Anormal\u00a0\u00bb][vc_gallery type=\u00a0\u00bbnivo\u00a0\u00bb interval=\u00a0\u00bb3&Prime; images=\u00a0\u00bb8467,8469,8471,8473,8475,8477,8479,8481,8483,8485&Prime; img_size=\u00a0\u00bbmedium\u00a0\u00bb][\/vc_column][vc_column width=\u00a0\u00bb1\/2&Prime;][\/vc_column][\/vc_row]<\/p>\n<\/section>","protected":false},"excerpt":{"rendered":"<p>[vc_row][vc_column][vc_custom_heading text=\u00a0\u00bbVoyage d&rsquo;\u00e9tude en France\u00a0\u00bb font_container=\u00a0\u00bbtag:h1|font_size:40|text_align:left\u00a0\u00bb google_fonts=\u00a0\u00bbfont_family:Cinzel%20Decorative%3Aregular%2C700%2C900|font_style:400%20regular%3A400%3Anormal\u00a0\u00bb][\/vc_column][\/vc_row][vc_row][vc_column][vc_gallery type=\u00a0\u00bbflexslider_slide\u00a0\u00bb interval=\u00a0\u00bb3&Prime; images=\u00a0\u00bb8382,8380,8378,8376,8374,8372,8370,8368,8366,8364,8344,8346,8348,8350,8352,8354,8356,8358,8360,8362,8342,8340,8338,8336,8332,8330,8328,8324,8318,8320,8322,8316,8314,8312,8306,8304,8302,8300,8298,8295,8404,8402,8400,8398,8396,8394,8392,8390,8388,8386,8384&Prime; img_size=\u00a0\u00bbmedium\u00a0\u00bb title=\u00a0\u00bbUne exp\u00e9rience inoubliable\u00a0\u00bb][\/vc_column][\/vc_row][vc_row][vc_column width=\u00a0\u00bb1\/2&Prime;][vc_column_text] Le voyage en France est&nbsp;<a href=\"https:\/\/lafase.cl\/fr\/secundaria\/viaje-a-francia\/\">&hellip;<\/a><\/p>\n","protected":false},"author":2,"featured_media":0,"parent":11406,"menu_order":6,"comment_status":"closed","ping_status":"closed","template":"template-sidebar-right-childpages.php","meta":{"om_disable_all_campaigns":false,"_monsterinsights_skip_tracking":false,"_monsterinsights_sitenote_active":false,"_monsterinsights_sitenote_note":"","_monsterinsights_sitenote_category":0},"aioseo_notices":[],"_links":{"self":[{"href":"https:\/\/lafase.cl\/fr\/wp-json\/wp\/v2\/pages\/7477"}],"collection":[{"href":"https:\/\/lafase.cl\/fr\/wp-json\/wp\/v2\/pages"}],"about":[{"href":"https:\/\/lafase.cl\/fr\/wp-json\/wp\/v2\/types\/page"}],"author":[{"embeddable":true,"href":"https:\/\/lafase.cl\/fr\/wp-json\/wp\/v2\/users\/2"}],"replies":[{"embeddable":true,"href":"https:\/\/lafase.cl\/fr\/wp-json\/wp\/v2\/comments?post=7477"}],"version-history":[{"count":11,"href":"https:\/\/lafase.cl\/fr\/wp-json\/wp\/v2\/pages\/7477\/revisions"}],"predecessor-version":[{"id":8489,"href":"https:\/\/lafase.cl\/fr\/wp-json\/wp\/v2\/pages\/7477\/revisions\/8489"}],"up":[{"embeddable":true,"href":"https:\/\/lafase.cl\/fr\/wp-json\/wp\/v2\/pages\/11406"}],"wp:attachment":[{"href":"https:\/\/lafase.cl\/fr\/wp-json\/wp\/v2\/media?parent=7477"}],"curies":[{"name":"wp","href":"https:\/\/api.w.org\/{rel}","templated":true}]}}