{"id":5790,"date":"2019-12-01T11:49:13","date_gmt":"2019-12-01T14:49:13","guid":{"rendered":"http:\/\/lafase.cl\/admission\/tarifas\/"},"modified":"2025-11-21T10:36:05","modified_gmt":"2025-11-21T13:36:05","slug":"tarifas","status":"publish","type":"page","link":"https:\/\/lafase.cl\/fr\/admision\/tarifas\/","title":{"rendered":"Tarifs et paiements"},"content":{"rendered":"<section class=\"wpb-content-wrapper\"><p>[vc_row][vc_column][vc_custom_heading text=\u00a0\u00bbTarifs &#8211; Paiement\u00a0\u00bb use_theme_fonts=\u00a0\u00bbyes\u00a0\u00bb][\/vc_column][\/vc_row][vc_row][vc_column][vc_tta_accordion style=\u00a0\u00bboutline\u00a0\u00bb color=\u00a0\u00bbsky\u00a0\u00bb active_section=\u00a0\u00bb0&Prime; no_fill=\u00a0\u00bbtrue\u00a0\u00bb collapsible_all=\u00a0\u00bbtrue\u00a0\u00bb][vc_tta_section title=\u00a0\u00bbFamilles inscrites en continu jusqu&rsquo;\u00e0 l&rsquo;ann\u00e9e 2018&Prime; tab_id=\u00a0\u00bb1725300925982-b5577680-dd69&Prime;][vc_column_text]<\/p>\n<table border=\"0\" width=\"466\" cellspacing=\"0\" cellpadding=\"0\">\n<colgroup>\n<col width=\"100\" \/>\n<col width=\"159\" \/>\n<col width=\"207\" \/><\/colgroup>\n<tbody>\n<tr>\n<td class=\"xl78\" colspan=\"3\" width=\"466\" height=\"21\">Matricula UF 14,5<\/td>\n<\/tr>\n<tr>\n<td height=\"8\"><\/td>\n<td><\/td>\n<td><\/td>\n<\/tr>\n<tr>\n<td class=\"xl75\" rowspan=\"2\" height=\"42\">Tarifas 2025<\/td>\n<td class=\"xl77\" colspan=\"2\">Familias antiguas matriculadas hasta el a\u00f1o 2018<\/td>\n<\/tr>\n<tr>\n<td class=\"xl68\" height=\"21\">Anual<\/td>\n<td class=\"xl67\">Mensual (9 cuotas)<\/td>\n<\/tr>\n<tr>\n<td class=\"xl69\" height=\"21\">Primer hijo<\/td>\n<td class=\"xl70\">UF 163,65<\/td>\n<td class=\"xl71\">18,18<\/td>\n<\/tr>\n<tr>\n<td class=\"xl72\" height=\"21\">Segundo hijo<\/td>\n<td class=\"xl65\">UF 150,56<\/td>\n<td class=\"xl66\">16,73<\/td>\n<\/tr>\n<tr>\n<td class=\"xl73\" height=\"21\">Tercer hijo<\/td>\n<td class=\"xl65\">UF 137,47<\/td>\n<td class=\"xl66\">15,27<\/td>\n<\/tr>\n<tr>\n<td class=\"xl72\" height=\"21\">Cuarto hijo<\/td>\n<td class=\"xl65\">UF 124,38<\/td>\n<td class=\"xl66\">13,82<\/td>\n<\/tr>\n<tr>\n<td class=\"xl74\" height=\"21\">Quinto hijo<\/td>\n<td class=\"xl65\">UF 111,28<\/td>\n<td class=\"xl66\">12,36<\/td>\n<\/tr>\n<\/tbody>\n<\/table>\n<p>[\/vc_column_text][\/vc_tta_section][vc_tta_section title=\u00a0\u00bbFamilles inscrites depuis 2019&Prime; tab_id=\u00a0\u00bb1725300925995-6a0d9cf5-b3b3&Prime;][vc_column_text]<\/p>\n<table border=\"0\" width=\"466\" cellspacing=\"0\" cellpadding=\"0\">\n<colgroup>\n<col width=\"100\" \/>\n<col width=\"159\" \/>\n<col width=\"207\" \/><\/colgroup>\n<tbody>\n<tr>\n<td class=\"xl65\" colspan=\"3\" width=\"466\" height=\"21\">Matricula UF 14,5<\/td>\n<\/tr>\n<\/tbody>\n<\/table>\n<table border=\"0\" width=\"466\" cellspacing=\"0\" cellpadding=\"0\">\n<colgroup>\n<col width=\"100\" \/>\n<col width=\"159\" \/>\n<col width=\"207\" \/><\/colgroup>\n<tbody>\n<tr>\n<td class=\"xl75\" rowspan=\"2\" width=\"100\" height=\"42\">Tarifas 2025<\/td>\n<td class=\"xl77\" colspan=\"2\" width=\"366\">Familias ingresadas del a\u00f1o 2019 en adelante<\/td>\n<\/tr>\n<tr>\n<td class=\"xl68\" height=\"21\">Anual<\/td>\n<td class=\"xl67\">Mensual (9 cuotas)<\/td>\n<\/tr>\n<tr>\n<td class=\"xl69\" height=\"21\">Primer hijo<\/td>\n<td class=\"xl70\">UF 171,44<\/td>\n<td class=\"xl71\">UF 19,05<\/td>\n<\/tr>\n<tr>\n<td class=\"xl72\" height=\"21\">Segundo hijo<\/td>\n<td class=\"xl65\">UF 157,72<\/td>\n<td class=\"xl66\">UF 17,52<\/td>\n<\/tr>\n<tr>\n<td class=\"xl73\" height=\"21\">Tercer hijo<\/td>\n<td class=\"xl65\">UF 144,01<\/td>\n<td class=\"xl66\">UF 16<\/td>\n<\/tr>\n<tr>\n<td class=\"xl72\" height=\"21\">Cuarto hijo<\/td>\n<td class=\"xl65\">UF 130,29<\/td>\n<td class=\"xl66\">UF 14,48<\/td>\n<\/tr>\n<tr>\n<td class=\"xl74\" height=\"21\">Quinto hijo<\/td>\n<td class=\"xl65\">UF 116,55<\/td>\n<td class=\"xl66\">UF 12,95<\/td>\n<\/tr>\n<\/tbody>\n<\/table>\n<p>[\/vc_column_text][\/vc_tta_section][\/vc_tta_accordion][\/vc_column][\/vc_row][vc_row][vc_column][vc_custom_heading text=\u00a0\u00bbModalit\u00e9s de paiement :\u00a0\u00bb font_container=\u00a0\u00bbtag:h3|text_align:left\u00a0\u00bb google_fonts=\u00a0\u00bbfont_family:Abel%3Aregular|font_style:400%20regular%3A400%3Anormal\u00a0\u00bb][vc_column_text]<\/p>\n<ul>\n<li>Paiement en ligne sur Schoonet (<a href=\"https:\/\/schoolnet.colegium.com\/webapp\/es_LAT\/login\">cliquer ici<\/a>)<\/li>\n<li>PAT (Pago Autom\u00e1tico con Tarjeta) &amp;\u00a0PAC (Pago Autom\u00e1tico de Cuentas)<\/li>\n<li>Paiement pr\u00e9sentiel au bureau des services financiers<\/li>\n<\/ul>\n<p><strong>Horaires d&rsquo;ouverture au public :<\/strong><\/p>\n<ul>\n<li>Vitacura: du lundi au jeudi de 08h \u00e0 13h et de 14h \u00e0 17h, <strong>vendredi de 08h \u00e0 13h et de 14h \u00e0 16h<\/strong><\/li>\n<li>Chamisero: le mercredi, de 08h \u00e0 13h<\/li>\n<li style=\"list-style-type: none;\"><\/li>\n<\/ul>\n<p>[\/vc_column_text][vc_column_text]Tel: 22 8278 253 \/ 22 8278 254[\/vc_column_text][vc_message]<\/p>\n<p style=\"font-weight: 400;\"><span style=\"text-decoration: underline;\">Pour les paiements en euros<\/span>, n&rsquo;oubliez pas de calculer les tarifs en prenant compte l&rsquo;UF (devise) du jour o\u00f9 vous effectuez le paiement :<\/p>\n<ul>\n<li style=\"font-weight: 400;\">Valeur de l&rsquo;UF du jour : <a href=\"https:\/\/www.google.com\/url?q=https:\/\/www.sii.cl\/valores_y_fechas\/uf\/uf2022.htm&amp;source=gmail-imap&amp;ust=1654116323000000&amp;usg=AOvVaw37o8FHEG_j57E5ckGjC_Fh\">https:\/\/www.sii.cl\/valores_y_fechas\/uf\/uf2022.htm<\/a>y<\/li>\n<li style=\"font-weight: 400;\">Taux de change indiqu\u00e9 par la chancellerie (<a href=\"https:\/\/www.google.com\/url?q=https:\/\/www.economie.gouv.fr\/dgfip\/taux_chancellerie_change_resultat\/monnaie\/CLP&amp;source=gmail-imap&amp;ust=1654116323000000&amp;usg=AOvVaw25is1vYBPrD_VtEZFMhL0H\">https:\/\/www.economie.gouv.fr\/dgfip\/taux_chancellerie_change_resultat\/monnaie\/CLP<\/a>)<\/li>\n<li style=\"font-weight: 400;\">Envoyer le justificatif de paiement \u00e0 <a href=\"mailto:finanzas@lafase.cl\">finanzas@lafase.cl<\/a><\/li>\n<\/ul>\n<p>[\/vc_message][\/vc_column][\/vc_row]<\/p>\n<\/section>","protected":false},"excerpt":{"rendered":"<p>[vc_row][vc_column][vc_custom_heading text=\u00a0\u00bbTarifs &#8211; Paiement\u00a0\u00bb use_theme_fonts=\u00a0\u00bbyes\u00a0\u00bb][\/vc_column][\/vc_row][vc_row][vc_column][vc_tta_accordion style=\u00a0\u00bboutline\u00a0\u00bb color=\u00a0\u00bbsky\u00a0\u00bb active_section=\u00a0\u00bb0&Prime; no_fill=\u00a0\u00bbtrue\u00a0\u00bb collapsible_all=\u00a0\u00bbtrue\u00a0\u00bb][vc_tta_section title=\u00a0\u00bbFamilles inscrites en continu jusqu&rsquo;\u00e0 l&rsquo;ann\u00e9e 2018&Prime; tab_id=\u00a0\u00bb1725300925982-b5577680-dd69&Prime;][vc_column_text] Matricula UF&nbsp;<a href=\"https:\/\/lafase.cl\/fr\/admision\/tarifas\/\">&hellip;<\/a><\/p>\n","protected":false},"author":3,"featured_media":0,"parent":2153,"menu_order":8,"comment_status":"closed","ping_status":"closed","template":"","meta":{"om_disable_all_campaigns":false,"_monsterinsights_skip_tracking":false,"_monsterinsights_sitenote_active":false,"_monsterinsights_sitenote_note":"","_monsterinsights_sitenote_category":0},"aioseo_notices":[],"_links":{"self":[{"href":"https:\/\/lafase.cl\/fr\/wp-json\/wp\/v2\/pages\/5790"}],"collection":[{"href":"https:\/\/lafase.cl\/fr\/wp-json\/wp\/v2\/pages"}],"about":[{"href":"https:\/\/lafase.cl\/fr\/wp-json\/wp\/v2\/types\/page"}],"author":[{"embeddable":true,"href":"https:\/\/lafase.cl\/fr\/wp-json\/wp\/v2\/users\/3"}],"replies":[{"embeddable":true,"href":"https:\/\/lafase.cl\/fr\/wp-json\/wp\/v2\/comments?post=5790"}],"version-history":[{"count":43,"href":"https:\/\/lafase.cl\/fr\/wp-json\/wp\/v2\/pages\/5790\/revisions"}],"predecessor-version":[{"id":87202,"href":"https:\/\/lafase.cl\/fr\/wp-json\/wp\/v2\/pages\/5790\/revisions\/87202"}],"up":[{"embeddable":true,"href":"https:\/\/lafase.cl\/fr\/wp-json\/wp\/v2\/pages\/2153"}],"wp:attachment":[{"href":"https:\/\/lafase.cl\/fr\/wp-json\/wp\/v2\/media?parent=5790"}],"curies":[{"name":"wp","href":"https:\/\/api.w.org\/{rel}","templated":true}]}}