{"id":5740,"date":"2019-03-05T18:21:44","date_gmt":"2019-03-05T21:21:44","guid":{"rendered":"http:\/\/lafase.cl\/orientation\/prueba-del-baccalaureat-bac\/"},"modified":"2021-08-23T12:46:09","modified_gmt":"2021-08-23T16:46:09","slug":"prueba-del-baccalaureat-bac","status":"publish","type":"page","link":"https:\/\/lafase.cl\/fr\/secundaria\/prueba-del-baccalaureat-bac\/","title":{"rendered":"Examen du Baccalaur\u00e9at (BAC)"},"content":{"rendered":"<section class=\"wpb-content-wrapper\"><p>[vc_row][vc_column][vc_custom_heading text=\u00a0\u00bbEl diploma del BAC\u00a0\u00bb google_fonts=\u00a0\u00bbfont_family:Abel%3Aregular|font_style:400%20regular%3A400%3Anormal\u00a0\u00bb][vc_custom_heading text=\u00a0\u00bb\u00ab\u00a0Un pasaporte hacia la universidad\u00ab\u00a0\u00a0\u00bb font_container=\u00a0\u00bbtag:h3|text_align:left\u00a0\u00bb google_fonts=\u00a0\u00bbfont_family:Abel%3Aregular|font_style:400%20regular%3A400%3Anormal\u00a0\u00bb][vc_column_text]<img decoding=\"async\" loading=\"lazy\" class=\" wp-image-5734 alignleft\" src=\"http:\/\/lafase.cl\/wp-content\/uploads\/2019\/03\/diplome-baccalaureat-485x323.jpg\" alt=\"\" width=\"303\" height=\"202\" srcset=\"https:\/\/lafase.cl\/wp-content\/uploads\/2019\/03\/diplome-baccalaureat.jpg 485w, https:\/\/lafase.cl\/wp-content\/uploads\/2019\/03\/diplome-baccalaureat-300x200.jpg 300w, https:\/\/lafase.cl\/wp-content\/uploads\/2019\/03\/diplome-baccalaureat-150x100.jpg 150w\" sizes=\"(max-width: 303px) 100vw, 303px\" \/><\/p>\n<p>El Baccalaur\u00e9at existe desde la creaci\u00f3n de la Educaci\u00f3n Nacional Francesa, fundada por Napole\u00f3n. Legado hist\u00f3rico y cultural, el examen existe desde el a\u00f1o 1808. Con los a\u00f1os y siglo ha ido democratiz\u00e1ndose al mismo tiempo que se ha adaptado a los tiempos. Hoy en d\u00eda, sigue el curr\u00edculum acad\u00e9mico establecido por el Ministerio de Educaci\u00f3n. Se realiza en todo el territorio nacional, y en toda la red de liceos franceses del mundo. No es s\u00f3lo s\u00edmbolo del final de la educaci\u00f3n secundaria francesa, sino que tambi\u00e9n es la credencial b\u00e1sica para la entrada a cualquiera de las universidades francesas. En las otras naciones europeas, se reconoce por tratado, y un gran n\u00famero de universidades alrededor del mundo valorizan este t\u00edtulo para la selecci\u00f3n de sus alumnos.[\/vc_column_text][vc_separator][vc_custom_heading text=\u00a0\u00bbLas menciones\u00a0\u00bb font_container=\u00a0\u00bbtag:h3|text_align:left\u00a0\u00bb google_fonts=\u00a0\u00bbfont_family:Abel%3Aregular|font_style:400%20regular%3A400%3Anormal\u00a0\u00bb][vc_column_text]Los alumnos cuyo promedio de notas, tomando en cuenta los coeficientes, es mayor a 12, obtienen las llamadas \u201cMentions\u201d, <em>Menciones<\/em>,\u00a0 una forma de reconocer el m\u00e9rito de un buen desempe\u00f1o escolar.<\/p>\n<p>Las diferentes <em>Menciones<\/em> son las siguientes:<\/p>\n<table>\n<tbody>\n<tr>\n<td width=\"242\"><strong>Mention<\/strong><\/td>\n<td width=\"181\"><strong>Intervalle <\/strong><\/td>\n<\/tr>\n<tr>\n<td width=\"242\">&nbsp;<\/p>\n<p>Assez Bien<\/td>\n<td width=\"181\">&nbsp;<\/p>\n<p><strong>12 \u00e0 13,9<\/strong><\/td>\n<\/tr>\n<tr>\n<td width=\"242\">&nbsp;<\/p>\n<p>Bien<\/p>\n<p>&nbsp;<\/td>\n<td width=\"181\"><strong>14 \u00e0 15,9<\/strong><\/td>\n<\/tr>\n<tr>\n<td width=\"242\">Tr\u00e8s bien<\/p>\n<p>&nbsp;<\/td>\n<td width=\"181\"><strong>16 \u00e0 20<\/strong><\/p>\n<p><strong>\u00a0<\/strong><\/td>\n<\/tr>\n<\/tbody>\n<\/table>\n<p>[\/vc_column_text][\/vc_column][\/vc_row][vc_row][vc_column width=\u00a0\u00bb1\/2&Prime;][vc_custom_heading text=\u00a0\u00bbEl diploma\u00a0\u00bb font_container=\u00a0\u00bbtag:h3|text_align:left\u00a0\u00bb google_fonts=\u00a0\u00bbfont_family:Abel%3Aregular|font_style:400%20regular%3A400%3Anormal\u00a0\u00bb][vc_column_text]Al aprobar el Bachillerato, el alumno obtiene su diploma \u201cDipl\u00f4me du Baccalaur\u00e9at\u201d, que se convierte en s\u00edmbolo de un derecho al acceso a cualquier universidad francesa. A diferencia de la PSU en la que se exigen puntajes, un diploma del BAC (correspondiente a un promedio superior a 10 en el examen) permite la entrada a la universidad.<\/p>\n<p>El diploma es reconocido a nivel nacional, pero tambi\u00e9n internacional. Se reconoce en toda Europa, y se valora de manera especial en un n\u00famero muy importante de universidades alrededor del mundo. Es reconocido por sus exigencias en materia de comprensi\u00f3n, an\u00e1lisis y redacci\u00f3n, y por las competencias que adquieren los estudiantes en cuanto a m\u00e9todos de estudio.[\/vc_column_text][\/vc_column][vc_column width=\u00a0\u00bb1\/2&Prime;][vc_custom_heading text=\u00a0\u00bbEntrar a la universidad con el BAC\u00a0\u00bb font_container=\u00a0\u00bbtag:h3|text_align:left\u00a0\u00bb google_fonts=\u00a0\u00bbfont_family:Abel%3Aregular|font_style:400%20regular%3A400%3Anormal\u00a0\u00bb][vc_column_text]El Bac, como primer diploma universitario, es reconocido en Francia para la entrada a cualquier universidad, en cualquier carrera, sea cual sea la \u201cserie\u201d elegida por el alumno a nivel escolar.<\/p>\n<p>Con la excepci\u00f3n de las escuelas de medicina, las \u201cGrandes Ecoles\u201d y las \u201cClasses Pr\u00e9paratoires\u201d, que tienen concursos de entrada propios y\/o piden ciertos resultados en la prueba de BAC (como es el caso para medicina), cualquier alumno puede cursar, con su diploma de BAC, la carrera que elija en cualquier universidad en Francia y Europa.<\/p>\n<p>As\u00ed mismo no resulta incompatible que un alumno egresado de un BAC cient\u00edfico estudie Historia o Literatura, que un alumno egresado de un BAC de ciencias sociales estudie F\u00edsica, o que un alumno egresado de un BAC literario estudie matem\u00e1ticas[\/vc_column_text][\/vc_column][\/vc_row][vc_row][vc_column width=\u00a0\u00bb1\/2&Prime;][vc_custom_heading text=\u00a0\u00bbUn diploma valorado mundialmente a nivel universitario\u00a0\u00bb font_container=\u00a0\u00bbtag:h3|text_align:left\u00a0\u00bb google_fonts=\u00a0\u00bbfont_family:Abel%3Aregular|font_style:400%20regular%3A400%3Anormal\u00a0\u00bb][vc_column_text]El BAC representa, en los pa\u00edses en los cuales se establece la red de liceos franceses al extranjero, una herramienta ventajosa a nivel educacional. En Europa, el BAC ha sido reconocido por tratado para la entrada a las universidades. En las grandes universidades de Norteam\u00e9rica, Am\u00e9rica Latina y Sudam\u00e9rica, y Asia, se reconoce el gran valor de dicho examen durante el proceso de selecci\u00f3n de los alumnos.<\/p>\n<p>Si bien la selecci\u00f3n de los alumnos se hace generalmente en base al estudio del \u201cdossier\u201d escolar del pupilo, el haber rendido el BAC representa en parte las cualidades de an\u00e1lisis, redacci\u00f3n, y la capacidad de estudio que posee el alumno.<\/p>\n<p>A nivel nacional ya existe un n\u00famero mayor de universidades que han firmado acuerdos con nuestro colegio para reconocer el BAC en el proceso de admisi\u00f3n de sus nuevos alumnos. Entre estas universidades chilenas figuran:[\/vc_column_text][\/vc_column][vc_column width=\u00a0\u00bb1\/2&Prime;][vc_custom_heading text=\u00a0\u00bbConvenio Bac con Universidades chilenas\u00a0\u00bb font_container=\u00a0\u00bbtag:h3|text_align:left\u00a0\u00bb google_fonts=\u00a0\u00bbfont_family:Abel%3Aregular|font_style:400%20regular%3A400%3Anormal\u00a0\u00bb][vc_column_text]<\/p>\n<table>\n<tbody>\n<tr>\n<td width=\"312\">\n<ul>\n<li>U. ADOLFO IBA\u00d1EZ<\/li>\n<\/ul>\n<p><a href=\"http:\/\/www.uai.cl\">www.uai.cl<\/a><\/td>\n<td width=\"324\">\n<ul>\n<li>U. DIEGO PORTALES<\/li>\n<\/ul>\n<p><a href=\"http:\/\/www.udd.cl\">www.udd.cl<\/a><\/td>\n<\/tr>\n<tr>\n<td width=\"312\">\n<ul>\n<li>U. ALBERTO HURTADO<\/li>\n<\/ul>\n<p><a href=\"http:\/\/www.uahurtado.cl\">www.uahurtado.cl<\/a><\/td>\n<td width=\"324\">\n<ul>\n<li>U. FINIS TERRAE<\/li>\n<\/ul>\n<p><a href=\"http:\/\/www.finisterrae.cl\">www.finisterrae.cl<\/a><\/td>\n<\/tr>\n<tr>\n<td width=\"312\">\n<ul>\n<li>U. ANDR\u00c9S BELLO<\/li>\n<\/ul>\n<p><a href=\"http:\/\/www.unab.cl\">www.unab.cl<\/a><\/td>\n<td width=\"324\">\n<ul>\n<li>U. GABRIELA MISTRAL<\/li>\n<\/ul>\n<p><a href=\"http:\/\/www.ugm.cl\">www.ugm.cl<\/a><\/td>\n<\/tr>\n<tr>\n<td width=\"312\">\n<ul>\n<li>U. DE LOS ANDES<\/li>\n<\/ul>\n<p><a href=\"http:\/\/www.uandes.cl\">www.uandes.cl<\/a><\/td>\n<td width=\"324\">\n<ul>\n<li>U. MAYOR<\/li>\n<\/ul>\n<p><a href=\"http:\/\/www.umayor.cl\">www.umayor.cl<\/a><\/td>\n<\/tr>\n<tr>\n<td width=\"312\">\n<ul>\n<li>U. T\u00c9CNICA FEDERICO SANTA MAR\u00cdA<\/li>\n<\/ul>\n<p><strong>\u00a0\u00a0\u00a0\u00a0\u00a0\u00a0 \u00a0<\/strong><a href=\"http:\/\/www.utfsm.cl\">www.utfsm.cl<\/a><\/td>\n<td width=\"324\">\n<ul>\n<li>PUC DE VALPARA\u00cdSO<\/li>\n<\/ul>\n<p><a href=\"http:\/\/www.ucv.cl\">www.ucv.cl<\/a><\/td>\n<\/tr>\n<tr>\n<td width=\"312\">\n<ul>\n<li>U. DEL DESARROLLO<\/li>\n<\/ul>\n<p><strong>\u00a0\u00a0\u00a0\u00a0\u00a0\u00a0 <\/strong><a href=\"http:\/\/www.udd.cl\">www.udd.cl<\/a><\/td>\n<td width=\"324\"><\/td>\n<\/tr>\n<\/tbody>\n<\/table>\n<p>[\/vc_column_text][\/vc_column][\/vc_row]<\/p>\n<\/section>","protected":false},"excerpt":{"rendered":"<p>[vc_row][vc_column][vc_custom_heading text=\u00a0\u00bbEl diploma del BAC\u00a0\u00bb google_fonts=\u00a0\u00bbfont_family:Abel%3Aregular|font_style:400%20regular%3A400%3Anormal\u00a0\u00bb][vc_custom_heading text=\u00a0\u00bb\u00ab\u00a0Un pasaporte hacia la universidad\u00ab\u00a0\u00a0\u00bb font_container=\u00a0\u00bbtag:h3|text_align:left\u00a0\u00bb google_fonts=\u00a0\u00bbfont_family:Abel%3Aregular|font_style:400%20regular%3A400%3Anormal\u00a0\u00bb][vc_column_text] El Baccalaur\u00e9at existe desde la creaci\u00f3n de&nbsp;<a href=\"https:\/\/lafase.cl\/fr\/secundaria\/prueba-del-baccalaureat-bac\/\">&hellip;<\/a><\/p>\n","protected":false},"author":3,"featured_media":30696,"parent":11406,"menu_order":41,"comment_status":"closed","ping_status":"closed","template":"template-sidebar-right-childpages.php","meta":{"om_disable_all_campaigns":false,"_monsterinsights_skip_tracking":false,"_monsterinsights_sitenote_active":false,"_monsterinsights_sitenote_note":"","_monsterinsights_sitenote_category":0},"aioseo_notices":[],"_links":{"self":[{"href":"https:\/\/lafase.cl\/fr\/wp-json\/wp\/v2\/pages\/5740"}],"collection":[{"href":"https:\/\/lafase.cl\/fr\/wp-json\/wp\/v2\/pages"}],"about":[{"href":"https:\/\/lafase.cl\/fr\/wp-json\/wp\/v2\/types\/page"}],"author":[{"embeddable":true,"href":"https:\/\/lafase.cl\/fr\/wp-json\/wp\/v2\/users\/3"}],"replies":[{"embeddable":true,"href":"https:\/\/lafase.cl\/fr\/wp-json\/wp\/v2\/comments?post=5740"}],"version-history":[{"count":3,"href":"https:\/\/lafase.cl\/fr\/wp-json\/wp\/v2\/pages\/5740\/revisions"}],"predecessor-version":[{"id":11964,"href":"https:\/\/lafase.cl\/fr\/wp-json\/wp\/v2\/pages\/5740\/revisions\/11964"}],"up":[{"embeddable":true,"href":"https:\/\/lafase.cl\/fr\/wp-json\/wp\/v2\/pages\/11406"}],"wp:featuredmedia":[{"embeddable":true,"href":"https:\/\/lafase.cl\/fr\/wp-json\/wp\/v2\/media\/30696"}],"wp:attachment":[{"href":"https:\/\/lafase.cl\/fr\/wp-json\/wp\/v2\/media?parent=5740"}],"curies":[{"name":"wp","href":"https:\/\/api.w.org\/{rel}","templated":true}]}}