{"id":57166,"date":"2023-08-17T14:31:26","date_gmt":"2023-08-17T18:31:26","guid":{"rendered":"https:\/\/lafase.cl\/radio-planete-b612-podcast\/"},"modified":"2025-11-19T16:43:45","modified_gmt":"2025-11-19T19:43:45","slug":"radio-planete-b612-podcast","status":"publish","type":"page","link":"https:\/\/lafase.cl\/fr\/radio-planete-b612-podcast\/","title":{"rendered":"Podcast Plan\u00e8te B612"},"content":{"rendered":"<section class=\"wpb-content-wrapper\"><p>[vc_row][vc_column][vc_custom_heading text=\u00a0\u00bbPODCAST PLAN\u00c8TE B612&Prime; use_theme_fonts=\u00a0\u00bbyes\u00a0\u00bb][\/vc_column][\/vc_row][vc_row][vc_column width=\u00a0\u00bb1\/4&Prime;][vc_single_image image=\u00a0\u00bb57186&Prime; img_size=\u00a0\u00bbfull\u00a0\u00bb][\/vc_column][vc_column width=\u00a0\u00bb3\/4&Prime;][vc_custom_heading text=\u00a0\u00bbBienvenue sur Plan\u00e8te B612, le podcast de l&rsquo;Alliance Fran\u00e7aise, du Lyc\u00e9e Antoine de Saint-Exupery, \u00e0 Santiago du Chili. Un espace de rencontre autour de diff\u00e9rents contenus \u00e9ducatifs, projets p\u00e9dagogiques et sujets qui nous int\u00e9ressent en tant que communaut\u00e9 scolaire : \u00e9ducation sexuelle, climat scolaire, apprentissage des langues, orientation et entre autres.<br \/>\nDivers protagonistes de notre communaut\u00e9 seront mis \u00e0 l&rsquo;honneur : \u00e9l\u00e8ves, enseignants, directeurs, personnels et parents d\u2019\u00e9l\u00e8ves.<br \/>\nNous vous invitons \u00e0 nous suivre dans cette aventure \u00e9ducative !\u00a0\u00bb font_container=\u00a0\u00bbtag:h3|font_size:14|text_align:justify\u00a0\u00bb use_theme_fonts=\u00a0\u00bbyes\u00a0\u00bb][\/vc_column][\/vc_row][vc_row][vc_column width=\u00a0\u00bb1\/4&Prime;][\/vc_column][vc_column width=\u00a0\u00bb3\/4&Prime;][vc_raw_html]JTNDaWZyYW1lJTIwZGF0YS10ZXN0aWQlM0QlMjJlbWJlZC1pZnJhbWUlMjIlMjBzdHlsZSUzRCUyMmJvcmRlci1yYWRpdXMlM0ExMnB4JTIyJTIwc3JjJTNEJTIyaHR0cHMlM0ElMkYlMkZvcGVuLnNwb3RpZnkuY29tJTJGZW1iZWQlMkZlcGlzb2RlJTJGM2lxeTlkR2dTaVhvZ2poYlRSMlRjbSUzRnV0bV9zb3VyY2UlM0RnZW5lcmF0b3IlMjIlMjB3aWR0aCUzRCUyMjEwMCUyNSUyMiUyMGhlaWdodCUzRCUyMjM1MiUyMiUyMGZyYW1lQm9yZGVyJTNEJTIyMCUyMiUyMGFsbG93ZnVsbHNjcmVlbiUzRCUyMiUyMiUyMGFsbG93JTNEJTIyYXV0b3BsYXklM0IlMjBjbGlwYm9hcmQtd3JpdGUlM0IlMjBlbmNyeXB0ZWQtbWVkaWElM0IlMjBmdWxsc2NyZWVuJTNCJTIwcGljdHVyZS1pbi1waWN0dXJlJTIyJTIwbG9hZGluZyUzRCUyMmxhenklMjIlM0UlM0MlMkZpZnJhbWUlM0U=[\/vc_raw_html][vc_btn title=\u00a0\u00bbTous les \u00e9pisodes du podcast\u00a0\u00bb color=\u00a0\u00bbdanger\u00a0\u00bb i_icon_fontawesome=\u00a0\u00bbfas fa-podcast\u00a0\u00bb add_icon=\u00a0\u00bbtrue\u00a0\u00bb link=\u00a0\u00bburl:https%3A%2F%2Fopen.spotify.com%2Fshow%2F6A087HIB5VSkJhwIrBO9my%3Fsi%3D757cea32ca0c4f6e\u00a0\u00bb][\/vc_column][\/vc_row]<\/p>\n<\/section>","protected":false},"excerpt":{"rendered":"<p>[vc_row][vc_column][vc_custom_heading text=\u00a0\u00bbPODCAST PLAN\u00c8TE B612&Prime; use_theme_fonts=\u00a0\u00bbyes\u00a0\u00bb][\/vc_column][\/vc_row][vc_row][vc_column width=\u00a0\u00bb1\/4&Prime;][vc_single_image image=\u00a0\u00bb57186&Prime; img_size=\u00a0\u00bbfull\u00a0\u00bb][\/vc_column][vc_column width=\u00a0\u00bb3\/4&Prime;][vc_custom_heading text=\u00a0\u00bbBienvenue sur Plan\u00e8te B612, le podcast de l&rsquo;Alliance Fran\u00e7aise, du Lyc\u00e9e&nbsp;<a href=\"https:\/\/lafase.cl\/fr\/radio-planete-b612-podcast\/\">&hellip;<\/a><\/p>\n","protected":false},"author":3,"featured_media":57169,"parent":0,"menu_order":0,"comment_status":"closed","ping_status":"closed","template":"","meta":{"om_disable_all_campaigns":false,"_monsterinsights_skip_tracking":false,"_monsterinsights_sitenote_active":false,"_monsterinsights_sitenote_note":"","_monsterinsights_sitenote_category":0},"aioseo_notices":[],"_links":{"self":[{"href":"https:\/\/lafase.cl\/fr\/wp-json\/wp\/v2\/pages\/57166"}],"collection":[{"href":"https:\/\/lafase.cl\/fr\/wp-json\/wp\/v2\/pages"}],"about":[{"href":"https:\/\/lafase.cl\/fr\/wp-json\/wp\/v2\/types\/page"}],"author":[{"embeddable":true,"href":"https:\/\/lafase.cl\/fr\/wp-json\/wp\/v2\/users\/3"}],"replies":[{"embeddable":true,"href":"https:\/\/lafase.cl\/fr\/wp-json\/wp\/v2\/comments?post=57166"}],"version-history":[{"count":17,"href":"https:\/\/lafase.cl\/fr\/wp-json\/wp\/v2\/pages\/57166\/revisions"}],"predecessor-version":[{"id":87120,"href":"https:\/\/lafase.cl\/fr\/wp-json\/wp\/v2\/pages\/57166\/revisions\/87120"}],"wp:featuredmedia":[{"embeddable":true,"href":"https:\/\/lafase.cl\/fr\/wp-json\/wp\/v2\/media\/57169"}],"wp:attachment":[{"href":"https:\/\/lafase.cl\/fr\/wp-json\/wp\/v2\/media?parent=57166"}],"curies":[{"name":"wp","href":"https:\/\/api.w.org\/{rel}","templated":true}]}}