{"id":54025,"date":"2023-05-23T16:33:03","date_gmt":"2023-05-23T20:33:03","guid":{"rendered":"https:\/\/lafase.cl\/nuestra-alianza-2030\/"},"modified":"2023-05-25T13:08:25","modified_gmt":"2023-05-25T17:08:25","slug":"nuestra-alianza-2030","status":"publish","type":"page","link":"https:\/\/lafase.cl\/fr\/nuestra-alianza-2030\/","title":{"rendered":"Projet Notre Alliance 2030"},"content":{"rendered":"<section class=\"wpb-content-wrapper\"><p>[vc_row][vc_column][vc_custom_heading text=\u00a0\u00bbProjet \u201cNotre Alliance 2030\u201d\u00a0\u00bb use_theme_fonts=\u00a0\u00bbyes\u00a0\u00bb][vc_column_text]<\/p>\n<p style=\"font-weight: 400; text-align: justify;\">Le Lyc\u00e9e Alliance Fran\u00e7aise Antoine de Saint &#8211; Exup\u00e9ry de Santiago est une institution \u00e9ducative qui forme depuis plus de 60 ans des \u00e9tudiants vari\u00e9s, dot\u00e9s d&rsquo;un esprit critique, pour qu\u2019ils soient leaders dans leur domaine et contribuent \u00e0 la soci\u00e9t\u00e9 du 21\u00e8me si\u00e8cle.<\/p>\n<p style=\"font-weight: 400; text-align: justify;\">Nous faisons partie d&rsquo;une \u00e9poque o\u00f9 la transformation permanente est la r\u00e8gle. En tant qu&rsquo;\u00e9ducateurs des acteurs de demain, nous pensons qu&rsquo;il est essentiel de prendre le temps de r\u00e9fl\u00e9chir \u00e0 la direction que nous voulons prendre dans les ann\u00e9es \u00e0 venir. Quels sont les d\u00e9fis auxquels nous sommes confront\u00e9s dans le contexte actuel ? Quelle \u00e9cole voulons-nous continuer \u00e0 construire pour nos \u00e9l\u00e8ves ? Qu&rsquo;est-ce que nous savons faire ? Qu&rsquo;est-ce que nous pouvons am\u00e9liorer ?<\/p>\n<p style=\"font-weight: 400; text-align: justify;\">Afin de lever ces doutes et de convenir d&rsquo;un horizon de travail, un processus de r\u00e9flexion a \u00e9t\u00e9 initi\u00e9, accompagn\u00e9s par le consultant externe CLA Consulting. La premi\u00e8re \u00e9tape a consist\u00e9 en une s\u00e9rie d&rsquo;entretiens, de groupes de discussion et de groupes de travail avec des groupes repr\u00e9sentatifs et en une enqu\u00eate massive aupr\u00e8s de l&rsquo;ensemble de la communaut\u00e9 scolaire. De ce travail a \u00e9merg\u00e9 une proposition d&rsquo;\u00e9volution de notre \u00e9cole, bas\u00e9e sur un propos, une vision et cinq axes de travail prioritaires.<\/p>\n<p style=\"font-weight: 400; text-align: justify;\">Le proviseur, Fabrice Alvarez, et la pr\u00e9sidente du conseil d&rsquo;administration de la Corporation, Maria Paz Cerda, ont \u00e9t\u00e9 charg\u00e9s de guider ce processus, afin d&rsquo;aligner les diff\u00e9rents points de vue autour d&rsquo;un objectif et d&rsquo;un plan communs.<\/p>\n<p style=\"font-weight: 400; text-align: justify;\">Nous sommes conscients que tout processus de changement comporte une part d&rsquo;incertitude et que la mise en \u0153uvre de ce nouveau projet n\u00e9cessitera la participation active de tous pour qu&rsquo;il soit r\u00e9ellement efficace.<\/p>\n<p style=\"font-weight: 400; text-align: justify;\">Nous vous invitons \u00e0 le conna\u00eetre et \u00e0 vous y impliquer.<\/p>\n<p style=\"font-weight: 400; text-align: justify;\">Construisons ensemble l&rsquo;\u00e9cole dont nous r\u00eavons pour nos enfants !<\/p>\n<p>[\/vc_column_text][vc_video link=\u00a0\u00bbhttps:\/\/vimeo.com\/749220388?share=copy\u00a0\u00bb][\/vc_column][\/vc_row]<\/p>\n<\/section>","protected":false},"excerpt":{"rendered":"<p>[vc_row][vc_column][vc_custom_heading text=\u00a0\u00bbProjet \u201cNotre Alliance 2030\u201d\u00a0\u00bb use_theme_fonts=\u00a0\u00bbyes\u00a0\u00bb][vc_column_text] Le Lyc\u00e9e Alliance Fran\u00e7aise Antoine de Saint &#8211; Exup\u00e9ry de Santiago est une institution&nbsp;<a href=\"https:\/\/lafase.cl\/fr\/nuestra-alianza-2030\/\">&hellip;<\/a><\/p>\n","protected":false},"author":3,"featured_media":0,"parent":0,"menu_order":0,"comment_status":"closed","ping_status":"closed","template":"","meta":{"om_disable_all_campaigns":false,"_monsterinsights_skip_tracking":false,"_monsterinsights_sitenote_active":false,"_monsterinsights_sitenote_note":"","_monsterinsights_sitenote_category":0},"aioseo_notices":[],"_links":{"self":[{"href":"https:\/\/lafase.cl\/fr\/wp-json\/wp\/v2\/pages\/54025"}],"collection":[{"href":"https:\/\/lafase.cl\/fr\/wp-json\/wp\/v2\/pages"}],"about":[{"href":"https:\/\/lafase.cl\/fr\/wp-json\/wp\/v2\/types\/page"}],"author":[{"embeddable":true,"href":"https:\/\/lafase.cl\/fr\/wp-json\/wp\/v2\/users\/3"}],"replies":[{"embeddable":true,"href":"https:\/\/lafase.cl\/fr\/wp-json\/wp\/v2\/comments?post=54025"}],"version-history":[{"count":4,"href":"https:\/\/lafase.cl\/fr\/wp-json\/wp\/v2\/pages\/54025\/revisions"}],"predecessor-version":[{"id":54173,"href":"https:\/\/lafase.cl\/fr\/wp-json\/wp\/v2\/pages\/54025\/revisions\/54173"}],"wp:attachment":[{"href":"https:\/\/lafase.cl\/fr\/wp-json\/wp\/v2\/media?parent=54025"}],"curies":[{"name":"wp","href":"https:\/\/api.w.org\/{rel}","templated":true}]}}