{"id":51991,"date":"2023-03-14T09:24:12","date_gmt":"2023-03-14T12:24:12","guid":{"rendered":"http:\/\/lafase.cl\/noticias-de-rapel\/"},"modified":"2026-03-30T13:35:10","modified_gmt":"2026-03-30T16:35:10","slug":"noticias-de-rapel","status":"publish","type":"page","link":"https:\/\/lafase.cl\/fr\/noticias-de-rapel\/","title":{"rendered":"Nouvelles de Rapel"},"content":{"rendered":"<section class=\"wpb-content-wrapper\"><p>[vc_row][vc_column][vc_custom_heading text=\u00a0\u00bbNouvelles de Rapel\u00a0\u00bb google_fonts=\u00a0\u00bbfont_family:Abel%3Aregular|font_style:400%20regular%3A400%3Anormal\u00a0\u00bb][vc_column_text]<strong>CM1-G<\/strong>[\/vc_column_text][vc_column_text]<strong>Lundi<\/strong><\/p>\n<div class=\"gmail_default\">\n<div>Le CM1G est bien arriv\u00e9 \u00e0 Rapel.<\/div>\n<div>Les actualit\u00e9s de la classe seront publi\u00e9es sur la plateforme \u00ab\u00a0toutemonann\u00e9e\u00a0\u00bb, pr\u00e9sent\u00e9e aux parents par l&rsquo;enseignant.<\/div>\n<div><\/div>\n<\/div>\n<p>[\/vc_column_text][\/vc_column][\/vc_row]<\/p>\n<\/section>","protected":false},"excerpt":{"rendered":"<p>[vc_row][vc_column][vc_custom_heading text=\u00a0\u00bbNouvelles de Rapel\u00a0\u00bb google_fonts=\u00a0\u00bbfont_family:Abel%3Aregular|font_style:400%20regular%3A400%3Anormal\u00a0\u00bb][vc_column_text]CM1-G[\/vc_column_text][vc_column_text]Lundi Le CM1G est bien arriv\u00e9 \u00e0 Rapel. Les actualit\u00e9s de la classe seront publi\u00e9es sur&nbsp;<a href=\"https:\/\/lafase.cl\/fr\/noticias-de-rapel\/\">&hellip;<\/a><\/p>\n","protected":false},"author":3,"featured_media":0,"parent":0,"menu_order":0,"comment_status":"closed","ping_status":"closed","template":"","meta":{"om_disable_all_campaigns":false,"_monsterinsights_skip_tracking":false,"_monsterinsights_sitenote_active":false,"_monsterinsights_sitenote_note":"","_monsterinsights_sitenote_category":0},"aioseo_notices":[],"_links":{"self":[{"href":"https:\/\/lafase.cl\/fr\/wp-json\/wp\/v2\/pages\/51991"}],"collection":[{"href":"https:\/\/lafase.cl\/fr\/wp-json\/wp\/v2\/pages"}],"about":[{"href":"https:\/\/lafase.cl\/fr\/wp-json\/wp\/v2\/types\/page"}],"author":[{"embeddable":true,"href":"https:\/\/lafase.cl\/fr\/wp-json\/wp\/v2\/users\/3"}],"replies":[{"embeddable":true,"href":"https:\/\/lafase.cl\/fr\/wp-json\/wp\/v2\/comments?post=51991"}],"version-history":[{"count":104,"href":"https:\/\/lafase.cl\/fr\/wp-json\/wp\/v2\/pages\/51991\/revisions"}],"predecessor-version":[{"id":88799,"href":"https:\/\/lafase.cl\/fr\/wp-json\/wp\/v2\/pages\/51991\/revisions\/88799"}],"wp:attachment":[{"href":"https:\/\/lafase.cl\/fr\/wp-json\/wp\/v2\/media?parent=51991"}],"curies":[{"name":"wp","href":"https:\/\/api.w.org\/{rel}","templated":true}]}}