{"id":5193,"date":"2018-12-28T13:22:11","date_gmt":"2018-12-28T16:22:11","guid":{"rendered":"http:\/\/lafase.cl\/elementaire\/la-parva\/"},"modified":"2026-03-17T09:37:37","modified_gmt":"2026-03-17T12:37:37","slug":"la-parva","status":"publish","type":"page","link":"https:\/\/lafase.cl\/fr\/elementaire\/la-parva\/","title":{"rendered":"La Parva"},"content":{"rendered":"<section class=\"wpb-content-wrapper\"><p>[vc_row][vc_column][vc_custom_heading text=\u00a0\u00bbLa Parva\u00a0\u00bb use_theme_fonts=\u00a0\u00bbyes\u00a0\u00bb][vc_message message_box_style=\u00a0\u00bboutline\u00a0\u00bb message_box_color=\u00a0\u00bbsky\u00a0\u00bb icon_type=\u00a0\u00bblinecons\u00a0\u00bb icon_linecons=\u00a0\u00bbvc_li vc_li-news\u00a0\u00bb]<a href=\"https:\/\/lafase.cl\/noticias-de-la-parva\/\">Suivez ici le s\u00e9jour de la classe \u00e0 La Parva<\/a>[\/vc_message][vc_gallery interval=\u00a0\u00bb3&Prime; images=\u00a0\u00bb9129,9127,9125,9123,9121,9119,9117,9115,9113&Prime; img_size=\u00a0\u00bbmedium\u00a0\u00bb][vc_column_text]<span style=\"font-weight: 400;\">Les classes de d\u00e9couverte \u00e0 La Parva sont destin\u00e9es aux <strong>\u00e9l\u00e8ves de CE2 et CM2<\/strong>. Le lyc\u00e9e est propri\u00e9taire du refuge dans lequel sont log\u00e9s les enfants. Consid\u00e9r\u00e9s comme outils p\u00e9dagogiques et de d\u00e9couverte, ces s\u00e9jours sont tr\u00e8s appr\u00e9ci\u00e9s par nos jeunes \u00e9l\u00e8ves.<\/span>[\/vc_column_text][vc_column_text]<\/p>\n<p style=\"text-align: justify;\"><span style=\"font-weight: 400;\">Ayant pour objectif de d\u00e9velopper la curiosit\u00e9 de l\u2019enfant \u00e0 travers diverses exp\u00e9riences, ces classes constituent pour l\u2019enfant et le professeur un moment privil\u00e9gi\u00e9 durant la scolarit\u00e9 mais elles cr\u00e9ent \u00e9galement une dynamique de groupe sans pr\u00e9c\u00e9dent. Une exp\u00e9rience sociale peu commune pour l\u2019enfant puisque celui-ci est men\u00e9 \u00e0 vivre 5 jours de vie collective avec sa classe. En fonction du niveau, le temps de cours se divise entre l\u2019apprentissage du ski (en CM2), les activit\u00e9s p\u00e9dagogiques, la d\u00e9couverte de l\u2019environnement en montagne (CE2), la lecture, des activit\u00e9s ludiques et bien s\u00fbr des moments de repos. <\/span><\/p>\n<p>[\/vc_column_text][vc_column_text]<\/p>\n<p style=\"text-align: justify;\"><span style=\"font-weight: 400;\">Ces instants loin du cadre de l\u2019\u00e9cole et du contexte familial permettent aux enfants de faire d\u2019importantes d\u00e9couvertes, mais aussi les sensibilisent \u00e0 de nombreux \u00e9changes qui contribuent \u00e0 perfectionner la pratique de la langue et \u00e0 l\u2019enrichissement du vocabulaire. <\/span><\/p>\n<p style=\"text-align: justify;\"><span style=\"font-weight: 400;\">Les \u00e9l\u00e8ves sont accompagn\u00e9s par leur professeur(e), un animateur, un accompagnant et 2 \u00e0 6 moniteurs experts (en rapport avec les activit\u00e9s pr\u00e9vues), qui font partie du projet de d\u00e9veloppement p\u00e9dagogique du niveau en question et en accord avec les objectifs \u00e9ducatifs.<\/span><\/p>\n<p style=\"text-align: justify;\"><span style=\"font-weight: 400;\"><strong>Le s\u00e9jour se d\u00e9roule du lundi au vendredi<\/strong>.<\/span><\/p>\n<hr \/>\n<p>[\/vc_column_text][vc_tta_accordion style=\u00a0\u00bboutline\u00a0\u00bb color=\u00a0\u00bbsky\u00a0\u00bb active_section=\u00a0\u00bb\u00a0\u00bb no_fill=\u00a0\u00bbtrue\u00a0\u00bb collapsible_all=\u00a0\u00bbtrue\u00a0\u00bb][vc_tta_section i_icon_fontawesome=\u00a0\u00bbfas fa-hiking\u00a0\u00bb add_icon=\u00a0\u00bbtrue\u00a0\u00bb title=\u00a0\u00bbClasses transplant\u00e9es CE2&Prime; tab_id=\u00a0\u00bb1742324522863-28145659-1d0c\u00a0\u00bb][vc_btn title=\u00a0\u00bbCalendrier La Parva CE2&Prime; style=\u00a0\u00bbflat\u00a0\u00bb color=\u00a0\u00bbprimary\u00a0\u00bb i_icon_fontawesome=\u00a0\u00bb\u00a0\u00bb add_icon=\u00a0\u00bbtrue\u00a0\u00bb link=\u00a0\u00bburl:https%3A%2F%2Flafase.cl%2Fwp-content%2Fuploads%2F2026%2F03%2F2026-VITA-CHAM-Calendrier-La-Parva-CE2.doc-1.pdf|title:Calendario%20La%20Parva%20CE2|target:_blank\u00a0\u00bb][vc_btn title=\u00a0\u00bbListe d&rsquo;affaires \u00e0 emmener\u00a0\u00bb style=\u00a0\u00bbflat\u00a0\u00bb color=\u00a0\u00bbprimary\u00a0\u00bb i_icon_fontawesome=\u00a0\u00bb\u00a0\u00bb add_icon=\u00a0\u00bbtrue\u00a0\u00bb link=\u00a0\u00bburl:https%3A%2F%2Flafase.cl%2Fwp-content%2Fuploads%2F2023%2F04%2FListe-materiel.pdf|title:Lista%20de%20material|target:_blank\u00a0\u00bb][\/vc_tta_section][vc_tta_section i_icon_fontawesome=\u00a0\u00bbfas fa-skiing\u00a0\u00bb add_icon=\u00a0\u00bbtrue\u00a0\u00bb title=\u00a0\u00bbClasses transplant\u00e9es CM2&Prime; tab_id=\u00a0\u00bb1742324522881-0464a755-3774&Prime;][vc_btn title=\u00a0\u00bbCalendrier La Parva CM2&Prime; style=\u00a0\u00bbflat\u00a0\u00bb shape=\u00a0\u00bbsquare\u00a0\u00bb color=\u00a0\u00bbprimary\u00a0\u00bb i_icon_fontawesome=\u00a0\u00bb\u00a0\u00bb add_icon=\u00a0\u00bbtrue\u00a0\u00bb link=\u00a0\u00bburl:https%3A%2F%2Flafase.cl%2Fwp-content%2Fuploads%2F2025%2F05%2F2025-VITA-CHAM-Calendrier-La-Parva-CM2.doc-1.pdf|title:Calendario%20La%20Parva%20CM2&Prime;][vc_btn title=\u00a0\u00bbListe d&rsquo;affaires \u00e0 emmener\u00a0\u00bb style=\u00a0\u00bbflat\u00a0\u00bb shape=\u00a0\u00bbsquare\u00a0\u00bb color=\u00a0\u00bbprimary\u00a0\u00bb i_icon_fontawesome=\u00a0\u00bb\u00a0\u00bb add_icon=\u00a0\u00bbtrue\u00a0\u00bb link=\u00a0\u00bburl:https%3A%2F%2Flafase.cl%2Fwp-content%2Fuploads%2F2023%2F05%2FListe-materiel-La-Parva-CM2.pdf|title:Lo%20que%20hay%20que%20llevar\u00a0\u00bb][\/vc_tta_section][vc_tta_section i_icon_fontawesome=\u00a0\u00bbfas fa-book\u00a0\u00bb add_icon=\u00a0\u00bbtrue\u00a0\u00bb title=\u00a0\u00bbR\u00e8glement et protocoles\u00a0\u00bb tab_id=\u00a0\u00bb1742324652022-82c0c5da-2dcd\u00a0\u00bb][vc_btn title=\u00a0\u00bbR\u00e8glement classes transplant\u00e9es\u00a0\u00bb style=\u00a0\u00bbflat\u00a0\u00bb shape=\u00a0\u00bbsquare\u00a0\u00bb color=\u00a0\u00bbdanger\u00a0\u00bb align=\u00a0\u00bbcenter\u00a0\u00bb i_icon_fontawesome=\u00a0\u00bb\u00a0\u00bb add_icon=\u00a0\u00bbtrue\u00a0\u00bb link=\u00a0\u00bburl:https%3A%2F%2Flafase.cl%2Fwp-content%2Fuploads%2F2025%2F09%2FReglement-classe-decouvertes.pdf|title:Reglamento%20clases%20de%20naturaleza|target:_blank\u00a0\u00bb][vc_btn title=\u00a0\u00bbProtocole classes transplant\u00e9es\u00a0\u00bb style=\u00a0\u00bbflat\u00a0\u00bb shape=\u00a0\u00bbsquare\u00a0\u00bb color=\u00a0\u00bbdanger\u00a0\u00bb align=\u00a0\u00bbcenter\u00a0\u00bb i_icon_fontawesome=\u00a0\u00bb\u00a0\u00bb add_icon=\u00a0\u00bbtrue\u00a0\u00bb link=\u00a0\u00bburl:https%3A%2F%2Flafase.cl%2Fwp-content%2Fuploads%2F2025%2F09%2FProtocole-classes-de-decouvertes.pdf|title:Protocolo%20clases%20de%20naturaleza|target:_blank\u00a0\u00bb][\/vc_tta_section][\/vc_tta_accordion][vc_tta_accordion style=\u00a0\u00bboutline\u00a0\u00bb color=\u00a0\u00bbsky\u00a0\u00bb active_section=\u00a0\u00bb\u00a0\u00bb no_fill=\u00a0\u00bbtrue\u00a0\u00bb collapsible_all=\u00a0\u00bbtrue\u00a0\u00bb title=\u00a0\u00bbD\u00e9part et arriv\u00e9e\u00a0\u00bb][vc_tta_section i_icon_fontawesome=\u00a0\u00bbfas fa-bus\u00a0\u00bb add_icon=\u00a0\u00bbtrue\u00a0\u00bb title=\u00a0\u00bbVitacura\u00a0\u00bb tab_id=\u00a0\u00bb1742324702192-ae494b12-c8a4&Prime;][vc_column_text]<\/p>\n<ul>\n<li style=\"font-weight: 400;\"><span style=\"font-weight: 400;\">D\u00e9part rue Luis Pasteur \u00e0 08h45. Les \u00e9l\u00e8ves doivent se pr\u00e9senter \u00e0 l\u2019\u00e9tablissement \u00e0 l\u2019heure habituelle. <\/span><\/li>\n<li style=\"font-weight: 400;\"><span style=\"font-weight: 400;\">Retour rue Espoz (entr\u00e9e \u00e9cole maternelle) le VENDREDI \u00e0 16h.<\/span><\/li>\n<\/ul>\n<p>[\/vc_column_text]\t\t<div class=\"scp-teachers \">\n\t\t\t\t\t\t<div class=\"teacher one whole \">\n\t\t\t\t<div class=\"inner-wrap\">\n\t\t\t\t\t<div class=\"thumbnail\">\n\t\t\t\t\t\t<a href=\"https:\/\/lafase.cl\/fr\/teachers\/caroline-loof\/\" title=\"Sof\u00eda Llona\"><img width=\"150\" height=\"150\" src=\"https:\/\/lafase.cl\/wp-content\/uploads\/2023\/03\/Sofia-Llona-150x150.jpg\" class=\"attachment-thumbnail size-thumbnail wp-post-image\" alt=\"\" loading=\"lazy\" \/><\/a>\t\t\t\t\t<\/div>\n\t\t\t\t\t<div class=\"item\">\n\t\t\t\t\t\t<h5 class=\"entry-title\"><a\n\t\t\t\t\t\t\t\thref=\"https:\/\/lafase.cl\/fr\/teachers\/caroline-loof\/\">Sof\u00eda Llona<\/a>\n\t\t\t\t\t\t<\/h5>\n\t\t\t\t\t\t\t\t\t\t\t\t\t\t\t\t\t\t\t\t\t\t\t\t\t\t\t\t\t\t\t<div class=\"summary\"><div>Coordinatrice du Temps Scolaire<\/div>\n<div>\u00c9l\u00e9mentaire - B\u00e1sica<\/div>\n<div><a href=\"mailto:sofia.llona@lafase.cl\">sofia.llona@lafase.cl<\/a><\/div>\n<div><\/div>\n<\/div>\n\t\t\t\t\t\t\n\t\t\t\t\t\t\t\t\t\t\t\t\t\t\t\t\t<\/div>\n\t\t\t\t<\/div>\n\t\t\t<\/div>\n\t\t\t\t\t<\/div>\n\t\t[\/vc_tta_section][vc_tta_section i_icon_fontawesome=\u00a0\u00bbfas fa-bus\u00a0\u00bb add_icon=\u00a0\u00bbtrue\u00a0\u00bb title=\u00a0\u00bbChamisero\u00a0\u00bb tab_id=\u00a0\u00bb1742324702208-3ea3f528-3c77&Prime;][vc_column_text]<\/p>\n<ul>\n<li style=\"font-weight: 400;\"><span style=\"font-weight: 400;\">D\u00e9part \u00e0 l\u2019entr\u00e9e principale \u00e0 08h45. \u00a0Les \u00e9l\u00e8ves doivent se pr\u00e9senter \u00e0 l\u2019\u00e9tablissement \u00e0 l\u2019heure habituelle. <\/span><\/li>\n<li style=\"font-weight: 400;\"><span style=\"font-weight: 400;\">Retour \u00e0 l\u2019entr\u00e9e principale le VENDREDI \u00e0 16h.<\/span><\/li>\n<\/ul>\n<p>[\/vc_column_text]\t\t<div class=\"scp-teachers \">\n\t\t\t\t\t\t<div class=\"teacher one whole \">\n\t\t\t\t<div class=\"inner-wrap\">\n\t\t\t\t\t<div class=\"thumbnail\">\n\t\t\t\t\t\t<a href=\"https:\/\/lafase.cl\/fr\/teachers\/mme-cecile-labarthe\/\" title=\"C\u00e9cile Labarthe\"><img width=\"150\" height=\"150\" src=\"https:\/\/lafase.cl\/wp-content\/uploads\/2018\/12\/Cecile-Labarthe-150x150.jpg\" class=\"attachment-thumbnail size-thumbnail wp-post-image\" alt=\"\" loading=\"lazy\" \/><\/a>\t\t\t\t\t<\/div>\n\t\t\t\t\t<div class=\"item\">\n\t\t\t\t\t\t<h5 class=\"entry-title\"><a\n\t\t\t\t\t\t\t\thref=\"https:\/\/lafase.cl\/fr\/teachers\/mme-cecile-labarthe\/\">C\u00e9cile Labarthe<\/a>\n\t\t\t\t\t\t<\/h5>\n\t\t\t\t\t\t\t\t\t\t\t\t\t\t\t\t\t\t\t<h6 class=\"job-title\">Directrice adjointe du primaire<\/h6>\n\t\t\t\t\t\t\t\t\t\t\t\t\t\t\t\t\t\t\t\t\t\t\t\t\t<div class=\"summary\"><p>+56 22 530 0708<\/p>\n<p><a href=\"mailto:Cecile.Labarthe@lafase.cl\">cecile.labarthe@lafase.cl<\/a><\/p>\n<\/div>\n\t\t\t\t\t\t\n\t\t\t\t\t\t\t\t\t\t\t\t\t\t\t\t\t<\/div>\n\t\t\t\t<\/div>\n\t\t\t<\/div>\n\t\t\t\t\t<\/div>\n\t\t[\/vc_tta_section][\/vc_tta_accordion][\/vc_column][\/vc_row]<\/p>\n<\/section>","protected":false},"excerpt":{"rendered":"<p>[vc_row][vc_column][vc_custom_heading text=\u00a0\u00bbLa Parva\u00a0\u00bb use_theme_fonts=\u00a0\u00bbyes\u00a0\u00bb][vc_message message_box_style=\u00a0\u00bboutline\u00a0\u00bb message_box_color=\u00a0\u00bbsky\u00a0\u00bb icon_type=\u00a0\u00bblinecons\u00a0\u00bb icon_linecons=\u00a0\u00bbvc_li vc_li-news\u00a0\u00bb]Suivez ici le s\u00e9jour de la classe \u00e0 La Parva[\/vc_message][vc_gallery interval=\u00a0\u00bb3&Prime; images=\u00a0\u00bb9129,9127,9125,9123,9121,9119,9117,9115,9113&Prime;&nbsp;<a href=\"https:\/\/lafase.cl\/fr\/elementaire\/la-parva\/\">&hellip;<\/a><\/p>\n","protected":false},"author":1,"featured_media":0,"parent":2269,"menu_order":4,"comment_status":"closed","ping_status":"closed","template":"","meta":{"om_disable_all_campaigns":false,"_monsterinsights_skip_tracking":false,"_monsterinsights_sitenote_active":false,"_monsterinsights_sitenote_note":"","_monsterinsights_sitenote_category":0},"aioseo_notices":[],"_links":{"self":[{"href":"https:\/\/lafase.cl\/fr\/wp-json\/wp\/v2\/pages\/5193"}],"collection":[{"href":"https:\/\/lafase.cl\/fr\/wp-json\/wp\/v2\/pages"}],"about":[{"href":"https:\/\/lafase.cl\/fr\/wp-json\/wp\/v2\/types\/page"}],"author":[{"embeddable":true,"href":"https:\/\/lafase.cl\/fr\/wp-json\/wp\/v2\/users\/1"}],"replies":[{"embeddable":true,"href":"https:\/\/lafase.cl\/fr\/wp-json\/wp\/v2\/comments?post=5193"}],"version-history":[{"count":74,"href":"https:\/\/lafase.cl\/fr\/wp-json\/wp\/v2\/pages\/5193\/revisions"}],"predecessor-version":[{"id":88691,"href":"https:\/\/lafase.cl\/fr\/wp-json\/wp\/v2\/pages\/5193\/revisions\/88691"}],"up":[{"embeddable":true,"href":"https:\/\/lafase.cl\/fr\/wp-json\/wp\/v2\/pages\/2269"}],"wp:attachment":[{"href":"https:\/\/lafase.cl\/fr\/wp-json\/wp\/v2\/media?parent=5193"}],"curies":[{"name":"wp","href":"https:\/\/api.w.org\/{rel}","templated":true}]}}