{"id":5128,"date":"2019-03-20T12:54:34","date_gmt":"2019-03-20T15:54:34","guid":{"rendered":"http:\/\/lafase.cl\/?page_id=5128"},"modified":"2025-03-18T14:48:05","modified_gmt":"2025-03-18T17:48:05","slug":"vie-scolaire-de-maternelle-vitacura","status":"publish","type":"page","link":"https:\/\/lafase.cl\/fr\/maternelle\/vie-scolaire-de-maternelle-vitacura\/","title":{"rendered":"Vie scolaire de maternelle"},"content":{"rendered":"<section class=\"wpb-content-wrapper\"><p>[vc_row][vc_column][vc_custom_heading text=\u00a0\u00bbVie scolaire maternelle Vitacura\u00a0\u00bb google_fonts=\u00a0\u00bbfont_family:Abel%3Aregular|font_style:400%20regular%3A400%3Anormal\u00a0\u00bb][\/vc_column][\/vc_row][vc_row][vc_column width=\u00a0\u00bb1\/2&Prime;][vc_column_text]<\/p>\n<p style=\"text-align: justify;\">L\u2019\u00e9cole maternelle dispose de sa propre Vie scolaire charg\u00e9e de diff\u00e9rentes t\u00e2ches. La fonction d\u2019accueil des \u00e9l\u00e8ves et des parents est la t\u00e2che la plus essentielle, avec la diffusion de toutes les informations n\u00e9cessaires \u00e0 la pleine int\u00e9gration des familles au sein de l\u2019\u00e9tablissement.<\/p>\n<p style=\"text-align: justify;\">La vie scolaire se charge \u00e9galement du suivi des \u00e9l\u00e8ves avec la tenue d\u2019un carnet de correspondance, utilis\u00e9 pour communiquer directement avec les familles. Sont notifi\u00e9s les retards, manquements au r\u00e8glement et autres informations qui doivent \u00eatre directement communiqu\u00e9es aux familles.<\/p>\n<p style=\"text-align: justify;\">Font aussi parti des fonctions de la vie scolaire la coordination des sorties, le bon fonctionnement du vivre-ensemble, l\u2019appui en ressources humaines aux enseignants et la surveillance des classes et de la cour. Le suivi du comportement de l\u2019enfant est au c\u0153ur des pr\u00e9rogatives de la vie scolaire.<\/p>\n<p>[\/vc_column_text][\/vc_column][vc_column width=\u00a0\u00bb1\/2&Prime;]\t\t<div class=\"scp-teachers \">\n\t\t\t\t\t\t<div class=\"teacher one whole \">\n\t\t\t\t<div class=\"inner-wrap\">\n\t\t\t\t\t<div class=\"thumbnail\">\n\t\t\t\t\t\t<a href=\"https:\/\/lafase.cl\/fr\/teachers\/cynthia-broussaingaray\/\" title=\"Cynthia Broussaingaray\"><img width=\"150\" height=\"150\" src=\"https:\/\/lafase.cl\/wp-content\/uploads\/2019\/02\/Cynthia-Broussaingaray-scaled-e1744729524377-150x150.jpg\" class=\"attachment-thumbnail size-thumbnail wp-post-image\" alt=\"\" loading=\"lazy\" \/><\/a>\t\t\t\t\t<\/div>\n\t\t\t\t\t<div class=\"item\">\n\t\t\t\t\t\t<h5 class=\"entry-title\"><a\n\t\t\t\t\t\t\t\thref=\"https:\/\/lafase.cl\/fr\/teachers\/cynthia-broussaingaray\/\">Cynthia Broussaingaray<\/a>\n\t\t\t\t\t\t<\/h5>\n\t\t\t\t\t\t\t\t\t\t\t\t\t\t\t\t\t\t\t<h6 class=\"job-title\">Vie scolaire<\/h6>\n\t\t\t\t\t\t\t\t\t\t\t\t\t\t\t\t\t\t\t\t\t\t\t\t\t<div class=\"summary\"><p>+56 22 827 8207<\/p>\n<p><a href=\"mailto:vidaescolarmatvita@lafase.cl\">vidaescolarmatvita@lafase.cl<\/a><\/p>\n<p>&nbsp;<\/p>\n<\/div>\n\t\t\t\t\t\t\n\t\t\t\t\t\t\t\t\t\t\t\t\t\t\t\t\t<\/div>\n\t\t\t\t<\/div>\n\t\t\t<\/div>\n\t\t\t\t\t<\/div>\n\t\t[\/vc_column][\/vc_row]<\/p>\n<\/section>","protected":false},"excerpt":{"rendered":"<p>[vc_row][vc_column][vc_custom_heading text=\u00a0\u00bbVie scolaire maternelle Vitacura\u00a0\u00bb google_fonts=\u00a0\u00bbfont_family:Abel%3Aregular|font_style:400%20regular%3A400%3Anormal\u00a0\u00bb][\/vc_column][\/vc_row][vc_row][vc_column width=\u00a0\u00bb1\/2&Prime;][vc_column_text] L\u2019\u00e9cole maternelle dispose de sa propre Vie scolaire charg\u00e9e de diff\u00e9rentes t\u00e2ches. La&nbsp;<a href=\"https:\/\/lafase.cl\/fr\/maternelle\/vie-scolaire-de-maternelle-vitacura\/\">&hellip;<\/a><\/p>\n","protected":false},"author":3,"featured_media":0,"parent":392,"menu_order":2,"comment_status":"closed","ping_status":"closed","template":"","meta":{"om_disable_all_campaigns":false,"_monsterinsights_skip_tracking":false,"_monsterinsights_sitenote_active":false,"_monsterinsights_sitenote_note":"","_monsterinsights_sitenote_category":0},"aioseo_notices":[],"_links":{"self":[{"href":"https:\/\/lafase.cl\/fr\/wp-json\/wp\/v2\/pages\/5128"}],"collection":[{"href":"https:\/\/lafase.cl\/fr\/wp-json\/wp\/v2\/pages"}],"about":[{"href":"https:\/\/lafase.cl\/fr\/wp-json\/wp\/v2\/types\/page"}],"author":[{"embeddable":true,"href":"https:\/\/lafase.cl\/fr\/wp-json\/wp\/v2\/users\/3"}],"replies":[{"embeddable":true,"href":"https:\/\/lafase.cl\/fr\/wp-json\/wp\/v2\/comments?post=5128"}],"version-history":[{"count":12,"href":"https:\/\/lafase.cl\/fr\/wp-json\/wp\/v2\/pages\/5128\/revisions"}],"predecessor-version":[{"id":40831,"href":"https:\/\/lafase.cl\/fr\/wp-json\/wp\/v2\/pages\/5128\/revisions\/40831"}],"up":[{"embeddable":true,"href":"https:\/\/lafase.cl\/fr\/wp-json\/wp\/v2\/pages\/392"}],"wp:attachment":[{"href":"https:\/\/lafase.cl\/fr\/wp-json\/wp\/v2\/media?parent=5128"}],"curies":[{"name":"wp","href":"https:\/\/api.w.org\/{rel}","templated":true}]}}