{"id":4963,"date":"2019-03-05T18:29:36","date_gmt":"2019-03-05T21:29:36","guid":{"rendered":"http:\/\/lafase.cl\/la-practica-en-1medio\/"},"modified":"2019-08-20T10:45:03","modified_gmt":"2019-08-20T14:45:03","slug":"la-practica-en-1medio","status":"publish","type":"page","link":"https:\/\/lafase.cl\/fr\/orientation\/la-practica-en-1medio\/","title":{"rendered":"Stage 3\u00e8me"},"content":{"rendered":"<section class=\"wpb-content-wrapper\"><p>[vc_row][vc_column][vc_column_text]<\/p>\n<p style=\"font-weight: 400;\"><em>Dans le cadre du parcours avenir, parcours r\u00e9unissant l\u2019ensemble des actions d\u2019orientation, les \u00e9l\u00e8ves de 3<sup>e<\/sup>\u00a0devront effectuer une p\u00e9riode d\u2019observation en milieu professionnel, plus commun\u00e9ment appel\u00e9 \u00ab\u00a0stage\u00a0\u00bb.<\/em><\/p>\n<p style=\"font-weight: 400;\"><em>Ce stage, d\u2019une dur\u00e9e de 5 jours\u00a0donne \u00e0 l&rsquo;\u00e9l\u00e8ve l&rsquo;occasion de d\u00e9couvrir le monde \u00e9conomique et professionnel, de se confronter aux r\u00e9alit\u00e9s concr\u00e8tes du travail et de pr\u00e9ciser son projet d&rsquo;orientation. Il peut se faire dans toute entreprise ou organisation.<\/em><\/p>\n<p style=\"font-weight: 400;\"><em>L\u2019\u00e9l\u00e8ve, ses responsables l\u00e9gaux, l\u2019\u00e9tablissement et l\u2019entreprise d\u2019accueil signent alors une convention de stage. Au sein de l\u2019entreprise l\u2019\u00e9l\u00e8ve est pris en charge par un tuteur qui sera en charge de \u00a0lui faire d\u00e9couvrir son m\u00e9tier et son entreprise.<\/em><\/p>\n<p style=\"font-weight: 400;\"><em>A la fin du stage les \u00e9l\u00e8ves devront remettre un travail sous forme audiovisuel.<\/em><\/p>\n<p>[\/vc_column_text][\/vc_column][\/vc_row][vc_row][vc_column width=\u00a0\u00bb1\/2&Prime;][vc_custom_heading text=\u00a0\u00bbConseils aux stagiaires\u00a0\u00bb google_fonts=\u00a0\u00bbfont_family:Abel%3Aregular|font_style:400%20regular%3A400%3Anormal\u00a0\u00bb][vc_custom_heading text=\u00a0\u00bbVous allez effectuer une s\u00e9quence d\u2019observation en milieu professionnel, plus commun\u00e9ment appel\u00e9e \u00ab stage en entreprise \u00bb. Voici quelques informations essentielles.\u00a0\u00bb font_container=\u00a0\u00bbtag:h5|text_align:justify\u00a0\u00bb google_fonts=\u00a0\u00bbfont_family:Sanchez%3Aregular%2Citalic|font_style:400%20regular%3A400%3Anormal\u00a0\u00bb][\/vc_column][vc_column width=\u00a0\u00bb1\/2&Prime;][vc_empty_space][vc_btn title=\u00a0\u00bbMa recherche de stage\u00a0\u00bb color=\u00a0\u00bbprimary\u00a0\u00bb i_icon_fontawesome=\u00a0\u00bbfa fa-search\u00a0\u00bb add_icon=\u00a0\u00bbtrue\u00a0\u00bb link=\u00a0\u00bburl:http%3A%2F%2Flafase.cl%2Fwp-content%2Fuploads%2F2019%2F03%2FMa-recherche-de-stage.doc||target:%20_blank|\u00a0\u00bb][vc_btn title=\u00a0\u00bbConvention de stage\u00a0\u00bb color=\u00a0\u00bbprimary\u00a0\u00bb i_icon_fontawesome=\u00a0\u00bbfa fa-handshake-o\u00a0\u00bb add_icon=\u00a0\u00bbtrue\u00a0\u00bb link=\u00a0\u00bburl:http%3A%2F%2Flafase.cl%2Fwp-content%2Fuploads%2F2019%2F03%2FConvention-de-stage.doc||target:%20_blank|\u00a0\u00bb][vc_btn title=\u00a0\u00bbLettre aux entreprises\u00a0\u00bb color=\u00a0\u00bbprimary\u00a0\u00bb i_icon_fontawesome=\u00a0\u00bbfa fa-file-text-o\u00a0\u00bb add_icon=\u00a0\u00bbtrue\u00a0\u00bb link=\u00a0\u00bburl:http%3A%2F%2Flafase.cl%2Fwp-content%2Fuploads%2F2019%2F03%2FLettre-aux-entreprises.pdf||target:%20_blank|\u00a0\u00bb][vc_btn title=\u00a0\u00bbLettre aux parents\u00a0\u00bb color=\u00a0\u00bbprimary\u00a0\u00bb i_icon_fontawesome=\u00a0\u00bbfa fa-file-text-o\u00a0\u00bb add_icon=\u00a0\u00bbtrue\u00a0\u00bb link=\u00a0\u00bburl:http%3A%2F%2Flafase.cl%2Fwp-content%2Fuploads%2F2019%2F03%2FLettre-aux-parents.pdf||target:%20_blank|\u00a0\u00bb][vc_btn title=\u00a0\u00bbFiche de contact\u00a0\u00bb color=\u00a0\u00bbprimary\u00a0\u00bb i_icon_fontawesome=\u00a0\u00bbfa fa-id-badge\u00a0\u00bb add_icon=\u00a0\u00bbtrue\u00a0\u00bb link=\u00a0\u00bburl:http%3A%2F%2Flafase.cl%2Fwp-content%2Fuploads%2F2019%2F03%2FFiche-contacto.doc||target:%20_blank|\u00a0\u00bb][\/vc_column][\/vc_row][vc_row][vc_column width=\u00a0\u00bb1\/2&Prime;][\/vc_column][vc_column width=\u00a0\u00bb1\/2&Prime;][\/vc_column][\/vc_row][vc_row][vc_column width=\u00a0\u00bb1\/2&Prime;][vc_custom_heading text=\u00a0\u00bbPourquoi faire un stage ?\u00a0\u00bb font_container=\u00a0\u00bbtag:h3|text_align:left\u00a0\u00bb google_fonts=\u00a0\u00bbfont_family:Sanchez%3Aregular%2Citalic|font_style:400%20regular%3A400%3Anormal\u00a0\u00bb][vc_custom_heading text=\u00a0\u00bb\uf0d8 D\u00e9couvrir le monde du travail, son rythme, les relations qui le r\u00e9gisse\u2026<br \/>\n\uf0d8 Confirmer ou red\u00e9finir son projet professionnel, construire son parcours d\u2019orientation, conna\u00eetre de nouveaux m\u00e9tiers\u2026<br \/>\n\uf0d8 Mettre ses connaissances en pratique, apprendre \u00e0 se comporter de mani\u00e8re ad\u00e9quate\u2026<br \/>\n\uf0d8 Prendre des contacts, se cr\u00e9er un r\u00e9seau\u2026\u00a0\u00bb font_container=\u00a0\u00bbtag:h2|font_size:14%20px|text_align:justify\u00a0\u00bb google_fonts=\u00a0\u00bbfont_family:Sanchez%3Aregular%2Citalic|font_style:400%20regular%3A400%3Anormal\u00a0\u00bb][vc_custom_heading text=\u00a0\u00bbComment choisir le stage ?\u00a0\u00bb font_container=\u00a0\u00bbtag:h3|text_align:left\u00a0\u00bb google_fonts=\u00a0\u00bbfont_family:Sanchez%3Aregular%2Citalic|font_style:400%20regular%3A400%3Anormal\u00a0\u00bb][vc_custom_heading text=\u00a0\u00bb\uf0d8 Par candidature spontan\u00e9e ou en utilisant vos relations, prenez contact avec des entreprises qui vous int\u00e9ressent.<br \/>\n\uf0d8 N\u2019oubliez pas de poser certaines questions \u00e0 votre chef d\u2019entreprise et \u00e0 vous-m\u00eame avant de faire votre choix :<br \/>\no Que fait mon entreprise d\u2019accueil ? Quel service m\u2019int\u00e9resse ?<br \/>\no Quelles seront mes horaires ? mon moyen de transport ? O\u00f9 mangerai-je le midi ?<br \/>\no Aurai-je besoin d\u2019une tenue de travail ?<br \/>\no Pourrai-je d\u00e9couvrir les autres services de l\u2019entreprise ?<br \/>\n\uf0d8 Une fois l\u2019entreprise choisie, remettez \u00e0 votre ma\u00eetre de stage ou au chef d\u2019entreprise la lettre du Proviseur ainsi que la Convention de stage \u00e0 remplir et signer.\u00a0\u00bb font_container=\u00a0\u00bbtag:h2|font_size:14%20px|text_align:justify\u00a0\u00bb google_fonts=\u00a0\u00bbfont_family:Sanchez%3Aregular%2Citalic|font_style:400%20regular%3A400%3Anormal\u00a0\u00bb][\/vc_column][vc_column width=\u00a0\u00bb1\/2&Prime;][vc_custom_heading text=\u00a0\u00bbQu\u2019est-ce qu\u2019\u00eatre stagiaire ?\u00a0\u00bb font_container=\u00a0\u00bbtag:h3|text_align:left\u00a0\u00bb google_fonts=\u00a0\u00bbfont_family:Sanchez%3Aregular%2Citalic|font_style:400%20regular%3A400%3Anormal\u00a0\u00bb][vc_custom_heading text=\u00a0\u00bb\uf0d8 Le stagiaire repr\u00e9sente son \u00e9tablissement et contribue \u00e0 sa r\u00e9putation.<br \/>\n\uf0d8 Un stagiaire n\u2019est pas un salari\u00e9, il n\u2019a pas d\u2019obligations en termes productifs et n\u2019est pas r\u00e9mun\u00e9r\u00e9.<br \/>\n\uf0d8 Le stagiaire doit :<br \/>\no Se conformer aux r\u00e8gles et usages de l\u2019entreprise (hygi\u00e8ne, s\u00e9curit\u00e9, r\u00e8glement int\u00e9rieur)<br \/>\no Respecter les horaires et la dur\u00e9e du stage<br \/>\no Respecter une certaine confidentialit\u00e9 sur les activit\u00e9s de l\u2019entreprise<br \/>\no Adopter un comportement conforme au monde professionnel\u00a0\u00bb font_container=\u00a0\u00bbtag:h2|font_size:14%20px|text_align:justify\u00a0\u00bb google_fonts=\u00a0\u00bbfont_family:Sanchez%3Aregular%2Citalic|font_style:400%20regular%3A400%3Anormal\u00a0\u00bb][vc_custom_heading text=\u00a0\u00bbQue faut-il observer pendant le stage ?\u00a0\u00bb font_container=\u00a0\u00bbtag:h3|text_align:left\u00a0\u00bb google_fonts=\u00a0\u00bbfont_family:Sanchez%3Aregular%2Citalic|font_style:400%20regular%3A400%3Anormal\u00a0\u00bb][vc_custom_heading text=\u00a0\u00bb\uf0d8 L\u2019entreprise : sa nature, son histoire et son \u00e9volution, sa taille, sa structure et son organisation, son secteur d\u2019activit\u00e9\u2026<br \/>\n\uf0d8 Le fonctionnement : ce qu\u2019elle produit\/vend, ses fournisseurs et ses clients, l\u2019organisation et la direction de son activit\u00e9, les diff\u00e9rents services, la publicit\u00e9\u2026<br \/>\n\uf0d8 L\u2019entreprise comme lieu de vie : les rapports hi\u00e9rarchiques et comment ils sont per\u00e7us, l\u2019existence d\u2019un comit\u00e9 d\u2019entreprise et de syndicats\u2026<br \/>\n\uf0d8 La production, la vente d\u2019un bien ou service<br \/>\n\uf0d8 L\u2019observation n\u2019est pas limit\u00e9e, prenez des notes, posez des questions sur tout ce qui vous parait int\u00e9ressant.\u00a0\u00bb font_container=\u00a0\u00bbtag:h2|font_size:14%20px|text_align:justify\u00a0\u00bb google_fonts=\u00a0\u00bbfont_family:Sanchez%3Aregular%2Citalic|font_style:400%20regular%3A400%3Anormal\u00a0\u00bb][\/vc_column][\/vc_row][vc_row][vc_column][vc_column_text]<\/p>\n<p style=\"text-align: center;\"><strong>PENSEZ \u00c0 CONSULTER LE CONTENU DEMAND\u00c9 DANS LE RAPPORT<\/strong><\/p>\n<p style=\"text-align: center;\"><strong><u>AVANT VOTRE STAGE<\/u><\/strong><\/p>\n<p>[\/vc_column_text][\/vc_column][\/vc_row]<\/p>\n<\/section>","protected":false},"excerpt":{"rendered":"<p>[vc_row][vc_column][vc_column_text] Dans le cadre du parcours avenir, parcours r\u00e9unissant l\u2019ensemble des actions d\u2019orientation, les \u00e9l\u00e8ves de 3e\u00a0devront effectuer une p\u00e9riode&nbsp;<a href=\"https:\/\/lafase.cl\/fr\/orientation\/la-practica-en-1medio\/\">&hellip;<\/a><\/p>\n","protected":false},"author":3,"featured_media":0,"parent":2044,"menu_order":9,"comment_status":"closed","ping_status":"closed","template":"template-sidebar-right-childpages.php","meta":{"om_disable_all_campaigns":false,"_monsterinsights_skip_tracking":false,"_monsterinsights_sitenote_active":false,"_monsterinsights_sitenote_note":"","_monsterinsights_sitenote_category":0},"aioseo_notices":[],"_links":{"self":[{"href":"https:\/\/lafase.cl\/fr\/wp-json\/wp\/v2\/pages\/4963"}],"collection":[{"href":"https:\/\/lafase.cl\/fr\/wp-json\/wp\/v2\/pages"}],"about":[{"href":"https:\/\/lafase.cl\/fr\/wp-json\/wp\/v2\/types\/page"}],"author":[{"embeddable":true,"href":"https:\/\/lafase.cl\/fr\/wp-json\/wp\/v2\/users\/3"}],"replies":[{"embeddable":true,"href":"https:\/\/lafase.cl\/fr\/wp-json\/wp\/v2\/comments?post=4963"}],"version-history":[{"count":10,"href":"https:\/\/lafase.cl\/fr\/wp-json\/wp\/v2\/pages\/4963\/revisions"}],"predecessor-version":[{"id":11974,"href":"https:\/\/lafase.cl\/fr\/wp-json\/wp\/v2\/pages\/4963\/revisions\/11974"}],"up":[{"embeddable":true,"href":"https:\/\/lafase.cl\/fr\/wp-json\/wp\/v2\/pages\/2044"}],"wp:attachment":[{"href":"https:\/\/lafase.cl\/fr\/wp-json\/wp\/v2\/media?parent=4963"}],"curies":[{"name":"wp","href":"https:\/\/api.w.org\/{rel}","templated":true}]}}