{"id":4408,"date":"2019-03-08T11:21:42","date_gmt":"2019-03-08T14:21:42","guid":{"rendered":"http:\/\/lafase.cl\/?page_id=4408"},"modified":"2026-03-17T09:42:19","modified_gmt":"2026-03-17T12:42:19","slug":"rapel","status":"publish","type":"page","link":"https:\/\/lafase.cl\/fr\/elementaire\/rapel\/","title":{"rendered":"Rapel"},"content":{"rendered":"<section class=\"wpb-content-wrapper\"><p>[vc_row][vc_column][vc_custom_heading text=\u00a0\u00bbClasses transplant\u00e9es \u00e0 Rapel\u00a0\u00bb use_theme_fonts=\u00a0\u00bbyes\u00a0\u00bb][vc_message message_box_style=\u00a0\u00bboutline\u00a0\u00bb message_box_color=\u00a0\u00bbsky\u00a0\u00bb icon_type=\u00a0\u00bblinecons\u00a0\u00bb icon_linecons=\u00a0\u00bbvc_li vc_li-news\u00a0\u00bb]<a href=\"https:\/\/lafase.cl\/fr\/noticias-de-rapel\/\">Suivez ici le s\u00e9jour de la classe \u00e0 Rapel<\/a>[\/vc_message][vc_gallery interval=\u00a0\u00bb3&Prime; images=\u00a0\u00bb9157,9155,9153,9151,9149,9147,9145,9143,9141,9139&Prime; img_size=\u00a0\u00bbmedium\u00a0\u00bb][vc_column_text]<\/p>\n<p style=\"text-align: justify;\">Les classes transplant\u00e9es \u00e0 Rapel sont destin\u00e9es aux \u00e9l\u00e8ves de CM1. Ces classes nautiques (kayak et voile) se d\u00e9roulent au cours du 1er et 3\u00e8me trimestre de l&rsquo;ann\u00e9e scolaire dans le cadre ensoleill\u00e9 de ce grand lac artificiel situ\u00e9 \u00e0 180 km au sud de Santiago.<\/p>\n<p>[\/vc_column_text][vc_video link=\u00a0\u00bbhttps:\/\/vimeo.com\/167019003&Prime;][vc_column_text]<\/p>\n<ul>\n<li style=\"text-align: justify;\">Les sorties scolaires contribuent \u00e0 donner du sens aux apprentissages en encourageant le contact direct avec <strong>l&rsquo;environnement naturel<\/strong> comme avec les professionnels dans leur contexte de travail.<\/li>\n<li style=\"text-align: justify;\">Elles permettent aux enfants de d\u00e9couvrir d&rsquo;autres modes de vie, ce qui contribue \u00e0 <strong>l&rsquo;\u00e9ducation civique<\/strong>, \u00e0 l<strong>&lsquo;apprentissage de la vie en collectivit\u00e9<\/strong> et l&rsquo;\u00e9tablissement de relations entre les adultes et les enfants, diff\u00e9rentes \u00e0 celles en milieu scolaire, ce qui facilite la <strong>pratique d&rsquo;attitudes responsables<\/strong> dans des endroits moins prot\u00e9g\u00e9s qu&rsquo;au sein de l&rsquo;\u00e9cole.<\/li>\n<\/ul>\n<p>[\/vc_column_text][vc_column_text]<\/p>\n<ul>\n<li style=\"text-align: justify;\">La pratique d&rsquo;activit\u00e9s physiques et sportives permet \u00e0 l&rsquo;enfant de tester ses capacit\u00e9s, d&rsquo;acqu\u00e9rir une plus grande souplesse corporel, une plus grande confiance en soi et de d\u00e9velopper sa personnalit\u00e9.<\/li>\n<li style=\"text-align: justify;\">Les \u00e9l\u00e8ves suivent des cours, mais la plupart du temps est consacr\u00e9 \u00e0 l&rsquo;apprentissage de sports nautiques : voile et kayak.<\/li>\n<li style=\"text-align: justify;\">La d\u00e9couverte de l&rsquo;environnement, la lecture et les activit\u00e9s ludiques sont effectu\u00e9es tous les jours. Les \u00e9l\u00e8ves profitent aussi des moments de repos pendant la journ\u00e9e.<\/li>\n<\/ul>\n<p>[\/vc_column_text][vc_column_text]<\/p>\n<ul>\n<li style=\"text-align: justify;\">Ils font naturellement des d\u00e9couvertes importantes en sciences, math\u00e9matiques et g\u00e9ographie.<\/li>\n<li style=\"text-align: justify;\">Ces moments de recherche dans un cadre diff\u00e9rent du quotidien engendrent des moments d&rsquo;\u00e9change qui contribuent \u00e0 la pratique du langage oral et enrichissent le vocabulaire.<\/li>\n<li style=\"text-align: justify;\">Les \u00e9l\u00e8ves sont accompagn\u00e9s par leur professeur, un animateur et des moniteurs experts et dans le cadre d&rsquo;un projet \u00e9tabli par l&rsquo;\u00e9quipe p\u00e9dagogique du niveau et en accord avec les objectifs \u00e9ducatifs.<\/li>\n<\/ul>\n<p>[\/vc_column_text][vc_tta_accordion style=\u00a0\u00bboutline\u00a0\u00bb color=\u00a0\u00bbsky\u00a0\u00bb active_section=\u00a0\u00bb\u00a0\u00bb no_fill=\u00a0\u00bbtrue\u00a0\u00bb collapsible_all=\u00a0\u00bbtrue\u00a0\u00bb][vc_tta_section i_icon_fontawesome=\u00a0\u00bbfas fa-water\u00a0\u00bb add_icon=\u00a0\u00bbtrue\u00a0\u00bb title=\u00a0\u00bbClasses transplant\u00e9es CM1&Prime; tab_id=\u00a0\u00bb1742326030518-1ca44ac7-7d54&Prime;][vc_btn title=\u00a0\u00bbCalendrier Rapel CM1&Prime; color=\u00a0\u00bbmulled-wine\u00a0\u00bb align=\u00a0\u00bbcenter\u00a0\u00bb i_icon_fontawesome=\u00a0\u00bb\u00a0\u00bb add_icon=\u00a0\u00bbtrue\u00a0\u00bb link=\u00a0\u00bburl:https%3A%2F%2Flafase.cl%2Fwp-content%2Fuploads%2F2026%2F03%2F2026-Calendrier-Rapel-CM1-1er-semestre.pdf|title:Calendario%20Rapel%20CM1&Prime;][vc_btn title=\u00a0\u00bbListe des affaires \u00e0 emporter\u00a0\u00bb color=\u00a0\u00bbmulled-wine\u00a0\u00bb align=\u00a0\u00bbcenter\u00a0\u00bb i_icon_fontawesome=\u00a0\u00bbfa fa-file-pdf-o\u00a0\u00bb add_icon=\u00a0\u00bbtrue\u00a0\u00bb link=\u00a0\u00bburl:http%3A%2F%2Flafase.cl%2Fwp-content%2Fuploads%2F2023%2F03%2FListe-mat%C3%A9riels-Rapel-2023.pdf|title:Ce%20qu&rsquo;il%20faut%20emmener||\u00a0\u00bb][\/vc_tta_section][vc_tta_section i_icon_fontawesome=\u00a0\u00bbfas fa-book\u00a0\u00bb add_icon=\u00a0\u00bbtrue\u00a0\u00bb title=\u00a0\u00bbR\u00e8glement et protocoles\u00a0\u00bb tab_id=\u00a0\u00bb1742326030531-28f623b0-7b21&Prime;][vc_btn title=\u00a0\u00bbR\u00e8glement des classes transplant\u00e9es\u00a0\u00bb color=\u00a0\u00bbdanger\u00a0\u00bb align=\u00a0\u00bbcenter\u00a0\u00bb i_icon_fontawesome=\u00a0\u00bb\u00a0\u00bb add_icon=\u00a0\u00bbtrue\u00a0\u00bb link=\u00a0\u00bburl:https%3A%2F%2Flafase.cl%2Fwp-content%2Fuploads%2F2025%2F09%2FReglement-classe-decouvertes.pdf|title:R%C3%A8glement|target:_blank\u00a0\u00bb][vc_btn title=\u00a0\u00bbProtocoles des classes transplant\u00e9es\u00a0\u00bb color=\u00a0\u00bbdanger\u00a0\u00bb align=\u00a0\u00bbcenter\u00a0\u00bb i_icon_fontawesome=\u00a0\u00bb\u00a0\u00bb add_icon=\u00a0\u00bbtrue\u00a0\u00bb link=\u00a0\u00bburl:https%3A%2F%2Flafase.cl%2Fwp-content%2Fuploads%2F2025%2F09%2FProtocole-classes-de-decouvertes.pdf|title:Protocoles|target:_blank\u00a0\u00bb][\/vc_tta_section][\/vc_tta_accordion][vc_tta_accordion title_tag=\u00a0\u00bbh3&Prime; style=\u00a0\u00bboutline\u00a0\u00bb color=\u00a0\u00bbsky\u00a0\u00bb active_section=\u00a0\u00bb\u00a0\u00bb no_fill=\u00a0\u00bbtrue\u00a0\u00bb collapsible_all=\u00a0\u00bbtrue\u00a0\u00bb title=\u00a0\u00bbD\u00e9part et arriv\u00e9e\u00a0\u00bb][vc_tta_section i_icon_fontawesome=\u00a0\u00bbfas fa-bus\u00a0\u00bb add_icon=\u00a0\u00bbtrue\u00a0\u00bb title=\u00a0\u00bbVitacura\u00a0\u00bb tab_id=\u00a0\u00bb1742326190807-01ecbba6-7210&Prime;][vc_column_text]La dur\u00e9e du s\u00e9jour est du lundi au vendredi.<\/p>\n<p><strong><u>Classes de Vitacura :<\/u><\/strong><\/p>\n<ul>\n<li>D\u00e9part depuis la rue Luis Pasteur \u00e0 09h environ. Pr\u00e9sentation \u00e0 l&rsquo;\u00e9cole \u00e0 l&rsquo;heure habituelle.<\/li>\n<li>Arriv\u00e9e par la rue Espoz, \u00e9cole Maternelle, le vendredi aux alentours de 16h.<\/li>\n<\/ul>\n<p>[\/vc_column_text][vc_custom_heading text=\u00a0\u00bbResponsable :\u00a0\u00bb font_container=\u00a0\u00bbtag:h4|font_size:16|text_align:left\u00a0\u00bb use_theme_fonts=\u00a0\u00bbyes\u00a0\u00bb]\t\t<div class=\"scp-teachers \">\n\t\t\t\t\t\t<div class=\"teacher one whole \">\n\t\t\t\t<div class=\"inner-wrap\">\n\t\t\t\t\t<div class=\"thumbnail\">\n\t\t\t\t\t\t<a href=\"https:\/\/lafase.cl\/fr\/teachers\/mme-cecile-labarthe\/\" title=\"C\u00e9cile Labarthe\"><img width=\"150\" height=\"150\" src=\"https:\/\/lafase.cl\/wp-content\/uploads\/2018\/12\/Cecile-Labarthe-150x150.jpg\" class=\"attachment-thumbnail size-thumbnail wp-post-image\" alt=\"\" loading=\"lazy\" \/><\/a>\t\t\t\t\t<\/div>\n\t\t\t\t\t<div class=\"item\">\n\t\t\t\t\t\t<h5 class=\"entry-title\"><a\n\t\t\t\t\t\t\t\thref=\"https:\/\/lafase.cl\/fr\/teachers\/mme-cecile-labarthe\/\">C\u00e9cile Labarthe<\/a>\n\t\t\t\t\t\t<\/h5>\n\t\t\t\t\t\t\t\t\t\t\t\t\t\t\t\t\t\t\t<h6 class=\"job-title\">Directrice adjointe du primaire<\/h6>\n\t\t\t\t\t\t\t\t\t\t\t\t\t\t\t\t\t\t\t\t\t\t\t\t\t<div class=\"summary\"><p>+56 22 530 0708<\/p>\n<p><a href=\"mailto:Cecile.Labarthe@lafase.cl\">cecile.labarthe@lafase.cl<\/a><\/p>\n<\/div>\n\t\t\t\t\t\t\n\t\t\t\t\t\t\t\t\t\t\t\t\t\t\t\t\t<\/div>\n\t\t\t\t<\/div>\n\t\t\t<\/div>\n\t\t\t\t\t<\/div>\n\t\t[\/vc_tta_section][vc_tta_section i_icon_fontawesome=\u00a0\u00bbfas fa-bus\u00a0\u00bb add_icon=\u00a0\u00bbtrue\u00a0\u00bb title=\u00a0\u00bbChamisero\u00a0\u00bb tab_id=\u00a0\u00bb1742326190853-13287ff0-a85c\u00a0\u00bb][vc_column_text]La dur\u00e9e du s\u00e9jour est du lundi au vendredi.<\/p>\n<p><strong><u>Classes de Chamisero :<\/u><\/strong><\/p>\n<ul>\n<li>D\u00e9part depuis l&rsquo;entr\u00e9e principale \u00e0 09h environ. Pr\u00e9sentation \u00e0 l&rsquo;\u00e9cole \u00e0 l&rsquo;heure habituelle.<\/li>\n<li>Arriv\u00e9e par l&rsquo;entr\u00e9e principale, le vendredi aux alentours de 16h.<\/li>\n<\/ul>\n<p>[\/vc_column_text][vc_custom_heading text=\u00a0\u00bbResponsable :\u00a0\u00bb font_container=\u00a0\u00bbtag:h4|font_size:16|text_align:left\u00a0\u00bb use_theme_fonts=\u00a0\u00bbyes\u00a0\u00bb]\t\t<div class=\"scp-teachers \">\n\t\t\t\t\t\t<div class=\"teacher one whole \">\n\t\t\t\t<div class=\"inner-wrap\">\n\t\t\t\t\t<div class=\"thumbnail\">\n\t\t\t\t\t\t<a href=\"https:\/\/lafase.cl\/fr\/teachers\/mme-cecile-labarthe\/\" title=\"C\u00e9cile Labarthe\"><img width=\"150\" height=\"150\" src=\"https:\/\/lafase.cl\/wp-content\/uploads\/2018\/12\/Cecile-Labarthe-150x150.jpg\" class=\"attachment-thumbnail size-thumbnail wp-post-image\" alt=\"\" loading=\"lazy\" \/><\/a>\t\t\t\t\t<\/div>\n\t\t\t\t\t<div class=\"item\">\n\t\t\t\t\t\t<h5 class=\"entry-title\"><a\n\t\t\t\t\t\t\t\thref=\"https:\/\/lafase.cl\/fr\/teachers\/mme-cecile-labarthe\/\">C\u00e9cile Labarthe<\/a>\n\t\t\t\t\t\t<\/h5>\n\t\t\t\t\t\t\t\t\t\t\t\t\t\t\t\t\t\t\t<h6 class=\"job-title\">Directrice adjointe du primaire<\/h6>\n\t\t\t\t\t\t\t\t\t\t\t\t\t\t\t\t\t\t\t\t\t\t\t\t\t<div class=\"summary\"><p>+56 22 530 0708<\/p>\n<p><a href=\"mailto:Cecile.Labarthe@lafase.cl\">cecile.labarthe@lafase.cl<\/a><\/p>\n<\/div>\n\t\t\t\t\t\t\n\t\t\t\t\t\t\t\t\t\t\t\t\t\t\t\t\t<\/div>\n\t\t\t\t<\/div>\n\t\t\t<\/div>\n\t\t\t\t\t<\/div>\n\t\t[\/vc_tta_section][\/vc_tta_accordion][\/vc_column][\/vc_row]<\/p>\n<\/section>","protected":false},"excerpt":{"rendered":"<p>[vc_row][vc_column][vc_custom_heading text=\u00a0\u00bbClasses transplant\u00e9es \u00e0 Rapel\u00a0\u00bb use_theme_fonts=\u00a0\u00bbyes\u00a0\u00bb][vc_message message_box_style=\u00a0\u00bboutline\u00a0\u00bb message_box_color=\u00a0\u00bbsky\u00a0\u00bb icon_type=\u00a0\u00bblinecons\u00a0\u00bb icon_linecons=\u00a0\u00bbvc_li vc_li-news\u00a0\u00bb]Suivez ici le s\u00e9jour de la classe \u00e0 Rapel[\/vc_message][vc_gallery interval=\u00a0\u00bb3&Prime;&nbsp;<a href=\"https:\/\/lafase.cl\/fr\/elementaire\/rapel\/\">&hellip;<\/a><\/p>\n","protected":false},"author":1,"featured_media":0,"parent":2269,"menu_order":7,"comment_status":"closed","ping_status":"closed","template":"","meta":{"om_disable_all_campaigns":false,"_monsterinsights_skip_tracking":false,"_monsterinsights_sitenote_active":false,"_monsterinsights_sitenote_note":"","_monsterinsights_sitenote_category":0},"aioseo_notices":[],"_links":{"self":[{"href":"https:\/\/lafase.cl\/fr\/wp-json\/wp\/v2\/pages\/4408"}],"collection":[{"href":"https:\/\/lafase.cl\/fr\/wp-json\/wp\/v2\/pages"}],"about":[{"href":"https:\/\/lafase.cl\/fr\/wp-json\/wp\/v2\/types\/page"}],"author":[{"embeddable":true,"href":"https:\/\/lafase.cl\/fr\/wp-json\/wp\/v2\/users\/1"}],"replies":[{"embeddable":true,"href":"https:\/\/lafase.cl\/fr\/wp-json\/wp\/v2\/comments?post=4408"}],"version-history":[{"count":60,"href":"https:\/\/lafase.cl\/fr\/wp-json\/wp\/v2\/pages\/4408\/revisions"}],"predecessor-version":[{"id":88695,"href":"https:\/\/lafase.cl\/fr\/wp-json\/wp\/v2\/pages\/4408\/revisions\/88695"}],"up":[{"embeddable":true,"href":"https:\/\/lafase.cl\/fr\/wp-json\/wp\/v2\/pages\/2269"}],"wp:attachment":[{"href":"https:\/\/lafase.cl\/fr\/wp-json\/wp\/v2\/media?parent=4408"}],"curies":[{"name":"wp","href":"https:\/\/api.w.org\/{rel}","templated":true}]}}