{"id":4138,"date":"2019-03-06T09:32:35","date_gmt":"2019-03-06T12:32:35","guid":{"rendered":"http:\/\/lafase.cl\/?page_id=4138"},"modified":"2019-08-20T10:34:08","modified_gmt":"2019-08-20T14:34:08","slug":"bac-eps-fr","status":"publish","type":"page","link":"https:\/\/lafase.cl\/fr\/orientation\/bac-eps-fr\/","title":{"rendered":"BAC EPS"},"content":{"rendered":"<section class=\"wpb-content-wrapper\"><p>[vc_row][vc_column width=\u00a0\u00bb2\/3&Prime;][vc_custom_heading text=\u00a0\u00bb\u00c9preuves et disciplines\u00a0\u00bb google_fonts=\u00a0\u00bbfont_family:Abel%3Aregular|font_style:400%20regular%3A400%3Anormal\u00a0\u00bb][vc_btn title=\u00a0\u00bbDanse\u00a0\u00bb color=\u00a0\u00bbmulled-wine\u00a0\u00bb link=\u00a0\u00bburl:http%3A%2F%2Flafase.cl%2Fwp-content%2Fuploads%2F2019%2F03%2Fdanseniv4-2018-non-modifie.pdf||target:%20_blank|\u00a0\u00bb][vc_btn title=\u00a0\u00bbEscalade\u00a0\u00bb color=\u00a0\u00bbmulled-wine\u00a0\u00bb link=\u00a0\u00bburl:http%3A%2F%2Flafase.cl%2Fwp-content%2Fuploads%2F2019%2F03%2Fescaladebacgtniv4-2019.pdf||target:%20_blank|\u00a0\u00bb][vc_btn title=\u00a0\u00bbVolleyball\u00a0\u00bb color=\u00a0\u00bbmulled-wine\u00a0\u00bb link=\u00a0\u00bburl:http%3A%2F%2Flafase.cl%2Fwp-content%2Fuploads%2F2019%2F03%2Fvbniv4-2018-non-modifie.pdf||target:%20_blank|\u00a0\u00bb][vc_btn title=\u00a0\u00bbBasketball\u00a0\u00bb color=\u00a0\u00bbmulled-wine\u00a0\u00bb link=\u00a0\u00bburl:http%3A%2F%2Flafase.cl%2Fwp-content%2Fuploads%2F2019%2F03%2Fbbniv4-2018.pdf||target:%20_blank|\u00a0\u00bb][vc_btn title=\u00a0\u00bbCourse en dur\u00e9e\u00a0\u00bb color=\u00a0\u00bbmulled-wine\u00a0\u00bb link=\u00a0\u00bburl:http%3A%2F%2Flafase.cl%2Fwp-content%2Fuploads%2F2019%2F03%2Fcoursedureebacgtniv4-2019.pdf||target:%20_blank|\u00a0\u00bb][vc_btn title=\u00a0\u00bbCourse de demi-fond\u00a0\u00bb color=\u00a0\u00bbmulled-wine\u00a0\u00bb link=\u00a0\u00bburl:http%3A%2F%2Flafase.cl%2Fwp-content%2Fuploads%2F2019%2F03%2Fdemi-fond-bacgt-n4-2019.pdf||target:%20_blank|\u00a0\u00bb][vc_btn title=\u00a0\u00bbNatation de distance\u00a0\u00bb color=\u00a0\u00bbmulled-wine\u00a0\u00bb link=\u00a0\u00bburl:http%3A%2F%2Flafase.cl%2Fwp-content%2Fuploads%2F2019%2F03%2Fnatationdistbacgtniv5-2019.pdf||target:%20_blank|\u00a0\u00bb][vc_btn title=\u00a0\u00bbBadminton en simple\u00a0\u00bb color=\u00a0\u00bbmulled-wine\u00a0\u00bb link=\u00a0\u00bburl:http%3A%2F%2Flafase.cl%2Fwp-content%2Fuploads%2F2019%2F03%2Fbadbacgtniv4-2019.pdf||target:%20_blank|\u00a0\u00bb][vc_btn title=\u00a0\u00bbR\u00e8gles bac eps\u00a0\u00bb color=\u00a0\u00bbdanger\u00a0\u00bb link=\u00a0\u00bburl:http%3A%2F%2Flafase.cl%2Fwp-content%2Fuploads%2F2019%2F03%2FRegles-BAC-2019.pdf||target:%20_blank|\u00a0\u00bb][\/vc_column][vc_column width=\u00a0\u00bb1\/3&Prime;][vc_custom_heading text=\u00a0\u00bbOrganisation\u00a0\u00bb google_fonts=\u00a0\u00bbfont_family:Abel%3Aregular|font_style:400%20regular%3A400%3Anormal\u00a0\u00bb][vc_btn title=\u00a0\u00bbCycles et \u00e9preuves 2019&Prime; color=\u00a0\u00bbprimary\u00a0\u00bb link=\u00a0\u00bburl:http%3A%2F%2Flafase.cl%2Fwp-content%2Fuploads%2F2019%2F03%2FOrganisation-BAC-2019-1.pdf||target:%20_blank|\u00a0\u00bb][vc_custom_heading text=\u00a0\u00bbListes Bac EPS\u00a0\u00bb google_fonts=\u00a0\u00bbfont_family:Abel%3Aregular|font_style:400%20regular%3A400%3Anormal\u00a0\u00bb][vc_btn title=\u00a0\u00bbListes menu Bac eps 2019&Prime; color=\u00a0\u00bbprimary\u00a0\u00bb link=\u00a0\u00bburl:http%3A%2F%2Flafase.cl%2Fwp-content%2Fuploads%2F2019%2F03%2FGroupes-BAC-EPS-2019.pdf||target:%20_blank|\u00a0\u00bb][\/vc_column][\/vc_row][vc_row][vc_column][vc_separator][vc_custom_heading text=\u00a0\u00bbDispenses\u00a0\u00bb google_fonts=\u00a0\u00bbfont_family:Abel%3Aregular|font_style:400%20regular%3A400%3Anormal\u00a0\u00bb][vc_btn title=\u00a0\u00bbCertificat m\u00e9dical\u00a0\u00bb color=\u00a0\u00bbprimary\u00a0\u00bb link=\u00a0\u00bburl:http%3A%2F%2Flafase.cl%2Fwp-content%2Fuploads%2F2019%2F03%2FCertificat-medical-EPS-LAFASE.pdf||target:%20_blank|\u00a0\u00bb][vc_message message_box_color=\u00a0\u00bbwarning\u00a0\u00bb icon_fontawesome=\u00a0\u00bbfa fa-exclamation-triangle\u00a0\u00bb]<span style=\"color: #ff0000;\">Ce certificat m\u00e9dical doit \u00eatre rempli par le m\u00e9decin de l&rsquo;ambassade afin que l&rsquo;acad\u00e9mie valide la dispense pour les \u00e9preuves du baccalaur\u00e9at:<\/span><\/p>\n<p><span style=\"color: #ff0000;\">Beno\u00eet Cordier<\/span><br \/>\n<span style=\"color: #ff0000;\">Direction: Juan XXIII, 6260. 7640698 Vitacura<\/span><br \/>\n<span style=\"color: #ff0000;\">Tel: (2) 2405 5000 \/ 92324350<\/span><br \/>\n<span style=\"color: #ff0000;\">Horaires: Lundi \u00e0 vendredi de 15h30 \u00e0 19h<\/span><\/p>\n<p><span style=\"color: #ff0000;\">Attention, cette d\u00e9marche est obligatoire pour toute dispense sur une \u00e9preuve du Bac EPS ou son rattrapage pour \u00e9viter le z\u00e9ro. De plus, une dispense \u00e9tablie sur une p\u00e9riode d&rsquo;\u00e9preuve ne vous dispense pas de son rattrapage (si le certificat ne couvre pas la date du rattrapage).<\/span>[\/vc_message][\/vc_column][\/vc_row]<\/p>\n<\/section>","protected":false},"excerpt":{"rendered":"<p>[vc_row][vc_column width=\u00a0\u00bb2\/3&Prime;][vc_custom_heading text=\u00a0\u00bb\u00c9preuves et disciplines\u00a0\u00bb google_fonts=\u00a0\u00bbfont_family:Abel%3Aregular|font_style:400%20regular%3A400%3Anormal\u00a0\u00bb][vc_btn title=\u00a0\u00bbDanse\u00a0\u00bb color=\u00a0\u00bbmulled-wine\u00a0\u00bb link=\u00a0\u00bburl:http%3A%2F%2Flafase.cl%2Fwp-content%2Fuploads%2F2019%2F03%2Fdanseniv4-2018-non-modifie.pdf||target:%20_blank|\u00a0\u00bb][vc_btn title=\u00a0\u00bbEscalade\u00a0\u00bb color=\u00a0\u00bbmulled-wine\u00a0\u00bb link=\u00a0\u00bburl:http%3A%2F%2Flafase.cl%2Fwp-content%2Fuploads%2F2019%2F03%2Fescaladebacgtniv4-2019.pdf||target:%20_blank|\u00a0\u00bb][vc_btn title=\u00a0\u00bbVolleyball\u00a0\u00bb color=\u00a0\u00bbmulled-wine\u00a0\u00bb link=\u00a0\u00bburl:http%3A%2F%2Flafase.cl%2Fwp-content%2Fuploads%2F2019%2F03%2Fvbniv4-2018-non-modifie.pdf||target:%20_blank|\u00a0\u00bb][vc_btn title=\u00a0\u00bbBasketball\u00a0\u00bb color=\u00a0\u00bbmulled-wine\u00a0\u00bb link=\u00a0\u00bburl:http%3A%2F%2Flafase.cl%2Fwp-content%2Fuploads%2F2019%2F03%2Fbbniv4-2018.pdf||target:%20_blank|\u00a0\u00bb][vc_btn title=\u00a0\u00bbCourse en&nbsp;<a href=\"https:\/\/lafase.cl\/fr\/orientation\/bac-eps-fr\/\">&hellip;<\/a><\/p>\n","protected":false},"author":3,"featured_media":0,"parent":2044,"menu_order":23,"comment_status":"closed","ping_status":"closed","template":"template-sidebar-right-childpages.php","meta":{"om_disable_all_campaigns":false,"_monsterinsights_skip_tracking":false,"_monsterinsights_sitenote_active":false,"_monsterinsights_sitenote_note":"","_monsterinsights_sitenote_category":0},"aioseo_notices":[],"_links":{"self":[{"href":"https:\/\/lafase.cl\/fr\/wp-json\/wp\/v2\/pages\/4138"}],"collection":[{"href":"https:\/\/lafase.cl\/fr\/wp-json\/wp\/v2\/pages"}],"about":[{"href":"https:\/\/lafase.cl\/fr\/wp-json\/wp\/v2\/types\/page"}],"author":[{"embeddable":true,"href":"https:\/\/lafase.cl\/fr\/wp-json\/wp\/v2\/users\/3"}],"replies":[{"embeddable":true,"href":"https:\/\/lafase.cl\/fr\/wp-json\/wp\/v2\/comments?post=4138"}],"version-history":[{"count":19,"href":"https:\/\/lafase.cl\/fr\/wp-json\/wp\/v2\/pages\/4138\/revisions"}],"predecessor-version":[{"id":8278,"href":"https:\/\/lafase.cl\/fr\/wp-json\/wp\/v2\/pages\/4138\/revisions\/8278"}],"up":[{"embeddable":true,"href":"https:\/\/lafase.cl\/fr\/wp-json\/wp\/v2\/pages\/2044"}],"wp:attachment":[{"href":"https:\/\/lafase.cl\/fr\/wp-json\/wp\/v2\/media?parent=4138"}],"curies":[{"name":"wp","href":"https:\/\/api.w.org\/{rel}","templated":true}]}}