{"id":4118,"date":"2019-03-05T18:31:50","date_gmt":"2019-03-05T21:31:50","guid":{"rendered":"http:\/\/lafase.cl\/orientacion-en-francia\/"},"modified":"2021-02-09T13:41:23","modified_gmt":"2021-02-09T16:41:23","slug":"orientacion-en-francia","status":"publish","type":"page","link":"https:\/\/lafase.cl\/fr\/orientation\/orientacion-en-francia\/","title":{"rendered":"Orientation en France"},"content":{"rendered":"<section class=\"wpb-content-wrapper\"><p>[vc_row][vc_column][vc_custom_heading text=\u00a0\u00bbOrientation en France\u00a0\u00bb google_fonts=\u00a0\u00bbfont_family:Sanchez%3Aregular%2Citalic|font_style:400%20regular%3A400%3Anormal\u00a0\u00bb][vc_row_inner][vc_column_inner width=\u00a0\u00bb1\/3&Prime;][vc_custom_heading text=\u00a0\u00bbToutes les informations sur les formations post-bac en France :\u00a0\u00bb font_container=\u00a0\u00bbtag:div|text_align:left\u00a0\u00bb google_fonts=\u00a0\u00bbfont_family:Abel%3Aregular|font_style:400%20regular%3A400%3Anormal\u00a0\u00bb][\/vc_column_inner][vc_column_inner width=\u00a0\u00bb1\/3&Prime;][vc_icon icon_fontawesome=\u00a0\u00bbfa fa-arrow-right\u00a0\u00bb size=\u00a0\u00bblg\u00a0\u00bb][\/vc_column_inner][vc_column_inner width=\u00a0\u00bb1\/3&Prime;][vc_btn title=\u00a0\u00bbDetails\u00a0\u00bb color=\u00a0\u00bbinverse\u00a0\u00bb link=\u00a0\u00bburl:http%3A%2F%2Fwww.terminales2019-2020.fr%2F%20|||\u00a0\u00bb css=\u00a0\u00bb.vc_custom_1576591392624{margin-left: -40px !important;}\u00a0\u00bb][\/vc_column_inner][\/vc_row_inner][vc_separator style=\u00a0\u00bbdouble\u00a0\u00bb][vc_row_inner][vc_column_inner width=\u00a0\u00bb1\/3&Prime;][vc_custom_heading text=\u00a0\u00bbForum d&rsquo;orientation pour les \u00e9l\u00e8ves et \u00e9tudiants de l&rsquo;AEFE (AGORA)\u00a0\u00bb font_container=\u00a0\u00bbtag:div|text_align:left\u00a0\u00bb google_fonts=\u00a0\u00bbfont_family:Abel%3Aregular|font_style:400%20regular%3A400%3Anormal\u00a0\u00bb][\/vc_column_inner][vc_column_inner width=\u00a0\u00bb1\/3&Prime;][vc_icon icon_fontawesome=\u00a0\u00bbfa fa-arrow-right\u00a0\u00bb size=\u00a0\u00bblg\u00a0\u00bb][\/vc_column_inner][vc_column_inner width=\u00a0\u00bb1\/3&Prime;][vc_btn title=\u00a0\u00bbDetails\u00a0\u00bb color=\u00a0\u00bbinverse\u00a0\u00bb link=\u00a0\u00bburl:https%3A%2F%2Fagora-aefe.fr|||\u00a0\u00bb css=\u00a0\u00bb.vc_custom_1576591429097{margin-left: -40px !important;}\u00a0\u00bb][\/vc_column_inner][\/vc_row_inner][vc_separator style=\u00a0\u00bbdouble\u00a0\u00bb][vc_row_inner][vc_column_inner width=\u00a0\u00bb1\/3&Prime;][vc_custom_heading text=\u00a0\u00bbDes infos pour les chiliens souhaitant \u00e9tudier en France (en espagnol) &#8211; Campus France\u00a0\u00bb font_container=\u00a0\u00bbtag:div|text_align:left\u00a0\u00bb google_fonts=\u00a0\u00bbfont_family:Abel%3Aregular|font_style:400%20regular%3A400%3Anormal\u00a0\u00bb link=\u00a0\u00bburl:https%3A%2F%2Fwww.chili.campusfrance.org%2F%20|||\u00a0\u00bb][\/vc_column_inner][vc_column_inner width=\u00a0\u00bb1\/3&Prime;][vc_icon icon_fontawesome=\u00a0\u00bbfa fa-arrow-right\u00a0\u00bb size=\u00a0\u00bblg\u00a0\u00bb][\/vc_column_inner][vc_column_inner width=\u00a0\u00bb1\/3&Prime;][vc_btn title=\u00a0\u00bbDetails\u00a0\u00bb color=\u00a0\u00bbinverse\u00a0\u00bb link=\u00a0\u00bburl:https%3A%2F%2Fwww.chili.campusfrance.org%2F|||\u00a0\u00bb css=\u00a0\u00bb.vc_custom_1576591461609{margin-left: -40px !important;}\u00a0\u00bb][\/vc_column_inner][\/vc_row_inner][vc_separator style=\u00a0\u00bbdouble\u00a0\u00bb][vc_row_inner][vc_column_inner width=\u00a0\u00bb1\/3&Prime;][vc_custom_heading text=\u00a0\u00bbPortail d&rsquo;admission dans l&rsquo;enseignement sup\u00e9rieur fran\u00e7ais &#8211; PARCOURSUP\u00a0\u00bb font_container=\u00a0\u00bbtag:div|text_align:left\u00a0\u00bb google_fonts=\u00a0\u00bbfont_family:Abel%3Aregular|font_style:400%20regular%3A400%3Anormal\u00a0\u00bb link=\u00a0\u00bburl:https%3A%2F%2Fwww.parcoursup.fr%2F%20|||\u00a0\u00bb][\/vc_column_inner][vc_column_inner width=\u00a0\u00bb1\/3&Prime;][vc_icon icon_fontawesome=\u00a0\u00bbfa fa-arrow-right\u00a0\u00bb size=\u00a0\u00bblg\u00a0\u00bb][\/vc_column_inner][vc_column_inner width=\u00a0\u00bb1\/3&Prime;][vc_btn title=\u00a0\u00bbDetails\u00a0\u00bb color=\u00a0\u00bbinverse\u00a0\u00bb link=\u00a0\u00bburl:https%3A%2F%2Fwww.parcoursup.fr%2F%20|||\u00a0\u00bb css=\u00a0\u00bb.vc_custom_1576591523903{margin-left: -40px !important;}\u00a0\u00bb][\/vc_column_inner][\/vc_row_inner][vc_separator style=\u00a0\u00bbdouble\u00a0\u00bb][vc_row_inner][vc_column_inner width=\u00a0\u00bb1\/3&Prime;][vc_custom_heading text=\u00a0\u00bbInfos sur les bourses et la vie \u00e9tudiante en France\u00a0\u00bb font_container=\u00a0\u00bbtag:div|text_align:left\u00a0\u00bb google_fonts=\u00a0\u00bbfont_family:Abel%3Aregular|font_style:400%20regular%3A400%3Anormal\u00a0\u00bb link=\u00a0\u00bburl:https%3A%2F%2Fwww.etudiant.gouv.fr%2F%20|||\u00a0\u00bb][\/vc_column_inner][vc_column_inner width=\u00a0\u00bb1\/3&Prime;][vc_icon icon_fontawesome=\u00a0\u00bbfa fa-arrow-right\u00a0\u00bb size=\u00a0\u00bblg\u00a0\u00bb][\/vc_column_inner][vc_column_inner width=\u00a0\u00bb1\/3&Prime;][vc_btn title=\u00a0\u00bbDetails\u00a0\u00bb color=\u00a0\u00bbinverse\u00a0\u00bb link=\u00a0\u00bburl:https%3A%2F%2Fwww.etudiant.gouv.fr%2F%20|||\u00a0\u00bb css=\u00a0\u00bb.vc_custom_1576591555662{margin-left: -40px !important;}\u00a0\u00bb][\/vc_column_inner][\/vc_row_inner][\/vc_column][\/vc_row][vc_row][vc_column][vc_separator style=\u00a0\u00bbshadow\u00a0\u00bb][vc_cta h2=\u00a0\u00bbDOCUMENTATION\u00a0\u00bb add_icon=\u00a0\u00bbtop\u00a0\u00bb i_icon_fontawesome=\u00a0\u00bbfa fa-info-circle\u00a0\u00bb i_background_style=\u00a0\u00bbrounded-outline\u00a0\u00bb css=\u00a0\u00bb.vc_custom_1576522704843{background-color: #d1e0ff !important;}\u00a0\u00bb]<\/p>\n<div><\/div>\n<ul>\n<li class=\"gmail_chip gmail_drive_chip\"><span style=\"color: #333333;\"><a style=\"color: #333333;\" href=\"http:\/\/lafase.cl\/wp-content\/uploads\/2019\/12\/brochure_etudier_en_france-apres-le-bac_2018.pdf\" target=\"_blank\" rel=\"noopener\"><img decoding=\"async\" src=\"https:\/\/ssl.gstatic.com\/docs\/doclist\/images\/icon_10_generic_list.png\" \/>\u00a0<span dir=\"ltr\">brochure_etudier_en_france apres le bac_2018.pdf<\/span><\/a><\/span><\/li>\n<li class=\"gmail_chip gmail_drive_chip\"><span style=\"color: #333333;\"><a style=\"color: #333333;\" href=\"http:\/\/lafase.cl\/wp-content\/uploads\/2019\/12\/diaporama-budget-France.pps\" target=\"_blank\" rel=\"noopener\"><img decoding=\"async\" src=\"https:\/\/ssl.gstatic.com\/docs\/doclist\/images\/icon_10_generic_list.png\" \/>\u00a0<span dir=\"ltr\">diaporama budget France.pps<\/span><\/a><\/span><\/li>\n<li class=\"gmail_chip gmail_drive_chip\"><span style=\"color: #333333;\"><a style=\"color: #333333;\" href=\"http:\/\/lafase.cl\/wp-content\/uploads\/2019\/12\/Diaporama-lenst-sup-Fran\u00e7ais.pps\" target=\"_blank\" rel=\"noopener\"><img decoding=\"async\" src=\"https:\/\/ssl.gstatic.com\/docs\/doclist\/images\/icon_10_generic_list.png\" \/>\u00a0<span dir=\"ltr\">Diaporama l&rsquo;enst sup Fran\u00e7ais.pps<\/span><\/a><\/span><\/li>\n<li class=\"gmail_chip gmail_drive_chip\"><span style=\"color: #333333;\"><a style=\"color: #333333;\" href=\"http:\/\/lafase.cl\/wp-content\/uploads\/2019\/12\/diaporama-parcoursup-2020.pps\" target=\"_blank\" rel=\"noopener\"><img decoding=\"async\" src=\"https:\/\/ssl.gstatic.com\/docs\/doclist\/images\/icon_10_generic_list.png\" \/>\u00a0<span dir=\"ltr\">diaporama parcoursup 2020.pps<\/span><\/a><\/span><\/li>\n<li class=\"gmail_chip gmail_drive_chip\"><span style=\"color: #333333;\"><a style=\"color: #333333;\" href=\"http:\/\/lafase.cl\/wp-content\/uploads\/2019\/12\/Guide_Entrer_Sup_Rentree2019.pdf\" target=\"_blank\" rel=\"noopener\"><img decoding=\"async\" src=\"https:\/\/ssl.gstatic.com\/docs\/doclist\/images\/icon_10_generic_list.png\" \/>\u00a0<span dir=\"ltr\">Guide_Entrer_Sup_Rentree2019.pdf<\/span><\/a><\/span><\/li>\n<li class=\"gmail_chip gmail_drive_chip\"><span style=\"color: #333333;\"><a style=\"color: #333333;\" href=\"http:\/\/lafase.cl\/wp-content\/uploads\/2019\/12\/recommandations-parcoursup-2019.pdf\" target=\"_blank\" rel=\"noopener\"><img decoding=\"async\" src=\"https:\/\/ssl.gstatic.com\/docs\/doclist\/images\/icon_10_generic_list.png\" \/>\u00a0<span dir=\"ltr\">recommandations parcoursup 2019.pdf<\/span><\/a><\/span><\/li>\n<li class=\"gmail_chip gmail_drive_chip\"><span style=\"color: #333333;\"><a style=\"color: #333333;\" href=\"http:\/\/lafase.cl\/wp-content\/uploads\/2019\/12\/Vivre-en-France-Infos-pratiques.pdf\" target=\"_blank\" rel=\"noopener\"><img decoding=\"async\" src=\"https:\/\/ssl.gstatic.com\/docs\/doclist\/images\/icon_10_generic_list.png\" \/>\u00a0<span dir=\"ltr\">Vivre en France &#8211; Infos pratiques.pdf<\/span><\/a><\/span><\/li>\n<\/ul>\n<p>[\/vc_cta][\/vc_column][\/vc_row][vc_row][vc_column width=\u00a0\u00bb1\/3&Prime;][vc_video link=\u00a0\u00bbhttps:\/\/youtu.be\/IKFWGt8W2eY\u00a0\u00bb el_aspect=\u00a0\u00bb43&Prime;][vc_column_text]<\/p>\n<p class=\"title style-scope ytd-video-primary-info-renderer\">Conf\u00e9rence AEFE &#8211; Panorama de l&rsquo;enseignement sup\u00e9rieur fran\u00e7ais<\/p>\n<p>[\/vc_column_text][\/vc_column][vc_column width=\u00a0\u00bb1\/3&Prime;][vc_video link=\u00a0\u00bbhttps:\/\/youtu.be\/4lANob0yfBA\u00a0\u00bb el_aspect=\u00a0\u00bb43&Prime;][vc_column_text]<\/p>\n<p class=\"title style-scope ytd-video-primary-info-renderer\">Conf\u00e9rence AEFE &#8211; Parcoursup : mode d&#8217;emploi<\/p>\n<p>[\/vc_column_text][\/vc_column][vc_column width=\u00a0\u00bb1\/3&Prime;][vc_video link=\u00a0\u00bbhttps:\/\/youtu.be\/5B6kJvApZXc\u00a0\u00bb el_aspect=\u00a0\u00bb43&Prime;][vc_column_text]<\/p>\n<p class=\"title style-scope ytd-video-primary-info-renderer\">Conf\u00e9rence AEFE &#8211; La bourse Excellence-Major<\/p>\n<p>[\/vc_column_text][\/vc_column][\/vc_row]<\/p>\n<\/section>","protected":false},"excerpt":{"rendered":"<p>[vc_row][vc_column][vc_custom_heading text=\u00a0\u00bbOrientation en France\u00a0\u00bb google_fonts=\u00a0\u00bbfont_family:Sanchez%3Aregular%2Citalic|font_style:400%20regular%3A400%3Anormal\u00a0\u00bb][vc_row_inner][vc_column_inner width=\u00a0\u00bb1\/3&Prime;][vc_custom_heading text=\u00a0\u00bbToutes les informations sur les formations post-bac en France :\u00a0\u00bb font_container=\u00a0\u00bbtag:div|text_align:left\u00a0\u00bb google_fonts=\u00a0\u00bbfont_family:Abel%3Aregular|font_style:400%20regular%3A400%3Anormal\u00a0\u00bb][\/vc_column_inner][vc_column_inner width=\u00a0\u00bb1\/3&Prime;][vc_icon icon_fontawesome=\u00a0\u00bbfa&nbsp;<a href=\"https:\/\/lafase.cl\/fr\/orientation\/orientacion-en-francia\/\">&hellip;<\/a><\/p>\n","protected":false},"author":3,"featured_media":0,"parent":2044,"menu_order":6,"comment_status":"closed","ping_status":"closed","template":"template-sidebar-right-childpages.php","meta":{"om_disable_all_campaigns":false,"_monsterinsights_skip_tracking":false,"_monsterinsights_sitenote_active":false,"_monsterinsights_sitenote_note":"","_monsterinsights_sitenote_category":0},"aioseo_notices":[],"_links":{"self":[{"href":"https:\/\/lafase.cl\/fr\/wp-json\/wp\/v2\/pages\/4118"}],"collection":[{"href":"https:\/\/lafase.cl\/fr\/wp-json\/wp\/v2\/pages"}],"about":[{"href":"https:\/\/lafase.cl\/fr\/wp-json\/wp\/v2\/types\/page"}],"author":[{"embeddable":true,"href":"https:\/\/lafase.cl\/fr\/wp-json\/wp\/v2\/users\/3"}],"replies":[{"embeddable":true,"href":"https:\/\/lafase.cl\/fr\/wp-json\/wp\/v2\/comments?post=4118"}],"version-history":[{"count":7,"href":"https:\/\/lafase.cl\/fr\/wp-json\/wp\/v2\/pages\/4118\/revisions"}],"predecessor-version":[{"id":30641,"href":"https:\/\/lafase.cl\/fr\/wp-json\/wp\/v2\/pages\/4118\/revisions\/30641"}],"up":[{"embeddable":true,"href":"https:\/\/lafase.cl\/fr\/wp-json\/wp\/v2\/pages\/2044"}],"wp:attachment":[{"href":"https:\/\/lafase.cl\/fr\/wp-json\/wp\/v2\/media?parent=4118"}],"curies":[{"name":"wp","href":"https:\/\/api.w.org\/{rel}","templated":true}]}}