{"id":39264,"date":"2022-04-11T10:42:59","date_gmt":"2022-04-11T14:42:59","guid":{"rendered":"http:\/\/lafase.cl\/convivencia-escolar\/"},"modified":"2026-03-16T14:44:25","modified_gmt":"2026-03-16T17:44:25","slug":"convivencia-escolar","status":"publish","type":"page","link":"https:\/\/lafase.cl\/fr\/convivencia-escolar\/","title":{"rendered":"Convivencia escolar"},"content":{"rendered":"<section class=\"wpb-content-wrapper\"><p>[vc_row][vc_column][vc_column_text][\/vc_column_text][\/vc_column][\/vc_row][vc_row][vc_column][vc_row_inner][vc_column_inner][vc_custom_heading text=\u00a0\u00bbClimat scolaire\u00a0\u00bb use_theme_fonts=\u00a0\u00bbyes\u00a0\u00bb][vc_column_text]<\/p>\n<p style=\"text-align: justify;\">La \u00ab\u00a0convivencia escolar\u00a0\u00bb (climat scolaire) se d\u00e9veloppe gr\u00e2ce \u00e0 l\u2019interaction entre les \u00e9l\u00e8ves, les enseignants, les assistants d\u2019\u00e9ducation, les directeurs et les parents, et gr\u00e2ce \u00e0 ce mode de relation et de liaison, elle g\u00e9n\u00e8re une coexistence scolaire saine et de qualit\u00e9 au sein de la communaut\u00e9 \u00e9ducative, en maintenant la communication afin de r\u00e9soudre des situations conflictuelles par le dialogue et les valeurs institutionnelles telles que le respect, la solidarit\u00e9 et la libert\u00e9 de pens\u00e9e, encadr\u00e9es par notre formation socio-\u00e9motionnelle.<\/p>\n<p style=\"text-align: justify;\">Le responsable du climat scolaire \u00e0 l\u2019\u00e9cole est un acteur cl\u00e9 qui requiert la coordination de diff\u00e9rentes actions de pr\u00e9vention, de promotion et la mise en avant du travail collaboratif avec l\u2019ensemble de la communaut\u00e9 \u00e9ducative afin d\u2019\u00e9tablir des m\u00e9canismes et des strat\u00e9gies qui permettent de travailler avec une approche interdisciplinaire. Avant l\u2019activation des protocoles indiqu\u00e9s dans le r\u00e8glement int\u00e9rieur de l\u2019\u00e9cole et dans le manuel de coexistence de l\u2019\u00e9cole.<\/p>\n<p>[\/vc_column_text][\/vc_column_inner][\/vc_row_inner][vc_custom_heading text=\u00a0\u00bbContacts:\u00a0\u00bb font_container=\u00a0\u00bbtag:h3|text_align:left\u00a0\u00bb use_theme_fonts=\u00a0\u00bbyes\u00a0\u00bb][vc_row_inner][vc_column_inner width=\u00a0\u00bb1\/2&Prime;][vc_column_text]<\/p>\n<div>\n<p><strong>Vitacura :<\/strong><\/p>\n<\/div>\n<p>[\/vc_column_text]\t\t<div class=\"scp-teachers \">\n\t\t\t\t\t\t<div class=\"teacher one whole \">\n\t\t\t\t<div class=\"inner-wrap\">\n\t\t\t\t\t<div class=\"thumbnail\">\n\t\t\t\t\t\t<a href=\"https:\/\/lafase.cl\/fr\/teachers\/pamela-maturana\/\" title=\"Pamela Maturana\"><img width=\"150\" height=\"150\" src=\"https:\/\/lafase.cl\/wp-content\/uploads\/2026\/03\/Captura-de-pantalla-2026-03-16-a-las-14.38.22-150x150.png\" class=\"attachment-thumbnail size-thumbnail wp-post-image\" alt=\"\" loading=\"lazy\" \/><\/a>\t\t\t\t\t<\/div>\n\t\t\t\t\t<div class=\"item\">\n\t\t\t\t\t\t<h5 class=\"entry-title\"><a\n\t\t\t\t\t\t\t\thref=\"https:\/\/lafase.cl\/fr\/teachers\/pamela-maturana\/\">Pamela Maturana<\/a>\n\t\t\t\t\t\t<\/h5>\n\t\t\t\t\t\t\t\t\t\t\t\t\t\t\t\t\t\t\t<h6 class=\"job-title\">Responsable Bien \u00eatre et Sant\u00e9<\/h6>\n\t\t\t\t\t\t\t\t\t\t\t\t\t\t\t\t\t\t\t\t\t\t\t\t\t<div class=\"summary\"><p><a href=\"mailto:pamela.maturana@lafase.cl\">pamela.maturana@lafase.cl<\/a><\/p>\n<\/div>\n\t\t\t\t\t\t\n\t\t\t\t\t\t\t\t\t\t\t\t\t\t\t\t\t<\/div>\n\t\t\t\t<\/div>\n\t\t\t<\/div>\n\t\t\t\t\t<\/div>\n\t\t[\/vc_column_inner][vc_column_inner width=\u00a0\u00bb1\/2&Prime;][vc_column_text]<\/p>\n<div>\n<p><strong>Chamisero :<\/strong><\/p>\n<\/div>\n<p>[\/vc_column_text]\t\t<div class=\"scp-teachers \">\n\t\t\t\t\t\t<div class=\"teacher one whole \">\n\t\t\t\t<div class=\"inner-wrap\">\n\t\t\t\t\t<div class=\"thumbnail\">\n\t\t\t\t\t\t<a href=\"https:\/\/lafase.cl\/fr\/teachers\/nicolas-alfaro-acevedo\/\" title=\"Nicol\u00e1s Alfaro Acevedo\"><img width=\"150\" height=\"150\" src=\"https:\/\/lafase.cl\/wp-content\/uploads\/2026\/03\/Nicola\u0301s-Alfaro-150x150.jpg\" class=\"attachment-thumbnail size-thumbnail wp-post-image\" alt=\"\" loading=\"lazy\" \/><\/a>\t\t\t\t\t<\/div>\n\t\t\t\t\t<div class=\"item\">\n\t\t\t\t\t\t<h5 class=\"entry-title\"><a\n\t\t\t\t\t\t\t\thref=\"https:\/\/lafase.cl\/fr\/teachers\/nicolas-alfaro-acevedo\/\">Nicol\u00e1s Alfaro Acevedo<\/a>\n\t\t\t\t\t\t<\/h5>\n\t\t\t\t\t\t\t\t\t\t\t\t\t\t\t\t\t\t\t\t\t\t\t\t\t\t\t\t\t\t\t<div class=\"summary\"><p>+56 22 530 0<strong>708<\/strong><\/p>\n<p><a href=\"mailto:nicolas.alfaro@lafase.cl\">nicolas.alfaro@lafase.cl<\/a><\/p>\n<\/div>\n\t\t\t\t\t\t\n\t\t\t\t\t\t\t\t\t\t\t\t\t\t\t\t\t<\/div>\n\t\t\t\t<\/div>\n\t\t\t<\/div>\n\t\t\t\t\t<\/div>\n\t\t[\/vc_column_inner][\/vc_row_inner][\/vc_column][\/vc_row][vc_row][vc_column width=\u00a0\u00bb1\/2&Prime;][vc_tta_accordion style=\u00a0\u00bboutline\u00a0\u00bb color=\u00a0\u00bbsky\u00a0\u00bb active_section=\u00a0\u00bb\u00a0\u00bb no_fill=\u00a0\u00bbtrue\u00a0\u00bb collapsible_all=\u00a0\u00bbtrue\u00a0\u00bb][vc_tta_section title=\u00a0\u00bbManuel du climat scolaire et protocoles associ\u00e9s\u00a0\u00bb tab_id=\u00a0\u00bb1750702129514-e9e831ea-bd4a\u00a0\u00bb][vc_btn title=\u00a0\u00bbManual de convivencia escolar\u00a0\u00bb color=\u00a0\u00bbdanger\u00a0\u00bb link=\u00a0\u00bburl:https%3A%2F%2Flafase.cl%2Fwp-content%2Fuploads%2F2023%2F12%2FMANUAL-SIN-PROTOCOLOS_23-Reparado.pdf\u00a0\u00bb][vc_btn title=\u00a0\u00bbReglamento Interno\u00a0\u00bb color=\u00a0\u00bbdanger\u00a0\u00bb link=\u00a0\u00bburl:https%3A%2F%2Flafase.cl%2Fwp-content%2Fuploads%2F2023%2F12%2F1.-REGLAMENTO-INTERNO_2024_FINAL.pdf\u00a0\u00bb][vc_btn title=\u00a0\u00bbAcoso escolar &#8211; Bullying &#8211; Cyberbullying\u00a0\u00bb color=\u00a0\u00bbsky\u00a0\u00bb link=\u00a0\u00bburl:https%3A%2F%2Flafase.cl%2Fwp-content%2Fuploads%2F2025%2F06%2FPROTOCOLO-ACOSO-ESCOLAR-BULLYING-Version-1-2025-1.pdf\u00a0\u00bb][vc_btn title=\u00a0\u00bbAgresiones sexuales\u00a0\u00bb color=\u00a0\u00bbsky\u00a0\u00bb link=\u00a0\u00bburl:https%3A%2F%2Flafase.cl%2Fwp-content%2Fuploads%2F2024%2F01%2FPROTOCOLO-AGRESIONES-SEXUALES_DIC_23.pdf\u00a0\u00bb][vc_btn title=\u00a0\u00bbAlcohol y Drogas\u00a0\u00bb color=\u00a0\u00bbsky\u00a0\u00bb link=\u00a0\u00bburl:https%3A%2F%2Flafase.cl%2Fwp-content%2Fuploads%2F2025%2F09%2FPROTOCOLO-FRENTE-A-SITUACIONES-DE-SOSPECHA-DE-CONSUMO-O-PORTE-DE-ALCOHOL-DROGAS-VAPERS-U-OTRAS-SUSTANCIAS.pdf\u00a0\u00bb][vc_btn title=\u00a0\u00bbCambio de ropa y muda preescolar\u00a0\u00bb color=\u00a0\u00bbsky\u00a0\u00bb link=\u00a0\u00bburl:https%3A%2F%2Flafase.cl%2Fwp-content%2Fuploads%2F2025%2F03%2FPROTOCOLO-CAMBIO-DE-ROPA-PREES_NOV.23-rev-LF-NA-11032025.docx-1.pdf\u00a0\u00bb][vc_btn title=\u00a0\u00bbConducta suicida\u00a0\u00bb color=\u00a0\u00bbsky\u00a0\u00bb link=\u00a0\u00bburl:https%3A%2F%2Flafase.cl%2Fwp-content%2Fuploads%2F2024%2F11%2FPROTOCOLO-CONDUCTA-SUICIDA_10.2022.pdf\u00a0\u00bb][vc_btn title=\u00a0\u00bbDispositivos de seguimiento y acompa\u00f1amiento alumnos\u00a0\u00bb color=\u00a0\u00bbsky\u00a0\u00bb link=\u00a0\u00bburl:https%3A%2F%2Flafase.cl%2Fwp-content%2Fuploads%2F2024%2F01%2FPROTOCOLO-DISPOSITIVO-ACOMPANAMIENTO-ALUMNOS.pdf\u00a0\u00bb][vc_btn title=\u00a0\u00bbMaltrato adulto &#8211; alumno\u00a0\u00bb color=\u00a0\u00bbsky\u00a0\u00bb link=\u00a0\u00bburl:https%3A%2F%2Flafase.cl%2Fwp-content%2Fuploads%2F2024%2F01%2FPROTOCOLO-MALRATO-ADULTO-ALUMNO.doc.pdf\u00a0\u00bb][vc_btn title=\u00a0\u00bbMaltrato estudiante &#8211; funcionario\u00a0\u00bb color=\u00a0\u00bbsky\u00a0\u00bb link=\u00a0\u00bburl:https%3A%2F%2Flafase.cl%2Fwp-content%2Fuploads%2F2024%2F01%2FPROT.-MALTRATO-ALUMNO-FUNCIONARIO.pdf\u00a0\u00bb][vc_btn title=\u00a0\u00bbMaltrato apoderados a funcionarios\u00a0\u00bb color=\u00a0\u00bbsky\u00a0\u00bb link=\u00a0\u00bburl:https%3A%2F%2Flafase.cl%2Fwp-content%2Fuploads%2F2024%2F01%2FMALTRATO-APO-PROF.pdf\u00a0\u00bb][vc_btn title=\u00a0\u00bbPlan preventivo de conducta suicida\u00a0\u00bb color=\u00a0\u00bbsky\u00a0\u00bb link=\u00a0\u00bburl:https%3A%2F%2Flafase.cl%2Fwp-content%2Fuploads%2F2024%2F01%2FPLAN-PREVENTIVO-CONDUCTA-SUICIDA.pdf\u00a0\u00bb][vc_btn title=\u00a0\u00bbProtocolo Desregulaci\u00f3n Emocional y Conductual\u00a0\u00bb color=\u00a0\u00bbsky\u00a0\u00bb link=\u00a0\u00bburl:https%3A%2F%2Flafase.cl%2Fwp-content%2Fuploads%2F2025%2F06%2FANEXO-IX-PROTOCOLO-DE-ACCION-EN-CASOS-DE-DESREGULACION-EMOCIONAL-Y-CONDUCTUAL-DE-ESTUDIANTES-EN-EL-AMBITO-ESCOLAR-1-1.pdf\u00a0\u00bb][vc_btn title=\u00a0\u00bbProtocolo VEF\u00a0\u00bb color=\u00a0\u00bbsky\u00a0\u00bb link=\u00a0\u00bburl:https%3A%2F%2Flafase.cl%2Fwp-content%2Fuploads%2F2024%2F01%2FPROTOCOLO-VEF.pdf\u00a0\u00bb][vc_btn title=\u00a0\u00bbRegulaci\u00f3n identidad de g\u00e9nero\u00a0\u00bb color=\u00a0\u00bbsky\u00a0\u00bb link=\u00a0\u00bburl:https%3A%2F%2Flafase.cl%2Fwp-content%2Fuploads%2F2024%2F01%2FREGULACION-IDENTIDAD-DE-GENERO.pdf\u00a0\u00bb][vc_btn title=\u00a0\u00bbRetenci\u00f3n de estudiantes embarazadas\u00a0\u00bb color=\u00a0\u00bbsky\u00a0\u00bb link=\u00a0\u00bburl:https%3A%2F%2Flafase.cl%2Fwp-content%2Fuploads%2F2024%2F01%2FPROTOCOLO-DE-RETENCION-DE-ESTUDIANTES-EMBARAZADAS.pdf\u00a0\u00bb][vc_btn title=\u00a0\u00bbSuicidio consumado\u00a0\u00bb color=\u00a0\u00bbsky\u00a0\u00bb link=\u00a0\u00bburl:http%3A%2F%2Flafase.cl%2Fwp-content%2Fuploads%2F2023%2F03%2FSUICIDIO-CONSUMADO_08.11.22.pdf|||\u00a0\u00bb][vc_btn title=\u00a0\u00bbTrastornos de salud mental\u00a0\u00bb color=\u00a0\u00bbsky\u00a0\u00bb link=\u00a0\u00bburl:https%3A%2F%2Flafase.cl%2Fwp-content%2Fuploads%2F2024%2F01%2FPROTOCOLO-TRASTORNO-SALUD-MENTAL.pdf\u00a0\u00bb][vc_btn title=\u00a0\u00bbVulneraci\u00f3n de derechos estudiantes\u00a0\u00bb color=\u00a0\u00bbsky\u00a0\u00bb link=\u00a0\u00bburl:https%3A%2F%2Flafase.cl%2Fwp-content%2Fuploads%2F2024%2F01%2FPROTOCOLO-VULNERACION-DE-DERECHOS.pdf\u00a0\u00bb][\/vc_tta_section][\/vc_tta_accordion][\/vc_column][vc_column width=\u00a0\u00bb1\/2&Prime;][\/vc_column][\/vc_row]<\/p>\n<\/section>","protected":false},"excerpt":{"rendered":"<p>[vc_row][vc_column][vc_column_text][\/vc_column_text][\/vc_column][\/vc_row][vc_row][vc_column][vc_row_inner][vc_column_inner][vc_custom_heading text=\u00a0\u00bbClimat scolaire\u00a0\u00bb use_theme_fonts=\u00a0\u00bbyes\u00a0\u00bb][vc_column_text] La \u00ab\u00a0convivencia escolar\u00a0\u00bb (climat scolaire) se d\u00e9veloppe gr\u00e2ce \u00e0 l\u2019interaction entre les \u00e9l\u00e8ves, les enseignants, les&nbsp;<a href=\"https:\/\/lafase.cl\/fr\/convivencia-escolar\/\">&hellip;<\/a><\/p>\n","protected":false},"author":3,"featured_media":41366,"parent":0,"menu_order":0,"comment_status":"closed","ping_status":"closed","template":"","meta":{"om_disable_all_campaigns":false,"_monsterinsights_skip_tracking":false,"_monsterinsights_sitenote_active":false,"_monsterinsights_sitenote_note":"","_monsterinsights_sitenote_category":0},"aioseo_notices":[],"_links":{"self":[{"href":"https:\/\/lafase.cl\/fr\/wp-json\/wp\/v2\/pages\/39264"}],"collection":[{"href":"https:\/\/lafase.cl\/fr\/wp-json\/wp\/v2\/pages"}],"about":[{"href":"https:\/\/lafase.cl\/fr\/wp-json\/wp\/v2\/types\/page"}],"author":[{"embeddable":true,"href":"https:\/\/lafase.cl\/fr\/wp-json\/wp\/v2\/users\/3"}],"replies":[{"embeddable":true,"href":"https:\/\/lafase.cl\/fr\/wp-json\/wp\/v2\/comments?post=39264"}],"version-history":[{"count":37,"href":"https:\/\/lafase.cl\/fr\/wp-json\/wp\/v2\/pages\/39264\/revisions"}],"predecessor-version":[{"id":77841,"href":"https:\/\/lafase.cl\/fr\/wp-json\/wp\/v2\/pages\/39264\/revisions\/77841"}],"wp:featuredmedia":[{"embeddable":true,"href":"https:\/\/lafase.cl\/fr\/wp-json\/wp\/v2\/media\/41366"}],"wp:attachment":[{"href":"https:\/\/lafase.cl\/fr\/wp-json\/wp\/v2\/media?parent=39264"}],"curies":[{"name":"wp","href":"https:\/\/api.w.org\/{rel}","templated":true}]}}