{"id":392,"date":"2018-09-24T18:02:04","date_gmt":"2018-09-24T21:02:04","guid":{"rendered":"http:\/\/lafase.cl\/preescolar\/"},"modified":"2026-03-10T11:24:48","modified_gmt":"2026-03-10T14:24:48","slug":"maternelle","status":"publish","type":"page","link":"https:\/\/lafase.cl\/fr\/maternelle\/","title":{"rendered":"Maternelle"},"content":{"rendered":"<section class=\"wpb-content-wrapper\"><p>[vc_row][vc_column][vc_custom_heading text=\u00a0\u00bbLa Maternelle, une \u00e9cole bienveillante\u00a0\u00bb google_fonts=\u00a0\u00bbfont_family:Playball%3Aregular|font_style:400%20regular%3A400%3Anormal\u00a0\u00bb css=\u00a0\u00bb.vc_custom_1742319914623{margin-bottom: 20px !important;}\u00a0\u00bb][vc_column_text]<\/p>\n<p style=\"text-align: justify;\"><span style=\"font-weight: 400;\">Une des sp\u00e9cificit\u00e9s du syst\u00e8me fran\u00e7ais est de dispenser une instruction et une \u00e9ducation aux enfants d\u00e8s l&rsquo;\u00e2ge de trois ans. Il s&rsquo;agit l\u00e0 du premier cycle de l&rsquo;\u00e9cole primaire, <\/span><b>le cycle des apprentissages premiers<\/b><span style=\"font-weight: 400;\"> constitu\u00e9 de :<\/span><\/p>\n<ul style=\"text-align: justify;\">\n<li style=\"font-weight: 400;\"><span style=\"font-weight: 400;\">la petite section (premi\u00e8re ann\u00e9e),<\/span><\/li>\n<li style=\"font-weight: 400;\"><span style=\"font-weight: 400;\">la moyenne section (deuxi\u00e8me ann\u00e9e),<\/span><\/li>\n<li style=\"font-weight: 400;\"><span style=\"font-weight: 400;\">la grande section (troisi\u00e8me et derni\u00e8re ann\u00e9e).<\/span><\/li>\n<\/ul>\n<p style=\"text-align: justify;\"><span style=\"font-weight: 400;\">La mission principale de l\u2019\u00e9cole maternelle est de donner envie aux enfants d&rsquo;aller \u00e0 l&rsquo;\u00e9cole et leur apprendre \u00e0 s\u2019\u00e9panouir au sein d\u2019un groupe. Elle les aide \u00e0 construire leur autonomie mais aussi \u00e0 affirmer leur personnalit\u00e9. Elle permet de vivre une premi\u00e8re exp\u00e9rience scolaire et de socialisation en apprenant et en vivant ensemble.<\/span><\/p>\n<p style=\"text-align: justify;\"><span style=\"font-weight: 400;\"><br \/>\n<\/span><span style=\"font-weight: 400;\">Les <\/span><b>modalit\u00e9s d&rsquo;apprentissage<\/b><span style=\"font-weight: 400;\"> sont donc particuli\u00e8res : l&rsquo;enfant apprend en jouant, en r\u00e9solvant des situations probl\u00e8mes, en s&rsquo;exer\u00e7ant et en m\u00e9morisant. Une grande place est ainsi laiss\u00e9e aux jeux, aux activit\u00e9s manuelles ou artistiques et \u00e0 la motricit\u00e9.<\/span><\/p>\n<p style=\"text-align: justify;\"><span style=\"font-weight: 400;\">Le d\u00e9veloppement du langage oral fait aussi partie des apprentissages prioritaires, il permet ensuite de faciliter l\u2019entr\u00e9e dans la culture de l\u2019\u00e9crit.<\/span><\/p>\n<p>[\/vc_column_text][vc_message]<\/p>\n<p style=\"text-align: justify;\"><b>Les horaires p<\/b><b>our la maternelle de Vitacura et de Chamisero (pas de cours l&rsquo;apr\u00e8s-midi) :<\/b><\/p>\n<ul style=\"text-align: justify;\">\n<li style=\"font-weight: 400;\"><span style=\"font-weight: 400;\">08h00\u00a0:<\/span>\u00a0e<span style=\"font-weight: 400;\">ntr\u00e9e des \u00e9l\u00e8ves dans l\u2019\u00e9cole et accueil en classe\u00a0<\/span><\/li>\n<li style=\"font-weight: 400;\"><span style=\"font-weight: 400;\">08h30\u00a0:<\/span>\u00a0d<span style=\"font-weight: 400;\">\u00e9but des cours en classe enti\u00e8re <\/span><\/li>\n<li style=\"font-weight: 400;\"><span style=\"font-weight: 400;\">13h25 :<\/span>\u00a0f<span style=\"font-weight: 400;\">in des cours en classe enti\u00e8re <strong>du lundi au jeudi<\/strong><\/span><\/li>\n<li>12h25 : f<span style=\"font-weight: 400;\">in des cours en classe enti\u00e8re <strong>le vendredi<\/strong><\/span><\/li>\n<li>12h30 \u00e0 13h10 : les vendredis, pour les \u00e9l\u00e8ves b\u00e9n\u00e9ficiant du\u00a0<span style=\"font-weight: 400;\">d<\/span><span style=\"font-weight: 400;\">ispositif d\u2019aide personnalis\u00e9e <strong>(APC) <\/strong>en petits groupes.<\/span><\/li>\n<\/ul>\n<p>[\/vc_message][\/vc_column][\/vc_row][vc_row][vc_column][vc_custom_heading text=\u00a0\u00bbSite de Vitacura\u00a0\u00bb font_container=\u00a0\u00bbtag:h3|text_align:left\u00a0\u00bb use_theme_fonts=\u00a0\u00bbyes\u00a0\u00bb][vc_row_inner][vc_column_inner width=\u00a0\u00bb1\/3&Prime;]\t\t<div class=\"scp-teachers \">\n\t\t\t\t\t\t<div class=\"teacher one whole \">\n\t\t\t\t<div class=\"inner-wrap\">\n\t\t\t\t\t<div class=\"thumbnail\">\n\t\t\t\t\t\t<a href=\"https:\/\/lafase.cl\/fr\/teachers\/mehdi-rouet\/\" title=\"Mehdi Rouet\"><img width=\"136\" height=\"150\" src=\"https:\/\/lafase.cl\/wp-content\/uploads\/2024\/07\/medhi-136x150.jpg\" class=\"attachment-post-thumbnail size-post-thumbnail wp-post-image\" alt=\"\" loading=\"lazy\" \/><\/a>\t\t\t\t\t<\/div>\n\t\t\t\t\t<div class=\"item\">\n\t\t\t\t\t\t<h5 class=\"entry-title\"><a\n\t\t\t\t\t\t\t\thref=\"https:\/\/lafase.cl\/fr\/teachers\/mehdi-rouet\/\">Mehdi Rouet<\/a>\n\t\t\t\t\t\t<\/h5>\n\t\t\t\t\t\t\t\t\t\t\t\t\t\t\t\t\t\t\t<h6 class=\"job-title\">Director de preescolar<\/h6>\n\t\t\t\t\t\t\t\t\t\t\t\t\t\t\t\t\t\t\t\t\t\t\t\t\t<div class=\"summary\">[vc_row][vc_column][vc_custom_heading text=\u00a0\u00bbLa Maternelle, une \u00e9cole bienveillante\u00a0\u00bb google_fonts=\u00a0\u00bbfont_family:Playball%3Aregular|font_style:400%20regular%3A400%3Anormal\u00a0\u00bb css=\u00a0\u00bb.vc_custom_1742319914623{margin-bottom: 20px !important;}\u00a0\u00bb][vc_column_text] Une des sp\u00e9cificit\u00e9s du syst\u00e8me fran\u00e7ais est de dispenser une&nbsp;<a href=\"https:\/\/lafase.cl\/fr\/maternelle\/\">&hellip;<\/a><\/div>\n\t\t\t\t\t\t\n\t\t\t\t\t\t\t\t\t\t\t\t\t\t\t\t\t<\/div>\n\t\t\t\t<\/div>\n\t\t\t<\/div>\n\t\t\t\t\t<\/div>\n\t\t[\/vc_column_inner][vc_column_inner width=\u00a0\u00bb1\/3&Prime;]\t\t<div class=\"scp-teachers \">\n\t\t\t\t\t\t<div class=\"teacher one whole \">\n\t\t\t\t<div class=\"inner-wrap\">\n\t\t\t\t\t<div class=\"thumbnail\">\n\t\t\t\t\t\t<a href=\"https:\/\/lafase.cl\/fr\/teachers\/mme-marie-agnes-guerin\/\" title=\"Marie-Agn\u00e8s Gu\u00e9rin\"><img width=\"150\" height=\"150\" src=\"https:\/\/lafase.cl\/wp-content\/uploads\/2018\/12\/Marie-Agnes-Guerin-scaled-e1744728729192-150x150.jpg\" class=\"attachment-thumbnail size-thumbnail wp-post-image\" alt=\"\" loading=\"lazy\" \/><\/a>\t\t\t\t\t<\/div>\n\t\t\t\t\t<div class=\"item\">\n\t\t\t\t\t\t<h5 class=\"entry-title\"><a\n\t\t\t\t\t\t\t\thref=\"https:\/\/lafase.cl\/fr\/teachers\/mme-marie-agnes-guerin\/\">Marie-Agn\u00e8s Gu\u00e9rin<\/a>\n\t\t\t\t\t\t<\/h5>\n\t\t\t\t\t\t\t\t\t\t\t\t\t\t\t\t\t\t\t<h6 class=\"job-title\">Secr\u00e9taire<\/h6>\n\t\t\t\t\t\t\t\t\t\t\t\t\t\t\t\t\t\t\t\t\t\t\t\t\t<div class=\"summary\"><p>+56 22 827 8216<\/p>\n<p><a href=\"mailto:marie.guerin@lafase.cl\">marie.guerin@lafase.cl<\/a><\/p>\n<\/div>\n\t\t\t\t\t\t\n\t\t\t\t\t\t\t\t\t\t\t\t\t\t\t\t\t<\/div>\n\t\t\t\t<\/div>\n\t\t\t<\/div>\n\t\t\t\t\t<\/div>\n\t\t[\/vc_column_inner][vc_column_inner width=\u00a0\u00bb1\/3&Prime;]\t\t<div class=\"scp-teachers \">\n\t\t\t\t\t\t<div class=\"teacher one whole \">\n\t\t\t\t<div class=\"inner-wrap\">\n\t\t\t\t\t<div class=\"thumbnail\">\n\t\t\t\t\t\t<a href=\"https:\/\/lafase.cl\/fr\/teachers\/cynthia-broussaingaray\/\" title=\"Cynthia Broussaingaray\"><img width=\"150\" height=\"150\" src=\"https:\/\/lafase.cl\/wp-content\/uploads\/2019\/02\/Cynthia-Broussaingaray-scaled-e1744729524377-150x150.jpg\" class=\"attachment-thumbnail size-thumbnail wp-post-image\" alt=\"\" loading=\"lazy\" \/><\/a>\t\t\t\t\t<\/div>\n\t\t\t\t\t<div class=\"item\">\n\t\t\t\t\t\t<h5 class=\"entry-title\"><a\n\t\t\t\t\t\t\t\thref=\"https:\/\/lafase.cl\/fr\/teachers\/cynthia-broussaingaray\/\">Cynthia Broussaingaray<\/a>\n\t\t\t\t\t\t<\/h5>\n\t\t\t\t\t\t\t\t\t\t\t\t\t\t\t\t\t\t\t<h6 class=\"job-title\">Vie scolaire<\/h6>\n\t\t\t\t\t\t\t\t\t\t\t\t\t\t\t\t\t\t\t\t\t\t\t\t\t<div class=\"summary\"><p>+56 22 827 8207<\/p>\n<p><a href=\"mailto:vidaescolarmatvita@lafase.cl\">vidaescolarmatvita@lafase.cl<\/a><\/p>\n<p>&nbsp;<\/p>\n<\/div>\n\t\t\t\t\t\t\n\t\t\t\t\t\t\t\t\t\t\t\t\t\t\t\t\t<\/div>\n\t\t\t\t<\/div>\n\t\t\t<\/div>\n\t\t\t\t\t<\/div>\n\t\t[\/vc_column_inner][\/vc_row_inner][vc_custom_heading text=\u00a0\u00bbSite de Chamisero\u00a0\u00bb font_container=\u00a0\u00bbtag:h3|text_align:left\u00a0\u00bb use_theme_fonts=\u00a0\u00bbyes\u00a0\u00bb][vc_row_inner][vc_column_inner width=\u00a0\u00bb1\/3&Prime;]\t\t<div class=\"scp-teachers \">\n\t\t\t\t\t\t<div class=\"teacher one whole \">\n\t\t\t\t<div class=\"inner-wrap\">\n\t\t\t\t\t<div class=\"thumbnail\">\n\t\t\t\t\t\t<a href=\"https:\/\/lafase.cl\/fr\/teachers\/nathalie-doutre\/\" title=\"Nathalie Doutre\"><img width=\"150\" height=\"150\" src=\"https:\/\/lafase.cl\/wp-content\/uploads\/2021\/11\/N.Doutre-e1640098662591-150x150.jpg\" class=\"attachment-thumbnail size-thumbnail wp-post-image\" alt=\"Nathalie Doutre , Directrice maternelle Chamisero\" loading=\"lazy\" \/><\/a>\t\t\t\t\t<\/div>\n\t\t\t\t\t<div class=\"item\">\n\t\t\t\t\t\t<h5 class=\"entry-title\"><a\n\t\t\t\t\t\t\t\thref=\"https:\/\/lafase.cl\/fr\/teachers\/nathalie-doutre\/\">Nathalie Doutre<\/a>\n\t\t\t\t\t\t<\/h5>\n\t\t\t\t\t\t\t\t\t\t\t\t\t\t\t\t\t\t\t<h6 class=\"job-title\">Directrice du primaire<\/h6>\n\t\t\t\t\t\t\t\t\t\t\t\t\t\t\t\t\t\t\t\t\t\t\t\t\t<div class=\"summary\">[vc_row][vc_column][vc_custom_heading text=\u00a0\u00bbLa Maternelle, une \u00e9cole bienveillante\u00a0\u00bb google_fonts=\u00a0\u00bbfont_family:Playball%3Aregular|font_style:400%20regular%3A400%3Anormal\u00a0\u00bb css=\u00a0\u00bb.vc_custom_1742319914623{margin-bottom: 20px !important;}\u00a0\u00bb][vc_column_text] Une des sp\u00e9cificit\u00e9s du syst\u00e8me fran\u00e7ais est de dispenser une&nbsp;<a href=\"https:\/\/lafase.cl\/fr\/maternelle\/\">&hellip;<\/a><\/div>\n\t\t\t\t\t\t\n\t\t\t\t\t\t\t\t\t\t\t\t\t\t\t\t\t<\/div>\n\t\t\t\t<\/div>\n\t\t\t<\/div>\n\t\t\t\t\t<\/div>\n\t\t[\/vc_column_inner][vc_column_inner width=\u00a0\u00bb1\/3&Prime;]\t\t<div class=\"scp-teachers \">\n\t\t\t\t\t\t<div class=\"teacher one whole \">\n\t\t\t\t<div class=\"inner-wrap\">\n\t\t\t\t\t<div class=\"thumbnail\">\n\t\t\t\t\t\t<a href=\"https:\/\/lafase.cl\/fr\/teachers\/mme-cecile-labarthe\/\" title=\"C\u00e9cile Labarthe\"><img width=\"150\" height=\"150\" src=\"https:\/\/lafase.cl\/wp-content\/uploads\/2018\/12\/Cecile-Labarthe-150x150.jpg\" class=\"attachment-thumbnail size-thumbnail wp-post-image\" alt=\"\" loading=\"lazy\" \/><\/a>\t\t\t\t\t<\/div>\n\t\t\t\t\t<div class=\"item\">\n\t\t\t\t\t\t<h5 class=\"entry-title\"><a\n\t\t\t\t\t\t\t\thref=\"https:\/\/lafase.cl\/fr\/teachers\/mme-cecile-labarthe\/\">C\u00e9cile Labarthe<\/a>\n\t\t\t\t\t\t<\/h5>\n\t\t\t\t\t\t\t\t\t\t\t\t\t\t\t\t\t\t\t<h6 class=\"job-title\">Directrice adjointe du primaire<\/h6>\n\t\t\t\t\t\t\t\t\t\t\t\t\t\t\t\t\t\t\t\t\t\t\t\t\t<div class=\"summary\"><p>+56 22 530 0708<\/p>\n<p><a href=\"mailto:Cecile.Labarthe@lafase.cl\">cecile.labarthe@lafase.cl<\/a><\/p>\n<\/div>\n\t\t\t\t\t\t\n\t\t\t\t\t\t\t\t\t\t\t\t\t\t\t\t\t<\/div>\n\t\t\t\t<\/div>\n\t\t\t<\/div>\n\t\t\t\t\t<\/div>\n\t\t[\/vc_column_inner][vc_column_inner width=\u00a0\u00bb1\/3&Prime;]\t\t<div class=\"scp-teachers \">\n\t\t\t\t\t\t<div class=\"teacher one whole \">\n\t\t\t\t<div class=\"inner-wrap\">\n\t\t\t\t\t<div class=\"thumbnail\">\n\t\t\t\t\t\t<a href=\"https:\/\/lafase.cl\/fr\/teachers\/leonore-fritis\/\" title=\"Leonore Fritis\"><img width=\"150\" height=\"150\" src=\"https:\/\/lafase.cl\/wp-content\/uploads\/2022\/08\/fritis-150x150.png\" class=\"attachment-thumbnail size-thumbnail wp-post-image\" alt=\"\" loading=\"lazy\" \/><\/a>\t\t\t\t\t<\/div>\n\t\t\t\t\t<div class=\"item\">\n\t\t\t\t\t\t<h5 class=\"entry-title\"><a\n\t\t\t\t\t\t\t\thref=\"https:\/\/lafase.cl\/fr\/teachers\/leonore-fritis\/\">Leonore Fritis<\/a>\n\t\t\t\t\t\t<\/h5>\n\t\t\t\t\t\t\t\t\t\t\t\t\t\t\t\t\t\t\t<h6 class=\"job-title\">Secr\u00e9taire<\/h6>\n\t\t\t\t\t\t\t\t\t\t\t\t\t\t\t\t\t\t\t\t\t\t\t\t\t<div class=\"summary\"><p class=\"job-title\"><span style=\"font-size: 16px\">+56 22 530 0713<\/span><\/p>\n<div class=\"summary\">\n<p><a href=\"mailto:leonore.fritis@lafase.cl\">leonore.fritis@lafase.cl<\/a><\/p>\n<\/div>\n<\/div>\n\t\t\t\t\t\t\n\t\t\t\t\t\t\t\t\t\t\t\t\t\t\t\t\t<\/div>\n\t\t\t\t<\/div>\n\t\t\t<\/div>\n\t\t\t\t\t<\/div>\n\t\t[\/vc_column_inner][\/vc_row_inner][\/vc_column][\/vc_row][vc_row][vc_column][vc_column_text]<\/p>\n<h4>Les enseignements sont organis\u00e9s en cinq domaines d&rsquo;apprentissage :<\/h4>\n<p>[\/vc_column_text][vc_single_image image=\u00a0\u00bb1171&Prime; img_size=\u00a0\u00bbfull\u00a0\u00bb][\/vc_column][\/vc_row][vc_row][vc_column][vc_custom_heading text=\u00a0\u00bbLa pratique d&rsquo;une \u00e9valuation positive\u00a0\u00bb font_container=\u00a0\u00bbtag:h4|text_align:left\u00a0\u00bb google_fonts=\u00a0\u00bbfont_family:Abel%3Aregular|font_style:400%20regular%3A400%3Anormal\u00a0\u00bb css=\u00a0\u00bb.vc_custom_1565281111065{margin-top: -30px !important;}\u00a0\u00bb][vc_column_text]<\/p>\n<p style=\"text-align: justify;\"><span style=\"font-weight: 400;\">On consid\u00e8re en effet que c&rsquo;est par l&rsquo;identification et le plaisir de ses r\u00e9ussites que l&rsquo;enfant renforcera sa confiance en lui, aura envie de poursuivre ses efforts et comprendra l&rsquo;int\u00e9r\u00eat de venir \u00e0 l&rsquo;\u00e9cole.<\/span><\/p>\n<p style=\"text-align: justify;\"><span style=\"font-weight: 400;\">L\u2019\u00e9valuation repose essentiellement sur une observation quotidienne de l&rsquo;enfant. Le suivi des apprentissages et la communication autour des progr\u00e8s de nos \u00e9l\u00e8ves passent essentiellement par 3 outils :<\/span><\/p>\n<ul style=\"text-align: justify;\">\n<li><span style=\"font-weight: 400;\"> un carnet de suivi des apprentissages qui est renseign\u00e9 tout au long du cycle : en PS, puis en MS et en GS. Il permet de rendre compte et de mettre en valeur les progr\u00e8s de l\u2019enfant.<\/span><\/li>\n<li><span style=\"font-weight: 400;\"> une synth\u00e8se des acquis de l&rsquo;\u00e9l\u00e8ve, remise \u00e0 la fin de la grande section qui renseigne ce que l&rsquo;enfant sait faire \u00e0 la fin de l&rsquo;\u00e9cole maternelle.<\/span><\/li>\n<li><span style=\"font-weight: 400;\"> un bulletin semestriel avec appr\u00e9ciations des enseignants par domaine d\u2019apprentissage mis en ligne sur la plateforme Pronote.<\/span><\/li>\n<\/ul>\n<p style=\"text-align: justify;\"><span style=\"font-weight: 400;\">Chaque enseignant est assist\u00e9, \u00e0 plein temps, par une assistante maternelle (ASEM).Elles sont bilingues fran\u00e7ais\/espagnol pour le niveau de GS et hispanophones pour les niveaux de PS et MS.<\/span><\/p>\n<p>[\/vc_column_text][\/vc_column][\/vc_row]<\/p>\n<\/section>","protected":false},"excerpt":{"rendered":"<p>[vc_row][vc_column][vc_custom_heading text=\u00a0\u00bbLa Maternelle, une \u00e9cole bienveillante\u00a0\u00bb google_fonts=\u00a0\u00bbfont_family:Playball%3Aregular|font_style:400%20regular%3A400%3Anormal\u00a0\u00bb css=\u00a0\u00bb.vc_custom_1742319914623{margin-bottom: 20px !important;}\u00a0\u00bb][vc_column_text] Une des sp\u00e9cificit\u00e9s du syst\u00e8me fran\u00e7ais est de dispenser une&nbsp;<a href=\"https:\/\/lafase.cl\/fr\/maternelle\/\">&hellip;<\/a><\/p>\n","protected":false},"author":1,"featured_media":0,"parent":0,"menu_order":0,"comment_status":"closed","ping_status":"closed","template":"","meta":{"om_disable_all_campaigns":false,"_monsterinsights_skip_tracking":false,"_monsterinsights_sitenote_active":false,"_monsterinsights_sitenote_note":"","_monsterinsights_sitenote_category":0},"aioseo_notices":[],"_links":{"self":[{"href":"https:\/\/lafase.cl\/fr\/wp-json\/wp\/v2\/pages\/392"}],"collection":[{"href":"https:\/\/lafase.cl\/fr\/wp-json\/wp\/v2\/pages"}],"about":[{"href":"https:\/\/lafase.cl\/fr\/wp-json\/wp\/v2\/types\/page"}],"author":[{"embeddable":true,"href":"https:\/\/lafase.cl\/fr\/wp-json\/wp\/v2\/users\/1"}],"replies":[{"embeddable":true,"href":"https:\/\/lafase.cl\/fr\/wp-json\/wp\/v2\/comments?post=392"}],"version-history":[{"count":32,"href":"https:\/\/lafase.cl\/fr\/wp-json\/wp\/v2\/pages\/392\/revisions"}],"predecessor-version":[{"id":88536,"href":"https:\/\/lafase.cl\/fr\/wp-json\/wp\/v2\/pages\/392\/revisions\/88536"}],"wp:attachment":[{"href":"https:\/\/lafase.cl\/fr\/wp-json\/wp\/v2\/media?parent=392"}],"curies":[{"name":"wp","href":"https:\/\/api.w.org\/{rel}","templated":true}]}}