{"id":38374,"date":"2022-03-15T14:50:44","date_gmt":"2022-03-15T17:50:44","guid":{"rendered":"http:\/\/lafase.cl\/paes\/"},"modified":"2022-04-08T15:42:00","modified_gmt":"2022-04-08T19:42:00","slug":"paes","status":"publish","type":"page","link":"https:\/\/lafase.cl\/fr\/paes\/","title":{"rendered":"PAES"},"content":{"rendered":"\n<p>Muy pronto encontrar\u00e1n informaci\u00f3n actualizada sobre la nueva Prueba de Acceso a la Educaci\u00f3n Superior.<\/p>\n","protected":false},"excerpt":{"rendered":"<p>Muy pronto encontrar\u00e1n informaci\u00f3n actualizada sobre la nueva Prueba de Acceso a la Educaci\u00f3n Superior.<\/p>\n","protected":false},"author":3,"featured_media":39233,"parent":0,"menu_order":0,"comment_status":"closed","ping_status":"closed","template":"","meta":{"om_disable_all_campaigns":false,"_monsterinsights_skip_tracking":false,"_monsterinsights_sitenote_active":false,"_monsterinsights_sitenote_note":"","_monsterinsights_sitenote_category":0},"aioseo_notices":[],"_links":{"self":[{"href":"https:\/\/lafase.cl\/fr\/wp-json\/wp\/v2\/pages\/38374"}],"collection":[{"href":"https:\/\/lafase.cl\/fr\/wp-json\/wp\/v2\/pages"}],"about":[{"href":"https:\/\/lafase.cl\/fr\/wp-json\/wp\/v2\/types\/page"}],"author":[{"embeddable":true,"href":"https:\/\/lafase.cl\/fr\/wp-json\/wp\/v2\/users\/3"}],"replies":[{"embeddable":true,"href":"https:\/\/lafase.cl\/fr\/wp-json\/wp\/v2\/comments?post=38374"}],"version-history":[{"count":1,"href":"https:\/\/lafase.cl\/fr\/wp-json\/wp\/v2\/pages\/38374\/revisions"}],"predecessor-version":[{"id":38377,"href":"https:\/\/lafase.cl\/fr\/wp-json\/wp\/v2\/pages\/38374\/revisions\/38377"}],"wp:featuredmedia":[{"embeddable":true,"href":"https:\/\/lafase.cl\/fr\/wp-json\/wp\/v2\/media\/39233"}],"wp:attachment":[{"href":"https:\/\/lafase.cl\/fr\/wp-json\/wp\/v2\/media?parent=38374"}],"curies":[{"name":"wp","href":"https:\/\/api.w.org\/{rel}","templated":true}]}}