{"id":3826,"date":"2019-02-28T16:36:26","date_gmt":"2019-02-28T19:36:26","guid":{"rendered":"http:\/\/lafase.cl\/becas\/"},"modified":"2026-03-17T11:03:22","modified_gmt":"2026-03-17T14:03:22","slug":"bourses","status":"publish","type":"page","link":"https:\/\/lafase.cl\/fr\/admision\/bourses\/","title":{"rendered":"Bourses AEFE"},"content":{"rendered":"<section class=\"wpb-content-wrapper\"><p>[vc_row][vc_column][vc_custom_heading text=\u00a0\u00bbBourses scolaires\u00a0\u00bb use_theme_fonts=\u00a0\u00bbyes\u00a0\u00bb][\/vc_column][\/vc_row][vc_row][vc_column][vc_column_text]L\u2019Agence pour l\u2019Enseignement Fran\u00e7ais \u00e0 l\u2019Etranger (AEFE) peut apporter aux enfants <strong>des familles fran\u00e7aises r\u00e9sidant \u00e0 l\u2019\u00e9tranger<\/strong> une aide \u00e0 la scolarisation sous forme de bourses. Celles-ci sont propos\u00e9es par des commissions locales institu\u00e9es aupr\u00e8s des postes diplomatiques ou consulaires et attribu\u00e9es apr\u00e8s avis d\u2019une commission nationale institu\u00e9e aupr\u00e8s du directeur de l\u2019agence.<\/p>\n<p>&nbsp;<\/p>\n<p><strong>Pour b\u00e9n\u00e9ficier des bourses de l\u2019AEFE, les enfants doivent\u00a0:<\/strong><\/p>\n<ul>\n<li>Etre de nationalit\u00e9 fran\u00e7aise et immatricul\u00e9s, ou en instance d\u2019immatriculation, au consulat de France<\/li>\n<li>Fr\u00e9quenter un \u00e9tablissement d\u2019enseignement fran\u00e7ais reconnu et r\u00e9sider avec leur famille dans le pays o\u00f9 est situ\u00e9 l\u2019\u00e9tablissement scolaire fr\u00e9quent\u00e9.<\/li>\n<\/ul>\n<p>Pour plus d\u2019informations veuillez consulter :<\/p>\n<ul>\n<li><a href=\"https:\/\/aefe.gouv.fr\/fr\/scolarite\/aide-la-scolarite-par-des-bourses-scolaires\"><span style=\"color: #000080;\">le site de l\u2019AEFE<\/span><\/a><\/li>\n<li><a href=\"https:\/\/cl.diplomatie.gouv.fr\/fr\/famille\/bourses-scolaires-sud\"><span style=\"color: #000080;\">le site du consulat au Chili<\/span><\/a><\/li>\n<\/ul>\n<p>[\/vc_column_text][\/vc_column][\/vc_row][vc_row][vc_column][vc_column_text]<\/p>\n<p data-start=\"93\" data-end=\"173\"><strong data-start=\"93\" data-end=\"171\">Utilisation des bourses AEFE (assurance scolaire, transport, restauration)<\/strong><\/p>\n<p data-start=\"175\" data-end=\"346\">Nous vous informons ci-dessous de la proc\u00e9dure pour l\u2019utilisation du b\u00e9n\u00e9fice de la <strong data-start=\"259\" data-end=\"274\">Bourse AEFE<\/strong> au titre de l\u2019assurance scolaire, du transport et d&rsquo;alimentation.<\/p>\n<p data-start=\"348\" data-end=\"712\"><strong data-start=\"348\" data-end=\"372\">Assurance scolaire :<\/strong><br data-start=\"372\" data-end=\"375\" \/>L\u2019\u00e9cole proc\u00e9dera \u00e0 la souscription de l\u2019assurance \u00e0 la <strong data-start=\"431\" data-end=\"450\">Cl\u00ednica Alemana<\/strong> pour les \u00e9l\u00e8ves des deux sites b\u00e9n\u00e9ficiant de <strong data-start=\"497\" data-end=\"519\">100 % de la bourse<\/strong>.<br data-start=\"520\" data-end=\"523\" \/>Les \u00e9l\u00e8ves b\u00e9n\u00e9ficiant d\u2019un pourcentage partiel de bourse devront souscrire l\u2019assurance individuellement et envoyer les documents correspondants afin d\u2019obtenir le remboursement.<\/p>\n<p data-start=\"714\" data-end=\"984\"><strong data-start=\"714\" data-end=\"729\">Transport :<\/strong><br data-start=\"729\" data-end=\"732\" \/>Le repr\u00e9sentant l\u00e9gal responsable des finances de l&rsquo;\u00e9l\u00e8ve pourra demander le remboursement du service de transport public. Les seuls moyens autoris\u00e9s sont ceux associ\u00e9s \u00e0 l\u2019utilisation de la <strong data-start=\"944\" data-end=\"957\">carte Bip<\/strong> (Transantiago et Metro).<\/p>\n<p data-start=\"986\" data-end=\"1288\">En cas d\u2019utilisation du transport scolaire, le repr\u00e9sentant l\u00e9gal pourra donner un <strong data-start=\"1069\" data-end=\"1086\">mandat simple<\/strong> au transporteur (en joignant une photocopie de sa carte d\u2019identit\u00e9) afin que ce dernier effectue le remboursement directement \u00e0 son nom. Ainsi, le repr\u00e9sentant l\u00e9gal ne devra payer que la diff\u00e9rence.<\/p>\n<p data-start=\"1290\" data-end=\"1617\"><strong data-start=\"1290\" data-end=\"1308\">Restauration :<\/strong><br data-start=\"1308\" data-end=\"1311\" \/>Tous les \u00e9l\u00e8ves b\u00e9n\u00e9ficiant d\u2019une bourse d&rsquo;alimentation sont enregistr\u00e9s aupr\u00e8s du <strong data-start=\"1395\" data-end=\"1416\">casino de l\u2019\u00e9cole<\/strong>. Le nombre de repas attribu\u00e9 correspond au pourcentage de la bourse accord\u00e9e \u00e0 l\u2019\u00e9l\u00e8ve, qui pourra en b\u00e9n\u00e9ficier pendant la p\u00e9riode correspondante, jusqu\u2019\u00e0 \u00e9puisement du total des tickets attribu\u00e9s.<\/p>\n<p data-start=\"1619\" data-end=\"1759\"><strong data-start=\"1619\" data-end=\"1649\">Envoi des remboursements :<\/strong><br data-start=\"1649\" data-end=\"1652\" \/>Toutes les demandes de remboursement doivent \u00eatre envoy\u00e9es \u00e0 l\u2019adresse <a class=\"decorated-link cursor-pointer\" href=\"mailto:elizabeth.rodriguez@lafase.cl\" rel=\"noopener\" data-start=\"1725\" data-end=\"1754\">elizabeth.rodriguez@lafase.cl<\/a>.<\/p>\n<p data-start=\"1761\" data-end=\"1962\">Le formulaire correspondant doit \u00eatre joint, ainsi que les justificatifs de d\u00e9penses, tels que : tickets de la carte Bip, tickets du casino (en cas de paiement direct) et re\u00e7us d\u2019assurance accidents.<\/p>\n<p data-start=\"1964\" data-end=\"2043\">T\u00e9l\u00e9chargez le <a href=\"https:\/\/lafase.cl\/wp-content\/uploads\/2026\/03\/FORMULARIO-SOLICITUD-DE-REEMBOLSO-2026.pdf\">formulaire de remboursement ici<\/a> (document t\u00e9l\u00e9chargeable).<\/p>\n<p>[\/vc_column_text][\/vc_column][\/vc_row][vc_row][vc_column][vc_column_text css_animation=\u00a0\u00bbnone\u00a0\u00bb]<span style=\"text-decoration: underline;\">Liens d&rsquo;int\u00e9r\u00eat<\/span> :<\/p>\n<ul>\n<li><a href=\"https:\/\/aefe.gouv.fr\/fr\/ressources-documentaires\/campagne-2026-des-bourses-france-excellence-major-circulaire-et-annexes\">Bourses Excellence-Major AEFE<\/a><\/li>\n<li><a href=\"https:\/\/lafase.cl\/fr\/admision\/fondo-solidario\/\">Fonds de solidarit\u00e9<\/a><\/li>\n<\/ul>\n<p>[\/vc_column_text][\/vc_column][\/vc_row]<\/p>\n<\/section>","protected":false},"excerpt":{"rendered":"<p>[vc_row][vc_column][vc_custom_heading text=\u00a0\u00bbBourses scolaires\u00a0\u00bb use_theme_fonts=\u00a0\u00bbyes\u00a0\u00bb][\/vc_column][\/vc_row][vc_row][vc_column][vc_column_text]L\u2019Agence pour l\u2019Enseignement Fran\u00e7ais \u00e0 l\u2019Etranger (AEFE) peut apporter aux enfants des familles fran\u00e7aises r\u00e9sidant \u00e0 l\u2019\u00e9tranger&nbsp;<a href=\"https:\/\/lafase.cl\/fr\/admision\/bourses\/\">&hellip;<\/a><\/p>\n","protected":false},"author":2,"featured_media":0,"parent":2153,"menu_order":4,"comment_status":"closed","ping_status":"closed","template":"","meta":{"om_disable_all_campaigns":false,"_monsterinsights_skip_tracking":false,"_monsterinsights_sitenote_active":false,"_monsterinsights_sitenote_note":"","_monsterinsights_sitenote_category":0},"aioseo_notices":[],"_links":{"self":[{"href":"https:\/\/lafase.cl\/fr\/wp-json\/wp\/v2\/pages\/3826"}],"collection":[{"href":"https:\/\/lafase.cl\/fr\/wp-json\/wp\/v2\/pages"}],"about":[{"href":"https:\/\/lafase.cl\/fr\/wp-json\/wp\/v2\/types\/page"}],"author":[{"embeddable":true,"href":"https:\/\/lafase.cl\/fr\/wp-json\/wp\/v2\/users\/2"}],"replies":[{"embeddable":true,"href":"https:\/\/lafase.cl\/fr\/wp-json\/wp\/v2\/comments?post=3826"}],"version-history":[{"count":29,"href":"https:\/\/lafase.cl\/fr\/wp-json\/wp\/v2\/pages\/3826\/revisions"}],"predecessor-version":[{"id":88704,"href":"https:\/\/lafase.cl\/fr\/wp-json\/wp\/v2\/pages\/3826\/revisions\/88704"}],"up":[{"embeddable":true,"href":"https:\/\/lafase.cl\/fr\/wp-json\/wp\/v2\/pages\/2153"}],"wp:attachment":[{"href":"https:\/\/lafase.cl\/fr\/wp-json\/wp\/v2\/media?parent=3826"}],"curies":[{"name":"wp","href":"https:\/\/api.w.org\/{rel}","templated":true}]}}