{"id":371,"date":"2018-09-22T00:30:10","date_gmt":"2018-09-22T03:30:10","guid":{"rendered":"http:\/\/lafase.cl\/etablissement\/historia\/"},"modified":"2022-09-05T11:33:03","modified_gmt":"2022-09-05T14:33:03","slug":"historique","status":"publish","type":"page","link":"https:\/\/lafase.cl\/fr\/establecimiento\/historique\/","title":{"rendered":"Historique"},"content":{"rendered":"<section class=\"wpb-content-wrapper\"><p>[vc_row][vc_column][vc_custom_heading text=\u00a0\u00bbNotre histoire\u00a0\u00bb font_container=\u00a0\u00bbtag:h1|text_align:left\u00a0\u00bb google_fonts=\u00a0\u00bbfont_family:Playball%3Aregular|font_style:400%20regular%3A400%3Anormal\u00a0\u00bb][vc_row_inner][vc_column_inner width=\u00a0\u00bb1\/2&Prime;][vc_single_image image=\u00a0\u00bb698&Prime; img_size=\u00a0\u00bbfull\u00a0\u00bb add_caption=\u00a0\u00bbyes\u00a0\u00bb][\/vc_column_inner][vc_column_inner width=\u00a0\u00bb1\/2&Prime;][vc_column_text]<strong>Lorsqu&rsquo;Andr\u00e9 MALRAUX, en inaugurant le lyc\u00e9e de Santiago le 5 septembre 1959, s&rsquo;exclama d&rsquo;un geste th\u00e9\u00e2tral : \u00ab\u00a0Comme elle est loin la France!\u00a0\u00bb, il faisait allusion \u00e0 la distance qui s\u00e9pare la France du Chili pour mieux souligner la volont\u00e9 fran\u00e7aise de se rapprocher. Cette volont\u00e9 est ancienne et ne s\u2019est jamais d\u00e9mentie, permettant d\u2019\u00e9tablir des liens tant \u00e9conomiques que scientifiques, linguistiques et culturels.<\/strong>[\/vc_column_text][\/vc_column_inner][\/vc_row_inner][vc_column_text]<\/p>\n<p style=\"text-align: justify;\">Le premier \u00e9tablissement \u00e0 Santiago est n\u00e9 de la volont\u00e9 d&rsquo;une femme, Madame Courtois Bonnecourte, qui voulait faire vivre la langue fran\u00e7aise en organisant des cours. Cependant, d\u00e8s 1932 l&rsquo;\u00e9tablissement ferma ses portes. Monsieur R\u00e9my Vuillemin, alors Pr\u00e9sident du Conseil de l&rsquo;Alliance, reprit le flambeau en cr\u00e9ant un petit coll\u00e8ge qui accueillit 50 \u00e9l\u00e8ves, dans une maison lou\u00e9e rue Riquelme. En 1934, le nombre d&rsquo;\u00e9l\u00e8ves ayant doubl\u00e9, un b\u00e2timent rue Lord Cochrane fut acquis pour y installer un coll\u00e8ge qui prit le nom de Louis Pasteur, alors que parall\u00e8lement se d\u00e9veloppaient des cours du soir qui recevaient jusqu&rsquo;\u00e0 800 \u00e9l\u00e8ves.<\/p>\n<p>[\/vc_column_text][vc_column_text]<\/p>\n<p style=\"font-weight: 400;\">Les effectifs allant augmentant, on ouvrit en 1939 un nouvel \u00e9tablissement dans un \u00e9difice lou\u00e9 rue Pedro de Valdivia. C&rsquo;est \u00e0 ce moment l\u00e0 que le Conseil de l&rsquo;Alliance Fran\u00e7aise d\u00e9cida la cr\u00e9ation d&rsquo;un grand lyc\u00e9e. On acheta un terrain de 42.000 m\u00b2 pour l&rsquo;y installer et le projet fut confi\u00e9 \u00e0 l&rsquo;architecte franco-chilien Emile Duhart. Les travaux commenc\u00e8rent en 1955, et se poursuivirent ensuite jusqu&rsquo;en 1962. L&rsquo;inauguration du lyc\u00e9e eut lieu en 1959. C&rsquo;est ainsi que naquit le lyc\u00e9e de l&rsquo;Alliance Fran\u00e7aise qui re\u00e7ut la visite, fin septembre 1964, du pr\u00e9sident de la R\u00e9publique fran\u00e7aise, le G\u00e9n\u00e9ral Charles de Gaulle.<\/p>\n<p>[\/vc_column_text][vc_custom_heading text=\u00a0\u00bbEn 1967, le lyc\u00e9e de l&rsquo;Alliance Fran\u00e7aise devient officiellement le \u00ab\u00a0Lyc\u00e9e Antoine de Saint-Exup\u00e9ry\u00ab\u00a0.\u00a0\u00bb google_fonts=\u00a0\u00bbfont_family:Sanchez%3Aregular%2Citalic|font_style:400%20regular%3A400%3Anormal\u00a0\u00bb][vc_column_text]<\/p>\n<p style=\"text-align: justify;\">La volont\u00e9 de toutes celles et tous ceux qui, au fil des ann\u00e9es, ont contribu\u00e9 \u00e0 la construction de ce qu&rsquo;est aujourd&rsquo;hui le lyc\u00e9e, \u00e9tait de faire vivre la langue et la culture fran\u00e7aises dans le respect de la langue et de la culture du pays d&rsquo;accueil, faisant du Lyc\u00e9e Antoine de Saint-Exup\u00e9ry un \u00e9tablissement v\u00e9ritablement bilingue et biculturel. C\u2019est cette volont\u00e9 qui a amen\u00e9 \u00e0 la signature d\u2019une Convention entre la Corporaci\u00f3n et l\u2019AEFE, en 1990, les personnels d\u00e9tach\u00e9s par l\u2019Etat fran\u00e7ais dans le cadre de l\u2019AEFE, et les personnels locaux employ\u00e9s par la Corporaci\u00f3n, travaillant de concert \u00e0 la r\u00e9alisation de cet ambitieux et exaltant objectif.<\/p>\n<p>[\/vc_column_text][vc_row_inner][vc_column_inner width=\u00a0\u00bb1\/2&Prime;][vc_column_text]Aujourd\u2019hui, c\u2019est la construction du nouveau site de Chamisero qui attire les regards. La premi\u00e8re pierre en a \u00e9t\u00e9 pos\u00e9e en mai 2012, l\u2019\u00e9cole maternelle a ouvert ses portes en f\u00e9vrier 2013, et son inauguration officielle a eu lieu le 21 mai, en pr\u00e9sence de Marc Giacomini, Ambassadeur de France au Chili, et d\u2019Anne-Marie Desc\u00f4tes, Directrice de l\u2019AEFE. La construction s\u2019\u00e9chelonnera jusqu\u2019en 2019, le lyc\u00e9e Antoine de Saint-Exup\u00e9ry disposant alors de deux sites d\u2019une capacit\u00e9 totale d\u2019environ 3.700 \u00e9l\u00e8ves. C\u2019est le site de Chamisero qui a re\u00e7u, le 10 mars 2014, la visite d\u2019H\u00e9l\u00e8ne Conway-Mouret, ministre d\u00e9l\u00e9gu\u00e9e charg\u00e9e des Fran\u00e7ais de l\u2019Etranger.[\/vc_column_text][\/vc_column_inner][vc_column_inner width=\u00a0\u00bb1\/2&Prime;][vc_gallery type=\u00a0\u00bbnivo\u00a0\u00bb interval=\u00a0\u00bb15&Prime; images=\u00a0\u00bb707,705,703&Prime; img_size=\u00a0\u00bbfull\u00a0\u00bb][\/vc_column_inner][\/vc_row_inner][\/vc_column][\/vc_row]<\/p>\n<\/section>","protected":false},"excerpt":{"rendered":"<p>[vc_row][vc_column][vc_custom_heading text=\u00a0\u00bbNotre histoire\u00a0\u00bb font_container=\u00a0\u00bbtag:h1|text_align:left\u00a0\u00bb google_fonts=\u00a0\u00bbfont_family:Playball%3Aregular|font_style:400%20regular%3A400%3Anormal\u00a0\u00bb][vc_row_inner][vc_column_inner width=\u00a0\u00bb1\/2&Prime;][vc_single_image image=\u00a0\u00bb698&Prime; img_size=\u00a0\u00bbfull\u00a0\u00bb add_caption=\u00a0\u00bbyes\u00a0\u00bb][\/vc_column_inner][vc_column_inner width=\u00a0\u00bb1\/2&Prime;][vc_column_text]Lorsqu&rsquo;Andr\u00e9 MALRAUX, en inaugurant le lyc\u00e9e de Santiago le 5 septembre&nbsp;<a href=\"https:\/\/lafase.cl\/fr\/establecimiento\/historique\/\">&hellip;<\/a><\/p>\n","protected":false},"author":1,"featured_media":0,"parent":319,"menu_order":2,"comment_status":"closed","ping_status":"closed","template":"template-sidebar-right-childpages.php","meta":{"om_disable_all_campaigns":false,"_monsterinsights_skip_tracking":false,"_monsterinsights_sitenote_active":false,"_monsterinsights_sitenote_note":"","_monsterinsights_sitenote_category":0},"aioseo_notices":[],"_links":{"self":[{"href":"https:\/\/lafase.cl\/fr\/wp-json\/wp\/v2\/pages\/371"}],"collection":[{"href":"https:\/\/lafase.cl\/fr\/wp-json\/wp\/v2\/pages"}],"about":[{"href":"https:\/\/lafase.cl\/fr\/wp-json\/wp\/v2\/types\/page"}],"author":[{"embeddable":true,"href":"https:\/\/lafase.cl\/fr\/wp-json\/wp\/v2\/users\/1"}],"replies":[{"embeddable":true,"href":"https:\/\/lafase.cl\/fr\/wp-json\/wp\/v2\/comments?post=371"}],"version-history":[{"count":10,"href":"https:\/\/lafase.cl\/fr\/wp-json\/wp\/v2\/pages\/371\/revisions"}],"predecessor-version":[{"id":43922,"href":"https:\/\/lafase.cl\/fr\/wp-json\/wp\/v2\/pages\/371\/revisions\/43922"}],"up":[{"embeddable":true,"href":"https:\/\/lafase.cl\/fr\/wp-json\/wp\/v2\/pages\/319"}],"wp:attachment":[{"href":"https:\/\/lafase.cl\/fr\/wp-json\/wp\/v2\/media?parent=371"}],"curies":[{"name":"wp","href":"https:\/\/api.w.org\/{rel}","templated":true}]}}