{"id":355,"date":"2018-09-22T00:21:32","date_gmt":"2018-09-22T03:21:32","guid":{"rendered":"http:\/\/lafase.cl\/etablissement\/instancias\/"},"modified":"2023-02-08T12:35:33","modified_gmt":"2023-02-08T15:35:33","slug":"instances","status":"publish","type":"page","link":"https:\/\/lafase.cl\/fr\/establecimiento\/instances\/","title":{"rendered":"Instances"},"content":{"rendered":"<section class=\"wpb-content-wrapper\"><p>[vc_row][vc_column][vc_custom_heading text=\u00a0\u00bbINSTANCES DE L\u2019\u00c9TABLISSEMENT\u00a0\u00bb google_fonts=\u00a0\u00bbfont_family:Playball%3Aregular|font_style:400%20regular%3A400%3Anormal\u00a0\u00bb][vc_custom_heading text=\u00a0\u00bbInstances de la Corporaci\u00f3n Educacional Alianza Francesa de Santiago\u00a0\u00bb font_container=\u00a0\u00bbtag:h4|text_align:left\u00a0\u00bb google_fonts=\u00a0\u00bbfont_family:Playball%3Aregular|font_style:400%20regular%3A400%3Anormal\u00a0\u00bb][vc_column_text]<\/p>\n<ul>\n<li><strong><span lang=\"FR\">Assembl\u00e9e g\u00e9n\u00e9rale des membres : <\/span><\/strong><span lang=\"FR\">r<\/span><span lang=\"FR\">\u00e9union constitu\u00e9e des membres directoires et socios de la Corporaci\u00f3n. L\u2019Assembl\u00e9e G\u00e9n\u00e9rale pr\u00e9sente les grands projets et orientations de la Corporaci\u00f3n, c&rsquo;est \u00e9galement une instance durant laquelle on vote le budget, les droits d\u2019\u00e9colage, et s&rsquo;\u00e9lisent deux des membres du Directorio.<\/span><\/li>\n<\/ul>\n<ul>\n<li><strong><span lang=\"FR\">R\u00e9union de Directoire : <\/span><\/strong><span lang=\"FR\">o<\/span><span lang=\"FR\">rgane ex\u00e9cutif de la Corporaci\u00f3n, le \u00ab\u00a0Directorio\u00a0\u00bb g\u00e8re les aspects \u00e9conomiques et financiers de l&rsquo;\u00e9tablissement. Il est compos\u00e9 de neuf membres (2 repr\u00e9sentants de l\u2019Alliance Fran\u00e7aise du Chili, 4 repr\u00e9sentants de l\u2019Alliance Fran\u00e7aise de Paris-Ile de France, 2 \u00e9lus en Assembl\u00e9e G\u00e9n\u00e9rale, et le pr\u00e9sident du Centre des Parents). Le Proviseur, et d\u2019autres personnalit\u00e9s repr\u00e9sentant le poste diplomatique et la communaut\u00e9 fran\u00e7aise, sont invit\u00e9s \u00e0 participer \u00e0 ses travaux.<\/span><\/li>\n<\/ul>\n<ul>\n<li><strong><span lang=\"FR\">Commissions de la Corporaci\u00f3n : <\/span><\/strong><span lang=\"FR\">p<\/span><span lang=\"FR\">lusieurs commissions sont constitu\u00e9es, charg\u00e9es par le Directorio de la gestion de certains dossiers telles que la Commission de Finances, Commission du Travail, Commission de Bourses, Commission du Voyage d\u2019Etudes en France, Commission Inscriptions, Commission Travaux et Constructions. Ces commissions sont constitu\u00e9es de membres d\u00e9sign\u00e9s par le Directorio, conform\u00e9ment aux statuts de la Corporaci\u00f3n.<\/span><\/li>\n<\/ul>\n<p>[\/vc_column_text][vc_video link=\u00a0\u00bbhttps:\/\/vimeo.com\/797029902&Prime;][vc_separator color=\u00a0\u00bbcustom\u00a0\u00bb accent_color=\u00a0\u00bbrgba(30,115,190,0.1)\u00a0\u00bb][vc_custom_heading text=\u00a0\u00bbInstances de l&rsquo;AEFE\u00a0\u00bb font_container=\u00a0\u00bbtag:h4|text_align:left\u00a0\u00bb google_fonts=\u00a0\u00bbfont_family:Playball%3Aregular|font_style:400%20regular%3A400%3Anormal\u00a0\u00bb][vc_column_text]<\/p>\n<ul style=\"font-weight: 400;\">\n<li><b><strong>Conseil d&rsquo;\u00e9tablissement (CE) :\u00a0<\/strong><\/b>ce conseil traite les questions p\u00e9dagogiques et \u00e9ducatives de l&rsquo;\u00e9tablissement,\u00a0 \u00e9mettant des propositions sur le recrutement\u00a0 des personnels de l\u2019\u00e9tablissement et l\u2019organisation de la vie \u00e9ducative. Le CE est une instance tripartite (repr\u00e9sentants de l\u2019administration, des personnels, et des parents et \u00e9l\u00e8ves), pr\u00e9sid\u00e9e par le Chef d\u2019\u00e9tablissement. D\u2019autres personnalit\u00e9s sont membres \u00e0 titre consultatif (Consul de France, repr\u00e9sentants des Fran\u00e7ais de l\u2019\u00e9tranger, Vice-Pr\u00e9sident du CVL, Pr\u00e9sident et Vice-Pr\u00e9sident de la Corporaci\u00f3n, coordonnateur AEFE, etc\u2026).<\/li>\n<\/ul>\n<ul style=\"font-weight: 400;\">\n<li><b><strong>Conseil du second degr\u00e9 : <\/strong><\/b>donne son avis et fait des propositions sur des sujets qui concernent le coll\u00e8ge et le lyc\u00e9e, en pr\u00e9paration des travaux du Conseil d\u2019Etablissement. Le CSD est pr\u00e9sid\u00e9 par le chef d\u2019\u00e9tablissement et est compos\u00e9 de repr\u00e9sentants de l\u2019administration, des personnels, et des parents et \u00e9l\u00e8ves.<\/li>\n<\/ul>\n<ul style=\"font-weight: 400;\">\n<li><b><strong>Conseil d&rsquo;\u00e9cole\u00a0: <\/strong><\/b>donne son avis et fait des propositions sur toutes les questions concernant la maternelle et l\u2019\u00e9l\u00e9mentaire. Le Conseil d\u2019\u00e9cole est compos\u00e9 de repr\u00e9sentants des enseignants, des parents et de la Direction de l\u2019\u00e9cole.<\/li>\n<\/ul>\n<ul style=\"font-weight: 400;\">\n<li><b><strong>Conseil \u00e9cole &#8211; coll\u00e8ge<\/strong><\/b><\/li>\n<\/ul>\n<p style=\"font-weight: 400;\">Autres instances, constitu\u00e9es conform\u00e9ment aux textes en vigueur au sein du r\u00e9seau AEFE :<\/p>\n<ul style=\"font-weight: 400;\">\n<li><b><strong>Conseil P\u00e9dagogique\u00a0:\u00a0<\/strong><\/b>r\u00e9union des coordonnateurs de discipline du secondaire, autour du Proviseur adjoint, pour traiter des questions int\u00e9ressant l\u2019organisation p\u00e9dagogique au coll\u00e8ge et au lyc\u00e9e, en pr\u00e9paration du CSD\u00a0;<\/li>\n<\/ul>\n<ul style=\"font-weight: 400;\">\n<li><b><strong>Conseil des ma\u00eetres\u00a0:<\/strong><\/b>\u00a0r\u00e9union de l\u2019ensemble des enseignants de l\u2019\u00e9cole maternelle ou \u00e9l\u00e9mentaire autour du directeur ou de la directrice, pour d\u00e9battre de la vie de l\u2019\u00e9cole, des classes et des projets, en pr\u00e9paration au Conseil d\u2019\u00e9cole\u00a0;<\/li>\n<\/ul>\n<ul style=\"font-weight: 400;\">\n<li><b><strong>Conseil d\u2019\u00c9ducation \u00e0 la Sant\u00e9 et \u00e0 la Citoyennet\u00e9<\/strong><\/b><b><strong>\u00a0(CESC):<\/strong><\/b>\u00a0r\u00e9unissant Direction, Vie Scolaire, enseignants, parents et \u00e9l\u00e8ves, le CESC \u00e9tudie les besoins de la communaut\u00e9 scolaire en terme d\u2019actions de pr\u00e9vention et d\u00e9finit les politiques et programmes qui y r\u00e9pondent\u00a0;<\/li>\n<\/ul>\n<ul style=\"font-weight: 400;\">\n<li><b><strong>Conseil de la Vie Lyc\u00e9enne (CVL)<\/strong><\/b><b><strong>\u00a0:<\/strong><\/b>\u00a0lieu privil\u00e9gi\u00e9 d\u2019\u00e9coute et d\u2019\u00e9changes entre \u00e9l\u00e8ves et adultes de la communaut\u00e9 \u00e9ducative, le CVL permet de d\u00e9battre toutes les questions concr\u00e8tes relatives aux conditions de vie dans l\u2019\u00e9tablissement. Les avis et propositions qui y sont adopt\u00e9s sont ensuite port\u00e9s \u00e0 la connaissance du Conseil d\u2019Etablissement. Pr\u00e9sid\u00e9 par le Chef d\u2019\u00e9tablissement, le CVL est compos\u00e9 de repr\u00e9sentants d\u2019\u00e9l\u00e8ves, d\u2019enseignants et de parents d\u2019\u00e9l\u00e8ves\u00a0;<\/li>\n<\/ul>\n<ul style=\"font-weight: 400;\">\n<li><b><strong>Conseil de Discipline\u00a0<\/strong><\/b><b><strong>:\u00a0<\/strong><\/b>convoqu\u00e9 par le chef d\u2019\u00e9tablissement, et compos\u00e9 de repr\u00e9sentants de l\u2019administration, des personnels, des parents et des \u00e9l\u00e8ves, il peut prononcer toutes les sanctions pr\u00e9vues au r\u00e8glement int\u00e9rieur, et est la seule instance apte \u00e0 prononcer une exclusion de plus de huit jours.<\/li>\n<\/ul>\n<ul style=\"font-weight: 400;\">\n<li>\u00a0<b><strong>Cellule de la formation continue\u00a0<\/strong><\/b><\/li>\n<\/ul>\n<p>[\/vc_column_text][vc_separator color=\u00a0\u00bbcustom\u00a0\u00bb accent_color=\u00a0\u00bbrgba(30,115,190,0.1)\u00a0\u00bb][vc_custom_heading text=\u00a0\u00bbLes conseillers\u00a0\u00bb font_container=\u00a0\u00bbtag:h4|text_align:left\u00a0\u00bb google_fonts=\u00a0\u00bbfont_family:Playball%3Aregular|font_style:400%20regular%3A400%3Anormal\u00a0\u00bb][vc_column_text]<strong>TRANSMETTRE :<\/strong> en jouant un r\u00f4le de relais et de m\u00e9diateur aupr\u00e8s de la communaut\u00e9 \u00e9ducative, en transmettant toutes remarques et suggestions que les parents d\u00e9sirent formuler.<\/p>\n<p><strong>PARTICIPER :<\/strong> en donnant leurs avis, en \u00e9mettant des propositions sur le fonctionnement de l\u2019\u00e9tablissement et sur toutes questions int\u00e9ressant la vie de l&rsquo;\u00e9cole sur les principes academique d\u2019importance lors des instances (r\u00e9unions p\u00e9riodiques avec la direction, conseils) et en d\u00e9liberant sur les questions relatives \u00e0 l&rsquo;hygi\u00e8ne, la sant\u00e9 et la s\u00e9curit\u00e9.<\/p>\n<p><strong>INFORMER :<\/strong> par des compte-rendus distribu\u00e9s aux parents, des d\u00e9lib\u00e9rations et conclusions des conseils ou r\u00e9unions p\u00e9riodiques, ainsi que sur les questions li\u00e9es \u00e0 l&rsquo;accueil et \u00e0 l&rsquo;information des parents d&rsquo;\u00e9l\u00e8ves et les modalit\u00e9s g\u00e9n\u00e9rales de leur participation \u00e0 la vie scolaire.<br \/>\nDe plus, les conseillers d\u2019\u00e9tablissement adoptent le projet d\u2019\u00e9tablissement et scolaire, le budget et le r\u00e8glement int\u00e9rieur.[\/vc_column_text][\/vc_column][\/vc_row]<\/p>\n<\/section>","protected":false},"excerpt":{"rendered":"<p>[vc_row][vc_column][vc_custom_heading text=\u00a0\u00bbINSTANCES DE L\u2019\u00c9TABLISSEMENT\u00a0\u00bb google_fonts=\u00a0\u00bbfont_family:Playball%3Aregular|font_style:400%20regular%3A400%3Anormal\u00a0\u00bb][vc_custom_heading text=\u00a0\u00bbInstances de la Corporaci\u00f3n Educacional Alianza Francesa de Santiago\u00a0\u00bb font_container=\u00a0\u00bbtag:h4|text_align:left\u00a0\u00bb google_fonts=\u00a0\u00bbfont_family:Playball%3Aregular|font_style:400%20regular%3A400%3Anormal\u00a0\u00bb][vc_column_text] Assembl\u00e9e g\u00e9n\u00e9rale des membres&nbsp;<a href=\"https:\/\/lafase.cl\/fr\/establecimiento\/instances\/\">&hellip;<\/a><\/p>\n","protected":false},"author":1,"featured_media":0,"parent":319,"menu_order":11,"comment_status":"closed","ping_status":"closed","template":"template-sidebar-right-childpages.php","meta":{"om_disable_all_campaigns":false,"_monsterinsights_skip_tracking":false,"_monsterinsights_sitenote_active":false,"_monsterinsights_sitenote_note":"","_monsterinsights_sitenote_category":0},"aioseo_notices":[],"_links":{"self":[{"href":"https:\/\/lafase.cl\/fr\/wp-json\/wp\/v2\/pages\/355"}],"collection":[{"href":"https:\/\/lafase.cl\/fr\/wp-json\/wp\/v2\/pages"}],"about":[{"href":"https:\/\/lafase.cl\/fr\/wp-json\/wp\/v2\/types\/page"}],"author":[{"embeddable":true,"href":"https:\/\/lafase.cl\/fr\/wp-json\/wp\/v2\/users\/1"}],"replies":[{"embeddable":true,"href":"https:\/\/lafase.cl\/fr\/wp-json\/wp\/v2\/comments?post=355"}],"version-history":[{"count":13,"href":"https:\/\/lafase.cl\/fr\/wp-json\/wp\/v2\/pages\/355\/revisions"}],"predecessor-version":[{"id":50870,"href":"https:\/\/lafase.cl\/fr\/wp-json\/wp\/v2\/pages\/355\/revisions\/50870"}],"up":[{"embeddable":true,"href":"https:\/\/lafase.cl\/fr\/wp-json\/wp\/v2\/pages\/319"}],"wp:attachment":[{"href":"https:\/\/lafase.cl\/fr\/wp-json\/wp\/v2\/media?parent=355"}],"curies":[{"name":"wp","href":"https:\/\/api.w.org\/{rel}","templated":true}]}}