{"id":3488,"date":"2017-02-09T12:56:16","date_gmt":"2017-02-09T12:56:16","guid":{"rendered":"http:\/\/lafase.cl\/admission\/seguro-escolar\/"},"modified":"2026-03-27T11:38:34","modified_gmt":"2026-03-27T14:38:34","slug":"seguro-escolar","status":"publish","type":"page","link":"https:\/\/lafase.cl\/fr\/admision\/seguro-escolar\/","title":{"rendered":"Assurances"},"content":{"rendered":"<section class=\"wpb-content-wrapper\"><p>[vc_row][vc_column css=\u00a0\u00bb.vc_custom_1489757662264{margin-bottom: 0px !important;}\u00a0\u00bb][vc_custom_heading text=\u00a0\u00bbAssurance scolaire\u00a0\u00bb use_theme_fonts=\u00a0\u00bbyes\u00a0\u00bb][vc_custom_heading text=\u00a0\u00bbLe assurance scolaire se d\u00e9finit comme un ensemble de conditions, de mesures et d\u2019actions ax\u00e9es sur la pr\u00e9vention et l\u2019autoprotection des enfants.\u00a0\u00bb font_container=\u00a0\u00bbtag:h3|font_size:18px|text_align:left|color:%23000000&Prime; use_theme_fonts=\u00a0\u00bbyes\u00a0\u00bb][\/vc_column][\/vc_row][vc_row gap=\u00a0\u00bb10&Prime; css=\u00a0\u00bb.vc_custom_1489757648863{margin-bottom: 15px !important;}\u00a0\u00bb][vc_column css=\u00a0\u00bb.vc_custom_1489757736243{margin-bottom: 0px !important;}\u00a0\u00bb][vc_message]<strong>Convention assurance avec la Cl\u00ednica Alemana<\/strong><\/p>\n<p>D\u00e9tails sur les valeurs, les couvertures et les conditions, veuillez consulter <a href=\"https:\/\/mcusercontent.com\/c0ea0ee8c6ca53b58188f90f8\/files\/056c7890-ede9-7a42-6180-b66936e4f32a\/Circular_ALIANZA_FRANCESA_2026_Inf_funcionarios_y_admin_y_conyuge.pdf\" target=\"_blank\" rel=\"noopener\">les informations ici<\/a>[\/vc_message][\/vc_column][\/vc_row][vc_row][vc_column][vc_custom_heading text=\u00a0\u00bbAssurance Collective de Scolarit\u00e9 (Vie et invalidit\u00e9)\u00a0\u00bb use_theme_fonts=\u00a0\u00bbyes\u00a0\u00bb][vc_column_text]<\/p>\n<div class=\"flex flex-col text-sm\">\n<section class=\"text-token-text-primary w-full focus:outline-none [--shadow-height:45px] has-data-writing-block:pointer-events-none has-data-writing-block:-mt-(--shadow-height) has-data-writing-block:pt-(--shadow-height) [&amp;:has([data-writing-block])&gt;*]:pointer-events-auto scroll-mt-[calc(var(--header-height)+min(200px,max(70px,20svh)))]\" dir=\"auto\" data-turn-id=\"request-WEB:20b42e24-bee3-4a76-a83d-25982736af7d-0\" data-testid=\"conversation-turn-2\" data-scroll-anchor=\"true\" data-turn=\"assistant\">\n<div class=\"text-base my-auto mx-auto pb-10 [--thread-content-margin:var(--thread-content-margin-xs,calc(var(--spacing)*4))] @w-sm\/main:[--thread-content-margin:var(--thread-content-margin-sm,calc(var(--spacing)*6))] @w-lg\/main:[--thread-content-margin:var(--thread-content-margin-lg,calc(var(--spacing)*16))] px-(--thread-content-margin)\">\n<div class=\"[--thread-content-max-width:40rem] @w-lg\/main:[--thread-content-max-width:48rem] mx-auto max-w-(--thread-content-max-width) flex-1 group\/turn-messages focus-visible:outline-hidden relative flex w-full min-w-0 flex-col agent-turn\">\n<div class=\"flex max-w-full flex-col gap-4 grow\">\n<div class=\"min-h-8 text-message relative flex w-full flex-col items-end gap-2 text-start break-words whitespace-normal outline-none keyboard-focused:focus-ring [.text-message+&amp;]:mt-1\" dir=\"auto\" tabindex=\"0\" data-message-author-role=\"assistant\" data-message-id=\"f4fa0100-e7f8-423f-b36f-0e691e09e04a\" data-message-model-slug=\"gpt-5-3\" data-turn-start-message=\"true\">\n<div class=\"flex w-full flex-col gap-1 empty:hidden\">\n<div class=\"markdown prose dark:prose-invert w-full wrap-break-word light markdown-new-styling\">\n<p data-start=\"0\" data-end=\"224\">L\u2019\u00e9tablissement a souscrit une assurance collective de scolarit\u00e9 (vie) pour les responsables financiers, dont la prime est incluse dans le montant de l\u2019inscription et qui sera en vigueur du 1er janvier au 31 d\u00e9cembre 2026.<\/p>\n<p data-start=\"226\" data-end=\"512\">Cette assurance a \u00e9t\u00e9 contract\u00e9e aupr\u00e8s de la compagnie Seguros CHUBB. En cas de d\u00e9c\u00e8s ou d\u2019invalidit\u00e9 des 2\/3 du responsable financier, la police couvre les \u00e9l\u00e8ves de la maternelle jusqu\u2019\u00e0 la 4e ann\u00e9e de l\u2019enseignement secondaire, en consid\u00e9rant au maximum une ann\u00e9e de redoublement.<\/p>\n<p data-start=\"514\" data-end=\"577\">Le d\u00e9tail des conditions de la police peut \u00eatre <a href=\"https:\/\/lafase.cl\/wp-content\/uploads\/2025\/03\/Circular-2025-1%C2%B0Sostenedor.pdf\">consult\u00e9 ici<\/a>.<\/p>\n<p data-start=\"579\" data-end=\"797\">Cet accord pr\u00e9voit \u00e9galement la possibilit\u00e9 de souscrire volontairement une assurance suppl\u00e9mentaire pour le second responsable, \u00e0 titre individuel. La date limite pour souscrire cette assurance est le 30 avril 2026.<\/p>\n<p data-start=\"799\" data-end=\"915\">Vous pouvez t\u00e9l\u00e9charger toutes les informations n\u00e9cessaires \u00e0 l\u2019inscription de cette <a href=\"https:\/\/lafase.cl\/wp-content\/uploads\/2026\/03\/Informativo-2\u00b0Sostenedor-2026.pdf\">assurance suppl\u00e9mentaire ici<\/a>.<\/p>\n<p data-start=\"917\" data-end=\"1104\" data-is-last-node=\"\" data-is-only-node=\"\">Pour toute autre demande ou information compl\u00e9mentaire, veuillez contacter par courriel : <a class=\"decorated-link cursor-pointer\" href=\"mailto:Gianinna_quijada@ajg.com\" rel=\"noopener\" data-start=\"1007\" data-end=\"1031\">Gianinna_quijada@ajg.com<\/a>, Mme Gianinna Quijada, conseill\u00e8re chez <strong>Gallagher Corredores de Seguros<\/strong>.<\/p>\n<\/div>\n<\/div>\n<\/div>\n<\/div>\n<\/div>\n<\/div>\n<\/section>\n<\/div>\n<p>[\/vc_column_text][vc_column_text]<\/p>\n<ul>\n<li>\n<h5><a href=\"https:\/\/lafase.cl\/wp-content\/uploads\/2025\/03\/Circular-2025-1\u00b0Sostenedor.pdf\"><strong>Assurance Collective de Scolarit\u00e9 (Vie et invalidit\u00e9) pour les responsables financiers.\u00a0<\/strong><\/a><\/h5>\n<\/li>\n<li>\n<h5><strong><a href=\"https:\/\/lafase.cl\/wp-content\/uploads\/2026\/03\/Informativo-2\u00b0Sostenedor-2026.pdf\">Formulaire pour souscrire une assurance pour le deuxi\u00e8me parent<\/a>.\u00a0<\/strong><\/h5>\n<\/li>\n<li style=\"list-style-type: none;\"><\/li>\n<\/ul>\n<p>[\/vc_column_text][vc_separator border_width=\u00a0\u00bb4&Prime;][\/vc_column][\/vc_row]<\/p>\n<\/section>","protected":false},"excerpt":{"rendered":"<p>[vc_row][vc_column css=\u00a0\u00bb.vc_custom_1489757662264{margin-bottom: 0px !important;}\u00a0\u00bb][vc_custom_heading text=\u00a0\u00bbAssurance scolaire\u00a0\u00bb use_theme_fonts=\u00a0\u00bbyes\u00a0\u00bb][vc_custom_heading text=\u00a0\u00bbLe assurance scolaire se d\u00e9finit comme un ensemble de conditions, de mesures et&nbsp;<a href=\"https:\/\/lafase.cl\/fr\/admision\/seguro-escolar\/\">&hellip;<\/a><\/p>\n","protected":false},"author":1,"featured_media":0,"parent":2153,"menu_order":6,"comment_status":"closed","ping_status":"closed","template":"","meta":{"om_disable_all_campaigns":false,"_monsterinsights_skip_tracking":false,"_monsterinsights_sitenote_active":false,"_monsterinsights_sitenote_note":"","_monsterinsights_sitenote_category":0},"aioseo_notices":[],"_links":{"self":[{"href":"https:\/\/lafase.cl\/fr\/wp-json\/wp\/v2\/pages\/3488"}],"collection":[{"href":"https:\/\/lafase.cl\/fr\/wp-json\/wp\/v2\/pages"}],"about":[{"href":"https:\/\/lafase.cl\/fr\/wp-json\/wp\/v2\/types\/page"}],"author":[{"embeddable":true,"href":"https:\/\/lafase.cl\/fr\/wp-json\/wp\/v2\/users\/1"}],"replies":[{"embeddable":true,"href":"https:\/\/lafase.cl\/fr\/wp-json\/wp\/v2\/comments?post=3488"}],"version-history":[{"count":52,"href":"https:\/\/lafase.cl\/fr\/wp-json\/wp\/v2\/pages\/3488\/revisions"}],"predecessor-version":[{"id":88796,"href":"https:\/\/lafase.cl\/fr\/wp-json\/wp\/v2\/pages\/3488\/revisions\/88796"}],"up":[{"embeddable":true,"href":"https:\/\/lafase.cl\/fr\/wp-json\/wp\/v2\/pages\/2153"}],"wp:attachment":[{"href":"https:\/\/lafase.cl\/fr\/wp-json\/wp\/v2\/media?parent=3488"}],"curies":[{"name":"wp","href":"https:\/\/api.w.org\/{rel}","templated":true}]}}