{"id":346,"date":"2018-09-22T00:08:31","date_gmt":"2018-09-22T03:08:31","guid":{"rendered":"http:\/\/lafase.cl\/?page_id=346"},"modified":"2023-02-08T12:05:57","modified_gmt":"2023-02-08T15:05:57","slug":"le-reseau-aefe","status":"publish","type":"page","link":"https:\/\/lafase.cl\/fr\/establecimiento\/le-reseau-aefe\/","title":{"rendered":"Le r\u00e9seau AEFE"},"content":{"rendered":"<section class=\"wpb-content-wrapper\"><p>[vc_row][vc_column][vc_custom_heading text=\u00a0\u00bbUn syst\u00e8me \u00e9ducatif fran\u00e7ais \u00e0 l&rsquo;\u00e9tranger\u00a0\u00bb font_container=\u00a0\u00bbtag:h1|text_align:left\u00a0\u00bb google_fonts=\u00a0\u00bbfont_family:Playball%3Aregular|font_style:400%20regular%3A400%3Anormal\u00a0\u00bb][vc_row_inner][vc_column_inner][vc_column_text]Le Lyc\u00e9e Antoine de Saint-Exup\u00e9ry est un \u00e9tablissement conventionn\u00e9 <a href=\"http:\/\/www.aefe.fr\/\" target=\"_blank\" rel=\"noopener noreferrer\">AEFE<\/a>, l&rsquo;Agence pour l\u2019Enseignement Fran\u00e7ais \u00e0 l\u2019Etranger.<\/p>\n<p>\u00ab\u00a0<a href=\"http:\/\/www.aefe.fr\/\" target=\"_blank\" rel=\"noopener noreferrer\">L&rsquo;AEFE<\/a> est l&rsquo;op\u00e9rateur public qui, sous la tutelle du ministre de l&rsquo;Europe et des Affaires \u00e9trang\u00e8res, coordonne le r\u00e9seau des \u00e9tablissements d\u2019enseignement fran\u00e7ais \u00e0 l\u2019\u00e9tranger, commun\u00e9ment appel\u00e9s \u00ab lyc\u00e9es fran\u00e7ais \u00bb. Ce r\u00e9seau est constitu\u00e9 de pr\u00e8s de 500 \u00e9tablissements scolaires homologu\u00e9s dont la liste est fix\u00e9e par un arr\u00eat\u00e9 annuel conjoint du ministre de l\u2019\u00c9ducation nationale et du ministre de l&rsquo;Europe et des Affaires \u00e9trang\u00e8res. Ce r\u00e9seau scolaire unique au monde, pr\u00e9sent dans 137 pays, repr\u00e9sente un atout et un levier pour l\u2019influence de la France\u00a0\u00bb.[\/vc_column_text][vc_custom_heading text=\u00a0\u00bbComptant plus de 3000 \u00e9l\u00e8ves, notre lyc\u00e9e est l\u2019un des 10 plus grands du r\u00e9seau et en est l\u2019un des fleurons.\u00a0\u00bb font_container=\u00a0\u00bbtag:h3|text_align:left\u00a0\u00bb google_fonts=\u00a0\u00bbfont_family:Sanchez%3Aregular%2Citalic|font_style:400%20regular%3A400%3Anormal\u00a0\u00bb][\/vc_column_inner][\/vc_row_inner][vc_row_inner][vc_column_inner width=\u00a0\u00bb1\/2&Prime;][vc_video link=\u00a0\u00bbhttps:\/\/www.dailymotion.com\/embed\/video\/x2kk74g\u00a0\u00bb el_aspect=\u00a0\u00bb43&Prime;][\/vc_column_inner][vc_column_inner width=\u00a0\u00bb1\/2&Prime;][vc_video link=\u00a0\u00bbhttps:\/\/youtu.be\/9iYqzMBRZp8&Prime; el_aspect=\u00a0\u00bb43&Prime;][\/vc_column_inner][\/vc_row_inner][vc_custom_heading text=\u00a0\u00bbUne int\u00e9gration au sein de 4 r\u00e9seaux\u00a0\u00bb google_fonts=\u00a0\u00bbfont_family:Abel%3Aregular|font_style:400%20regular%3A400%3Anormal\u00a0\u00bb][vc_column_text]<\/p>\n<ul>\n<li><strong>Le r\u00e9seau Chili :<\/strong>\u00a0notre lyc\u00e9e est l\u2019un des cinq \u00e9tablissements conventionn\u00e9s du Chili, avec Concepci\u00f3n, Curic\u00f3, Osorno et Re\u00f1aca. Ensemble, ces cinq \u00e9tablissements constituent une pr\u00e9sence exceptionnelle de l\u2019enseignement fran\u00e7ais dans un pays pourtant \u00e9loign\u00e9 de la France, et forment un r\u00e9seau national sous l\u2019\u00e9gide de l\u2019Alliance Fran\u00e7aise du Chili. Au sein de ce r\u00e9seau se d\u00e9veloppe une importante collaboration tant technique que p\u00e9dagogique, permettant une fructueuse mutualisation des exp\u00e9riences ainsi que le d\u00e9veloppement de projets (ex : Jeux Inter-Alliances annuels, Projet P\u00e9dagogique Pilote autour du Centenaire de la Grande Guerre en 2014, etc.). Le lyc\u00e9e Antoine de Saint-Exup\u00e9ry coordonne l\u2019organisation du Dipl\u00f4me National du Brevet pour le Chili.<\/li>\n<\/ul>\n<p>&nbsp;<\/p>\n<ul>\n<li><strong>Le r\u00e9seau AMLASUD (Zone Am\u00e9rique Latine Sud ) :<\/strong>\u00a0le lyc\u00e9e Antoine de Saint-Exup\u00e9ry participe activement au r\u00e9seau r\u00e9gional regroupant les \u00e9coles et lyc\u00e9es d\u2019Argentine, Bolivie, Chili, P\u00e9rou et Uruguay. Rattach\u00e9 p\u00e9dagogiquement \u00e0 l\u2019Acad\u00e9mie de Poitiers, la zone propose notamment un Plan R\u00e9gional de Formation continue en financement mutualis\u00e9. La zone AMSUCA compte au total 11 \u00e9tablissements, qui travaillent ensemble et \u00e0 tous les niveaux (personnels enseignants et non-enseignants, direction) \u00e0 des stages et \u00e9changes de pratiques. Site web :\u00a0<a href=\"https:\/\/inspectionamlasud.com\">https:\/\/inspectionamlasud.com<\/a><\/li>\n<\/ul>\n<p>&nbsp;<\/p>\n<ul>\n<li><strong>Le r\u00e9seau C\u00f4ne Sud :\u00a0<\/strong>regroupant les \u00e9tablissements d\u00e9j\u00e0 cit\u00e9s, plus les \u00e9tablissements du Costa Rica, Paraguay et certains lyc\u00e9es br\u00e9siliens (Sao Paulo et Rio de Janeiro), ce r\u00e9seau est coordonn\u00e9 par le lyc\u00e9e Antoine de Saint-Exup\u00e9ry pour l\u2019organisation du baccalaur\u00e9at, toujours en relation avec l\u2019Acad\u00e9mie de Poitiers. En tant que Centre R\u00e9gional de Coordination, Santiago a donc la mission de piloter cet examen pour les milliers d\u2019\u00e9l\u00e8ves qui le passent chaque ann\u00e9e dans la zone.<\/li>\n<\/ul>\n<p>&nbsp;<\/p>\n<ul>\n<li><a href=\"https:\/\/www.aefe.fr\/reseau-scolaire-mondial\/rechercher-un-etablissement\"><strong>Le r\u00e9seau mondial des \u00e9tablissements AEFE<\/strong><\/a><\/li>\n<\/ul>\n<p>[\/vc_column_text][vc_message]<strong>Liens:<\/strong><\/p>\n<ul>\n<li><a href=\"https:\/\/www.aefe.fr\">https:\/\/www.aefe.fr<\/a><\/li>\n<li><a href=\"https:\/\/inspectionamlasud.com\">https:\/\/inspectionamlasud.com<\/a><\/li>\n<\/ul>\n<p>[\/vc_message][\/vc_column][\/vc_row]<\/p>\n<\/section>","protected":false},"excerpt":{"rendered":"<p>[vc_row][vc_column][vc_custom_heading text=\u00a0\u00bbUn syst\u00e8me \u00e9ducatif fran\u00e7ais \u00e0 l&rsquo;\u00e9tranger\u00a0\u00bb font_container=\u00a0\u00bbtag:h1|text_align:left\u00a0\u00bb google_fonts=\u00a0\u00bbfont_family:Playball%3Aregular|font_style:400%20regular%3A400%3Anormal\u00a0\u00bb][vc_row_inner][vc_column_inner][vc_column_text]Le Lyc\u00e9e Antoine de Saint-Exup\u00e9ry est un \u00e9tablissement conventionn\u00e9 AEFE, l&rsquo;Agence pour&nbsp;<a href=\"https:\/\/lafase.cl\/fr\/establecimiento\/le-reseau-aefe\/\">&hellip;<\/a><\/p>\n","protected":false},"author":1,"featured_media":0,"parent":319,"menu_order":4,"comment_status":"closed","ping_status":"closed","template":"","meta":{"om_disable_all_campaigns":false,"_monsterinsights_skip_tracking":false,"_monsterinsights_sitenote_active":false,"_monsterinsights_sitenote_note":"","_monsterinsights_sitenote_category":0},"aioseo_notices":[],"_links":{"self":[{"href":"https:\/\/lafase.cl\/fr\/wp-json\/wp\/v2\/pages\/346"}],"collection":[{"href":"https:\/\/lafase.cl\/fr\/wp-json\/wp\/v2\/pages"}],"about":[{"href":"https:\/\/lafase.cl\/fr\/wp-json\/wp\/v2\/types\/page"}],"author":[{"embeddable":true,"href":"https:\/\/lafase.cl\/fr\/wp-json\/wp\/v2\/users\/1"}],"replies":[{"embeddable":true,"href":"https:\/\/lafase.cl\/fr\/wp-json\/wp\/v2\/comments?post=346"}],"version-history":[{"count":14,"href":"https:\/\/lafase.cl\/fr\/wp-json\/wp\/v2\/pages\/346\/revisions"}],"predecessor-version":[{"id":50866,"href":"https:\/\/lafase.cl\/fr\/wp-json\/wp\/v2\/pages\/346\/revisions\/50866"}],"up":[{"embeddable":true,"href":"https:\/\/lafase.cl\/fr\/wp-json\/wp\/v2\/pages\/319"}],"wp:attachment":[{"href":"https:\/\/lafase.cl\/fr\/wp-json\/wp\/v2\/media?parent=346"}],"curies":[{"name":"wp","href":"https:\/\/api.w.org\/{rel}","templated":true}]}}