{"id":3422,"date":"2017-02-16T13:27:51","date_gmt":"2017-02-16T16:27:51","guid":{"rendered":"http:\/\/lafase.cl\/middle-school\/"},"modified":"2025-03-18T12:48:48","modified_gmt":"2025-03-18T15:48:48","slug":"salud","status":"publish","type":"page","link":"https:\/\/lafase.cl\/fr\/vie-a-lecole\/salud\/","title":{"rendered":"Sant\u00e9 et pr\u00e9vention"},"content":{"rendered":"<section class=\"wpb-content-wrapper\"><p>[vc_row][vc_column][vc_custom_heading text=\u00a0\u00bbInfirmerie\u00a0\u00bb font_container=\u00a0\u00bbtag:h2|font_size:16%20px|text_align:left\u00a0\u00bb use_theme_fonts=\u00a0\u00bbyes\u00a0\u00bb css=\u00a0\u00bb.vc_custom_1742312898824{margin-top: 0px !important;margin-bottom: 20px !important;}\u00a0\u00bb][vc_column_text]<\/p>\n<p style=\"font-weight: 400; text-align: justify;\">L&rsquo;\u00e9cole repr\u00e9sente le deuxi\u00e8me espace le plus influent dans la vie d&rsquo;un enfant ou d&rsquo;un adolescent, apr\u00e8s la maison. Il est essentiel de comprendre le r\u00f4le de l&rsquo;infirmi\u00e8re scolaire pour assurer la coordination des soins, en particulier lorsque l&rsquo;enfant est malade ou qu&rsquo;il pr\u00e9sente des capacit\u00e9s diff\u00e9rentes. Il existe un lien reconnu entre la sant\u00e9 et l&rsquo;apprentissage, il en va de m\u00eame entre la pr\u00e9sence de l&rsquo;infirmi\u00e8re scolaire \u00e0 l&rsquo;\u00e9cole et le bien-\u00eatre et la r\u00e9ussite des \u00e9l\u00e8ves.<\/p>\n<p style=\"font-weight: 400; text-align: justify;\">Le r\u00f4le de l&rsquo;infirmi\u00e8re scolaire comprend, outre les soins pour la sant\u00e9, la pr\u00e9vention des situations \u00e0 risque, la prise en compte des probl\u00e8mes li\u00e9s \u00e0 la sant\u00e9 mentale, \u00e0 la sant\u00e9 affectivo-sexuelle et aux addictions (alcool, tabac, drogues, etc.).<\/p>\n<p style=\"font-weight: 400; text-align: justify;\">L&rsquo;exercice de ces comp\u00e9tences concerne les \u00e9l\u00e8ves et le reste de la communaut\u00e9, l&rsquo;infirmi\u00e8re scolaire \u00e9tant la figure de r\u00e9f\u00e9rence pour la prise en charge des probl\u00e8mes chroniques, aigus et urgents qui surviennent dans l&rsquo;environnement scolaire.<\/p>\n<p>[\/vc_column_text][vc_custom_heading text=\u00a0\u00bbMission de l&rsquo;infirmi\u00e8re\u00a0\u00bb font_container=\u00a0\u00bbtag:h3|font_size:16%20px|text_align:left\u00a0\u00bb use_theme_fonts=\u00a0\u00bbyes\u00a0\u00bb css=\u00a0\u00bb.vc_custom_1684351786431{margin-top: 0px !important;margin-bottom: 20px !important;}\u00a0\u00bb][vc_column_text]<\/p>\n<p style=\"font-weight: 400; text-align: justify;\">L\u2019infirmi\u00e8re professionnelle travaillant en milieu scolaire, fournit des soins de sant\u00e9 et une attention \u00e0 la communaut\u00e9 \u00e9ducative. Son objectif est de contribuer \u00e0 l&rsquo;\u00e9panouissement et au bien-\u00eatre physique, mental et social de cette communaut\u00e9.<\/p>\n<p style=\"font-weight: 400; text-align: justify;\">Le professionnel infirmier est un conseiller en mati\u00e8re de sant\u00e9 et un \u00e9ducateur en mati\u00e8re de sant\u00e9 et d&rsquo;hygi\u00e8ne, qui constitue une r\u00e9f\u00e9rence dans ce domaine pour la communaut\u00e9 scolaire.<\/p>\n<p style=\"font-weight: 400; text-align: justify;\">Son travail est orient\u00e9 vers la fourniture de soins de qualit\u00e9 en cas de maladies chroniques et courantes des \u00e9l\u00e8ves, d&rsquo;accidents scolaires et d&rsquo;accidents du travail des membres du personnel.<\/p>\n<p style=\"font-weight: 400; text-align: justify;\">Elle est le chef de l&rsquo;\u00e9quipe technique infirmi\u00e8re et un collaborateur permanent dans les activit\u00e9s de pr\u00e9vention de la sant\u00e9.<\/p>\n<p>[\/vc_column_text][vc_row_inner][vc_column_inner][vc_btn title=\u00a0\u00bbManuel d&rsquo;infirmerie\u00a0\u00bb color=\u00a0\u00bbmulled-wine\u00a0\u00bb link=\u00a0\u00bburl:https%3A%2F%2Flafase.cl%2Fwp-content%2Fuploads%2F2023%2F05%2FManual-de-enfermeria-2023.pdf\u00a0\u00bb][\/vc_column_inner][\/vc_row_inner][vc_empty_space][\/vc_column][\/vc_row][vc_row css=\u00a0\u00bb.vc_custom_1487773030229{margin-bottom: 35px !important;}\u00a0\u00bb][vc_column width=\u00a0\u00bb1\/2&Prime;]\n\t\t\t\t\t<div class=\"wh-theme-icon vc_custom_1649433593049  scp_theme_icon-a7d7491fea49e64795e5bc926f439e2f\">\n\t\t\t\t<i class=\"icon-edtelephone\"><\/i>\n\t\t\t<\/div>\n\t\t\t\t[vc_column_text]<\/p>\n<p style=\"padding-left: 120px;\"><strong>Vitacura<\/strong><\/p>\n<p style=\"padding-left: 120px;\">Tel: +56 22 827 8226 \/ 22 827 8296<br \/>\n<a href=\"mailto:enfermeria@lafase.cl\">enfermeria@lafase.cl<\/a><\/p>\n<p>[\/vc_column_text][\/vc_column][vc_column width=\u00a0\u00bb1\/2&Prime;]\n\t\t\t\t\t<div class=\"wh-theme-icon vc_custom_1649433635992  scp_theme_icon-a01e264d50b7e75766f40310a31a0322\">\n\t\t\t\t<i class=\"icon-edtelephone\"><\/i>\n\t\t\t<\/div>\n\t\t\t\t[vc_column_text]<\/p>\n<p style=\"padding-left: 120px;\"><strong>Chamisero<\/strong><\/p>\n<p style=\"padding-left: 120px;\">Tel: +56 22 530 0704<br \/>\n<a href=\"mailto:enfermeria.chamisero@lafase.cl\">enfermeria.chamisero@lafase.cl<\/a><\/p>\n<p>[\/vc_column_text][\/vc_column][\/vc_row]<\/p>\n<\/section>","protected":false},"excerpt":{"rendered":"<p>[vc_row][vc_column][vc_custom_heading text=\u00a0\u00bbInfirmerie\u00a0\u00bb font_container=\u00a0\u00bbtag:h2|font_size:16%20px|text_align:left\u00a0\u00bb use_theme_fonts=\u00a0\u00bbyes\u00a0\u00bb css=\u00a0\u00bb.vc_custom_1742312898824{margin-top: 0px !important;margin-bottom: 20px !important;}\u00a0\u00bb][vc_column_text] L&rsquo;\u00e9cole repr\u00e9sente le deuxi\u00e8me espace le plus influent dans la vie&nbsp;<a href=\"https:\/\/lafase.cl\/fr\/vie-a-lecole\/salud\/\">&hellip;<\/a><\/p>\n","protected":false},"author":3,"featured_media":0,"parent":11599,"menu_order":7,"comment_status":"closed","ping_status":"closed","template":"","meta":{"om_disable_all_campaigns":false,"_monsterinsights_skip_tracking":false,"_monsterinsights_sitenote_active":false,"_monsterinsights_sitenote_note":"","_monsterinsights_sitenote_category":0},"aioseo_notices":[],"_links":{"self":[{"href":"https:\/\/lafase.cl\/fr\/wp-json\/wp\/v2\/pages\/3422"}],"collection":[{"href":"https:\/\/lafase.cl\/fr\/wp-json\/wp\/v2\/pages"}],"about":[{"href":"https:\/\/lafase.cl\/fr\/wp-json\/wp\/v2\/types\/page"}],"author":[{"embeddable":true,"href":"https:\/\/lafase.cl\/fr\/wp-json\/wp\/v2\/users\/3"}],"replies":[{"embeddable":true,"href":"https:\/\/lafase.cl\/fr\/wp-json\/wp\/v2\/comments?post=3422"}],"version-history":[{"count":31,"href":"https:\/\/lafase.cl\/fr\/wp-json\/wp\/v2\/pages\/3422\/revisions"}],"predecessor-version":[{"id":77898,"href":"https:\/\/lafase.cl\/fr\/wp-json\/wp\/v2\/pages\/3422\/revisions\/77898"}],"up":[{"embeddable":true,"href":"https:\/\/lafase.cl\/fr\/wp-json\/wp\/v2\/pages\/11599"}],"wp:attachment":[{"href":"https:\/\/lafase.cl\/fr\/wp-json\/wp\/v2\/media?parent=3422"}],"curies":[{"name":"wp","href":"https:\/\/api.w.org\/{rel}","templated":true}]}}