{"id":3361,"date":"2019-02-26T19:33:09","date_gmt":"2019-02-26T22:33:09","guid":{"rendered":"http:\/\/lafase.cl\/elementaire\/vida-escolar\/"},"modified":"2026-03-16T14:22:09","modified_gmt":"2026-03-16T17:22:09","slug":"vida-escolar","status":"publish","type":"page","link":"https:\/\/lafase.cl\/fr\/elementaire\/vida-escolar\/","title":{"rendered":"Vie scolaire de l&rsquo;\u00e9l\u00e9mentaire"},"content":{"rendered":"<section class=\"wpb-content-wrapper\"><p>[vc_row][vc_column][vc_custom_heading text=\u00a0\u00bbVie scolaire \u00e9l\u00e9mentaire\u00a0\u00bb use_theme_fonts=\u00a0\u00bbyes\u00a0\u00bb][vc_tta_accordion color=\u00a0\u00bbsky\u00a0\u00bb active_section=\u00a0\u00bb\u00a0\u00bb no_fill=\u00a0\u00bbtrue\u00a0\u00bb collapsible_all=\u00a0\u00bbtrue\u00a0\u00bb][vc_tta_section i_icon_fontawesome=\u00a0\u00bbfa fa-phone-square\u00a0\u00bb add_icon=\u00a0\u00bbtrue\u00a0\u00bb title=\u00a0\u00bbVie scolaire Vitacura\u00a0\u00bb tab_id=\u00a0\u00bb1677866241784-7383f6ff-3586&Prime;][vc_row_inner][vc_column_inner width=\u00a0\u00bb1\/3&Prime;]\t\t<div class=\"scp-teachers \">\n\t\t\t\t\t\t<div class=\"teacher one whole \">\n\t\t\t\t<div class=\"inner-wrap\">\n\t\t\t\t\t<div class=\"thumbnail\">\n\t\t\t\t\t\t<a href=\"https:\/\/lafase.cl\/fr\/teachers\/sra-lorena-roca-2\/\" title=\"Lorena Roca\"><img width=\"150\" height=\"150\" src=\"https:\/\/lafase.cl\/wp-content\/uploads\/2019\/03\/Lorena-150x150.jpg\" class=\"attachment-thumbnail size-thumbnail wp-post-image\" alt=\"\" loading=\"lazy\" \/><\/a>\t\t\t\t\t<\/div>\n\t\t\t\t\t<div class=\"item\">\n\t\t\t\t\t\t<h5 class=\"entry-title\"><a\n\t\t\t\t\t\t\t\thref=\"https:\/\/lafase.cl\/fr\/teachers\/sra-lorena-roca-2\/\">Lorena Roca<\/a>\n\t\t\t\t\t\t<\/h5>\n\t\t\t\t\t\t\t\t\t\t\t\t\t\t\t\t\t\t\t<h6 class=\"job-title\">Inspectrice niveau CP<\/h6>\n\t\t\t\t\t\t\t\t\t\t\t\t\t\t\t\t\t\t\t\t\t\t\t\t\t<div class=\"summary\"><p>+56 22 827 8<strong>255<\/strong><\/p>\n<p><a href=\"mailto:lorena.roca@lafase.cl\">lorena.roca@lafase.cl<\/a><\/p>\n<\/div>\n\t\t\t\t\t\t\n\t\t\t\t\t\t\t\t\t\t\t\t\t\t\t\t\t<\/div>\n\t\t\t\t<\/div>\n\t\t\t<\/div>\n\t\t\t\t\t<\/div>\n\t\t[\/vc_column_inner][vc_column_inner width=\u00a0\u00bb1\/3&Prime;]\t\t<div class=\"scp-teachers \">\n\t\t\t\t\t\t<div class=\"teacher one whole \">\n\t\t\t\t<div class=\"inner-wrap\">\n\t\t\t\t\t<div class=\"thumbnail\">\n\t\t\t\t\t\t<a href=\"https:\/\/lafase.cl\/fr\/teachers\/cecilia-yob\/\" title=\"Miriam V\u00e1squez\"><img width=\"150\" height=\"150\" src=\"https:\/\/lafase.cl\/wp-content\/uploads\/2022\/03\/Miriam2-150x150.jpg\" class=\"attachment-thumbnail size-thumbnail wp-post-image\" alt=\"\" loading=\"lazy\" \/><\/a>\t\t\t\t\t<\/div>\n\t\t\t\t\t<div class=\"item\">\n\t\t\t\t\t\t<h5 class=\"entry-title\"><a\n\t\t\t\t\t\t\t\thref=\"https:\/\/lafase.cl\/fr\/teachers\/cecilia-yob\/\">Miriam V\u00e1squez<\/a>\n\t\t\t\t\t\t<\/h5>\n\t\t\t\t\t\t\t\t\t\t\t\t\t\t\t\t\t\t\t<h6 class=\"job-title\">Inspectrice niveau CE1<\/h6>\n\t\t\t\t\t\t\t\t\t\t\t\t\t\t\t\t\t\t\t\t\t\t\t\t\t<div class=\"summary\"><p>+56 22 827 8<strong>244<\/strong><\/p>\n<p><a href=\"mailto:miriam.vasquez@lafase.cl\">miriam.vasquez@lafase.cl<\/a><\/p>\n<\/div>\n\t\t\t\t\t\t\n\t\t\t\t\t\t\t\t\t\t\t\t\t\t\t\t\t<\/div>\n\t\t\t\t<\/div>\n\t\t\t<\/div>\n\t\t\t\t\t<\/div>\n\t\t[\/vc_column_inner][vc_column_inner width=\u00a0\u00bb1\/3&Prime;]\t\t<div class=\"scp-teachers \">\n\t\t\t\t\t\t<div class=\"teacher one whole \">\n\t\t\t\t<div class=\"inner-wrap\">\n\t\t\t\t\t<div class=\"thumbnail\">\n\t\t\t\t\t\t<a href=\"https:\/\/lafase.cl\/fr\/teachers\/paulina-hudman-2\/\" title=\"Paulina Nudman\"><img width=\"150\" height=\"150\" src=\"https:\/\/lafase.cl\/wp-content\/uploads\/2019\/03\/Captura-de-pantalla-2026-02-23-a-las-12.29.17-150x150.png\" class=\"attachment-thumbnail size-thumbnail wp-post-image\" alt=\"\" loading=\"lazy\" \/><\/a>\t\t\t\t\t<\/div>\n\t\t\t\t\t<div class=\"item\">\n\t\t\t\t\t\t<h5 class=\"entry-title\"><a\n\t\t\t\t\t\t\t\thref=\"https:\/\/lafase.cl\/fr\/teachers\/paulina-hudman-2\/\">Paulina Nudman<\/a>\n\t\t\t\t\t\t<\/h5>\n\t\t\t\t\t\t\t\t\t\t\t\t\t\t\t\t\t\t\t<h6 class=\"job-title\">Inspectrice niveau CE2<\/h6>\n\t\t\t\t\t\t\t\t\t\t\t\t\t\t\t\t\t\t\t\t\t\t\t\t\t<div class=\"summary\"><p>+56 22 827 8<strong>311<\/strong><\/p>\n<p><a href=\"mailto:paulina.nudman@lafase.cl\">paulina.nudman@lafase.cl<\/a><\/p>\n<\/div>\n\t\t\t\t\t\t\n\t\t\t\t\t\t\t\t\t\t\t\t\t\t\t\t\t<\/div>\n\t\t\t\t<\/div>\n\t\t\t<\/div>\n\t\t\t\t\t<\/div>\n\t\t[\/vc_column_inner][\/vc_row_inner][vc_row_inner][vc_column_inner width=\u00a0\u00bb1\/3&Prime;]\t\t<div class=\"scp-teachers \">\n\t\t\t\t\t\t<div class=\"teacher one whole \">\n\t\t\t\t<div class=\"inner-wrap\">\n\t\t\t\t\t<div class=\"thumbnail\">\n\t\t\t\t\t\t<a href=\"https:\/\/lafase.cl\/fr\/teachers\/sr-mario-cortes\/\" title=\"Mario Cort\u00e9s\"><img width=\"150\" height=\"150\" src=\"https:\/\/lafase.cl\/wp-content\/uploads\/2019\/03\/Captura-de-pantalla-2026-02-23-a-las-14.03.27-150x150.png\" class=\"attachment-thumbnail size-thumbnail wp-post-image\" alt=\"\" loading=\"lazy\" \/><\/a>\t\t\t\t\t<\/div>\n\t\t\t\t\t<div class=\"item\">\n\t\t\t\t\t\t<h5 class=\"entry-title\"><a\n\t\t\t\t\t\t\t\thref=\"https:\/\/lafase.cl\/fr\/teachers\/sr-mario-cortes\/\">Mario Cort\u00e9s<\/a>\n\t\t\t\t\t\t<\/h5>\n\t\t\t\t\t\t\t\t\t\t\t\t\t\t\t\t\t\t\t<h6 class=\"job-title\">Inspecteur niveau CM1<\/h6>\n\t\t\t\t\t\t\t\t\t\t\t\t\t\t\t\t\t\t\t\t\t\t\t\t\t<div class=\"summary\"><p>+56 22 827 8<strong>312<\/strong><\/p>\n<p><a href=\"mailto:mauricio.farias@lafase.cl\">mauricio.farias@lafase.cl<\/a><\/p>\n<\/div>\n\t\t\t\t\t\t\n\t\t\t\t\t\t\t\t\t\t\t\t\t\t\t\t\t<\/div>\n\t\t\t\t<\/div>\n\t\t\t<\/div>\n\t\t\t\t\t<\/div>\n\t\t[\/vc_column_inner][vc_column_inner width=\u00a0\u00bb1\/3&Prime;]\t\t<div class=\"scp-teachers \">\n\t\t\t\t\t\t<div class=\"teacher one whole \">\n\t\t\t\t<div class=\"inner-wrap\">\n\t\t\t\t\t<div class=\"thumbnail\">\n\t\t\t\t\t\t<a href=\"https:\/\/lafase.cl\/fr\/teachers\/fabian-colas\/\" title=\"Fabi\u00e1n Colas\"><img width=\"150\" height=\"150\" src=\"https:\/\/lafase.cl\/wp-content\/uploads\/2019\/03\/Captura-de-pantalla-2026-02-23-a-las-12.34.16-150x150.jpg\" class=\"attachment-thumbnail size-thumbnail wp-post-image\" alt=\"\" loading=\"lazy\" \/><\/a>\t\t\t\t\t<\/div>\n\t\t\t\t\t<div class=\"item\">\n\t\t\t\t\t\t<h5 class=\"entry-title\"><a\n\t\t\t\t\t\t\t\thref=\"https:\/\/lafase.cl\/fr\/teachers\/fabian-colas\/\">Fabi\u00e1n Colas<\/a>\n\t\t\t\t\t\t<\/h5>\n\t\t\t\t\t\t\t\t\t\t\t\t\t\t\t\t\t\t\t<h6 class=\"job-title\">Inspecteur niveau CM2<\/h6>\n\t\t\t\t\t\t\t\t\t\t\t\t\t\t\t\t\t\t\t\t\t\t\t\t\t<div class=\"summary\"><p>+56 22 827 8<strong>312<\/strong><\/p>\n<p><a href=\"mailto:fabian.colas@lafase.cl\">fabian.colas@lafase.cl<\/a><\/p>\n<\/div>\n\t\t\t\t\t\t\n\t\t\t\t\t\t\t\t\t\t\t\t\t\t\t\t\t<\/div>\n\t\t\t\t<\/div>\n\t\t\t<\/div>\n\t\t\t\t\t<\/div>\n\t\t[\/vc_column_inner][vc_column_inner width=\u00a0\u00bb1\/3&Prime;]\t\t<div class=\"scp-teachers \">\n\t\t\t\t\t\t<div class=\"teacher one whole \">\n\t\t\t\t<div class=\"inner-wrap\">\n\t\t\t\t\t<div class=\"thumbnail\">\n\t\t\t\t\t\t<a href=\"https:\/\/lafase.cl\/fr\/teachers\/caroline-loof\/\" title=\"Sof\u00eda Llona\"><img width=\"150\" height=\"150\" src=\"https:\/\/lafase.cl\/wp-content\/uploads\/2023\/03\/Sofia-Llona-150x150.jpg\" class=\"attachment-thumbnail size-thumbnail wp-post-image\" alt=\"\" loading=\"lazy\" \/><\/a>\t\t\t\t\t<\/div>\n\t\t\t\t\t<div class=\"item\">\n\t\t\t\t\t\t<h5 class=\"entry-title\"><a\n\t\t\t\t\t\t\t\thref=\"https:\/\/lafase.cl\/fr\/teachers\/caroline-loof\/\">Sof\u00eda Llona<\/a>\n\t\t\t\t\t\t<\/h5>\n\t\t\t\t\t\t\t\t\t\t\t\t\t\t\t\t\t\t\t\t\t\t\t\t\t\t\t\t\t\t\t<div class=\"summary\"><div>Coordinatrice du Temps Scolaire<\/div>\n<div>\u00c9l\u00e9mentaire - B\u00e1sica<\/div>\n<div><a href=\"mailto:sofia.llona@lafase.cl\">sofia.llona@lafase.cl<\/a><\/div>\n<div><\/div>\n<\/div>\n\t\t\t\t\t\t\n\t\t\t\t\t\t\t\t\t\t\t\t\t\t\t\t\t<\/div>\n\t\t\t\t<\/div>\n\t\t\t<\/div>\n\t\t\t\t\t<\/div>\n\t\t[\/vc_column_inner][\/vc_row_inner][\/vc_tta_section][vc_tta_section i_icon_fontawesome=\u00a0\u00bbfa fa-phone-square\u00a0\u00bb add_icon=\u00a0\u00bbtrue\u00a0\u00bb title=\u00a0\u00bbVida escolar Chamisero\u00a0\u00bb tab_id=\u00a0\u00bb1677866241804-55a3ce55-7a77&Prime;][vc_row_inner][vc_column_inner width=\u00a0\u00bb1\/3&Prime;]\t\t<div class=\"scp-teachers \">\n\t\t\t\t\t\t<div class=\"teacher one whole \">\n\t\t\t\t<div class=\"inner-wrap\">\n\t\t\t\t\t<div class=\"thumbnail\">\n\t\t\t\t\t\t<a href=\"https:\/\/lafase.cl\/fr\/teachers\/marianela-avila\/\" title=\"Marianela Avila\"><img width=\"150\" height=\"150\" src=\"https:\/\/lafase.cl\/wp-content\/uploads\/2021\/08\/Marianela-Avila-1-150x150.jpg\" class=\"attachment-thumbnail size-thumbnail wp-post-image\" alt=\"\" loading=\"lazy\" \/><\/a>\t\t\t\t\t<\/div>\n\t\t\t\t\t<div class=\"item\">\n\t\t\t\t\t\t<h5 class=\"entry-title\"><a\n\t\t\t\t\t\t\t\thref=\"https:\/\/lafase.cl\/fr\/teachers\/marianela-avila\/\">Marianela Avila<\/a>\n\t\t\t\t\t\t<\/h5>\n\t\t\t\t\t\t\t\t\t\t\t\t\t\t\t\t\t\t\t<h6 class=\"job-title\">Inspectrice niveau CP + CP\/CE1J<\/h6>\n\t\t\t\t\t\t\t\t\t\t\t\t\t\t\t\t\t\t\t\t\t\t\t\t\t<div class=\"summary\"><p>+56 22 530 0<strong>711<\/strong><br \/>\n<a href=\"mailto:vidaescolarchamisero@lafase.cl\">vidaescolarchamisero@lafase.cl<\/a><\/p>\n<\/div>\n\t\t\t\t\t\t\n\t\t\t\t\t\t\t\t\t\t\t\t\t\t\t\t\t<\/div>\n\t\t\t\t<\/div>\n\t\t\t<\/div>\n\t\t\t\t\t<\/div>\n\t\t[\/vc_column_inner][vc_column_inner width=\u00a0\u00bb1\/3&Prime;]\t\t<div class=\"scp-teachers \">\n\t\t\t\t\t\t<div class=\"teacher one whole \">\n\t\t\t\t<div class=\"inner-wrap\">\n\t\t\t\t\t<div class=\"thumbnail\">\n\t\t\t\t\t\t<a href=\"https:\/\/lafase.cl\/fr\/teachers\/francisca-munoz\/\" title=\"Francisca Mu\u00f1oz\"><img width=\"150\" height=\"150\" src=\"https:\/\/lafase.cl\/wp-content\/uploads\/2026\/03\/Captura-de-pantalla-2026-03-16-a-las-14.06.14-150x150.png\" class=\"attachment-thumbnail size-thumbnail wp-post-image\" alt=\"\" loading=\"lazy\" \/><\/a>\t\t\t\t\t<\/div>\n\t\t\t\t\t<div class=\"item\">\n\t\t\t\t\t\t<h5 class=\"entry-title\"><a\n\t\t\t\t\t\t\t\thref=\"https:\/\/lafase.cl\/fr\/teachers\/francisca-munoz\/\">Francisca Mu\u00f1oz<\/a>\n\t\t\t\t\t\t<\/h5>\n\t\t\t\t\t\t\t\t\t\t\t\t\t\t\t\t\t\t\t<h6 class=\"job-title\">Inspectrice niveau CE1<\/h6>\n\t\t\t\t\t\t\t\t\t\t\t\t\t\t\t\t\t\t\t\t\t\t\t\t\t<div class=\"summary\"><p>+56 22 530 0<strong>726<\/strong><\/p>\n<p><a href=\"mailto:vidaescolarchamisero@lafase.cl\" target=\"_blank\" rel=\"noopener\">vidaescolarchamisero@lafase.cl<\/a><\/p>\n<\/div>\n\t\t\t\t\t\t\n\t\t\t\t\t\t\t\t\t\t\t\t\t\t\t\t\t<\/div>\n\t\t\t\t<\/div>\n\t\t\t<\/div>\n\t\t\t\t\t<\/div>\n\t\t[\/vc_column_inner][vc_column_inner width=\u00a0\u00bb1\/3&Prime;]\t\t<div class=\"scp-teachers \">\n\t\t\t\t\t\t<div class=\"teacher one whole \">\n\t\t\t\t<div class=\"inner-wrap\">\n\t\t\t\t\t<div class=\"thumbnail\">\n\t\t\t\t\t\t\t\t\t\t\t<\/div>\n\t\t\t\t\t<div class=\"item\">\n\t\t\t\t\t\t<h5 class=\"entry-title\"><a\n\t\t\t\t\t\t\t\thref=\"https:\/\/lafase.cl\/fr\/teachers\/maria-jose-riquelme\/\">Mar\u00eda Jos\u00e9 Riquelme<\/a>\n\t\t\t\t\t\t<\/h5>\n\t\t\t\t\t\t\t\t\t\t\t\t\t\t\t\t\t\t\t<h6 class=\"job-title\">Inspectrice niveau CE2<\/h6>\n\t\t\t\t\t\t\t\t\t\t\t\t\t\t\t\t\t\t\t\t\t\t\t\t\t<div class=\"summary\"><p>+56 22 530 0<strong>726<\/strong><\/p>\n<p><a href=\"mailto:vidaescolarchamisero@lafase.cl\" target=\"_blank\" rel=\"noopener\">vidaescolarchamisero@lafase.cl<\/a><\/p>\n<\/div>\n\t\t\t\t\t\t\n\t\t\t\t\t\t\t\t\t\t\t\t\t\t\t\t\t<\/div>\n\t\t\t\t<\/div>\n\t\t\t<\/div>\n\t\t\t\t\t<\/div>\n\t\t[\/vc_column_inner][\/vc_row_inner][vc_row_inner][vc_column_inner width=\u00a0\u00bb1\/3&Prime;]\t\t<div class=\"scp-teachers \">\n\t\t\t\t\t\t<div class=\"teacher one whole \">\n\t\t\t\t<div class=\"inner-wrap\">\n\t\t\t\t\t<div class=\"thumbnail\">\n\t\t\t\t\t\t<a href=\"https:\/\/lafase.cl\/fr\/teachers\/jose-miguel-melo\/\" title=\"Jos\u00e9 Miguel Melo\"><img width=\"150\" height=\"150\" src=\"https:\/\/lafase.cl\/wp-content\/uploads\/2023\/03\/Jose-Miguel-Melo-150x150.jpg\" class=\"attachment-thumbnail size-thumbnail wp-post-image\" alt=\"\" loading=\"lazy\" \/><\/a>\t\t\t\t\t<\/div>\n\t\t\t\t\t<div class=\"item\">\n\t\t\t\t\t\t<h5 class=\"entry-title\"><a\n\t\t\t\t\t\t\t\thref=\"https:\/\/lafase.cl\/fr\/teachers\/jose-miguel-melo\/\">Jos\u00e9 Miguel Melo<\/a>\n\t\t\t\t\t\t<\/h5>\n\t\t\t\t\t\t\t\t\t\t\t\t\t\t\t\t\t\t\t<h6 class=\"job-title\">Inspecteur niveau CM1<\/h6>\n\t\t\t\t\t\t\t\t\t\t\t\t\t\t\t\t\t\t\t\t\t\t\t\t\t<div class=\"summary\"><p>+56 22 530 0<strong>727<\/strong><\/p>\n<p><span lang=\"FR\"><a href=\"mailto:vidaescolarchamisero@lafase.cl\"><span lang=\"ES-MX\">vidaescolarchamisero@lafase.cl<\/span><\/a><\/span><\/p>\n<\/div>\n\t\t\t\t\t\t\n\t\t\t\t\t\t\t\t\t\t\t\t\t\t\t\t\t<\/div>\n\t\t\t\t<\/div>\n\t\t\t<\/div>\n\t\t\t\t\t<\/div>\n\t\t[\/vc_column_inner][vc_column_inner width=\u00a0\u00bb1\/3&Prime;]\t\t<div class=\"scp-teachers \">\n\t\t\t\t\t\t<div class=\"teacher one whole \">\n\t\t\t\t<div class=\"inner-wrap\">\n\t\t\t\t\t<div class=\"thumbnail\">\n\t\t\t\t\t\t<a href=\"https:\/\/lafase.cl\/fr\/teachers\/claudette-hassmann\/\" title=\"Claudette Hassmann\"><img width=\"150\" height=\"150\" src=\"https:\/\/lafase.cl\/wp-content\/uploads\/2023\/03\/Captura-de-pantalla-2025-04-09-a-las-16.33.02-150x150.jpg\" class=\"attachment-thumbnail size-thumbnail wp-post-image\" alt=\"\" loading=\"lazy\" \/><\/a>\t\t\t\t\t<\/div>\n\t\t\t\t\t<div class=\"item\">\n\t\t\t\t\t\t<h5 class=\"entry-title\"><a\n\t\t\t\t\t\t\t\thref=\"https:\/\/lafase.cl\/fr\/teachers\/claudette-hassmann\/\">Claudette Hassmann<\/a>\n\t\t\t\t\t\t<\/h5>\n\t\t\t\t\t\t\t\t\t\t\t\t\t\t\t\t\t\t\t<h6 class=\"job-title\">Inspectrice niveau CM2<\/h6>\n\t\t\t\t\t\t\t\t\t\t\t\t\t\t\t\t\t\t\t\t\t\t\t\t\t<div class=\"summary\"><p>+56 22 530 0<strong>728<\/strong><\/p>\n<p><span lang=\"FR\"><a href=\"mailto:vidaescolarchamisero@lafase.cl\"><span lang=\"ES-MX\">vidaescolarchamisero@lafase.cl<\/span><\/a><\/span><\/p>\n<\/div>\n\t\t\t\t\t\t\n\t\t\t\t\t\t\t\t\t\t\t\t\t\t\t\t\t<\/div>\n\t\t\t\t<\/div>\n\t\t\t<\/div>\n\t\t\t\t\t<\/div>\n\t\t[\/vc_column_inner][vc_column_inner width=\u00a0\u00bb1\/3&Prime;]\t\t<div class=\"scp-teachers \">\n\t\t\t\t\t\t<div class=\"teacher one whole \">\n\t\t\t\t<div class=\"inner-wrap\">\n\t\t\t\t\t<div class=\"thumbnail\">\n\t\t\t\t\t\t<a href=\"https:\/\/lafase.cl\/fr\/teachers\/caroline-loof\/\" title=\"Sof\u00eda Llona\"><img width=\"150\" height=\"150\" src=\"https:\/\/lafase.cl\/wp-content\/uploads\/2023\/03\/Sofia-Llona-150x150.jpg\" class=\"attachment-thumbnail size-thumbnail wp-post-image\" alt=\"\" loading=\"lazy\" \/><\/a>\t\t\t\t\t<\/div>\n\t\t\t\t\t<div class=\"item\">\n\t\t\t\t\t\t<h5 class=\"entry-title\"><a\n\t\t\t\t\t\t\t\thref=\"https:\/\/lafase.cl\/fr\/teachers\/caroline-loof\/\">Sof\u00eda Llona<\/a>\n\t\t\t\t\t\t<\/h5>\n\t\t\t\t\t\t\t\t\t\t\t\t\t\t\t\t\t\t\t\t\t\t\t\t\t\t\t\t\t\t\t<div class=\"summary\"><div>Coordinatrice du Temps Scolaire<\/div>\n<div>\u00c9l\u00e9mentaire - B\u00e1sica<\/div>\n<div><a href=\"mailto:sofia.llona@lafase.cl\">sofia.llona@lafase.cl<\/a><\/div>\n<div><\/div>\n<\/div>\n\t\t\t\t\t\t\n\t\t\t\t\t\t\t\t\t\t\t\t\t\t\t\t\t<\/div>\n\t\t\t\t<\/div>\n\t\t\t<\/div>\n\t\t\t\t\t<\/div>\n\t\t[\/vc_column_inner][\/vc_row_inner][\/vc_tta_section][\/vc_tta_accordion][\/vc_column][\/vc_row]<\/p>\n<\/section>","protected":false},"excerpt":{"rendered":"<p>[vc_row][vc_column][vc_custom_heading text=\u00a0\u00bbVie scolaire \u00e9l\u00e9mentaire\u00a0\u00bb use_theme_fonts=\u00a0\u00bbyes\u00a0\u00bb][vc_tta_accordion color=\u00a0\u00bbsky\u00a0\u00bb active_section=\u00a0\u00bb\u00a0\u00bb no_fill=\u00a0\u00bbtrue\u00a0\u00bb collapsible_all=\u00a0\u00bbtrue\u00a0\u00bb][vc_tta_section i_icon_fontawesome=\u00a0\u00bbfa fa-phone-square\u00a0\u00bb add_icon=\u00a0\u00bbtrue\u00a0\u00bb title=\u00a0\u00bbVie scolaire Vitacura\u00a0\u00bb tab_id=\u00a0\u00bb1677866241784-7383f6ff-3586&Prime;][vc_row_inner][vc_column_inner width=\u00a0\u00bb1\/3&Prime;][\/vc_column_inner][vc_column_inner width=\u00a0\u00bb1\/3&Prime;][\/vc_column_inner][vc_column_inner width=\u00a0\u00bb1\/3&Prime;][\/vc_column_inner][\/vc_row_inner][vc_row_inner][vc_column_inner width=\u00a0\u00bb1\/3&Prime;][\/vc_column_inner][vc_column_inner&nbsp;<a href=\"https:\/\/lafase.cl\/fr\/elementaire\/vida-escolar\/\">&hellip;<\/a><\/p>\n","protected":false},"author":1,"featured_media":0,"parent":2269,"menu_order":2,"comment_status":"closed","ping_status":"closed","template":"","meta":{"om_disable_all_campaigns":false,"_monsterinsights_skip_tracking":false,"_monsterinsights_sitenote_active":false,"_monsterinsights_sitenote_note":"","_monsterinsights_sitenote_category":0},"aioseo_notices":[],"_links":{"self":[{"href":"https:\/\/lafase.cl\/fr\/wp-json\/wp\/v2\/pages\/3361"}],"collection":[{"href":"https:\/\/lafase.cl\/fr\/wp-json\/wp\/v2\/pages"}],"about":[{"href":"https:\/\/lafase.cl\/fr\/wp-json\/wp\/v2\/types\/page"}],"author":[{"embeddable":true,"href":"https:\/\/lafase.cl\/fr\/wp-json\/wp\/v2\/users\/1"}],"replies":[{"embeddable":true,"href":"https:\/\/lafase.cl\/fr\/wp-json\/wp\/v2\/comments?post=3361"}],"version-history":[{"count":55,"href":"https:\/\/lafase.cl\/fr\/wp-json\/wp\/v2\/pages\/3361\/revisions"}],"predecessor-version":[{"id":51681,"href":"https:\/\/lafase.cl\/fr\/wp-json\/wp\/v2\/pages\/3361\/revisions\/51681"}],"up":[{"embeddable":true,"href":"https:\/\/lafase.cl\/fr\/wp-json\/wp\/v2\/pages\/2269"}],"wp:attachment":[{"href":"https:\/\/lafase.cl\/fr\/wp-json\/wp\/v2\/media?parent=3361"}],"curies":[{"name":"wp","href":"https:\/\/api.w.org\/{rel}","templated":true}]}}