{"id":33414,"date":"2021-06-18T09:30:06","date_gmt":"2021-06-18T13:30:06","guid":{"rendered":"http:\/\/lafase.cl\/orientation\/orientacion-en-2o-medio\/"},"modified":"2021-06-18T09:38:58","modified_gmt":"2021-06-18T13:38:58","slug":"orientacion-en-2o-medio","status":"publish","type":"page","link":"https:\/\/lafase.cl\/fr\/orientation\/orientacion-en-2o-medio\/","title":{"rendered":"Orientation en seconde"},"content":{"rendered":"<section class=\"wpb-content-wrapper\"><p>[vc_row][vc_column][vc_custom_heading text=\u00a0\u00bbOrientation apr\u00e8s la seconde\u00a0\u00bb google_fonts=\u00a0\u00bbfont_family:Abel%3Aregular|font_style:400%20regular%3A400%3Anormal\u00a0\u00bb][vc_row_inner][vc_column_inner width=\u00a0\u00bb1\/2&Prime;][vc_video link=\u00a0\u00bbhttps:\/\/youtu.be\/4W5ogAb8nKw\u00a0\u00bb][\/vc_column_inner][vc_column_inner width=\u00a0\u00bb1\/2&Prime;][vc_column_text]Amaury Scheffter, conseiller d&rsquo;orientation au lyc\u00e9e, nous parle des diff\u00e9rentes voies que peuvent choisir les \u00e9l\u00e8ves apr\u00e8s la seconde.[\/vc_column_text][vc_btn title=\u00a0\u00bbApr\u00e8s la seconde, choisir sa voie d&rsquo;orientation\u00a0\u00bb style=\u00a0\u00bboutline-custom\u00a0\u00bb outline_custom_color=\u00a0\u00bb#666666&Prime; outline_custom_hover_background=\u00a0\u00bb#666666&Prime; outline_custom_hover_text=\u00a0\u00bb#ffffff\u00a0\u00bb shape=\u00a0\u00bbsquare\u00a0\u00bb size=\u00a0\u00bblg\u00a0\u00bb i_icon_fontawesome=\u00a0\u00bbfa fa-file-pdf-o\u00a0\u00bb add_icon=\u00a0\u00bbtrue\u00a0\u00bb link=\u00a0\u00bburl:http%3A%2F%2Flafase.cl%2Fwp-content%2Fuploads%2F2021%2F06%2FApre%CC%81s-la-seconde-complet-2021.pdf||target:%20_blank|\u00a0\u00bb][\/vc_column_inner][\/vc_row_inner][vc_row_inner][vc_column_inner width=\u00a0\u00bb1\/3&Prime;][vc_message]Tester ses combinaisons d\u2019enseignement de sp\u00e9cialit\u00e9 et d\u00e9couvrir les poursuites d&rsquo;\u00e9tudes possibles[\/vc_message][\/vc_column_inner][vc_column_inner width=\u00a0\u00bb1\/3&Prime;][vc_message]Toute l&rsquo;information sur le BAC, les horaires, les programmes&#8230;[\/vc_message][\/vc_column_inner][vc_column_inner width=\u00a0\u00bb1\/3&Prime;][vc_message]Un site pour aider les \u00e9l\u00e8ves de seconde \u00e0 s&rsquo;orienter[\/vc_message][\/vc_column_inner][\/vc_row_inner][\/vc_column][\/vc_row][vc_row][vc_column][vc_column_text]Au sein du lyc\u00e9e Antoine de St Exup\u00e9ry, tous les \u00e9l\u00e8ves r\u00e9alisent un double cursus suivant le programme chilien et fran\u00e7ais jusqu\u2019\u00e0 la fin de la classe de seconde. Ensuite, les \u00e9l\u00e8ves et leurs familles, en fonction de leur projet, d\u2019o\u00f9 ils veulent \u00e9tudier, de leurs points forts et difficult\u00e9s peuvent choisir:<\/p>\n<p>Continuer avec le double cursus franco-chilien pour obtenir le dipl\u00f4me de fin d\u2019\u00e9tude secondaire chilien (licencia de ense\u00f1anza media), le bac et pr\u00e9parer l\u2019\u00e9preuve de s\u00e9lection universitaire chilienne, la PSU.<br \/>\nUn programme uniquement chilien pour obtenir la licencia de ense\u00f1anza media y se pr\u00e9parer \u00e0 la PSU.<br \/>\nUn programme uniquement fran\u00e7ais afin d\u2019obtenir le baccalaur\u00e9at g\u00e9n\u00e9ral.<\/p>\n<p>[\/vc_column_text][\/vc_column][\/vc_row][vc_row][vc_column][vc_custom_heading text=\u00a0\u00bbA la fin de la classe de seconde, les \u00e9l\u00e8ves doivent choisir leur voie d\u2019orientation.\u00a0\u00bb font_container=\u00a0\u00bbtag:h3|text_align:left\u00a0\u00bb google_fonts=\u00a0\u00bbfont_family:Abel%3Aregular|font_style:400%20regular%3A400%3Anormal\u00a0\u00bb][vc_row_inner][vc_column_inner width=\u00a0\u00bb1\/4&Prime;]\t\t<div class=\"wh-content-box  scp_content_box-\">\n\t\t\t\t\t\t\t\t\t\t\t\t[vc_custom_heading text=\u00a0\u00bbDepuis la 6\u00e8me\u00a0\u00bb font_container=\u00a0\u00bbtag:h3|text_align:left\u00a0\u00bb google_fonts=\u00a0\u00bbfont_family:Abel%3Aregular|font_style:400%20regular%3A400%3Anormal\u00a0\u00bb][vc_column_text]<\/p>\n<p>Tous les \u00e9l\u00e8ves suivent un double programme franco-chilien<\/p>\n<p>[\/vc_column_text]\t\t<\/div>\n\t\t[\/vc_column_inner][vc_column_inner width=\u00a0\u00bb1\/4&Prime;]\t\t<div class=\"wh-content-box  scp_content_box-\">\n\t\t\t\t\t\t\t\t\t\t\t\t[vc_custom_heading text=\u00a0\u00bben 2nde\u00a0\u00bb font_container=\u00a0\u00bbtag:h3|text_align:left\u00a0\u00bb google_fonts=\u00a0\u00bbfont_family:Abel%3Aregular|font_style:400%20regular%3A400%3Anormal\u00a0\u00bb][vc_single_image image=\u00a0\u00bb5948&Prime; img_size=\u00a0\u00bbmedium\u00a0\u00bb]\t\t<\/div>\n\t\t[\/vc_column_inner][vc_column_inner width=\u00a0\u00bb1\/4&Prime;]\t\t<div class=\"wh-content-box  scp_content_box-\">\n\t\t\t\t\t\t\t\t\t\t\t\t[vc_custom_heading text=\u00a0\u00bb\u00a0\u00bb][vc_empty_space height=\u00a0\u00bb50px\u00a0\u00bb][vc_icon icon_fontawesome=\u00a0\u00bbfa fa-long-arrow-right\u00a0\u00bb color=\u00a0\u00bbgreen\u00a0\u00bb background_style=\u00a0\u00bbrounded-outline\u00a0\u00bb background_color=\u00a0\u00bbgreen\u00a0\u00bb][vc_icon icon_fontawesome=\u00a0\u00bbfa fa-long-arrow-right\u00a0\u00bb color=\u00a0\u00bbjuicy_pink\u00a0\u00bb background_style=\u00a0\u00bbrounded-outline\u00a0\u00bb background_color=\u00a0\u00bbjuicy_pink\u00a0\u00bb][vc_icon icon_fontawesome=\u00a0\u00bbfa fa-long-arrow-right\u00a0\u00bb color=\u00a0\u00bbsky\u00a0\u00bb background_style=\u00a0\u00bbrounded-outline\u00a0\u00bb background_color=\u00a0\u00bbsky\u00a0\u00bb]\t\t<\/div>\n\t\t[\/vc_column_inner][vc_column_inner width=\u00a0\u00bb1\/4&Prime;]\t\t<div class=\"wh-content-box  scp_content_box-\">\n\t\t\t\t\t\t\t\t\t\t\t\t[vc_custom_heading text=\u00a0\u00bb1\u00e8re et Terminale\u00a0\u00bb font_container=\u00a0\u00bbtag:h3|text_align:left\u00a0\u00bb google_fonts=\u00a0\u00bbfont_family:Abel%3Aregular|font_style:400%20regular%3A400%3Anormal\u00a0\u00bb][vc_btn title=\u00a0\u00bbVoie Simple PSU\u00a0\u00bb shape=\u00a0\u00bbround\u00a0\u00bb color=\u00a0\u00bbsuccess\u00a0\u00bb link=\u00a0\u00bburl:http%3A%2F%2Flafase.cl%2Fwp-content%2Fuploads%2F2020%2F06%2FV%C3%ADa-simple-PSU.pdf||target:%20_blank|\u00a0\u00bb][vc_empty_space][vc_btn title=\u00a0\u00bbVoie Double BAC + PSU\u00a0\u00bb shape=\u00a0\u00bbround\u00a0\u00bb color=\u00a0\u00bbpink\u00a0\u00bb link=\u00a0\u00bburl:http%3A%2F%2Flafase.cl%2Fwp-content%2Fuploads%2F2020%2F06%2Fvoie-double-et-Bac-Fr.pdf||target:%20_blank|\u00a0\u00bb][vc_empty_space][vc_btn title=\u00a0\u00bbVoie Simple BAC\u00a0\u00bb shape=\u00a0\u00bbround\u00a0\u00bb color=\u00a0\u00bbsky\u00a0\u00bb link=\u00a0\u00bburl:http%3A%2F%2Flafase.cl%2Fwp-content%2Fuploads%2F2019%2F06%2FVoie-Bac-et-voie-double-FR.pdf||target:%20_blank|\u00a0\u00bb]\t\t<\/div>\n\t\t[\/vc_column_inner][\/vc_row_inner][\/vc_column][\/vc_row][vc_row][vc_column][vc_separator][\/vc_column][\/vc_row][vc_row][vc_column width=\u00a0\u00bb3\/4&Prime;][vc_row_inner][vc_column_inner width=\u00a0\u00bb1\/3&Prime;][vc_btn title=\u00a0\u00bbVoie simple PSU\u00a0\u00bb shape=\u00a0\u00bbround\u00a0\u00bb color=\u00a0\u00bbgreen\u00a0\u00bb align=\u00a0\u00bbcenter\u00a0\u00bb link=\u00a0\u00bburl:http%3A%2F%2Flafase.cl%2Fwp-content%2Fuploads%2F2020%2F06%2FV%C3%ADa-simple-PSU.pdf||target:%20_blank|\u00a0\u00bb][vc_icon icon_fontawesome=\u00a0\u00bbfa fa-long-arrow-down\u00a0\u00bb color=\u00a0\u00bbgreen\u00a0\u00bb size=\u00a0\u00bblg\u00a0\u00bb align=\u00a0\u00bbcenter\u00a0\u00bb][\/vc_column_inner][vc_column_inner width=\u00a0\u00bb1\/3&Prime;][vc_btn title=\u00a0\u00bbVoie simple BAC\u00a0\u00bb shape=\u00a0\u00bbround\u00a0\u00bb color=\u00a0\u00bbsky\u00a0\u00bb align=\u00a0\u00bbcenter\u00a0\u00bb link=\u00a0\u00bburl:http%3A%2F%2Flafase.cl%2Fwp-content%2Fuploads%2F2019%2F06%2FVoie-Bac-et-voie-double-FR.pdf||target:%20_blank|\u00a0\u00bb][vc_icon icon_fontawesome=\u00a0\u00bbfa fa-long-arrow-down\u00a0\u00bb color=\u00a0\u00bbsky\u00a0\u00bb size=\u00a0\u00bblg\u00a0\u00bb align=\u00a0\u00bbcenter\u00a0\u00bb][\/vc_column_inner][vc_column_inner width=\u00a0\u00bb1\/3&Prime;][vc_btn title=\u00a0\u00bbVoie double BAC + PSU\u00a0\u00bb shape=\u00a0\u00bbround\u00a0\u00bb color=\u00a0\u00bbjuicy-pink\u00a0\u00bb align=\u00a0\u00bbcenter\u00a0\u00bb link=\u00a0\u00bburl:http%3A%2F%2Flafase.cl%2Fwp-content%2Fuploads%2F2020%2F06%2Fvoie-double-et-Bac-Fr.pdf||target:%20_blank|\u00a0\u00bb][vc_icon icon_fontawesome=\u00a0\u00bbfa fa-long-arrow-down\u00a0\u00bb color=\u00a0\u00bbjuicy_pink\u00a0\u00bb size=\u00a0\u00bblg\u00a0\u00bb align=\u00a0\u00bbcenter\u00a0\u00bb][\/vc_column_inner][\/vc_row_inner][\/vc_column][\/vc_row][vc_row][vc_column width=\u00a0\u00bb1\/4&Prime;][vc_column_text]Programme chilien unique avec choix de 2 mati\u00e8res de sp\u00e9cialit\u00e9[\/vc_column_text][\/vc_column][vc_column width=\u00a0\u00bb3\/4&Prime;]\t\t<div class=\"wh-content-box  scp_content_box-\">\n\t\t\t\t\t\t\t\t\t\t\t\t[vc_column_text]Programme franco chilien ou uniquement fran\u00e7ais avec un choix de 3 mati\u00e8res de sp\u00e9cialit\u00e9 pour le BAC[\/vc_column_text]\t\t<\/div>\n\t\t[\/vc_column][\/vc_row][vc_row][vc_column][vc_custom_heading text=\u00a0\u00bbComment choisir ?\u00a0\u00bb font_container=\u00a0\u00bbtag:h3|text_align:left\u00a0\u00bb google_fonts=\u00a0\u00bbfont_family:Abel%3Aregular|font_style:400%20regular%3A400%3Anormal\u00a0\u00bb][vc_column_text]Faire le bon choix d\u2019orientation suppose que l\u2019on ait vraiment r\u00e9fl\u00e9chi sur soi et que l\u2019on se soit bien inform\u00e9.[\/vc_column_text][vc_single_image image=\u00a0\u00bb6076&Prime; img_size=\u00a0\u00bbfull\u00a0\u00bb][\/vc_column][\/vc_row][vc_row][vc_column][vc_separator style=\u00a0\u00bbdotted\u00a0\u00bb][vc_custom_heading text=\u00a0\u00bbEnseignements de sp\u00e9cialit\u00e9s\u00a0\u00bb font_container=\u00a0\u00bbtag:h3|text_align:left\u00a0\u00bb google_fonts=\u00a0\u00bbfont_family:Abel%3Aregular|font_style:400%20regular%3A400%3Anormal\u00a0\u00bb][vc_row_inner][vc_column_inner width=\u00a0\u00bb1\/3&Prime;][vc_video link=\u00a0\u00bbhttps:\/\/youtu.be\/pgmWyWFD4wU\u00a0\u00bb title=\u00a0\u00bbMath\u00e9matiques\u00a0\u00bb][vc_video link=\u00a0\u00bbhttps:\/\/youtu.be\/mLxOx4fvy74&Prime; title=\u00a0\u00bbPhysique &#8211; Chimie\u00a0\u00bb][vc_video link=\u00a0\u00bbhttps:\/\/youtu.be\/lvFH2HTiofo\u00a0\u00bb title=\u00a0\u00bbLLCE Espagnol\u00a0\u00bb][\/vc_column_inner][vc_column_inner width=\u00a0\u00bb1\/3&Prime;][vc_video link=\u00a0\u00bbhttps:\/\/youtu.be\/5dq_C9g9g30&Prime; title=\u00a0\u00bbHLP\u00a0\u00bb][vc_video link=\u00a0\u00bbhttps:\/\/youtu.be\/OCj9h0-sHwE\u00a0\u00bb title=\u00a0\u00bbSVT\u00a0\u00bb][vc_video link=\u00a0\u00bbhttps:\/\/youtu.be\/moldU5fWYjM\u00a0\u00bb title=\u00a0\u00bbLLCE Anglais\u00a0\u00bb][\/vc_column_inner][vc_column_inner width=\u00a0\u00bb1\/3&Prime;][vc_video link=\u00a0\u00bbhttps:\/\/youtu.be\/UaKJKrLGVoQ\u00a0\u00bb title=\u00a0\u00bbHGGSP\u00a0\u00bb][vc_video link=\u00a0\u00bbhttps:\/\/youtu.be\/BjeEuwJHAoY\u00a0\u00bb title=\u00a0\u00bbSES\u00a0\u00bb][\/vc_column_inner][\/vc_row_inner][vc_column_text]<\/p>\n<p>Tests pour vous aider \u00e0 d\u00e9couvrir la sp\u00e9cialit\u00e9 qui vous correspond le mieux :<\/p>\n<div class=\"ead-preview\"><div class=\"ead-document\" style=\"position: relative;\"><iframe src=\"\/\/view.officeapps.live.com\/op\/embed.aspx?src=http%3A%2F%2Flafase.cl%2Fwp-content%2Fuploads%2F2020%2F08%2FLES-TESTS-PAR-SPECIALITES-.docx\" title=\"Document embarqu\u00e9\" class=\"ead-iframe\" style=\"width: 100%;height: 500px;border: none;\"><\/iframe><\/div><p class=\"embed_download\"><a href=\"http:\/\/lafase.cl\/wp-content\/uploads\/2020\/08\/LES-TESTS-PAR-SPECIALITES-.docx\" download >T\u00c9L\u00c9CHARGER <\/a><\/p><\/div>[\/vc_column_text][\/vc_column][\/vc_row]<\/p>\n<\/section>","protected":false},"excerpt":{"rendered":"<p>[vc_row][vc_column][vc_custom_heading text=\u00a0\u00bbOrientation apr\u00e8s la seconde\u00a0\u00bb google_fonts=\u00a0\u00bbfont_family:Abel%3Aregular|font_style:400%20regular%3A400%3Anormal\u00a0\u00bb][vc_row_inner][vc_column_inner width=\u00a0\u00bb1\/2&Prime;][vc_video link=\u00a0\u00bbhttps:\/\/youtu.be\/4W5ogAb8nKw\u00a0\u00bb][\/vc_column_inner][vc_column_inner width=\u00a0\u00bb1\/2&Prime;][vc_column_text]Amaury Scheffter, conseiller d&rsquo;orientation au lyc\u00e9e, nous parle des diff\u00e9rentes voies que&nbsp;<a href=\"https:\/\/lafase.cl\/fr\/orientation\/orientacion-en-2o-medio\/\">&hellip;<\/a><\/p>\n","protected":false},"author":3,"featured_media":0,"parent":2044,"menu_order":5,"comment_status":"closed","ping_status":"closed","template":"template-sidebar-right-childpages.php","meta":{"om_disable_all_campaigns":false,"_monsterinsights_skip_tracking":false,"_monsterinsights_sitenote_active":false,"_monsterinsights_sitenote_note":"","_monsterinsights_sitenote_category":0},"aioseo_notices":[],"_links":{"self":[{"href":"https:\/\/lafase.cl\/fr\/wp-json\/wp\/v2\/pages\/33414"}],"collection":[{"href":"https:\/\/lafase.cl\/fr\/wp-json\/wp\/v2\/pages"}],"about":[{"href":"https:\/\/lafase.cl\/fr\/wp-json\/wp\/v2\/types\/page"}],"author":[{"embeddable":true,"href":"https:\/\/lafase.cl\/fr\/wp-json\/wp\/v2\/users\/3"}],"replies":[{"embeddable":true,"href":"https:\/\/lafase.cl\/fr\/wp-json\/wp\/v2\/comments?post=33414"}],"version-history":[{"count":2,"href":"https:\/\/lafase.cl\/fr\/wp-json\/wp\/v2\/pages\/33414\/revisions"}],"predecessor-version":[{"id":33417,"href":"https:\/\/lafase.cl\/fr\/wp-json\/wp\/v2\/pages\/33414\/revisions\/33417"}],"up":[{"embeddable":true,"href":"https:\/\/lafase.cl\/fr\/wp-json\/wp\/v2\/pages\/2044"}],"wp:attachment":[{"href":"https:\/\/lafase.cl\/fr\/wp-json\/wp\/v2\/media?parent=33414"}],"curies":[{"name":"wp","href":"https:\/\/api.w.org\/{rel}","templated":true}]}}