{"id":321,"date":"2018-09-21T21:27:47","date_gmt":"2018-09-22T00:27:47","guid":{"rendered":"http:\/\/lafase.cl\/?page_id=321"},"modified":"2022-10-11T14:51:54","modified_gmt":"2022-10-11T17:51:54","slug":"projet-etablissement","status":"publish","type":"page","link":"https:\/\/lafase.cl\/fr\/establecimiento\/projet-etablissement\/","title":{"rendered":"Projet d&rsquo;\u00e9tablissement"},"content":{"rendered":"<section class=\"wpb-content-wrapper\"><p>[vc_row][vc_column][vc_custom_heading text=\u00a0\u00bbProjet d&rsquo;\u00e9tablissement\u00a0\u00bb font_container=\u00a0\u00bbtag:h3|text_align:left\u00a0\u00bb use_theme_fonts=\u00a0\u00bbyes\u00a0\u00bb][vc_btn title=\u00a0\u00bbT\u00e9l\u00e9charger le document PDF\u00a0\u00bb style=\u00a0\u00bboutline\u00a0\u00bb color=\u00a0\u00bbprimary\u00a0\u00bb i_icon_fontawesome=\u00a0\u00bbfa fa-file-pdf-o\u00a0\u00bb add_icon=\u00a0\u00bbtrue\u00a0\u00bb link=\u00a0\u00bburl:http%3A%2F%2Flafase.cl%2Fwp-content%2Fuploads%2F2019%2F03%2FProjet-Etablissement.pdf|||\u00a0\u00bb][vc_column_text]<strong>Axe 1 &#8211; Un lyc\u00e9e biculturel et ouvert sur le monde\u00a0<\/strong><\/p>\n<p>Objectif 1 \u2013 Garantir une bonne ma\u00eetrise du fran\u00e7ais et de l\u2019espagnol pour tous nos \u00e9l\u00e8ves<\/p>\n<p>Objectif 2 \u2013 Renforcer les liens entre les enseignements du fran\u00e7ais et de l\u2019espagnol<\/p>\n<p>Objectif 3 \u2013 Ouvrir davantage le lyc\u00e9e sur le monde<\/p>\n<p>&nbsp;<\/p>\n<p><strong>Axe 2 \u2013 Des \u00e9l\u00e8ves bien accompagn\u00e9s dans leur scolarit\u00e9<\/strong><\/p>\n<p>Objectif 1 \u2013 Adapter davantage l\u2019\u00e9cole et son enseignement aux besoins de chaque \u00e9l\u00e8ve<\/p>\n<p>Objectif 2 \u2013 Mieux accompagner l\u2019\u00e9l\u00e8ve dans son parcours scolaire et dans son projet d\u2019orientation<\/p>\n<p>Objectif 3 \u2013 Aider nos \u00e9l\u00e8ves \u00e0 devenir des citoyens responsables<\/p>\n<p>&nbsp;<\/p>\n<p><strong>Axe 3 &#8211; Une communaut\u00e9 conciliant l\u2019excellence p\u00e9dagogique et le bien-\u00eatre<\/strong><\/p>\n<p>Objectif 1 \u2013 Renforcer la coh\u00e9sion de la communaut\u00e9<\/p>\n<p>Objectif 2 \u2013 Promouvoir l\u2019excellence p\u00e9dagogique<\/p>\n<p>Objectif 3 \u2013 Promouvoir le bien-\u00eatre scolaire<\/p>\n<p>Objectif 4 \u2013 Mieux communiquer[\/vc_column_text][\/vc_column][\/vc_row]<\/p>\n<\/section>","protected":false},"excerpt":{"rendered":"<p>[vc_row][vc_column][vc_custom_heading text=\u00a0\u00bbProjet d&rsquo;\u00e9tablissement\u00a0\u00bb font_container=\u00a0\u00bbtag:h3|text_align:left\u00a0\u00bb use_theme_fonts=\u00a0\u00bbyes\u00a0\u00bb][vc_btn title=\u00a0\u00bbT\u00e9l\u00e9charger le document PDF\u00a0\u00bb style=\u00a0\u00bboutline\u00a0\u00bb color=\u00a0\u00bbprimary\u00a0\u00bb i_icon_fontawesome=\u00a0\u00bbfa fa-file-pdf-o\u00a0\u00bb add_icon=\u00a0\u00bbtrue\u00a0\u00bb link=\u00a0\u00bburl:http%3A%2F%2Flafase.cl%2Fwp-content%2Fuploads%2F2019%2F03%2FProjet-Etablissement.pdf|||\u00a0\u00bb][vc_column_text]Axe 1 &#8211; Un lyc\u00e9e biculturel&nbsp;<a href=\"https:\/\/lafase.cl\/fr\/establecimiento\/projet-etablissement\/\">&hellip;<\/a><\/p>\n","protected":false},"author":1,"featured_media":0,"parent":319,"menu_order":9,"comment_status":"closed","ping_status":"closed","template":"","meta":{"om_disable_all_campaigns":false,"_monsterinsights_skip_tracking":false,"_monsterinsights_sitenote_active":false,"_monsterinsights_sitenote_note":"","_monsterinsights_sitenote_category":0},"aioseo_notices":[],"_links":{"self":[{"href":"https:\/\/lafase.cl\/fr\/wp-json\/wp\/v2\/pages\/321"}],"collection":[{"href":"https:\/\/lafase.cl\/fr\/wp-json\/wp\/v2\/pages"}],"about":[{"href":"https:\/\/lafase.cl\/fr\/wp-json\/wp\/v2\/types\/page"}],"author":[{"embeddable":true,"href":"https:\/\/lafase.cl\/fr\/wp-json\/wp\/v2\/users\/1"}],"replies":[{"embeddable":true,"href":"https:\/\/lafase.cl\/fr\/wp-json\/wp\/v2\/comments?post=321"}],"version-history":[{"count":12,"href":"https:\/\/lafase.cl\/fr\/wp-json\/wp\/v2\/pages\/321\/revisions"}],"predecessor-version":[{"id":45866,"href":"https:\/\/lafase.cl\/fr\/wp-json\/wp\/v2\/pages\/321\/revisions\/45866"}],"up":[{"embeddable":true,"href":"https:\/\/lafase.cl\/fr\/wp-json\/wp\/v2\/pages\/319"}],"wp:attachment":[{"href":"https:\/\/lafase.cl\/fr\/wp-json\/wp\/v2\/media?parent=321"}],"curies":[{"name":"wp","href":"https:\/\/api.w.org\/{rel}","templated":true}]}}