{"id":25223,"date":"2020-10-09T11:55:18","date_gmt":"2020-10-09T14:55:18","guid":{"rendered":"http:\/\/lafase.cl\/?page_id=25223"},"modified":"2021-02-17T10:55:34","modified_gmt":"2021-02-17T13:55:34","slug":"noticias","status":"publish","type":"page","link":"https:\/\/lafase.cl\/fr\/noticias\/","title":{"rendered":"Nouvelles"},"content":{"rendered":"<section class=\"wpb-content-wrapper\"><p>[vc_row][vc_column][vc_custom_heading text=\u00a0\u00bbCommuniqu\u00e9s\u00a0\u00bb font_container=\u00a0\u00bbtag:h3|text_align:left\u00a0\u00bb use_theme_fonts=\u00a0\u00bbyes\u00a0\u00bb][vc_toggle title=\u00a0\u00bb2021&Prime; open=\u00a0\u00bbtrue\u00a0\u00bb]<\/p>\n<ul>\n<li>\n<h5><a href=\"https:\/\/mailchi.mp\/43f9ec6ad858\/rentre-2021-entrada-a-clases-2021\">Communiqu\u00e9 du 16 f\u00e9vrier (premi\u00e8res informations)<\/a><\/h5>\n<\/li>\n<\/ul>\n<p>[\/vc_toggle][vc_toggle title=\u00a0\u00bb2020&Prime;]<\/p>\n<ul>\n<li>\n<h5><a href=\"https:\/\/mailchi.mp\/36b17eeb680b\/vitacura-repasse-en-phase-3-vitacura-retrocede-a-fase-614314\">Communiqu\u00e9 du 03 d\u00e9cembre (Vitacura repasse en \u00e9tape 3)<\/a><\/h5>\n<\/li>\n<li>\n<h5><a href=\"https:\/\/mailchi.mp\/e5cb35eb4a60\/rsultats-test-covid-19-resultados-test-covid-614302\">Communiqu\u00e9 du 02 d\u00e9cembre (r\u00e9sultats test covid-19)<\/a><\/h5>\n<\/li>\n<li>\n<h5><a href=\"https:\/\/mailchi.mp\/e96ed4c431e5\/enregistrement-signature-lectronique-inscription-2021-registro-firma-digital-matrculas-2021\">Communiqu\u00e9 du 02 \u00a0d\u00e9cembre (Inscriptions &#8211; enregistrement familles actuelles)<\/a><\/h5>\n<\/li>\n<li>\n<h5><a href=\"https:\/\/mailchi.mp\/f25de99f7f7e\/cas-covid-19-confirm-et-mesures-prventives-confirmacin-de-caso-covid-19-y-medidas-preventivas-614254\">Communiqu\u00e9 du 30 novembre (Cas covid19 et mesures pr\u00e9ventives)<\/a><\/h5>\n<\/li>\n<li>\n<h5><a href=\"https:\/\/mailchi.mp\/a4933affb109\/inscription-cours-en-prsentiel-0712-inscripcin-clases-presenciales-614190\">Comunicado del 25 de noviembre (inscripci\u00f3n vuelta a clases del 7\/12)<\/a><\/h5>\n<\/li>\n<li>\n<h5><a href=\"https:\/\/mailchi.mp\/c78292bc62bd\/processus-dinscriptions-2021-proceso-de-matrculas-614174\">Communiqu\u00e9 du 23 de novembre (inscriptions familles actuelles)<\/a><\/h5>\n<\/li>\n<li>\n<h5><a href=\"https:\/\/mailchi.mp\/54cf65974d75\/processus-dinscriptions-2021-proceso-de-matrculas-2021\">Communiqu\u00e9 du 23 de novembre (inscriptions familles nouvelles)<\/a><\/h5>\n<\/li>\n<li>\n<h5><a href=\"https:\/\/mailchi.mp\/f418be0fe235\/enqute-ateliers-encuesta-talleres-614142\">Communiqu\u00e9 du 17 de novembre (inscription ateliers niveau examen)<\/a><\/h5>\n<\/li>\n<li>\n<h5><a href=\"https:\/\/mailchi.mp\/39533e722da1\/disponibilit-des-services-financiers-atencin-servicios-financieros\">Communiqu\u00e9 du 11 de novembre ( servicios financieros)<\/a><\/h5>\n<\/li>\n<li>\n<h5><a href=\"https:\/\/mailchi.mp\/de34011e48d1\/protocoles-covid-19-pour-la-reprise-protocolos-covid-19-para-la-vuelta-a-clases\">Communiqu\u00e9 du 6 novembre (protocoles covid19 retour en classe)<\/a><\/h5>\n<\/li>\n<li>\n<h5><a href=\"https:\/\/mailchi.mp\/ebb1ac10bb10\/emploi-du-temps-pour-secondaire-horario-de-clases-para-secundaria\">Communiqu\u00e9 du 2 novembre (emploi du temps secondaire)<\/a><\/h5>\n<\/li>\n<li>\n<h5><a href=\"https:\/\/mailchi.mp\/f0c9bcda9c01\/conseils-pour-le-retour-en-classe\">Communiqu\u00e9 du 30 octobre (Conseils retour en classe)<\/a><\/h5>\n<\/li>\n<li>\n<h5><a href=\"https:\/\/mailchi.mp\/e3a20a75289c\/communiqu-comunicado-9ac69h47hw-613982\">Communiqu\u00e9 du 22 octobre (personnel Lafase)<\/a><\/h5>\n<\/li>\n<li>\n<h5><a href=\"https:\/\/mailchi.mp\/a0416995696e\/communiqu-comunicado-vs10rg6ehz-613974\">Communiqu\u00e9 du 22 octobre (AEFE)<\/a><\/h5>\n<\/li>\n<li>\n<h5><a href=\"https:\/\/mailchi.mp\/39265acafdf7\/enqute-ead-encuesta-ead\">Communiqu\u00e9 du 21 octobre (r\u00e9sultats enqu\u00eate EAD)<\/a><\/h5>\n<\/li>\n<li>\n<h5><a href=\"https:\/\/mailchi.mp\/a0416995696e\/communiqu-comunicado-vs10rg6ehz-613974\">Communiqu\u00e9 du 20 octobre (condol\u00e9ances)<\/a><\/h5>\n<\/li>\n<li>\n<h5><a href=\"https:\/\/mailchi.mp\/adaa2c88e9ee\/hommage-samuel-paty-homenaje-a-samuel-paty-613938\">Communiqu\u00e9 du 20 octobre (hommage Samuel Paty)<\/a><\/h5>\n<\/li>\n<li>\n<h5><a href=\"https:\/\/mailchi.mp\/f0f1ee159d35\/retour-en-classe-vuelta-a-clases\">Communiqu\u00e9 du 20 octobre (autorisation retour en classe pr\u00e9sentielle)<\/a><\/h5>\n<\/li>\n<li>\n<h5><a href=\"https:\/\/mailchi.mp\/1008259c311d\/retour-en-classe-vuelta-a-clases\">Communiqu\u00e9 du 16 octobre (retour en classe pr\u00e9sentielle)<\/a><\/h5>\n<\/li>\n<li>\n<h5><a href=\"https:\/\/mailchi.mp\/8bad87a551a0\/reprise-del-classes-prsentielles-vuelta-a-clases-presenciales\">Communiqu\u00e9 du 12 octobre (Retour classes pr\u00e9sentielles Vitacura)<\/a><\/h5>\n<\/li>\n<li>\n<h5><a href=\"https:\/\/mailchi.mp\/412c2b3021e6\/reprise-del-classes-prsentielles-vuelta-a-clases-presenciales-613838\">Communiqu\u00e9 du 12 octobre (Retour classes pr\u00e9sentielles Chamisero)<\/a><\/h5>\n<\/li>\n<li>\n<h5><a href=\"https:\/\/mailchi.mp\/fe9dd5e8448d\/rsultats-ag-2020-resultados-ag-2020\">Communiqu\u00e9 du 8 octobre (R\u00e9sultats Assembl\u00e9e G\u00e9n\u00e9rale 2020)<\/a><\/h5>\n<\/li>\n<li>\n<h5><a href=\"https:\/\/mailchi.mp\/426a0cda9637\/assemble-gnrale-2020-asamblea-general-2020\">Communiqu\u00e9 du 5 octobre (Assembl\u00e9e G\u00e9n\u00e9rale, 2\u00e8me convocation)<\/a><\/h5>\n<\/li>\n<li>\n<h5><a href=\"https:\/\/mailchi.mp\/5d38d23f5edd\/processus-dadmission-2021-proceso-de-admisin-2021\">Communiqu\u00e9 du 1er octobre (Processus d&rsquo;admission &#8211; 2\u00e8me commission)<\/a><\/h5>\n<\/li>\n<li>\n<h5><a href=\"https:\/\/mailchi.mp\/82e84d37871f\/dconfinement-sportif-desconfinamiento-deportivo\">Communiqu\u00e9 du 30 septembre (D\u00e9confinement sportif)<\/a><\/h5>\n<\/li>\n<li>\n<h5><a href=\"https:\/\/mailchi.mp\/50d90d76658b\/vaccination-scolaire-vitacura-vacunacin-escolar-vitacura\">Communiqu\u00e9 du 29 septembre (Vaccination Vitacura)<\/a><\/h5>\n<\/li>\n<li>\n<h5><a href=\"https:\/\/mailchi.mp\/b1f550b0c35b\/assemble-gnrale-2020-asamblea-general-2020\">Communiqu\u00e9 du 29 septembre (AG, 2\u00e8me convocation)<\/a><\/h5>\n<\/li>\n<li>\n<h5><a href=\"https:\/\/mailchi.mp\/b54d561b4d70\/assemble-gnrale-2020-asamblea-general-2020\">Communiqu\u00e9 du 22 septembre (Assembl\u00e9e g\u00e9n\u00e9rale 2020)<\/a><\/h5>\n<\/li>\n<li>\n<h5><a href=\"https:\/\/mailchi.mp\/c44233d34186\/cuenta-del-presidente-asamblea-general-de-socios-2020\">Communiqu\u00e9 du 17 septembre (Rapport du pr\u00e9sident)<\/a><\/h5>\n<\/li>\n<li>\n<h5><a href=\"https:\/\/mailchi.mp\/f676f305b2fb\/rappel-assemble-gnrale-recordatorio-asamblea-general\">Communiqu\u00e9 du 15 \u00a0septembre (Rappel AG2020)<\/a><\/h5>\n<\/li>\n<li>\n<h5><a href=\"https:\/\/mailchi.mp\/c4e69d385413\/enqute-de-laefe-encuesta-de-la-aefe\">Communiqu\u00e9 du 11 septembre ( Enqu\u00eate AEFE)<\/a><\/h5>\n<\/li>\n<\/ul>\n<ul>\n<li>\n<h5><a href=\"https:\/\/mailchi.mp\/e3c2e62be734\/assemble-gnrale-des-membres-asamblea-general-de-socios\">Communiqu\u00e9 du 10 septembre (Assembl\u00e9e G\u00e9n\u00e9rale)<\/a><\/h5>\n<\/li>\n<li>\n<h5><a href=\"https:\/\/mailchi.mp\/d1bb48f1df67\/message-des-directeurs-la-communaut\">Communiqu\u00e9 du 10 septembre (Message des directeurs)<\/a><\/h5>\n<\/li>\n<li>\n<h5><a href=\"https:\/\/mailchi.mp\/f5cfb12d3cc8\/achat-calculatrices-compra-calculadoras-613594\">Communiqu\u00e9 du 4 septembre (Achat calculatrices secondaire)<\/a><\/h5>\n<\/li>\n<li>\n<h5><a href=\"https:\/\/mailchi.mp\/838dd5ea0004\/assemble-gnrale-asamblea-general\">Communiqu\u00e9 du 2 \u00a0septembre (Assembl\u00e9e G\u00e9n\u00e9rale 2020)<\/a><\/h5>\n<\/li>\n<li>\n<h5><a href=\"https:\/\/mailchi.mp\/09cefcc41f4e\/fonds-de-solidarit-fondo-solidario\">Communiqu\u00e9 du 1 septembre (Fonds de solidarit\u00e9)<\/a><\/h5>\n<\/li>\n<li>\n<h5><a href=\"https:\/\/mailchi.mp\/81f49e460c46\/phase-3-de-prparation-fase-3-de-preparacin\">Communiqu\u00e9 du 1 septembre (Phase 3 de pr\u00e9paration)<\/a><\/h5>\n<\/li>\n<li>\n<h5><a href=\"https:\/\/mailchi.mp\/2177d3c511a2\/acceuil-nouvelles-autorits-bienvenida-a-las-nuevas-autoridades\">Communiqu\u00e9 du 31 juillet (Nouvelles autorit\u00e9s)<\/a><\/h5>\n<\/li>\n<li>\n<h5><a href=\"https:\/\/mailchi.mp\/f3622de17caa\/utilisation-de-la-piste-dathltisme-uso-de-la-pista-atltica\">Communiqu\u00e9 du 27 juillet (Utilisation piste athl\u00e9tique)<\/a><\/h5>\n<\/li>\n<li>\n<h5><a href=\"https:\/\/mailchi.mp\/ed0d096fb003\/le-protocole-de-retour-lcole-est-maintenu-se-mantiene-protocolo-de-vuelta-al-colegio\">Communiqu\u00e9 du 22 juillet (Protocole retour en classe)<\/a><\/h5>\n<\/li>\n<li>\n<h5><a href=\"https:\/\/mailchi.mp\/13aa78face88\/fonds-de-solidarit-fondo-solidario\">Communiqu\u00e9 du 14 juillet (Fonds de solidarit\u00e9)<\/a><\/h5>\n<\/li>\n<li>\n<h5><a href=\"https:\/\/mailchi.mp\/ee47b0ac35a4\/lettre-du-directeur-aefe-carta-del-director-aefe\">Communiqu\u00e9 du 1 juillet (Lettre directeur AEFE)<\/a><\/h5>\n<\/li>\n<li>\n<h5><a href=\"https:\/\/mailchi.mp\/c5ec9e7942f7\/faq-primaire-faq-primaria\">Communiqu\u00e9 du 29 juin (FAQ primaire)<\/a><\/h5>\n<\/li>\n<li>\n<h5><a href=\"https:\/\/mailchi.mp\/5a79e1d1bda8\/prolongation-mesures-financires-prolongacin-medidas-financieras\">Communiqu\u00e9 du 26 juin (Prolongation mesures financi\u00e8res)<\/a><\/h5>\n<\/li>\n<li>\n<h5><a href=\"https:\/\/mailchi.mp\/dc9a440dba2c\/message-du-proviseur-mensaje-del-rector-613142\">Communiqu\u00e9 du 17 juin (Message du proviseur)<\/a><\/h5>\n<\/li>\n<li>\n<h5><a href=\"https:\/\/mailchi.mp\/329493209f5b\/rappel-fonds-de-solidarit-recordatorio-fondo-solidario\">Communiqu\u00e9 du 9 \u00a0juin (Rappel date postulation fonds de solidarit\u00e9)<\/a><\/h5>\n<\/li>\n<li>\n<h5><a href=\"https:\/\/mailchi.mp\/4881c29df604\/protocole-enseignement-distance-protocolo-educacin-a-distancia\">Communiqu\u00e9 du 1er juin (Protocole d&rsquo;enseignement \u00e0 distance)<\/a><\/h5>\n<\/li>\n<li>\n<h5><a href=\"https:\/\/mailchi.mp\/1cd653b6f17d\/fonds-de-solidarit-3me-commission-fondo-solidario-3era-comisin\">Communiqu\u00e9 du 27 mai (3eme commission fonds solidarit\u00e9)<\/a><\/h5>\n<\/li>\n<li>\n<h5><a href=\"https:\/\/mailchi.mp\/eeaadd4533b9\/postergacin-asamblea-general-anual-adhesin-a-la-corporacin\">Communiqu\u00e9 du 22 mai (Report de l&rsquo; Assembl\u00e9e G\u00e9n\u00e9rale)<\/a><\/h5>\n<\/li>\n<li>\n<h5><a href=\"https:\/\/mailchi.mp\/c4351a42017c\/cuarentena-total-regin-metropolitana\">Communiqu\u00e9 du 15 mai (Confinement total RM)<\/a><\/h5>\n<\/li>\n<li>\n<h5><a href=\"https:\/\/mailchi.mp\/644731664a6a\/medidas-econmicas-mesures-conomiques\">Communiqu\u00e9 du 12 mai (mesures financi\u00e8res &#8211; r\u00e9sultats)<\/a><\/h5>\n<\/li>\n<li>\n<h5><a href=\"https:\/\/mailchi.mp\/0e3c24c3773b\/demandes-au-fonds-de-solidarit-postulaciones-al-fondo-solidario\">Communiqu\u00e9 du 22 avril (fonds de solidarit\u00e9)<\/a><\/h5>\n<\/li>\n<li>\n<h5><a href=\"https:\/\/mailchi.mp\/b641cdb866a1\/calendrier-scolaire-calendario-escolar\">Communiqu\u00e9 du 9 avril (calendrier scolaire)<\/a><\/h5>\n<\/li>\n<li>\n<h5><a href=\"https:\/\/mailchi.mp\/288c822317a9\/suspensin-campaa-de-vacunacin-suspension-campagne-de-vaccination\">Communiqu\u00e9 du 2 avril (campagne vaccination Vitacura)<\/a><\/h5>\n<\/li>\n<li>\n<h5><a href=\"https:\/\/mailchi.mp\/916740cb18f4\/suspensin-campaa-de-vacunacin-suspension-campagne-de-vaccination-612777\">Communiqu\u00e9 du 2 avril (campagne vaccination Chamisero)<\/a><\/h5>\n<\/li>\n<li>\n<h5><a href=\"https:\/\/mailchi.mp\/cd38b63d9d16\/fondo-solidario-fonds-de-solidarit\">Communiqu\u00e9 du 1er avril (fonds de solidarit\u00e9)<\/a><\/h5>\n<\/li>\n<li>\n<h5><a href=\"https:\/\/mailchi.mp\/3392c85bf322\/communiqu-26-mars-comunicado-26-de-marzo\">Communiqu\u00e9 du 26 mars (fonds solidarit\u00e9 scolaire)<\/a><\/h5>\n<\/li>\n<li>\n<h5><a href=\"https:\/\/mailchi.mp\/5a3d96e72737\/communiqu-25-mars-comunicado-25-de-marzo-612725\">Communiqu\u00e9 du 25 mars (p\u00e9riode de prolongation)<\/a><\/h5>\n<\/li>\n<li>\n<h5><a href=\"https:\/\/mailchi.mp\/bd1dae4137a1\/continuit-pdagogique-continuidad-pedaggica\">Communiqu\u00e9 du 23 mars<\/a> (secondaire)<\/h5>\n<\/li>\n<li>\n<h5><a href=\"https:\/\/mailchi.mp\/3ed249974c0b\/cas-dclar-de-coronavirus-caso-declarado-de-coronavirus\">Communiqu\u00e9 du 18 mars<\/a><\/h5>\n<\/li>\n<li>\n<h5><a href=\"https:\/\/mailchi.mp\/739220a8036c\/communiqu-17-mars-comunicado-17-de-marzo-612681\">Communiqu\u00e9 du 17 mars<\/a><\/h5>\n<\/li>\n<li>\n<h5><a href=\"https:\/\/mailchi.mp\/66ac90bbc56e\/continuit-pdagogique-continuidad-pedaggica\">Communiqu\u00e9 du 16 mars<\/a><\/h5>\n<\/li>\n<li>\n<h5><a href=\"https:\/\/mailchi.mp\/db8771814e91\/communique-coronavirus-fermeture-en-francais\">Communiqu\u00e9 du 15 mars<\/a><\/h5>\n<\/li>\n<li>\n<h5><a href=\"https:\/\/mailchi.mp\/111a9438b104\/communiqu-13-mars-comunicado-13-de-marzo-612629\">Communiqu\u00e9 du 13 mars<\/a><\/h5>\n<\/li>\n<\/ul>\n<p>[\/vc_toggle][\/vc_column][\/vc_row][vc_row][vc_column]\t\t<div class=\"scp-share-this share-this\">\n\t\t\t<!-- http:\/\/simplesharingbuttons.com\/ -->\n\t\t\t<ul class=\"share-buttons\">\n\t\t\t\t<li><a href=\"https:\/\/www.facebook.com\/sharer\/sharer.php?u=https%3A%2F%2Flafase.cl&t=\"\n\t\t\t\t       target=\"_blank\" title=\"Share on Facebook\"\n\t\t\t\t       onclick=\"window.open('https:\/\/www.facebook.com\/sharer\/sharer.php?u=' + encodeURIComponent(document.URL) + '&t=' + encodeURIComponent(document.URL)); return false;\"><i\n\t\t\t\t\t\t\tclass=\"fa fa-facebook\"><\/i><\/a><\/li>\n\t\t\t\t<li>\n\t\t\t\t\t<a href=\"https:\/\/twitter.com\/intent\/tweet?source=https%3A%2F%2Flafase.cl&text=:%20https%3A%2F%2Flafase.cl\"\n\t\t\t\t\t   target=\"_blank\" title=\"Tweet\"\n\t\t\t\t\t   onclick=\"window.open('https:\/\/twitter.com\/intent\/tweet?text=' + encodeURIComponent(document.title) + ':%20' + encodeURIComponent(document.URL)); return false;\"><i\n\t\t\t\t\t\t\tclass=\"fa fa-twitter\"><\/i><\/a><\/li>\n\t\t\t\t<li><a href=\"https:\/\/plus.google.com\/share?url=https%3A%2F%2Flafase.cl\"\n\t\t\t\t       target=\"_blank\" title=\"Share on Google+\"\n\t\t\t\t       onclick=\"window.open('https:\/\/plus.google.com\/share?url=' + encodeURIComponent(document.URL)); return false;\"><i\n\t\t\t\t\t\t\tclass=\"fa fa-google-plus\"><\/i><\/a><\/li>\n\t\t\t\t<li>\n\t\t\t\t\t<a href=\"http:\/\/pinterest.com\/pin\/create\/button\/?url=https%3A%2F%2Flafase.cl&description=\"\n\t\t\t\t\t   target=\"_blank\" title=\"Pin it\"\n\t\t\t\t\t   onclick=\"window.open('http:\/\/pinterest.com\/pin\/create\/button\/?url=' + encodeURIComponent(document.URL) + '&description=' +  encodeURIComponent(document.title)); return false;\"><i\n\t\t\t\t\t\t\tclass=\"fa fa-pinterest\"><\/i><\/a><\/li>\n\t\t\t\t<li>\n\t\t\t\t\t<a href=\"http:\/\/www.linkedin.com\/shareArticle?mini=true&url=https%3A%2F%2Flafase.cl&title=&summary=&source=https%3A%2F%2Flafase.cl\"\n\t\t\t\t\t   target=\"_blank\" title=\"Share on LinkedIn\"\n\t\t\t\t\t   onclick=\"window.open('http:\/\/www.linkedin.com\/shareArticle?mini=true&url=' + encodeURIComponent(document.URL) + '&title=' +  encodeURIComponent(document.title)); return false;\"><i\n\t\t\t\t\t\t\tclass=\"fa fa-linkedin\"><\/i><\/a><\/li>\n\t\t\t<\/ul>\n\t\t<\/div>\n\t\t[\/vc_column][\/vc_row]<\/p>\n<\/section>","protected":false},"excerpt":{"rendered":"<p>[vc_row][vc_column][vc_custom_heading text=\u00a0\u00bbCommuniqu\u00e9s\u00a0\u00bb font_container=\u00a0\u00bbtag:h3|text_align:left\u00a0\u00bb use_theme_fonts=\u00a0\u00bbyes\u00a0\u00bb][vc_toggle title=\u00a0\u00bb2021&Prime; open=\u00a0\u00bbtrue\u00a0\u00bb] Communiqu\u00e9 du 16 f\u00e9vrier (premi\u00e8res informations) [\/vc_toggle][vc_toggle title=\u00a0\u00bb2020&Prime;] Communiqu\u00e9 du 03 d\u00e9cembre (Vitacura repasse&nbsp;<a href=\"https:\/\/lafase.cl\/fr\/noticias\/\">&hellip;<\/a><\/p>\n","protected":false},"author":3,"featured_media":0,"parent":0,"menu_order":0,"comment_status":"closed","ping_status":"closed","template":"","meta":{"om_disable_all_campaigns":false,"_monsterinsights_skip_tracking":false,"_monsterinsights_sitenote_active":false,"_monsterinsights_sitenote_note":"","_monsterinsights_sitenote_category":0},"aioseo_notices":[],"_links":{"self":[{"href":"https:\/\/lafase.cl\/fr\/wp-json\/wp\/v2\/pages\/25223"}],"collection":[{"href":"https:\/\/lafase.cl\/fr\/wp-json\/wp\/v2\/pages"}],"about":[{"href":"https:\/\/lafase.cl\/fr\/wp-json\/wp\/v2\/types\/page"}],"author":[{"embeddable":true,"href":"https:\/\/lafase.cl\/fr\/wp-json\/wp\/v2\/users\/3"}],"replies":[{"embeddable":true,"href":"https:\/\/lafase.cl\/fr\/wp-json\/wp\/v2\/comments?post=25223"}],"version-history":[{"count":15,"href":"https:\/\/lafase.cl\/fr\/wp-json\/wp\/v2\/pages\/25223\/revisions"}],"predecessor-version":[{"id":30842,"href":"https:\/\/lafase.cl\/fr\/wp-json\/wp\/v2\/pages\/25223\/revisions\/30842"}],"wp:attachment":[{"href":"https:\/\/lafase.cl\/fr\/wp-json\/wp\/v2\/media?parent=25223"}],"curies":[{"name":"wp","href":"https:\/\/api.w.org\/{rel}","templated":true}]}}