{"id":2293,"date":"2019-02-20T15:52:09","date_gmt":"2019-02-20T18:52:09","guid":{"rendered":"http:\/\/lafase.cl\/?page_id=2293"},"modified":"2022-04-18T15:57:53","modified_gmt":"2022-04-18T19:57:53","slug":"qui-etait-saint-exupery","status":"publish","type":"page","link":"https:\/\/lafase.cl\/fr\/establecimiento\/qui-etait-saint-exupery\/","title":{"rendered":"Qui \u00e9tait Saint-Exup\u00e9ry?"},"content":{"rendered":"<section class=\"wpb-content-wrapper\"><p>[vc_row][vc_column][vc_custom_heading text=\u00a0\u00bbAntoine de Saint-Exup\u00e9ry\u00a0\u00bb font_container=\u00a0\u00bbtag:h1|text_align:left\u00a0\u00bb google_fonts=\u00a0\u00bbfont_family:Playball%3Aregular|font_style:400%20regular%3A400%3Anormal\u00a0\u00bb][\/vc_column][\/vc_row][vc_row][vc_column width=\u00a0\u00bb1\/2&Prime;][vc_column_text]<\/p>\n<p style=\"text-align: justify;\">Antoine Marie Jean-Baptiste Roger Conde de Saint-Exup\u00e9ry (Lyon, 29 juin 1900 \u2013 Marseille, 31 juillet 1944) \u00e9tait un \u00e9crivain et aviateur francais; ses exp\u00e9riences comme pilote ont \u00e9t\u00e9 souvent son inspiration. Troisi\u00e8me de cinq fils d\u2019une famille de l\u2019aristocratie, Antoine de Saint-Exup\u00e9ry a perdu son p\u00e8re \u00e0 l\u2019age de quatre ans.<\/p>\n<p style=\"text-align: justify;\">Le 12 octobre 1929, Antoine de Saint-Exup\u00e9ry prend les fonctions de Chef d\u2019exploration de \u201cL\u2019Aeroposta Argentina \u00e0 Buenos Aires o\u00f9 il retrouve ses camarades Marcel Reine, Henri Guillaumet et Jean Mermoz. Antoine de Saint-Exup\u00e9ry a pour misi\u00f3n d\u2019assurer le bon fonctionnement des lignes vers Santiago du Chili, Asusnci\u00f3n (Paraguay) et Rio de Janeiro (Br\u00e9sil), de diriger le personnel et d\u2019ouvrir de nouvelles lignes.<\/p>\n<p>[\/vc_column_text][\/vc_column][vc_column width=\u00a0\u00bb1\/2&Prime;][vc_single_image image=\u00a0\u00bb2294&Prime; img_size=\u00a0\u00bbfull\u00a0\u00bb][\/vc_column][\/vc_row][vc_row][vc_column][vc_column_text]Apr\u00e8s de longs voyanges sur la Cordill\u00e8re des Andes, Henri de Guillaumet assure la liaison Santiago-Mendoza. \u00c0 cause d\u2019une tempete de neige il doit suvivre \u00e0 3600 m d\u2019altitude en plein hiver austral. Sauv\u00e9 apr\u00e8s 5 jours, Saint-Exup\u00e9ry le r\u00e9cup\u00e8re le 19 juin 1930. Guillaumet vivant lui dit cette phrase qui fera le tour du monde: \u201cCe que j\u2019ai fait, je te le jure, jamais aucune bete ne l\u2019aurait fait\u201d.[\/vc_column_text][vc_separator color=\u00a0\u00bbblue\u00a0\u00bb][vc_message]<strong>Plus \u00a0d&rsquo;infos:<\/strong><\/p>\n<ul>\n<li><a href=\"https:\/\/www.antoinedesaintexupery.com\">https:\/\/www.antoinedesaintexupery.com<\/a><\/li>\n<li><a href=\"https:\/\/fr.wikipedia.org\/wiki\/Antoine_de_Saint-Exup\u00e9ry\">https:\/\/fr.wikipedia.org\/wiki\/Antoine_de_Saint-Exup\u00e9ry<\/a><\/li>\n<\/ul>\n<p>[\/vc_message][\/vc_column][\/vc_row]<\/p>\n<\/section>","protected":false},"excerpt":{"rendered":"<p>[vc_row][vc_column][vc_custom_heading text=\u00a0\u00bbAntoine de Saint-Exup\u00e9ry\u00a0\u00bb font_container=\u00a0\u00bbtag:h1|text_align:left\u00a0\u00bb google_fonts=\u00a0\u00bbfont_family:Playball%3Aregular|font_style:400%20regular%3A400%3Anormal\u00a0\u00bb][\/vc_column][\/vc_row][vc_row][vc_column width=\u00a0\u00bb1\/2&Prime;][vc_column_text] Antoine Marie Jean-Baptiste Roger Conde de Saint-Exup\u00e9ry (Lyon, 29 juin 1900 \u2013 Marseille,&nbsp;<a href=\"https:\/\/lafase.cl\/fr\/establecimiento\/qui-etait-saint-exupery\/\">&hellip;<\/a><\/p>\n","protected":false},"author":3,"featured_media":0,"parent":319,"menu_order":3,"comment_status":"closed","ping_status":"closed","template":"","meta":{"om_disable_all_campaigns":false,"_monsterinsights_skip_tracking":false,"_monsterinsights_sitenote_active":false,"_monsterinsights_sitenote_note":"","_monsterinsights_sitenote_category":0},"aioseo_notices":[],"_links":{"self":[{"href":"https:\/\/lafase.cl\/fr\/wp-json\/wp\/v2\/pages\/2293"}],"collection":[{"href":"https:\/\/lafase.cl\/fr\/wp-json\/wp\/v2\/pages"}],"about":[{"href":"https:\/\/lafase.cl\/fr\/wp-json\/wp\/v2\/types\/page"}],"author":[{"embeddable":true,"href":"https:\/\/lafase.cl\/fr\/wp-json\/wp\/v2\/users\/3"}],"replies":[{"embeddable":true,"href":"https:\/\/lafase.cl\/fr\/wp-json\/wp\/v2\/comments?post=2293"}],"version-history":[{"count":6,"href":"https:\/\/lafase.cl\/fr\/wp-json\/wp\/v2\/pages\/2293\/revisions"}],"predecessor-version":[{"id":11755,"href":"https:\/\/lafase.cl\/fr\/wp-json\/wp\/v2\/pages\/2293\/revisions\/11755"}],"up":[{"embeddable":true,"href":"https:\/\/lafase.cl\/fr\/wp-json\/wp\/v2\/pages\/319"}],"wp:attachment":[{"href":"https:\/\/lafase.cl\/fr\/wp-json\/wp\/v2\/media?parent=2293"}],"curies":[{"name":"wp","href":"https:\/\/api.w.org\/{rel}","templated":true}]}}