{"id":2269,"date":"2018-12-27T18:25:15","date_gmt":"2018-12-27T21:25:15","guid":{"rendered":"http:\/\/lafase.cl\/basica\/"},"modified":"2026-03-04T10:20:12","modified_gmt":"2026-03-04T13:20:12","slug":"elementaire","status":"publish","type":"page","link":"https:\/\/lafase.cl\/fr\/elementaire\/","title":{"rendered":"\u00c9L\u00c9MENTAIRE"},"content":{"rendered":"<section class=\"wpb-content-wrapper\"><p>[vc_row][vc_column][vc_custom_heading text=\u00a0\u00bbL&rsquo;\u00e9cole \u00e9l\u00e9mentaire : 5 domaines d&rsquo;apprentissage\u00a0\u00bb use_theme_fonts=\u00a0\u00bbyes\u00a0\u00bb][vc_column_text]<\/p>\n<p style=\"text-align: justify;\">Du CP au CM2, l\u2019\u00e9cole \u00e9l\u00e9mentaire offre aux enfants, dans un environnement bienveillant, des outils<br \/>\nd\u2019apprentissage fondamentaux leur permettant de se r\u00e9aliser scolairement et socialement.<\/p>\n<p>L\u2019\u00e9cole \u00e9l\u00e9mentaire constitue le d\u00e9but de la scolarit\u00e9 obligatoire.<\/p>\n<ul>\n<li style=\"text-align: justify;\">La ma\u00eetrise de la langue fran\u00e7aise et des premiers \u00e9l\u00e9ments de math\u00e9matiques sont les objectifs prioritaires pour permettre aux \u00e9l\u00e8ves d\u2019acc\u00e9der aux outils fondamentaux de la<br \/>\nconnaissance.<\/li>\n<\/ul>\n<p>&nbsp;<\/p>\n<ul>\n<li>L\u2019\u00e9cole prend en compte avec un regard positif la pluralit\u00e9 et la diversit\u00e9 des aptitudes de chaque \u00e9l\u00e8ve. A c\u00f4t\u00e9 du raisonnement et de la r\u00e9flexion intellectuelle, le sens de l\u2019observation, les capacit\u00e9s motrices et l\u2019imagination cr\u00e9atrice sont d\u00e9velopp\u00e9es.<\/li>\n<\/ul>\n<p><strong>Notre programme d\u2019enseignement\u00a0: 5 domaines d\u2019apprentissage<\/strong><\/p>\n<p>Respectant le programme du Minist\u00e8re fran\u00e7ais de l\u2019Education Nationale, notre enseignements\u2019articule autour de 5 domaines d\u2019apprentissage\u00a0:<\/p>\n<ul>\n<li>Les langages pour penser et communiquer<\/li>\n<li>Les methodes et outils pour apprendre<\/li>\n<li>La formation de la personne et du citoyen<\/li>\n<li>Les syst\u00e8mes naturels et les syst\u00e8mes techniques<\/li>\n<li>Les repr\u00e9sentations du monde et l\u2019activit\u00e9 humaine<\/li>\n<\/ul>\n<p>[\/vc_column_text][\/vc_column][\/vc_row][vc_row][vc_column][vc_raw_html]JTVCdmNfcm93JTVEJTVCdmNfY29sdW1uJTVEJTVCdmNfY3VzdG9tX2hlYWRpbmclMjB0ZXh0JTNEJTIyU2l0ZSUyMGRlJTIwVml0YWN1cmElMjIlMjBmb250X2NvbnRhaW5lciUzRCUyMnRhZyUzQWgxJTdDdGV4dF9hbGlnbiUzQWxlZnQlMjIlMjBnb29nbGVfZm9udHMlM0QlMjJmb250X2ZhbWlseSUzQVBsYXliYWxsJTI1M0FyZWd1bGFyJTdDZm9udF9zdHlsZSUzQTQwMCUyNTIwcmVndWxhciUyNTNBNDAwJTI1M0Fub3JtYWwlMjIlMjBjc3MlM0QlMjIudmNfY3VzdG9tXzE1NTA3ODcwMjA4NTAlN0JtYXJnaW4tYm90dG9tJTNBJTIwMjBweCUyMCUyMWltcG9ydGFudCUzQiU3RCUyMiU1RCU1QnZjX3Jvd19pbm5lciU1RCU1QnZjX2NvbHVtbl9pbm5lciUyMHdpZHRoJTNEJTIyMSUyRjMlMjIlNUQlNUJzY3BfdGVhY2hlcnMlMjBudW1iZXJfb2ZfcG9zdHMlM0QlMjIwJTIyJTIwdGVhY2hlcl9pZCUzRCUyMjQyNDY1JTIyJTIwaW1hZ2Vfc2l6ZSUzRCUyMmZ1bGwtd2lkdGglMjIlMjBzaG93X3NvY2lhbF9pY29ucyUzRCUyMjElMjIlNUQlNUIlMkZ2Y19jb2x1bW5faW5uZXIlNUQlNUJ2Y19jb2x1bW5faW5uZXIlMjB3aWR0aCUzRCUyMjElMkYzJTIyJTVEJTVCc2NwX3RlYWNoZXJzJTIwbnVtYmVyX29mX3Bvc3RzJTNEJTIyMSUyMiUyMHRlYWNoZXJfaWQlM0QlMjIxNjAwJTIyJTIwaW1hZ2Vfc2l6ZSUzRCUyMmZ1bGwtd2lkdGglMjIlNUQlNUIlMkZ2Y19jb2x1bW5faW5uZXIlNUQlNUJ2Y19jb2x1bW5faW5uZXIlMjB3aWR0aCUzRCUyMjElMkYzJTIyJTVEJTVCJTJGdmNfY29sdW1uX2lubmVyJTVEJTVCJTJGdmNfcm93X2lubmVyJTVEJTVCdmNfc2VwYXJhdG9yJTIwY29sb3IlM0QlMjJibHVlJTIyJTVEJTVCJTJGdmNfY29sdW1uJTVEJTVCJTJGdmNfcm93JTVEJTVCdmNfcm93JTVEJTVCdmNfY29sdW1uJTVEJTVCdmNfY3VzdG9tX2hlYWRpbmclMjB0ZXh0JTNEJTIyU2l0ZSUyMGRlJTIwQ2hhbWlzZXJvJTIyJTIwZm9udF9jb250YWluZXIlM0QlMjJ0YWclM0FoMSU3Q3RleHRfYWxpZ24lM0FsZWZ0JTIyJTIwZ29vZ2xlX2ZvbnRzJTNEJTIyZm9udF9mYW1pbHklM0FQbGF5YmFsbCUyNTNBcmVndWxhciU3Q2ZvbnRfc3R5bGUlM0E0MDAlMjUyMHJlZ3VsYXIlMjUzQTQwMCUyNTNBbm9ybWFsJTIyJTIwY3NzJTNEJTIyLnZjX2N1c3RvbV8xNTUwNzg3MDMxODg1JTdCbWFyZ2luLWJvdHRvbSUzQSUyMDIwcHglMjAlMjFpbXBvcnRhbnQlM0IlN0QlMjIlNUQlNUJ2Y19yb3dfaW5uZXIlNUQlNUJ2Y19jb2x1bW5faW5uZXIlMjB3aWR0aCUzRCUyMjElMkYzJTIyJTVEJTVCc2NwX3RlYWNoZXJzJTIwbnVtYmVyX29mX3Bvc3RzJTNEJTIyMCUyMiUyMHRlYWNoZXJfaWQlM0QlMjIzNjUyMSUyMiUyMGNhdGVnb3J5X2lkJTNEJTIyNzQ2JTIyJTIwaW1hZ2Vfc2l6ZSUzRCUyMmZ1bGwtd2lkdGglMjIlMjBzaG93X3NvY2lhbF9pY29ucyUzRCUyMjElMjIlNUQlNUIlMkZ2Y19jb2x1bW5faW5uZXIlNUQlNUJ2Y19jb2x1bW5faW5uZXIlMjB3aWR0aCUzRCUyMjElMkYzJTIyJTVEJTVCc2NwX3RlYWNoZXJzJTIwbnVtYmVyX29mX3Bvc3RzJTNEJTIyMSUyMiUyMHRlYWNoZXJfaWQlM0QlMjIxNTA0JTIyJTIwaW1hZ2Vfc2l6ZSUzRCUyMmZ1bGwtd2lkdGglMjIlNUQlNUIlMkZ2Y19jb2x1bW5faW5uZXIlNUQlNUJ2Y19jb2x1bW5faW5uZXIlMjB3aWR0aCUzRCUyMjElMkYzJTIyJTVEJTVCc2NwX3RlYWNoZXJzJTIwbnVtYmVyX29mX3Bvc3RzJTNEJTIyMSUyMiUyMHRlYWNoZXJfaWQlM0QlMjI0Mjg1NyUyMiUyMGltYWdlX3NpemUlM0QlMjJmdWxsLXdpZHRoJTIyJTVEJTVCJTJGdmNfY29sdW1uX2lubmVyJTVEJTVCJTJGdmNfcm93X2lubmVyJTVEJTVCJTJGdmNfY29sdW1uJTVEJTVCJTJGdmNfcm93JTVE[\/vc_raw_html][\/vc_column][\/vc_row]<\/p>\n<\/section>","protected":false},"excerpt":{"rendered":"<p>[vc_row][vc_column][vc_custom_heading text=\u00a0\u00bbL&rsquo;\u00e9cole \u00e9l\u00e9mentaire : 5 domaines d&rsquo;apprentissage\u00a0\u00bb use_theme_fonts=\u00a0\u00bbyes\u00a0\u00bb][vc_column_text] Du CP au CM2, l\u2019\u00e9cole \u00e9l\u00e9mentaire offre aux enfants, dans un environnement&nbsp;<a href=\"https:\/\/lafase.cl\/fr\/elementaire\/\">&hellip;<\/a><\/p>\n","protected":false},"author":1,"featured_media":0,"parent":0,"menu_order":0,"comment_status":"closed","ping_status":"closed","template":"","meta":{"om_disable_all_campaigns":false,"_monsterinsights_skip_tracking":false,"_monsterinsights_sitenote_active":false,"_monsterinsights_sitenote_note":"","_monsterinsights_sitenote_category":0},"aioseo_notices":[],"_links":{"self":[{"href":"https:\/\/lafase.cl\/fr\/wp-json\/wp\/v2\/pages\/2269"}],"collection":[{"href":"https:\/\/lafase.cl\/fr\/wp-json\/wp\/v2\/pages"}],"about":[{"href":"https:\/\/lafase.cl\/fr\/wp-json\/wp\/v2\/types\/page"}],"author":[{"embeddable":true,"href":"https:\/\/lafase.cl\/fr\/wp-json\/wp\/v2\/users\/1"}],"replies":[{"embeddable":true,"href":"https:\/\/lafase.cl\/fr\/wp-json\/wp\/v2\/comments?post=2269"}],"version-history":[{"count":22,"href":"https:\/\/lafase.cl\/fr\/wp-json\/wp\/v2\/pages\/2269\/revisions"}],"predecessor-version":[{"id":88461,"href":"https:\/\/lafase.cl\/fr\/wp-json\/wp\/v2\/pages\/2269\/revisions\/88461"}],"wp:attachment":[{"href":"https:\/\/lafase.cl\/fr\/wp-json\/wp\/v2\/media?parent=2269"}],"curies":[{"name":"wp","href":"https:\/\/api.w.org\/{rel}","templated":true}]}}