{"id":2150,"date":"2019-01-05T00:33:02","date_gmt":"2019-01-05T03:33:02","guid":{"rendered":"http:\/\/lafase.cl\/orientation\/alumni\/"},"modified":"2021-02-11T12:29:43","modified_gmt":"2021-02-11T15:29:43","slug":"alumni","status":"publish","type":"page","link":"https:\/\/lafase.cl\/fr\/orientation\/alumni\/","title":{"rendered":"Alumni"},"content":{"rendered":"<section class=\"wpb-content-wrapper\"><p>[vc_row][vc_column][vc_custom_heading text=\u00a0\u00bbAGORA : le r\u00e9seau des lyc\u00e9ens et anciens \u00e9l\u00e8ves de la fili\u00e8re fran\u00e7aise\u00a0\u00bb google_fonts=\u00a0\u00bbfont_family:Abel%3Aregular|font_style:400%20regular%3A400%3Anormal\u00a0\u00bb][vc_video link=\u00a0\u00bbhttps:\/\/youtu.be\/BgaxqGj3MFs\u00a0\u00bb][vc_column_text]<\/p>\n<p style=\"text-align: justify;\"><b>AGORA c\u2019est\u00a0:<\/b><\/p>\n<ul style=\"text-align: justify;\">\n<li style=\"font-weight: 400;\"><span style=\"font-weight: 400;\">Un annuaire\u00a0: rechercher des anciens \u00e9l\u00e8ves devenus \u00e9tudiants. Entrer en contact avec des \u00e9l\u00e8ves d\u2019autres \u00e9tablissements fran\u00e7ais \u00e0 l\u2019\u00e9tranger.<\/span><\/li>\n<\/ul>\n<p>&nbsp;<\/p>\n<ul style=\"text-align: justify;\">\n<li style=\"font-weight: 400;\"><span style=\"font-weight: 400;\">Un forum\u00a0: \u00a0faire communiquer entre eux les lyc\u00e9ens et pouvoir \u00e9changer avec les anciens \u00e9l\u00e8ves afin de b\u00e9n\u00e9ficier de leurs exp\u00e9rience, pour construire un projet d\u2019orientation, s\u2019informer sur la vie \u00e9tudiante en France ou \u00e0 l\u2019\u00e9tranger.<\/span><\/li>\n<\/ul>\n<p>&nbsp;<\/p>\n<ul style=\"text-align: justify;\">\n<li style=\"font-weight: 400;\"><span style=\"font-weight: 400;\">Echanges directs sur les profils et g\u00e9olocalisation.<\/span><\/li>\n<\/ul>\n<p>&nbsp;<\/p>\n<ul style=\"text-align: justify;\">\n<li style=\"font-weight: 400;\"><span style=\"font-weight: 400;\">Des interviews : lire et visualiser les t\u00e9moignages d\u2019anciens \u00e9l\u00e8ves sur leurs \u00e9tudes, leurs m\u00e9tiers.<\/span><\/li>\n<\/ul>\n<p>[\/vc_column_text][vc_message icon_fontawesome=\u00a0\u00bbfa fa-sign-in\u00a0\u00bb]<b>Inscrivez-vous et \u00e9changez sur\u00a0<\/b><a href=\"http:\/\/www.agora-aefe.fr\/\"><b>http:\/\/www.agora-aefe.fr<\/b><\/a><b>\u00a0!<\/b>[\/vc_message][\/vc_column][\/vc_row]<\/p>\n<\/section>","protected":false},"excerpt":{"rendered":"<p>[vc_row][vc_column][vc_custom_heading text=\u00a0\u00bbAGORA : le r\u00e9seau des lyc\u00e9ens et anciens \u00e9l\u00e8ves de la fili\u00e8re fran\u00e7aise\u00a0\u00bb google_fonts=\u00a0\u00bbfont_family:Abel%3Aregular|font_style:400%20regular%3A400%3Anormal\u00a0\u00bb][vc_video link=\u00a0\u00bbhttps:\/\/youtu.be\/BgaxqGj3MFs\u00a0\u00bb][vc_column_text] AGORA c\u2019est\u00a0: Un annuaire\u00a0:&nbsp;<a href=\"https:\/\/lafase.cl\/fr\/orientation\/alumni\/\">&hellip;<\/a><\/p>\n","protected":false},"author":1,"featured_media":0,"parent":2044,"menu_order":11,"comment_status":"closed","ping_status":"closed","template":"template-sidebar-right-childpages.php","meta":{"om_disable_all_campaigns":false,"_monsterinsights_skip_tracking":false,"_monsterinsights_sitenote_active":false,"_monsterinsights_sitenote_note":"","_monsterinsights_sitenote_category":0},"aioseo_notices":[],"_links":{"self":[{"href":"https:\/\/lafase.cl\/fr\/wp-json\/wp\/v2\/pages\/2150"}],"collection":[{"href":"https:\/\/lafase.cl\/fr\/wp-json\/wp\/v2\/pages"}],"about":[{"href":"https:\/\/lafase.cl\/fr\/wp-json\/wp\/v2\/types\/page"}],"author":[{"embeddable":true,"href":"https:\/\/lafase.cl\/fr\/wp-json\/wp\/v2\/users\/1"}],"replies":[{"embeddable":true,"href":"https:\/\/lafase.cl\/fr\/wp-json\/wp\/v2\/comments?post=2150"}],"version-history":[{"count":2,"href":"https:\/\/lafase.cl\/fr\/wp-json\/wp\/v2\/pages\/2150\/revisions"}],"predecessor-version":[{"id":30697,"href":"https:\/\/lafase.cl\/fr\/wp-json\/wp\/v2\/pages\/2150\/revisions\/30697"}],"up":[{"embeddable":true,"href":"https:\/\/lafase.cl\/fr\/wp-json\/wp\/v2\/pages\/2044"}],"wp:attachment":[{"href":"https:\/\/lafase.cl\/fr\/wp-json\/wp\/v2\/media?parent=2150"}],"curies":[{"name":"wp","href":"https:\/\/api.w.org\/{rel}","templated":true}]}}