{"id":1924,"date":"2019-01-04T15:42:55","date_gmt":"2019-01-04T18:42:55","guid":{"rendered":"http:\/\/lafase.cl\/asociacion-deportiva\/"},"modified":"2026-03-17T11:39:06","modified_gmt":"2026-03-17T14:39:06","slug":"asociacion-deportiva","status":"publish","type":"page","link":"https:\/\/lafase.cl\/fr\/asociacion-deportiva\/","title":{"rendered":"Ramas sportives"},"content":{"rendered":"<section class=\"wpb-content-wrapper\"><p>[vc_row][vc_column][vc_custom_heading text=\u00a0\u00bbRamas sportives\u00a0\u00bb use_theme_fonts=\u00a0\u00bbyes\u00a0\u00bb][vc_tta_accordion style=\u00a0\u00bboutline\u00a0\u00bb color=\u00a0\u00bbsky\u00a0\u00bb active_section=\u00a0\u00bb\u00a0\u00bb no_fill=\u00a0\u00bbtrue\u00a0\u00bb collapsible_all=\u00a0\u00bbtrue\u00a0\u00bb][vc_tta_section i_icon_fontawesome=\u00a0\u00bbfar fa-list-alt\u00a0\u00bb add_icon=\u00a0\u00bbtrue\u00a0\u00bb title=\u00a0\u00bbProgramme et r\u00e8glement des Ramas sportives\u00a0\u00bb tab_id=\u00a0\u00bb1773757926418-8c871569-eba7&Prime;][vc_btn title=\u00a0\u00bbProgramme Ramas Vitacura\u00a0\u00bb color=\u00a0\u00bbsky\u00a0\u00bb link=\u00a0\u00bburl:https%3A%2F%2Flafase.cl%2Fwp-content%2Fuploads%2F2026%2F03%2FRamas-deportivas-Vitacura-2026.pdf\u00a0\u00bb][vc_btn title=\u00a0\u00bbProgramme Ramas Chamisero\u00a0\u00bb color=\u00a0\u00bbsky\u00a0\u00bb link=\u00a0\u00bburl:https%3A%2F%2Flafase.cl%2Fwp-content%2Fuploads%2F2026%2F02%2FRamas-deportivas-Chamisero-2026.pdf\u00a0\u00bb][vc_btn title=\u00a0\u00bbR\u00e8glement Ramas\u00a0\u00bb color=\u00a0\u00bbdanger\u00a0\u00bb link=\u00a0\u00bburl:https%3A%2F%2Flafase.cl%2Fwp-content%2Fuploads%2F2026%2F02%2FREGLAMENTO-RAMAS-2026.pdf\u00a0\u00bb][\/vc_tta_section][vc_tta_section i_icon_fontawesome=\u00a0\u00bbfas fa-dollar-sign\u00a0\u00bb add_icon=\u00a0\u00bbtrue\u00a0\u00bb title=\u00a0\u00bbTarifs\u00a0\u00bb tab_id=\u00a0\u00bb1773757926428-6e2bbda1-6820&Prime;][vc_single_image image=\u00a0\u00bb88706&Prime; img_size=\u00a0\u00bbfull\u00a0\u00bb][\/vc_tta_section][vc_tta_section i_icon_fontawesome=\u00a0\u00bbfas fa-money-check\u00a0\u00bb add_icon=\u00a0\u00bbtrue\u00a0\u00bb title=\u00a0\u00bbPaiement\u00a0\u00bb tab_id=\u00a0\u00bb1773758126080-3d520748-8cef\u00a0\u00bb][vc_column_text]<\/p>\n<p style=\"text-align: justify;\"><span style=\"font-weight: 400;\">Bien que l&rsquo;inscription \u00e0 las ramas soit annuelle, le paiement est semestriel.\u00a0<\/span><\/p>\n<p style=\"text-align: justify;\"><span style=\"font-weight: 400;\">Au cours de la premi\u00e8re semaine d&rsquo;avril, le repr\u00e9sentant financier recevra la facture correspondant aux activit\u00e9s de son\/ses enfant(s).\u00a0<\/span><\/p>\n<p style=\"text-align: justify;\"><span style=\"font-weight: 400;\">Le paiement s&rsquo;effectue par le biais de la plateforme Schoolnet ou en personne au d\u00e9partement des finances.<\/span><\/p>\n<p style=\"text-align: justify;\"><span style=\"font-weight: 400;\">Nous vous rappelons que pour assurer l&rsquo;inscription aux ramas sportives 2026, le r\u00e8glement des activit\u00e9s 2025 doivent \u00eatre \u00e0 jour. En cas de questions, veuillez contacter <\/span><a href=\"mailto:finanzas@lafase.cl\"><span style=\"font-weight: 400;\">finanzas@lafase.cl<\/span><\/a><span style=\"font-weight: 400;\"> .\u00a0<\/span><\/p>\n<p>[\/vc_column_text][\/vc_tta_section][\/vc_tta_accordion][\/vc_column][\/vc_row]<\/p>\n<\/section>","protected":false},"excerpt":{"rendered":"<p>[vc_row][vc_column][vc_custom_heading text=\u00a0\u00bbRamas sportives\u00a0\u00bb use_theme_fonts=\u00a0\u00bbyes\u00a0\u00bb][vc_tta_accordion style=\u00a0\u00bboutline\u00a0\u00bb color=\u00a0\u00bbsky\u00a0\u00bb active_section=\u00a0\u00bb\u00a0\u00bb no_fill=\u00a0\u00bbtrue\u00a0\u00bb collapsible_all=\u00a0\u00bbtrue\u00a0\u00bb][vc_tta_section i_icon_fontawesome=\u00a0\u00bbfar fa-list-alt\u00a0\u00bb add_icon=\u00a0\u00bbtrue\u00a0\u00bb title=\u00a0\u00bbProgramme et r\u00e8glement des Ramas sportives\u00a0\u00bb tab_id=\u00a0\u00bb1773757926418-8c871569-eba7&Prime;][vc_btn title=\u00a0\u00bbProgramme&nbsp;<a href=\"https:\/\/lafase.cl\/fr\/asociacion-deportiva\/\">&hellip;<\/a><\/p>\n","protected":false},"author":3,"featured_media":77997,"parent":0,"menu_order":2,"comment_status":"closed","ping_status":"closed","template":"","meta":{"om_disable_all_campaigns":false,"_monsterinsights_skip_tracking":false,"_monsterinsights_sitenote_active":false,"_monsterinsights_sitenote_note":"","_monsterinsights_sitenote_category":0},"aioseo_notices":[],"_links":{"self":[{"href":"https:\/\/lafase.cl\/fr\/wp-json\/wp\/v2\/pages\/1924"}],"collection":[{"href":"https:\/\/lafase.cl\/fr\/wp-json\/wp\/v2\/pages"}],"about":[{"href":"https:\/\/lafase.cl\/fr\/wp-json\/wp\/v2\/types\/page"}],"author":[{"embeddable":true,"href":"https:\/\/lafase.cl\/fr\/wp-json\/wp\/v2\/users\/3"}],"replies":[{"embeddable":true,"href":"https:\/\/lafase.cl\/fr\/wp-json\/wp\/v2\/comments?post=1924"}],"version-history":[{"count":61,"href":"https:\/\/lafase.cl\/fr\/wp-json\/wp\/v2\/pages\/1924\/revisions"}],"predecessor-version":[{"id":88709,"href":"https:\/\/lafase.cl\/fr\/wp-json\/wp\/v2\/pages\/1924\/revisions\/88709"}],"wp:featuredmedia":[{"embeddable":true,"href":"https:\/\/lafase.cl\/fr\/wp-json\/wp\/v2\/media\/77997"}],"wp:attachment":[{"href":"https:\/\/lafase.cl\/fr\/wp-json\/wp\/v2\/media?parent=1924"}],"curies":[{"name":"wp","href":"https:\/\/api.w.org\/{rel}","templated":true}]}}