{"id":1888,"date":"2019-01-02T23:20:24","date_gmt":"2019-01-03T02:20:24","guid":{"rendered":"http:\/\/lafase.cl\/casino\/"},"modified":"2026-03-31T14:39:00","modified_gmt":"2026-03-31T17:39:00","slug":"casino","status":"publish","type":"page","link":"https:\/\/lafase.cl\/fr\/casino\/","title":{"rendered":"Cantine scolaire"},"content":{"rendered":"<section class=\"wpb-content-wrapper\"><p>[vc_row][vc_column][vc_custom_heading text=\u00a0\u00bbCantine scolaire\u00a0\u00bb use_theme_fonts=\u00a0\u00bbyes\u00a0\u00bb][vc_btn title=\u00a0\u00bbMenu \u00e9l\u00e8ves\u00a0\u00bb color=\u00a0\u00bbmulled-wine\u00a0\u00bb align=\u00a0\u00bbleft\u00a0\u00bb link=\u00a0\u00bburl:https%3A%2F%2Flafase.cl%2Fwp-content%2Fuploads%2F2026%2F03%2FMinuta-AF-2026-Abril.pdf|title:%C3%A9l%C3%A8ves\u00a0\u00bb][vc_btn title=\u00a0\u00bbMenu fonctionnaires\u00a0\u00bb color=\u00a0\u00bbmulled-wine\u00a0\u00bb align=\u00a0\u00bbleft\u00a0\u00bb link=\u00a0\u00bburl:https%3A%2F%2Flafase.cl%2Fwp-content%2Fuploads%2F2026%2F03%2FMINUTA-FUNCIONARIOS-AF-2026-ABRIL.pdf|title:%C3%A9l%C3%A8ves\u00a0\u00bb][vc_btn title=\u00a0\u00bbAchat tickets repas\u00a0\u00bb color=\u00a0\u00bbdanger\u00a0\u00bb align=\u00a0\u00bbleft\u00a0\u00bb link=\u00a0\u00bburl:https%3A%2F%2Fapps.biometrypass.com%2Fvouchers%2FcustomLogin%2Fde0d3f5ce6ed905c|||\u00a0\u00bb][vc_column_text]<\/p>\n<p style=\"text-align: justify;\">Le service de la cantine est assur\u00e9 par \u00ab\u00a0Mediterr\u00e1nea Group\u00a0\u00bb, une entreprise internationale, sp\u00e9cialis\u00e9e dans le service alimentaire.<\/p>\n<p style=\"text-align: justify;\">Pour acheter les tickets, veuillez vous rendre sur le lien suivant :\u00a0<a href=\"http:\/\/www.mediterranea-educa.cl\/\">www.mediterranea-educa.cl<\/a><\/p>\n<p style=\"text-align: justify;\">Pour toute information et demande de renseignements sur le service et l&rsquo;achat de tickets:<\/p>\n<ul>\n<li style=\"text-align: justify;\">Mail :\u00a0<a href=\"mailto:soporte.educa@mediterranea-group.cl\">soporte.educa@mediterranea-group.cl<\/a><\/li>\n<li style=\"text-align: justify;\">T\u00e9l\u00e9phone : 964251282 (du lundi au vendredi de 9h \u00e0 16h).<\/li>\n<\/ul>\n<p>[\/vc_column_text][vc_row_inner][vc_column_inner][vc_btn title=\u00a0\u00bbManuel achat tickets\u00a0\u00bb color=\u00a0\u00bbmulled-wine\u00a0\u00bb align=\u00a0\u00bbleft\u00a0\u00bb link=\u00a0\u00bburl:https%3A%2F%2Flafase.cl%2Fwp-content%2Fuploads%2F2024%2F02%2FMANUAL-VENTA-TICKETS.pdf|title:%C3%A9l%C3%A8ves\u00a0\u00bb][vc_btn title=\u00a0\u00bbComment fonctionne le syst\u00e8me biom\u00e9trique?\u00a0\u00bb color=\u00a0\u00bbmulled-wine\u00a0\u00bb align=\u00a0\u00bbleft\u00a0\u00bb link=\u00a0\u00bburl:https%3A%2F%2Flafase.cl%2Fwp-content%2Fuploads%2F2023%2F05%2FComo-funciona-BiometryPass.pdf|title:%C3%A9l%C3%A8ves\u00a0\u00bb][\/vc_column_inner][\/vc_row_inner][\/vc_column][\/vc_row]<\/p>\n<\/section>","protected":false},"excerpt":{"rendered":"<p>[vc_row][vc_column][vc_custom_heading text=\u00a0\u00bbCantine scolaire\u00a0\u00bb use_theme_fonts=\u00a0\u00bbyes\u00a0\u00bb][vc_btn title=\u00a0\u00bbMenu \u00e9l\u00e8ves\u00a0\u00bb color=\u00a0\u00bbmulled-wine\u00a0\u00bb align=\u00a0\u00bbleft\u00a0\u00bb link=\u00a0\u00bburl:https%3A%2F%2Flafase.cl%2Fwp-content%2Fuploads%2F2026%2F03%2FMinuta-AF-2026-Abril.pdf|title:%C3%A9l%C3%A8ves\u00a0\u00bb][vc_btn title=\u00a0\u00bbMenu fonctionnaires\u00a0\u00bb color=\u00a0\u00bbmulled-wine\u00a0\u00bb align=\u00a0\u00bbleft\u00a0\u00bb link=\u00a0\u00bburl:https%3A%2F%2Flafase.cl%2Fwp-content%2Fuploads%2F2026%2F03%2FMINUTA-FUNCIONARIOS-AF-2026-ABRIL.pdf|title:%C3%A9l%C3%A8ves\u00a0\u00bb][vc_btn title=\u00a0\u00bbAchat tickets repas\u00a0\u00bb color=\u00a0\u00bbdanger\u00a0\u00bb align=\u00a0\u00bbleft\u00a0\u00bb link=\u00a0\u00bburl:https%3A%2F%2Fapps.biometrypass.com%2Fvouchers%2FcustomLogin%2Fde0d3f5ce6ed905c|||\u00a0\u00bb][vc_column_text]&nbsp;<a href=\"https:\/\/lafase.cl\/fr\/casino\/\">&hellip;<\/a><\/p>\n","protected":false},"author":1,"featured_media":0,"parent":0,"menu_order":3,"comment_status":"closed","ping_status":"closed","template":"","meta":{"om_disable_all_campaigns":false,"_monsterinsights_skip_tracking":false,"_monsterinsights_sitenote_active":false,"_monsterinsights_sitenote_note":"","_monsterinsights_sitenote_category":0},"aioseo_notices":[],"_links":{"self":[{"href":"https:\/\/lafase.cl\/fr\/wp-json\/wp\/v2\/pages\/1888"}],"collection":[{"href":"https:\/\/lafase.cl\/fr\/wp-json\/wp\/v2\/pages"}],"about":[{"href":"https:\/\/lafase.cl\/fr\/wp-json\/wp\/v2\/types\/page"}],"author":[{"embeddable":true,"href":"https:\/\/lafase.cl\/fr\/wp-json\/wp\/v2\/users\/1"}],"replies":[{"embeddable":true,"href":"https:\/\/lafase.cl\/fr\/wp-json\/wp\/v2\/comments?post=1888"}],"version-history":[{"count":126,"href":"https:\/\/lafase.cl\/fr\/wp-json\/wp\/v2\/pages\/1888\/revisions"}],"predecessor-version":[{"id":88806,"href":"https:\/\/lafase.cl\/fr\/wp-json\/wp\/v2\/pages\/1888\/revisions\/88806"}],"wp:attachment":[{"href":"https:\/\/lafase.cl\/fr\/wp-json\/wp\/v2\/media?parent=1888"}],"curies":[{"name":"wp","href":"https:\/\/api.w.org\/{rel}","templated":true}]}}