{"id":1454,"date":"2018-12-27T00:10:47","date_gmt":"2018-12-27T03:10:47","guid":{"rendered":"http:\/\/lafase.cl\/trabaja-con-nosotros\/"},"modified":"2026-04-15T15:10:07","modified_gmt":"2026-04-15T19:10:07","slug":"postes","status":"publish","type":"page","link":"https:\/\/lafase.cl\/fr\/establecimiento\/postes\/","title":{"rendered":"Postes \u00e0 pourvoir"},"content":{"rendered":"<section class=\"wpb-content-wrapper\"><p>[vc_row][vc_column][vc_custom_heading text=\u00a0\u00bbVenez faire partie de notre grand projet d\u2019enseignement bilingue et pluriculturel fran\u00e7ais au Chili!\u00a0\u00bb use_theme_fonts=\u00a0\u00bbyes\u00a0\u00bb][vc_column_text]<em>Le Lyc\u00e9e de l\u2019Alliance Fran\u00e7aise Santiago du Chili, membre du r\u00e9seau mondial d\u2019\u00e9tablissements AEFE (Agence pour l\u2019Enseignement Fran\u00e7ais \u00e0 l\u2019\u00c9tranger), a commenc\u00e9 son recrutement pour les postes \u00e0 pourvoir sur ses sites de Vitacura et Chamisero.<\/em>[\/vc_column_text][\/vc_column][\/vc_row][vc_row][vc_column][vc_tta_accordion style=\u00a0\u00bbmodern\u00a0\u00bb color=\u00a0\u00bbmulled-wine\u00a0\u00bb spacing=\u00a0\u00bb1&Prime; gap=\u00a0\u00bb1&Prime; active_section=\u00a0\u00bb\u00a0\u00bb collapsible_all=\u00a0\u00bbtrue\u00a0\u00bb][vc_tta_section i_icon_fontawesome=\u00a0\u00bbfa fa-handshake-o\u00a0\u00bb add_icon=\u00a0\u00bbtrue\u00a0\u00bb title=\u00a0\u00bbPersonnel enseignant en contrat local\u00a0\u00bb tab_id=\u00a0\u00bb1567799409832-ffac3ab7-15fe\u00a0\u00bb][vc_row_inner][vc_column_inner][vc_custom_heading text=\u00a0\u00bbPostes vacants :\u00a0\u00bb font_container=\u00a0\u00bbtag:h3|font_size:18|text_align:left\u00a0\u00bb use_theme_fonts=\u00a0\u00bbyes\u00a0\u00bb][vc_column_text]<\/p>\n<ul>\n<li class=\"title\">Professeur du second degr\u00e9 \u2013 Physique Chimie \ud83d\udc49\ud83c\udffb <a href=\"https:\/\/talents.aefe.fr\/fr\/annonce\/4328637-professeur-du-second-degre-physique-chimie-fh-santiago-chili-7630599-santiago\">Postuler ici<\/a><\/li>\n<li>Professeur du second degr\u00e9 \u2013 Math\u00e9matiques \ud83d\udc49\ud83c\udffb <a href=\"https:\/\/talents.aefe.fr\/fr\/annonce\/4328947-professeur-du-second-degre-mathematiques-fh-santiago-chili-7630599-santiago\">Postuler ici<\/a><\/li>\n<\/ul>\n<p>[\/vc_column_text][\/vc_column_inner][\/vc_row_inner][\/vc_tta_section][vc_tta_section i_icon_fontawesome=\u00a0\u00bbfa fa-handshake-o\u00a0\u00bb add_icon=\u00a0\u00bbtrue\u00a0\u00bb title=\u00a0\u00bbPersonnel non enseignant en contrat local\u00a0\u00bb tab_id=\u00a0\u00bb1567799409847-fb2d1ea4-3bd9&Prime;][vc_column_text]<\/p>\n<h4>Postes vacants :<\/h4>\n<p>[\/vc_column_text][vc_row_inner][vc_column_inner][vc_column_text]<\/p>\n<ul>\n<li><strong>Psychop\u00e9dagogue<\/strong>\u00a0\ud83d\udc49\ud83c\udffb\u00a0<a href=\"https:\/\/talents.aefe.fr\/fr\/annonce\/4333647-psychopedagogue-fh-santiago-chili-7630599-santiago\">Postuler ici<\/a><\/li>\n<li><strong>Secr\u00e9taire de direction<\/strong>\u00a0\ud83d\udc49\ud83c\udffb\u00a0<a href=\"https:\/\/talents.aefe.fr\/fr\/annonce\/4333615-secretaire-de-direction-fh-santiago-chili-7630599-santiago\">Postuler ici<\/a><\/li>\n<\/ul>\n<p>[\/vc_column_text][\/vc_column_inner][\/vc_row_inner][\/vc_tta_section][vc_tta_section i_icon_fontawesome=\u00a0\u00bbfa fa-handshake-o\u00a0\u00bb add_icon=\u00a0\u00bbtrue\u00a0\u00bb title=\u00a0\u00bbPersonnel enseignant en contrat de d\u00e9tach\u00e9\u00a0\u00bb tab_id=\u00a0\u00bb1567799479588-7a7d60ef-6f92&Prime;][vc_message]<\/p>\n<p style=\"font-weight: 400;\">La p\u00e9riode de\u00a0recrutement\u00a0pour les postes sous contrat AEFE de d\u00e9tach\u00e9s d\u2019enseignement, d\u2019\u00e9ducation et d\u2019administration est maintenant close. Plus aucun dossier n\u2019est recevable.<\/p>\n<p style=\"font-weight: 400;\">La prochaine campagne s\u2019ouvrira en octobre 2026.<\/p>\n<p style=\"font-weight: 400;\">Pour plus d\u2019information, veuillez consulter le site de l\u2019AEFE:<\/p>\n<p style=\"font-weight: 400;\"><a href=\"https:\/\/aefe.gouv.fr\/fr\/recrutement\/recrutement-des-detaches-sur-missions-enseignement-education-administration\/conditions-et-modalites-de-candidature\" data-saferedirecturl=\"https:\/\/www.google.com\/url?q=https:\/\/aefe.gouv.fr\/fr\/recrutement\/recrutement-des-detaches-sur-missions-enseignement-education-administration\/conditions-et-modalites-de-candidature&amp;source=gmail&amp;ust=1774377540815000&amp;usg=AOvVaw3W50jmzg-0c-T3ETJlyakl\">https:\/\/aefe.gouv.fr\/fr\/recrutement\/recrutement-des-detaches-sur-missions-enseignement-education-administration\/conditions-et-modalites-de-candidature<\/a><\/p>\n<p>[\/vc_message][\/vc_tta_section][\/vc_tta_accordion][vc_message]<\/p>\n<p style=\"text-align: justify;\"><strong><span lang=\"FR\">Des postes sont \u00e0 pourvoir tout au long de l&rsquo;ann\u00e9e scolaire en fonction des besoins de remplacement.\u00a0<\/span>Vous pouvez nous envoyer votre candidature spontan\u00e9e ou en r\u00e9ponse \u00e0 une annonce en remplissant\u00a0<a href=\"https:\/\/docs.google.com\/forms\/d\/e\/1FAIpQLSeIY-eDVqh7mxccnGvoJbJEJq1QTbO5QkL8JhjbXLo_NS7Qnw\/viewform\"><span style=\"text-decoration: underline;\">le formulaire de candidature<\/span><\/a><\/strong><\/p>\n<p>[\/vc_message][\/vc_column][\/vc_row][vc_row][vc_column]\t\t<div class=\"scp-share-this share-this\">\n\t\t\t<!-- http:\/\/simplesharingbuttons.com\/ -->\n\t\t\t<ul class=\"share-buttons\">\n\t\t\t\t<li><a href=\"https:\/\/www.facebook.com\/sharer\/sharer.php?u=https%3A%2F%2Flafase.cl&t=\"\n\t\t\t\t       target=\"_blank\" title=\"Share on Facebook\"\n\t\t\t\t       onclick=\"window.open('https:\/\/www.facebook.com\/sharer\/sharer.php?u=' + encodeURIComponent(document.URL) + '&t=' + encodeURIComponent(document.URL)); return false;\"><i\n\t\t\t\t\t\t\tclass=\"fa fa-facebook\"><\/i><\/a><\/li>\n\t\t\t\t<li>\n\t\t\t\t\t<a href=\"https:\/\/twitter.com\/intent\/tweet?source=https%3A%2F%2Flafase.cl&text=:%20https%3A%2F%2Flafase.cl\"\n\t\t\t\t\t   target=\"_blank\" title=\"Tweet\"\n\t\t\t\t\t   onclick=\"window.open('https:\/\/twitter.com\/intent\/tweet?text=' + encodeURIComponent(document.title) + ':%20' + encodeURIComponent(document.URL)); return false;\"><i\n\t\t\t\t\t\t\tclass=\"fa fa-twitter\"><\/i><\/a><\/li>\n\t\t\t\t<li><a href=\"https:\/\/plus.google.com\/share?url=https%3A%2F%2Flafase.cl\"\n\t\t\t\t       target=\"_blank\" title=\"Share on Google+\"\n\t\t\t\t       onclick=\"window.open('https:\/\/plus.google.com\/share?url=' + encodeURIComponent(document.URL)); return false;\"><i\n\t\t\t\t\t\t\tclass=\"fa fa-google-plus\"><\/i><\/a><\/li>\n\t\t\t\t<li>\n\t\t\t\t\t<a href=\"http:\/\/pinterest.com\/pin\/create\/button\/?url=https%3A%2F%2Flafase.cl&description=\"\n\t\t\t\t\t   target=\"_blank\" title=\"Pin it\"\n\t\t\t\t\t   onclick=\"window.open('http:\/\/pinterest.com\/pin\/create\/button\/?url=' + encodeURIComponent(document.URL) + '&description=' +  encodeURIComponent(document.title)); return false;\"><i\n\t\t\t\t\t\t\tclass=\"fa fa-pinterest\"><\/i><\/a><\/li>\n\t\t\t\t<li>\n\t\t\t\t\t<a href=\"http:\/\/www.linkedin.com\/shareArticle?mini=true&url=https%3A%2F%2Flafase.cl&title=&summary=&source=https%3A%2F%2Flafase.cl\"\n\t\t\t\t\t   target=\"_blank\" title=\"Share on LinkedIn\"\n\t\t\t\t\t   onclick=\"window.open('http:\/\/www.linkedin.com\/shareArticle?mini=true&url=' + encodeURIComponent(document.URL) + '&title=' +  encodeURIComponent(document.title)); return false;\"><i\n\t\t\t\t\t\t\tclass=\"fa fa-linkedin\"><\/i><\/a><\/li>\n\t\t\t<\/ul>\n\t\t<\/div>\n\t\t[\/vc_column][\/vc_row]<\/p>\n<\/section>","protected":false},"excerpt":{"rendered":"<p>[vc_row][vc_column][vc_custom_heading text=\u00a0\u00bbVenez faire partie de notre grand projet d\u2019enseignement bilingue et pluriculturel fran\u00e7ais au Chili!\u00a0\u00bb use_theme_fonts=\u00a0\u00bbyes\u00a0\u00bb][vc_column_text]Le Lyc\u00e9e de l\u2019Alliance Fran\u00e7aise&nbsp;<a href=\"https:\/\/lafase.cl\/fr\/establecimiento\/postes\/\">&hellip;<\/a><\/p>\n","protected":false},"author":1,"featured_media":41378,"parent":319,"menu_order":12,"comment_status":"closed","ping_status":"closed","template":"","meta":{"om_disable_all_campaigns":false,"_monsterinsights_skip_tracking":false,"_monsterinsights_sitenote_active":false,"_monsterinsights_sitenote_note":"","_monsterinsights_sitenote_category":0},"aioseo_notices":[],"_links":{"self":[{"href":"https:\/\/lafase.cl\/fr\/wp-json\/wp\/v2\/pages\/1454"}],"collection":[{"href":"https:\/\/lafase.cl\/fr\/wp-json\/wp\/v2\/pages"}],"about":[{"href":"https:\/\/lafase.cl\/fr\/wp-json\/wp\/v2\/types\/page"}],"author":[{"embeddable":true,"href":"https:\/\/lafase.cl\/fr\/wp-json\/wp\/v2\/users\/1"}],"replies":[{"embeddable":true,"href":"https:\/\/lafase.cl\/fr\/wp-json\/wp\/v2\/comments?post=1454"}],"version-history":[{"count":198,"href":"https:\/\/lafase.cl\/fr\/wp-json\/wp\/v2\/pages\/1454\/revisions"}],"predecessor-version":[{"id":89070,"href":"https:\/\/lafase.cl\/fr\/wp-json\/wp\/v2\/pages\/1454\/revisions\/89070"}],"up":[{"embeddable":true,"href":"https:\/\/lafase.cl\/fr\/wp-json\/wp\/v2\/pages\/319"}],"wp:featuredmedia":[{"embeddable":true,"href":"https:\/\/lafase.cl\/fr\/wp-json\/wp\/v2\/media\/41378"}],"wp:attachment":[{"href":"https:\/\/lafase.cl\/fr\/wp-json\/wp\/v2\/media?parent=1454"}],"curies":[{"name":"wp","href":"https:\/\/api.w.org\/{rel}","templated":true}]}}