{"id":1283,"date":"2018-11-05T22:29:35","date_gmt":"2018-11-06T01:29:35","guid":{"rendered":"http:\/\/lafase.cl\/inicio-new\/"},"modified":"2025-03-10T09:33:23","modified_gmt":"2025-03-10T12:33:23","slug":"inicio-new","status":"publish","type":"page","link":"https:\/\/lafase.cl\/fr\/","title":{"rendered":"Home"},"content":{"rendered":"<section class=\"wpb-content-wrapper\"><p>[vc_row][vc_column css=\u00a0\u00bb.vc_custom_1490004489841{margin-bottom: 0px !important;}\u00a0\u00bb][rev_slider_vc alias=\u00a0\u00bbAdmisiones\u00a0\u00bb][\/vc_column][\/vc_row][vc_row full_width=\u00a0\u00bbstretch_row\u00a0\u00bb equal_height=\u00a0\u00bbyes\u00a0\u00bb content_placement=\u00a0\u00bbmiddle\u00a0\u00bb css=\u00a0\u00bb.vc_custom_1663169710825{background-color: #ffffff !important;}\u00a0\u00bb][vc_column][vc_single_image image=\u00a0\u00bb44364&Prime; img_size=\u00a0\u00bblarge\u00a0\u00bb css=\u00a0\u00bb.vc_custom_1663169864037{margin-top: -20px !important;}\u00a0\u00bb][\/vc_column][\/vc_row][vc_row css=\u00a0\u00bb.vc_custom_1663169986024{margin-top: -50px !important;}\u00a0\u00bb][vc_column][vc_custom_heading text=\u00a0\u00bbPourquoi nous choisir?\u00a0\u00bb font_container=\u00a0\u00bbtag:h2|text_align:left|color:%230044ba\u00a0\u00bb google_fonts=\u00a0\u00bbfont_family:Arimo%3Aregular%2Citalic%2C700%2C700italic|font_style:400%20regular%3A400%3Anormal\u00a0\u00bb css=\u00a0\u00bb.vc_custom_1715801855486{margin-top: -10px !important;}\u00a0\u00bb][vc_custom_heading text=\u00a0\u00bbLe lyc\u00e9e de l\u2019Alliance fran\u00e7aise &#8211; Antoine de Saint Exup\u00e9ry de Santiago est une \u00e9cole internationale, multilingue et diversifi\u00e9e, formant des \u00e9tudiants \u00e0 l&rsquo;esprit critique et des citoyens engag\u00e9s vis-\u00e0-vis de leur environnement. Nous sommes un \u00e9tablissement ouvert sur le monde, au sein duquel chaque \u00e9l\u00e8ve est appel\u00e9 \u00e0 d\u00e9velopper tout son potentiel. Nous avons plus de 60 ans d&rsquo;histoire et poss\u00e9dons deux sites : Vitacura et Chamisero. Au total, l\u2019\u00e9tablissement compte plus de 3 200 \u00e9l\u00e8ves, de la maternelle \u00e0 la terminale.\u00a0\u00bb font_container=\u00a0\u00bbtag:h2|font_size:17|text_align:justify\u00a0\u00bb google_fonts=\u00a0\u00bbfont_family:Arimo%3Aregular%2Citalic%2C700%2C700italic|font_style:400%20regular%3A400%3Anormal\u00a0\u00bb][\/vc_column][\/vc_row][vc_row css=\u00a0\u00bb.vc_custom_1649711281878{margin-top: -40px !important;}\u00a0\u00bb][vc_column css=\u00a0\u00bb.vc_custom_1649707875644{padding-top: 10px !important;padding-right: 35px !important;padding-left: 35px !important;background-color: #ffffff !important;}\u00a0\u00bb][vc_custom_heading text=\u00a0\u00bbActualit\u00e9s\u00a0\u00bb font_container=\u00a0\u00bbtag:h3|text_align:left|color:%23ffffff\u00a0\u00bb use_theme_fonts=\u00a0\u00bbyes\u00a0\u00bb css=\u00a0\u00bb.vc_custom_1715804095098{padding-top: 5px !important;padding-bottom: 5px !important;padding-left: 10px !important;background-color: #1e73be !important;}\u00a0\u00bb]\t\t<div class=\"wh-content-box vc_custom_1598019890588  scp_content_box-45bdb9f5d245fa9fd2ca7703ac7da7b4\">\n\t\t\t\t\t\t\t\t\t\t\t\t\t\t<div class=\"linp-post-list  layout_2\">\n\t\t\t\t\t\t\t<div class=\"vc_row\">\n\t\t\t\t\t\t\t\t\t\t\t\t\t\t\t\t\t\t<div class=\"item one third\">\n\t<div class=\"inner-wrap\">\n\t\t\t\t\t<div class=\"img-container\">\n\t\t\t\t<a href=\"https:\/\/lafase.cl\/fr\/non-classifiee\/elecciones-de-los-representantes-de-los-apoderados-a-los-consejos-de-primaria-y-establecimiento\/\"\n\t\t\t\t   title=\"Elections des repr\u00e9sentants des parents d\u2019\u00e9l\u00e8ves au Conseil d\u2019\u00c9cole et Conseil d\u2019Etablissement\">\n\t\t\t\t   <img width=\"600\" height=\"350\" src=\"https:\/\/lafase.cl\/wp-content\/uploads\/2019\/04\/votar-elecciones-600x350.jpg\" class=\"post-list-thumb wp-post-image\" alt=\"\" loading=\"lazy\" \/>\t\t\t    <\/a>\n\t\t\t<\/div>\n\t\t\t\t<div class=\"data\">\n\t\t\t<h3>\n\t\t\t\t<a title=\"Elections des repr\u00e9sentants des parents d\u2019\u00e9l\u00e8ves au Conseil d\u2019\u00c9cole et Conseil d\u2019Etablissement\"\n\t\t\t\t   href=\"https:\/\/lafase.cl\/fr\/non-classifiee\/elecciones-de-los-representantes-de-los-apoderados-a-los-consejos-de-primaria-y-establecimiento\/\">\n\t\t\t\t\tElections des repr\u00e9sentants des parents d\u2019\u00e9l\u00e8ves au Conseil d\u2019\u00c9cole et Conseil d\u2019Etablissement\t\t\t\t<\/a>\n\t\t\t<\/h3>\n\n\t\t\t<div class=\"meta-data\">\n\t\t\t\t<div class=\"date\">\n\t\t\t\t\t\t\t\t\t\t\tavril 06, 2026\t\t\t\t\t\t\t\t\t<\/div>\n\t\t\t\t\t\t\t\t\t\t\t<\/div>\n\t\t\t\n\t\t\t\t\t\t\t\t<\/div>\n\t<\/div>\n<\/div>\t\t\t\t\t\t\n\t\t\t\t\t\t\t\t\t\t\t\t\t\t\t\t\t\t<div class=\"item one third\">\n\t<div class=\"inner-wrap\">\n\t\t\t\t\t<div class=\"img-container\">\n\t\t\t\t<a href=\"https:\/\/lafase.cl\/fr\/dernieres-nouvelles-fr\/nuestros-alumnos-representaron-a-la-alianza-francesa-en-la-cop30-en-brasil\/\"\n\t\t\t\t   title=\"Nos \u00e9l\u00e8ves ont repr\u00e9sent\u00e9 leur lyc\u00e9e \u00e0 la COP30 au Br\u00e9sil\">\n\t\t\t\t   <img width=\"768\" height=\"410\" src=\"https:\/\/lafase.cl\/wp-content\/uploads\/2025\/11\/Sin-titulo-768x410.png\" class=\"post-list-thumb wp-post-image\" alt=\"\" loading=\"lazy\" \/>\t\t\t    <\/a>\n\t\t\t<\/div>\n\t\t\t\t<div class=\"data\">\n\t\t\t<h3>\n\t\t\t\t<a title=\"Nos \u00e9l\u00e8ves ont repr\u00e9sent\u00e9 leur lyc\u00e9e \u00e0 la COP30 au Br\u00e9sil\"\n\t\t\t\t   href=\"https:\/\/lafase.cl\/fr\/dernieres-nouvelles-fr\/nuestros-alumnos-representaron-a-la-alianza-francesa-en-la-cop30-en-brasil\/\">\n\t\t\t\t\tNos \u00e9l\u00e8ves ont repr\u00e9sent\u00e9 leur lyc\u00e9e \u00e0 la COP30 au Br\u00e9sil\t\t\t\t<\/a>\n\t\t\t<\/h3>\n\n\t\t\t<div class=\"meta-data\">\n\t\t\t\t<div class=\"date\">\n\t\t\t\t\t\t\t\t\t\t\tnovembre 19, 2025\t\t\t\t\t\t\t\t\t<\/div>\n\t\t\t\t\t\t\t\t\t\t\t<\/div>\n\t\t\t\n\t\t\t\t\t\t\t\t<\/div>\n\t<\/div>\n<\/div>\t\t\t\t\t\t\n\t\t\t\t\t\t\t\t\t\t\t\t\t\t\t\t\t\t<div class=\"item one third\">\n\t<div class=\"inner-wrap\">\n\t\t\t\t\t<div class=\"img-container\">\n\t\t\t\t<a href=\"https:\/\/lafase.cl\/fr\/dernieres-nouvelles-fr\/entrevista-de-willy-chatiliez-ex-alumno-y-jugador-sub20-para-chile\/\"\n\t\t\t\t   title=\"Interview de Willy Chatiliez, ancien \u00e9l\u00e8ve et membre de l&#039;\u00e9quipe Sub20 du Chili\">\n\t\t\t\t   <img width=\"768\" height=\"410\" src=\"https:\/\/lafase.cl\/wp-content\/uploads\/2025\/10\/Captura-de-pantalla-2025-10-14-a-las-09.46.06-768x410.png\" class=\"post-list-thumb wp-post-image\" alt=\"\" loading=\"lazy\" \/>\t\t\t    <\/a>\n\t\t\t<\/div>\n\t\t\t\t<div class=\"data\">\n\t\t\t<h3>\n\t\t\t\t<a title=\"Interview de Willy Chatiliez, ancien \u00e9l\u00e8ve et membre de l&#039;\u00e9quipe Sub20 du Chili\"\n\t\t\t\t   href=\"https:\/\/lafase.cl\/fr\/dernieres-nouvelles-fr\/entrevista-de-willy-chatiliez-ex-alumno-y-jugador-sub20-para-chile\/\">\n\t\t\t\t\tInterview de Willy Chatiliez, ancien \u00e9l\u00e8ve et membre de l&#039;\u00e9quipe Sub20 du Chili\t\t\t\t<\/a>\n\t\t\t<\/h3>\n\n\t\t\t<div class=\"meta-data\">\n\t\t\t\t<div class=\"date\">\n\t\t\t\t\t\t\t\t\t\t\toctobre 14, 2025\t\t\t\t\t\t\t\t\t<\/div>\n\t\t\t\t\t\t\t\t\t\t\t<\/div>\n\t\t\t\n\t\t\t\t\t\t\t\t<\/div>\n\t<\/div>\n<\/div>\t\t\t\t\t\t\n\t\t\t\t\t\t\t\t\t<\/div>\n\t\t\t\t\t\t\t<div class=\"vc_row\">\n\t\t\t\t\t\t\t\t\t\t\t\t\t\t\t\t\t\t<div class=\"item one third\">\n\t<div class=\"inner-wrap\">\n\t\t\t\t\t<div class=\"img-container\">\n\t\t\t\t<a href=\"https:\/\/lafase.cl\/fr\/dernieres-nouvelles-fr\/un-reel-por-nuestros-oceanos-concurso-escolar-convoca-a-estudiantes-de-todo-chile\/\"\n\t\t\t\t   title=\"R\u00e9sultats du concours national scolaire \u201cUn Reel pour nos oc\u00e9ans\u201d\">\n\t\t\t\t   <img width=\"768\" height=\"410\" src=\"https:\/\/lafase.cl\/wp-content\/uploads\/2025\/09\/Portada-video-horizontal2-1-768x410.jpg\" class=\"post-list-thumb wp-post-image\" alt=\"\" loading=\"lazy\" \/>\t\t\t    <\/a>\n\t\t\t<\/div>\n\t\t\t\t<div class=\"data\">\n\t\t\t<h3>\n\t\t\t\t<a title=\"R\u00e9sultats du concours national scolaire \u201cUn Reel pour nos oc\u00e9ans\u201d\"\n\t\t\t\t   href=\"https:\/\/lafase.cl\/fr\/dernieres-nouvelles-fr\/un-reel-por-nuestros-oceanos-concurso-escolar-convoca-a-estudiantes-de-todo-chile\/\">\n\t\t\t\t\tR\u00e9sultats du concours national scolaire \u201cUn Reel pour nos oc\u00e9ans\u201d\t\t\t\t<\/a>\n\t\t\t<\/h3>\n\n\t\t\t<div class=\"meta-data\">\n\t\t\t\t<div class=\"date\">\n\t\t\t\t\t\t\t\t\t\t\tseptembre 25, 2025\t\t\t\t\t\t\t\t\t<\/div>\n\t\t\t\t\t\t\t\t\t\t\t<\/div>\n\t\t\t\n\t\t\t\t\t\t\t\t<\/div>\n\t<\/div>\n<\/div>\t\t\t\t\t\t\n\t\t\t\t\t\t\t\t\t\t\t\t\t\t\t\t\t\t<div class=\"item one third\">\n\t<div class=\"inner-wrap\">\n\t\t\t\t\t<div class=\"img-container\">\n\t\t\t\t<a href=\"https:\/\/lafase.cl\/fr\/dernieres-nouvelles-fr\/chamiradio\/\"\n\t\t\t\t   title=\"Acc\u00e9dez aux \u00e9missions de Chamiradio sur notre Podcast Plan\u00e8te B612\">\n\t\t\t\t   <img width=\"768\" height=\"410\" src=\"https:\/\/lafase.cl\/wp-content\/uploads\/2021\/06\/radio-CHamisero-Copy-768x410.jpg\" class=\"post-list-thumb wp-post-image\" alt=\"\" loading=\"lazy\" \/>\t\t\t    <\/a>\n\t\t\t<\/div>\n\t\t\t\t<div class=\"data\">\n\t\t\t<h3>\n\t\t\t\t<a title=\"Acc\u00e9dez aux \u00e9missions de Chamiradio sur notre Podcast Plan\u00e8te B612\"\n\t\t\t\t   href=\"https:\/\/lafase.cl\/fr\/dernieres-nouvelles-fr\/chamiradio\/\">\n\t\t\t\t\tAcc\u00e9dez aux \u00e9missions de Chamiradio sur notre Podcast Plan\u00e8te B612\t\t\t\t<\/a>\n\t\t\t<\/h3>\n\n\t\t\t<div class=\"meta-data\">\n\t\t\t\t<div class=\"date\">\n\t\t\t\t\t\t\t\t\t\t\tao\u00fbt 05, 2025\t\t\t\t\t\t\t\t\t<\/div>\n\t\t\t\t\t\t\t\t\t\t\t<\/div>\n\t\t\t\n\t\t\t\t\t\t\t\t<\/div>\n\t<\/div>\n<\/div>\t\t\t\t\t\t\n\t\t\t\t\t\t\t\t\t\t\t\t\t\t\t\t\t\t<div class=\"item one third\">\n\t<div class=\"inner-wrap\">\n\t\t\t\t\t<div class=\"img-container\">\n\t\t\t\t<a href=\"https:\/\/lafase.cl\/fr\/dernieres-nouvelles-fr\/nuestro-colegio-brillo-en-el-mundial-de-danza-all-dance-beach-2025\/\"\n\t\t\t\t   title=\"\u00a1Nuestro colegio brill\u00f3 en el Mundial de Danza &quot;ALL DANCE BEACH 2025&quot;!\">\n\t\t\t\t   <img width=\"768\" height=\"410\" src=\"https:\/\/lafase.cl\/wp-content\/uploads\/2025\/07\/general-3-768x410.jpeg\" class=\"post-list-thumb wp-post-image\" alt=\"\" loading=\"lazy\" \/>\t\t\t    <\/a>\n\t\t\t<\/div>\n\t\t\t\t<div class=\"data\">\n\t\t\t<h3>\n\t\t\t\t<a title=\"\u00a1Nuestro colegio brill\u00f3 en el Mundial de Danza &quot;ALL DANCE BEACH 2025&quot;!\"\n\t\t\t\t   href=\"https:\/\/lafase.cl\/fr\/dernieres-nouvelles-fr\/nuestro-colegio-brillo-en-el-mundial-de-danza-all-dance-beach-2025\/\">\n\t\t\t\t\t\u00a1Nuestro colegio brill\u00f3 en el Mundial de Danza &quot;ALL DANCE BEACH 2025&quot;!\t\t\t\t<\/a>\n\t\t\t<\/h3>\n\n\t\t\t<div class=\"meta-data\">\n\t\t\t\t<div class=\"date\">\n\t\t\t\t\t\t\t\t\t\t\tjuillet 10, 2025\t\t\t\t\t\t\t\t\t<\/div>\n\t\t\t\t\t\t\t\t\t\t\t<\/div>\n\t\t\t\n\t\t\t\t\t\t\t\t<\/div>\n\t<\/div>\n<\/div>\t\t\t\t\t\t\n\t\t\t\t\t\t\t\t\t<\/div>\n\t\t\t\t\t\t\t\t<\/div>\n\t\t\t\t<\/div>\n\t\t[vc_column_text]<\/p>\n<h4 style=\"text-align: right;\"><a href=\"https:\/\/lafase.cl\/fr\/news\/\">+ de nouvelles<\/a><\/h4>\n<p>[\/vc_column_text][vc_custom_heading text=\u00a0\u00bbInfos pratiques\u00a0\u00bb font_container=\u00a0\u00bbtag:h3|text_align:left|color:%23ffffff\u00a0\u00bb google_fonts=\u00a0\u00bbfont_family:Arimo%3Aregular%2Citalic%2C700%2C700italic|font_style:400%20regular%3A400%3Anormal\u00a0\u00bb css=\u00a0\u00bb.vc_custom_1715802017122{margin-top: 10px !important;padding-top: 5px !important;padding-bottom: 5px !important;padding-left: 10px !important;background-color: #dd3333 !important;}\u00a0\u00bb]\t\t<div class=\"wh-content-box  scp_content_box-\">\n\t\t\t\t\t\t\t\t\t\t\t\t[vc_masonry_grid post_type=\u00a0\u00bbids\u00a0\u00bb style=\u00a0\u00bblazy\u00a0\u00bb items_per_page=\u00a0\u00bb6&Prime; gap=\u00a0\u00bb15&Prime; item=\u00a0\u00bbmasonryGrid_SlideoOutFromRight\u00a0\u00bb grid_id=\u00a0\u00bbvc_gid:1741609994866-37d7a72b-7c4a-10&Prime; include=\u00a0\u00bb2153, 17260, 1444, 39272, 39264, 57166&Prime;]\t\t<\/div>\n\t\t\t\t<div class=\"wh-content-box  scp_content_box-\">\n\t\t\t\t\t\t\t\t\t\t\t\t\t\t<\/div>\n\t\t\t\t<div class=\"wh-content-box vc_custom_1598281376936  scp_content_box-70b2f55172ded247fe6246f3937cac54\">\n\t\t\t\t\t\t\t\t\t\t\t\t\t<a class=\"wh-content-box-link\"\n\t\t\t\t   href=\"https:\/\/4170004n.index-education.net\/pronote\/\"\n\t\t\t\t\t\t\t\t\t\t\t\t\t\t\t\ttarget=\"_blank\"\n\t\t\t\t\t\t\t\t\t\t><\/a>\n\t\t\t\t\t\t\t\t<\/div>\n\t\t\t\t<div class=\"wh-content-box  scp_content_box-\">\n\t\t\t\t\t\t\t\t\t\t\t\t\t\t<\/div>\n\t\t[\/vc_column][\/vc_row][vc_section full_width=\u00a0\u00bbstretch_row_content\u00a0\u00bb css=\u00a0\u00bb.vc_custom_1649183449808{padding-top: 45px !important;padding-bottom: 35px !important;}\u00a0\u00bb][vc_row full_width=\u00a0\u00bbstretch_row_content_no_spaces\u00a0\u00bb gap=\u00a0\u00bb2&Prime; content_placement=\u00a0\u00bbmiddle\u00a0\u00bb css=\u00a0\u00bb.vc_custom_1649692928482{margin-top: -20px !important;}\u00a0\u00bb][vc_column css_animation=\u00a0\u00bbright-to-left\u00a0\u00bb width=\u00a0\u00bb1\/3&Prime; css=\u00a0\u00bb.vc_custom_1598023521704{margin-bottom: 0px !important;padding-top: 25px !important;padding-right: 1px !important;padding-bottom: 30px !important;padding-left: 1px !important;background: #3d8cdb url(http:\/\/lafase.cl\/wp-content\/uploads\/2019\/02\/etiquettes_basica_-web1.jpg?id=2857) !important;background-position: center !important;background-repeat: no-repeat !important;background-size: cover !important;}\u00a0\u00bb][vc_custom_heading text=\u00a0\u00bbMATERNELLE\u00a0\u00bb font_container=\u00a0\u00bbtag:h2|text_align:center|color:%23ffffff\u00a0\u00bb google_fonts=\u00a0\u00bbfont_family:Abel%3Aregular|font_style:400%20regular%3A400%3Anormal\u00a0\u00bb css_animation=\u00a0\u00bbslideInDown\u00a0\u00bb css=\u00a0\u00bb.vc_custom_1550787907589{margin-bottom: 0px !important;}\u00a0\u00bb link=\u00a0\u00bburl:http%3A%2F%2Flafase.cl%2Ffr%2Fmaternelle%2F|||\u00a0\u00bb][vc_custom_heading text=\u00a0\u00bbUne \u00e9cole bienveillante\u00a0\u00bb font_container=\u00a0\u00bbtag:h4|text_align:center|color:%23f9ae00&Prime; use_theme_fonts=\u00a0\u00bbyes\u00a0\u00bb][\/vc_column][vc_column css_animation=\u00a0\u00bbright-to-left\u00a0\u00bb width=\u00a0\u00bb1\/3&Prime; css=\u00a0\u00bb.vc_custom_1598023868087{margin-bottom: 0px !important;border-right-width: 1px !important;border-left-width: 1px !important;padding-top: 25px !important;padding-bottom: 30px !important;background: #67a1db url(http:\/\/lafase.cl\/wp-content\/uploads\/2019\/02\/basica_web2.fw_.png?id=2841) !important;background-position: center !important;background-repeat: no-repeat !important;background-size: cover !important;border-left-color: #e1e1e1 !important;border-left-style: solid !important;border-right-color: #e1e1e1 !important;border-right-style: solid !important;}\u00a0\u00bb][vc_custom_heading text=\u00a0\u00bb\u00c9L\u00c9MENTAIRE\u00a0\u00bb font_container=\u00a0\u00bbtag:h2|text_align:center|color:%23ffffff\u00a0\u00bb google_fonts=\u00a0\u00bbfont_family:Abel%3Aregular|font_style:400%20regular%3A400%3Anormal\u00a0\u00bb css_animation=\u00a0\u00bbslideInDown\u00a0\u00bb css=\u00a0\u00bb.vc_custom_1553194523941{margin-bottom: 0px !important;}\u00a0\u00bb link=\u00a0\u00bburl:http%3A%2F%2Flafase.cl%2Ffr%2Felementaire%2F|||\u00a0\u00bb][vc_custom_heading text=\u00a0\u00bbL&rsquo;acc\u00e8s aux outils fondamentaux de la connaissance\u00a0\u00bb font_container=\u00a0\u00bbtag:h4|text_align:center|color:%23f9ae00&Prime; use_theme_fonts=\u00a0\u00bbyes\u00a0\u00bb][\/vc_column][vc_column css_animation=\u00a0\u00bbright-to-left\u00a0\u00bb width=\u00a0\u00bb1\/3&Prime; css=\u00a0\u00bb.vc_custom_1598023788082{margin-bottom: 0px !important;padding-top: 25px !important;padding-right: 1px !important;padding-bottom: 30px !important;padding-left: 1px !important;background: #3d8cdb url(http:\/\/lafase.cl\/wp-content\/uploads\/2019\/02\/secundaria_web3.jpg?id=2852) !important;background-position: center !important;background-repeat: no-repeat !important;background-size: cover !important;}\u00a0\u00bb][vc_custom_heading text=\u00a0\u00bbSECONDAIRE\u00a0\u00bb font_container=\u00a0\u00bbtag:h2|text_align:center|color:%23ffffff\u00a0\u00bb google_fonts=\u00a0\u00bbfont_family:Abel%3Aregular|font_style:400%20regular%3A400%3Anormal\u00a0\u00bb css_animation=\u00a0\u00bbslideInDown\u00a0\u00bb css=\u00a0\u00bb.vc_custom_1640697317549{margin-bottom: 0px !important;}\u00a0\u00bb link=\u00a0\u00bburl:http%3A%2F%2Flafase.cl%2Ffr%2Fsecundaria%2Fdirection%2F|||\u00a0\u00bb][vc_custom_heading text=\u00a0\u00bbPr\u00e9parer son avenir\u00a0\u00bb font_container=\u00a0\u00bbtag:h4|text_align:center|color:%23f9ae00&Prime; use_theme_fonts=\u00a0\u00bbyes\u00a0\u00bb][\/vc_column][\/vc_row][\/vc_section]<\/p>\n<\/section>","protected":false},"excerpt":{"rendered":"<p>[vc_row][vc_column css=\u00a0\u00bb.vc_custom_1490004489841{margin-bottom: 0px !important;}\u00a0\u00bb][rev_slider_vc alias=\u00a0\u00bbAdmisiones\u00a0\u00bb][\/vc_column][\/vc_row][vc_row full_width=\u00a0\u00bbstretch_row\u00a0\u00bb equal_height=\u00a0\u00bbyes\u00a0\u00bb content_placement=\u00a0\u00bbmiddle\u00a0\u00bb css=\u00a0\u00bb.vc_custom_1663169710825{background-color: #ffffff !important;}\u00a0\u00bb][vc_column][vc_single_image image=\u00a0\u00bb44364&Prime; img_size=\u00a0\u00bblarge\u00a0\u00bb css=\u00a0\u00bb.vc_custom_1663169864037{margin-top: -20px !important;}\u00a0\u00bb][\/vc_column][\/vc_row][vc_row css=\u00a0\u00bb.vc_custom_1663169986024{margin-top: -50px !important;}\u00a0\u00bb][vc_column][vc_custom_heading text=\u00a0\u00bbPourquoi&nbsp;<a href=\"https:\/\/lafase.cl\/fr\/\">&hellip;<\/a><\/p>\n","protected":false},"author":1,"featured_media":13622,"parent":0,"menu_order":0,"comment_status":"closed","ping_status":"closed","template":"template-home.php","meta":{"om_disable_all_campaigns":false,"_monsterinsights_skip_tracking":false,"_monsterinsights_sitenote_active":false,"_monsterinsights_sitenote_note":"","_monsterinsights_sitenote_category":0},"aioseo_notices":[],"_links":{"self":[{"href":"https:\/\/lafase.cl\/fr\/wp-json\/wp\/v2\/pages\/1283"}],"collection":[{"href":"https:\/\/lafase.cl\/fr\/wp-json\/wp\/v2\/pages"}],"about":[{"href":"https:\/\/lafase.cl\/fr\/wp-json\/wp\/v2\/types\/page"}],"author":[{"embeddable":true,"href":"https:\/\/lafase.cl\/fr\/wp-json\/wp\/v2\/users\/1"}],"replies":[{"embeddable":true,"href":"https:\/\/lafase.cl\/fr\/wp-json\/wp\/v2\/comments?post=1283"}],"version-history":[{"count":474,"href":"https:\/\/lafase.cl\/fr\/wp-json\/wp\/v2\/pages\/1283\/revisions"}],"predecessor-version":[{"id":77601,"href":"https:\/\/lafase.cl\/fr\/wp-json\/wp\/v2\/pages\/1283\/revisions\/77601"}],"wp:featuredmedia":[{"embeddable":true,"href":"https:\/\/lafase.cl\/fr\/wp-json\/wp\/v2\/media\/13622"}],"wp:attachment":[{"href":"https:\/\/lafase.cl\/fr\/wp-json\/wp\/v2\/media?parent=1283"}],"curies":[{"name":"wp","href":"https:\/\/api.w.org\/{rel}","templated":true}]}}