{"id":12682,"date":"2019-09-10T08:48:10","date_gmt":"2019-09-10T11:48:10","guid":{"rendered":"http:\/\/lafase.cl\/?page_id=12682"},"modified":"2019-09-10T16:50:03","modified_gmt":"2019-09-10T19:50:03","slug":"pps","status":"publish","type":"page","link":"https:\/\/lafase.cl\/fr\/pps\/","title":{"rendered":"PPS"},"content":{"rendered":"<section class=\"wpb-content-wrapper\"><p>[vc_row][vc_column][vc_custom_heading text=\u00a0\u00bbProjet personnalis\u00e9 de scolarisation (PPS)\u00a0\u00bb google_fonts=\u00a0\u00bbfont_family:Sanchez%3Aregular%2Citalic|font_style:400%20regular%3A400%3Anormal\u00a0\u00bb][vc_column_text]<strong><u>Qui fait la demande\u00a0?<\/u><\/strong><\/p>\n<p><em>En fonction du r\u00e9sultat des investigations (diagnostic clairement \u00e9tabli par un professionnel de la sant\u00e9)<\/em><\/p>\n<ul>\n<li>La famille<\/li>\n<li>Le r\u00e9f\u00e9rent PPS<\/li>\n<\/ul>\n<p><strong><u>Qui d\u00e9cide de la mise en place effective du PPS\u00a0?<\/u><\/strong><\/p>\n<p>&#8211; La <strong>M<\/strong>aison<strong>D<\/strong>\u00e9partementale des <strong>P<\/strong>ersonnes en situation de <strong>H<\/strong>andicap (MDPH) pour les \u00e9l\u00e8ves de nationalit\u00e9 fran\u00e7aise.<\/p>\n<p>&#8211; La Directrice et le r\u00e9f\u00e9rent PPS pour les autres nationalit\u00e9s.[\/vc_column_text][\/vc_column][\/vc_row][vc_row][vc_column width=\u00a0\u00bb1\/2&Prime;][vc_column_text]<\/p>\n<p style=\"text-align: left;\"><strong>Primaire<\/strong><\/p>\n<p><strong>R\u00e9f\u00e9rente Vitacura\u00a0:\u00a0 <\/strong><a href=\"mailto:maria.purcell@lafase.cl\">maria.purcell@lafase.cl<\/a><\/p>\n<p><strong>R\u00e9f\u00e9rente Chamisero\u00a0: <\/strong><a href=\"mailto:catherine.hautier@lafase.cl\">catherine.hautier@lafase.cl<\/a>[\/vc_column_text][\/vc_column][vc_column width=\u00a0\u00bb1\/2&Prime;][vc_column_text]<strong>Secondaire<\/strong><\/p>\n<p><strong>R\u00e9f\u00e9rente Vitacura\u00a0:<\/strong><a href=\"mailto:maria.purcell@lafase.cl\">maria.purcell@lafase.cl<\/a><\/p>\n<p><strong>R\u00e9f\u00e9rente Chamisero\u00a0: <\/strong><a href=\"mailto:fanny.branchet@lafase.cl\">fanny.branchet@lafase.cl<\/a>[\/vc_column_text][\/vc_column][\/vc_row][vc_row][vc_column][vc_column_text]<strong><u>Qui r\u00e9dige le PPS\u00a0?<\/u><\/strong><\/p>\n<p>Le r\u00e9f\u00e9rent compl\u00e8te le GEVASCO suite ou durant une \u00e9quipe de suivi \u00e0 la scolarisation<\/p>\n<p>&nbsp;<\/p>\n<p><strong><u>Qui a acc\u00e8s au PPS\u00a0?<\/u><\/strong><\/p>\n<p>Le r\u00e9f\u00e9rent PPS, la direction, les enseignants en concertation avec le r\u00e9f\u00e9rent PPS et la Direction.[\/vc_column_text][vc_masonry_grid post_type=\u00a0\u00bbids\u00a0\u00bb element_width=\u00a0\u00bb3&Prime; grid_id=\u00a0\u00bbvc_gid:1568144974975-4208921c-53aa-5&Prime; include=\u00a0\u00bb12657, 12660, 12689, 12676&Prime;][\/vc_column][\/vc_row]<\/p>\n<\/section>","protected":false},"excerpt":{"rendered":"<p>[vc_row][vc_column][vc_custom_heading text=\u00a0\u00bbProjet personnalis\u00e9 de scolarisation (PPS)\u00a0\u00bb google_fonts=\u00a0\u00bbfont_family:Sanchez%3Aregular%2Citalic|font_style:400%20regular%3A400%3Anormal\u00a0\u00bb][vc_column_text]Qui fait la demande\u00a0? En fonction du r\u00e9sultat des investigations (diagnostic clairement \u00e9tabli par&nbsp;<a href=\"https:\/\/lafase.cl\/fr\/pps\/\">&hellip;<\/a><\/p>\n","protected":false},"author":3,"featured_media":0,"parent":0,"menu_order":0,"comment_status":"closed","ping_status":"closed","template":"","meta":{"om_disable_all_campaigns":false,"_monsterinsights_skip_tracking":false,"_monsterinsights_sitenote_active":false,"_monsterinsights_sitenote_note":"","_monsterinsights_sitenote_category":0},"aioseo_notices":[],"_links":{"self":[{"href":"https:\/\/lafase.cl\/fr\/wp-json\/wp\/v2\/pages\/12682"}],"collection":[{"href":"https:\/\/lafase.cl\/fr\/wp-json\/wp\/v2\/pages"}],"about":[{"href":"https:\/\/lafase.cl\/fr\/wp-json\/wp\/v2\/types\/page"}],"author":[{"embeddable":true,"href":"https:\/\/lafase.cl\/fr\/wp-json\/wp\/v2\/users\/3"}],"replies":[{"embeddable":true,"href":"https:\/\/lafase.cl\/fr\/wp-json\/wp\/v2\/comments?post=12682"}],"version-history":[{"count":3,"href":"https:\/\/lafase.cl\/fr\/wp-json\/wp\/v2\/pages\/12682\/revisions"}],"predecessor-version":[{"id":12756,"href":"https:\/\/lafase.cl\/fr\/wp-json\/wp\/v2\/pages\/12682\/revisions\/12756"}],"wp:attachment":[{"href":"https:\/\/lafase.cl\/fr\/wp-json\/wp\/v2\/media?parent=12682"}],"curies":[{"name":"wp","href":"https:\/\/api.w.org\/{rel}","templated":true}]}}