{"id":12676,"date":"2019-09-10T08:40:58","date_gmt":"2019-09-10T11:40:58","guid":{"rendered":"http:\/\/lafase.cl\/pai\/"},"modified":"2019-09-10T16:35:43","modified_gmt":"2019-09-10T19:35:43","slug":"pai","status":"publish","type":"page","link":"https:\/\/lafase.cl\/fr\/pai\/","title":{"rendered":"PAI"},"content":{"rendered":"<section class=\"wpb-content-wrapper\"><p>[vc_row][vc_column][vc_custom_heading text=\u00a0\u00bbProjet d&rsquo;accueil individualis\u00e9 (PAI)\u00a0\u00bb google_fonts=\u00a0\u00bbfont_family:Sanchez%3Aregular%2Citalic|font_style:400%20regular%3A400%3Anormal\u00a0\u00bb][vc_column_text]<strong><u>Qui fait la demande\u00a0?<\/u><\/strong><\/p>\n<p>Les parents, dans la tr\u00e8s grande majorit\u00e9 des cas.<\/p>\n<p><strong><u>\u00c0 qui\u00a0?<\/u><\/strong><\/p>\n<p>Aux infirmi\u00e8res de l\u2019\u00e9tablissement.<\/p>\n<p><strong><u>Comment\u00a0?<\/u><\/strong><\/p>\n<p>En donnant le certificat m\u00e9dical directement \u00e0 l\u2019infirmi\u00e8re ou en l\u2019envoyant \u00e0 <a href=\"mailto:enfermeria@lafase.cl\">enfermeria@lafase.cl<\/a><\/p>\n<p><strong><u>Qui r\u00e9dige le PAI\u00a0?<\/u><\/strong><\/p>\n<p>L\u2019infirmi\u00e8re qui le propose ensuite aux parents pour signature.<\/p>\n<p><strong><u>Qui a acc\u00e8s au PAI\u00a0?<\/u><\/strong><\/p>\n<p>L\u2019infirmi\u00e8re, l\u2019enseignant titulaire et tous ceux qui interviennent aupr\u00e8s de l\u2019\u00e9l\u00e8ve, la famille et la direction[\/vc_column_text][vc_masonry_grid post_type=\u00a0\u00bbids\u00a0\u00bb element_width=\u00a0\u00bb3&Prime; grid_id=\u00a0\u00bbvc_gid:1568144005791-9318ee21-2c6f-6&Prime; include=\u00a0\u00bb12556, 12682, 12689, 12664&Prime;][\/vc_column][\/vc_row]<\/p>\n<\/section>","protected":false},"excerpt":{"rendered":"<p>[vc_row][vc_column][vc_custom_heading text=\u00a0\u00bbProjet d&rsquo;accueil individualis\u00e9 (PAI)\u00a0\u00bb google_fonts=\u00a0\u00bbfont_family:Sanchez%3Aregular%2Citalic|font_style:400%20regular%3A400%3Anormal\u00a0\u00bb][vc_column_text]Qui fait la demande\u00a0? Les parents, dans la tr\u00e8s grande majorit\u00e9 des cas. \u00c0 qui\u00a0?&nbsp;<a href=\"https:\/\/lafase.cl\/fr\/pai\/\">&hellip;<\/a><\/p>\n","protected":false},"author":3,"featured_media":0,"parent":0,"menu_order":0,"comment_status":"closed","ping_status":"closed","template":"","meta":{"om_disable_all_campaigns":false,"_monsterinsights_skip_tracking":false,"_monsterinsights_sitenote_active":false,"_monsterinsights_sitenote_note":"","_monsterinsights_sitenote_category":0},"aioseo_notices":[],"_links":{"self":[{"href":"https:\/\/lafase.cl\/fr\/wp-json\/wp\/v2\/pages\/12676"}],"collection":[{"href":"https:\/\/lafase.cl\/fr\/wp-json\/wp\/v2\/pages"}],"about":[{"href":"https:\/\/lafase.cl\/fr\/wp-json\/wp\/v2\/types\/page"}],"author":[{"embeddable":true,"href":"https:\/\/lafase.cl\/fr\/wp-json\/wp\/v2\/users\/3"}],"replies":[{"embeddable":true,"href":"https:\/\/lafase.cl\/fr\/wp-json\/wp\/v2\/comments?post=12676"}],"version-history":[{"count":2,"href":"https:\/\/lafase.cl\/fr\/wp-json\/wp\/v2\/pages\/12676\/revisions"}],"predecessor-version":[{"id":12746,"href":"https:\/\/lafase.cl\/fr\/wp-json\/wp\/v2\/pages\/12676\/revisions\/12746"}],"wp:attachment":[{"href":"https:\/\/lafase.cl\/fr\/wp-json\/wp\/v2\/media?parent=12676"}],"curies":[{"name":"wp","href":"https:\/\/api.w.org\/{rel}","templated":true}]}}