{"id":12664,"date":"2019-09-09T17:05:52","date_gmt":"2019-09-09T20:05:52","guid":{"rendered":"http:\/\/lafase.cl\/?page_id=12664"},"modified":"2020-02-21T15:07:08","modified_gmt":"2020-02-21T18:07:08","slug":"pap","status":"publish","type":"page","link":"https:\/\/lafase.cl\/fr\/pap\/","title":{"rendered":"PAP"},"content":{"rendered":"<section class=\"wpb-content-wrapper\"><p>[vc_row][vc_column][vc_custom_heading text=\u00a0\u00bbPlan d&rsquo;accompagnement personnalis\u00e9 (PAP)\u00a0\u00bb google_fonts=\u00a0\u00bbfont_family:Sanchez%3Aregular%2Citalic|font_style:400%20regular%3A400%3Anormal\u00a0\u00bb][\/vc_column][\/vc_row][vc_row][vc_column width=\u00a0\u00bb1\/2&Prime;][vc_column_text]<strong><u>PRIMAIRE<\/u><\/strong><\/p>\n<p>&nbsp;<\/p>\n<p><strong><u>Qui fait la demande\u00a0?<\/u><\/strong><\/p>\n<p>L\u2019enseignant, \u00e0 l\u2019issue du conseil des ma\u00eetres apr\u00e8s la d\u00e9tection d\u2019une difficult\u00e9 durable.<\/p>\n<p>&nbsp;<\/p>\n<p><strong><u>Qui d\u00e9cide de la mise en place effective du PAP\u00a0?<\/u><\/strong><\/p>\n<p>La direction en concertation avec le CAAPP.<\/p>\n<p>&nbsp;<\/p>\n<p>Contact Primaire<\/p>\n<p><u>Etablissement\u00a0<\/u>:<a href=\"mailto:caapp@lafase.cl\">caapp@lafase.cl<\/a><\/p>\n<p><u>Site Vitacura<\/u>\u00a0:<a href=\"mailto:caappvita@lafase.cl\">caappvita@lafase.cl<\/a><\/p>\n<p><u>Site Chamisero<\/u>\u00a0:<a href=\"mailto:caappchamisero@lafase.cl\">caappchamisero@lafase.cl<\/a><\/p>\n<p>&nbsp;<\/p>\n<p><strong><u>Qui r\u00e9dige le PAP\u00a0?<\/u><\/strong><\/p>\n<p>Le CAAPP en collaboration avec l\u2019enseignant.<\/p>\n<p>&nbsp;<\/p>\n<p><strong><u>Qui a acc\u00e8s au PAP\u00a0?<\/u><\/strong><\/p>\n<p>L\u2019enseignant, la direction, le CAAPP et la famille.[\/vc_column_text][\/vc_column][vc_column width=\u00a0\u00bb1\/2&Prime;][vc_column_text]<strong><u>SECONDAIRE<\/u><\/strong><\/p>\n<p>&nbsp;<\/p>\n<p><strong><u>Qui fait la demande\u00a0?<\/u><\/strong><\/p>\n<p>Un enseignant ou une psychologue scolaire peut demander \u00e0 la famille, apr\u00e8s rep\u00e9rage d\u2019une difficult\u00e9 li\u00e9e \u00e0 un trouble des apprentissages, d\u2019effectuer un bilan aupr\u00e8s d\u2019un professionnel (orthophoniste, \u2026).<\/p>\n<p>&nbsp;<\/p>\n<p><strong><u>Qui d\u00e9cide de la mise en place effective du PAP\u00a0?<\/u><\/strong><\/p>\n<p>La psychologue scolaire re\u00e7oit le bilan et d\u00e9cide de l\u2019\u00e9ventuelle mise en place du PAP.<\/p>\n<p>Contact Secondaire<\/p>\n<p>Site Vitacura<\/p>\n<p><u>Carolina Morales\u00a0<\/u>:<a href=\"mailto:maria.carolina.morales@lafase.cl\">maria.carolina.morales@lafase.cl<\/a><\/p>\n<p>Ana\u00ef Lhotelin : <a href=\"mailto:anai.lhotelin@lafase.cl\">anai.lhotelin@lafase.cl<\/a><\/p>\n<p>&nbsp;<\/p>\n<p>Site Chamisero<\/p>\n<p><u>Millalen Martinez<\/u>:<a href=\"mailto:millalen.martinez@lafase.cl\">millalen.martinez@lafase.cl<\/a><\/p>\n<p><u>Tatiana Vega :<\/u><a href=\"mailto:tatiana.vega@lafase.cl\">tatiana.vega@lafase.cl<\/a><\/p>\n<p>&nbsp;<\/p>\n<p><strong><u>Qui r\u00e9dige le PAP\u00a0?<\/u><\/strong><\/p>\n<p>En concertation avec la famille, la psychologue et le proviseur adjoint, le professeur principal (secondaire) r\u00e9dige le PAP avec les adaptations p\u00e9dagogiques n\u00e9cessaires.<\/p>\n<p>&nbsp;<\/p>\n<p><strong><u>Qui a acc\u00e8s au PAP\u00a0?<\/u><\/strong><\/p>\n<p>L\u2019\u00e9quipe p\u00e9dagogique, afin d\u2019adapter son enseignement au profil de l\u2019\u00e9l\u00e8ve. L\u2019\u00e9quipe de direction, la psychologue scolaire et la famille y ont \u00e9galement acc\u00e8s.[\/vc_column_text][\/vc_column][\/vc_row][vc_row][vc_column][vc_masonry_grid post_type=\u00a0\u00bbids\u00a0\u00bb element_width=\u00a0\u00bb3&Prime; item=\u00a0\u00bbnone\u00a0\u00bb initial_loading_animation=\u00a0\u00bbnone\u00a0\u00bb grid_id=\u00a0\u00bbvc_gid:1582308372343-23df5b6c-eab8-2&Prime; include=\u00a0\u00bb12556, 12682, 12664, 12689&Prime;][\/vc_column][\/vc_row]<\/p>\n<\/section>","protected":false},"excerpt":{"rendered":"<p>[vc_row][vc_column][vc_custom_heading text=\u00a0\u00bbPlan d&rsquo;accompagnement personnalis\u00e9 (PAP)\u00a0\u00bb google_fonts=\u00a0\u00bbfont_family:Sanchez%3Aregular%2Citalic|font_style:400%20regular%3A400%3Anormal\u00a0\u00bb][\/vc_column][\/vc_row][vc_row][vc_column width=\u00a0\u00bb1\/2&Prime;][vc_column_text]PRIMAIRE &nbsp; Qui fait la demande\u00a0? L\u2019enseignant, \u00e0 l\u2019issue du conseil des ma\u00eetres apr\u00e8s&nbsp;<a href=\"https:\/\/lafase.cl\/fr\/pap\/\">&hellip;<\/a><\/p>\n","protected":false},"author":3,"featured_media":0,"parent":0,"menu_order":0,"comment_status":"closed","ping_status":"closed","template":"","meta":{"om_disable_all_campaigns":false,"_monsterinsights_skip_tracking":false,"_monsterinsights_sitenote_active":false,"_monsterinsights_sitenote_note":"","_monsterinsights_sitenote_category":0},"aioseo_notices":[],"_links":{"self":[{"href":"https:\/\/lafase.cl\/fr\/wp-json\/wp\/v2\/pages\/12664"}],"collection":[{"href":"https:\/\/lafase.cl\/fr\/wp-json\/wp\/v2\/pages"}],"about":[{"href":"https:\/\/lafase.cl\/fr\/wp-json\/wp\/v2\/types\/page"}],"author":[{"embeddable":true,"href":"https:\/\/lafase.cl\/fr\/wp-json\/wp\/v2\/users\/3"}],"replies":[{"embeddable":true,"href":"https:\/\/lafase.cl\/fr\/wp-json\/wp\/v2\/comments?post=12664"}],"version-history":[{"count":6,"href":"https:\/\/lafase.cl\/fr\/wp-json\/wp\/v2\/pages\/12664\/revisions"}],"predecessor-version":[{"id":17648,"href":"https:\/\/lafase.cl\/fr\/wp-json\/wp\/v2\/pages\/12664\/revisions\/17648"}],"wp:attachment":[{"href":"https:\/\/lafase.cl\/fr\/wp-json\/wp\/v2\/media?parent=12664"}],"curies":[{"name":"wp","href":"https:\/\/api.w.org\/{rel}","templated":true}]}}