{"id":12657,"date":"2019-09-10T08:42:42","date_gmt":"2019-09-10T11:42:42","guid":{"rendered":"http:\/\/lafase.cl\/?page_id=12657"},"modified":"2019-09-12T16:28:58","modified_gmt":"2019-09-12T19:28:58","slug":"lecole-inclusive","status":"publish","type":"page","link":"https:\/\/lafase.cl\/fr\/establecimiento\/lecole-inclusive\/","title":{"rendered":"Ecole inclusive"},"content":{"rendered":"<section class=\"wpb-content-wrapper\"><p>[vc_row][vc_column][vc_custom_heading text=\u00a0\u00bbQu&rsquo;est-ce que l&rsquo;\u00e9cole inclusive?\u00a0\u00bb google_fonts=\u00a0\u00bbfont_family:Sanchez%3Aregular%2Citalic|font_style:400%20regular%3A400%3Anormal\u00a0\u00bb][vc_column_text]L\u2019\u00e9cole est dite \u00ab\u00a0inclusive\u00a0\u00bb lorsqu\u2019elle prend en compte la sp\u00e9cificit\u00e9 de chaque \u00e9l\u00e8ve par la diff\u00e9renciation p\u00e9dagogique ou \u00e0 travers des dispositifs dans le cas des \u00c9l\u00e8ves \u00e0 Besoins \u00c9ducatifs Particuliers (EBEP).<\/p>\n<p>Extrait de la brochure de l\u2019AEFE sur l\u2019accueil des EBEP (2018)\u00a0: \u00ab\u00a0[Les \u00e9tablissements fran\u00e7ais \u00e0 l\u2019\u00e9tranger] ne b\u00e9n\u00e9ficient pas de dispositifs sp\u00e9cialis\u00e9s comme en France. N\u00e9anmoins, le principe d\u2019un service public de l\u2019\u00e9ducation qui veille \u00e0 l\u2019inclusion scolaire de tous les enfants sans distinction leur a \u00e9t\u00e9 rendu applicable et la loi de 2005 pour l\u2019\u00e9galit\u00e9 des droits et des chances trouve \u00e0 s\u2019appliquer, dans la mesure des moyens humains et financiers mis \u00e0 disposition par l\u2019\u00c9tat.\u00a0\u00bb[\/vc_column_text][vc_custom_heading text=\u00a0\u00bbQuels sont les dispositifs existants et \u00e0 qui sont-ils destin\u00e9s ?\u00a0\u00bb google_fonts=\u00a0\u00bbfont_family:Sanchez%3Aregular%2Citalic|font_style:400%20regular%3A400%3Anormal\u00a0\u00bb][vc_column_text]Les dispositifs mis en place au Lyc\u00e9e Saint-Exup\u00e9ry sont ceux d\u00e9finis par la loi d\u2019orientation et de programmation pour la refondation de l\u2019\u00e9cole de la R\u00e9publique du 9 juillet 2013. Le but du diagramme suivant est de vous pr\u00e9senter succinctement ces dispositifs. En cliquant sur chacun d\u2019entre eux, vous trouverez davantage d\u2019informations sur leur mise en place au sein de l\u2019\u00e9tablissement\u00a0:[\/vc_column_text][\/vc_column][\/vc_row][vc_row][vc_column width=\u00a0\u00bb1\/2&Prime; css=\u00a0\u00bb.vc_custom_1568141101771{margin-left: 68px !important;}\u00a0\u00bb][vc_hoverbox image=\u00a0\u00bb12726&Prime; primary_title=\u00a0\u00bb\u00a0\u00bb hover_title=\u00a0\u00bbPAP\u00a0\u00bb shape=\u00a0\u00bbsquare\u00a0\u00bb hover_background_color=\u00a0\u00bbblue\u00a0\u00bb el_width=\u00a0\u00bb70&Prime; css_animation=\u00a0\u00bbnone\u00a0\u00bb css=\u00a0\u00bb.vc_custom_1568140504732{border-right-width: -30px !important;}\u00a0\u00bb]<\/p>\n<h2><a href=\"https:\/\/lafase.cl\/fr\/pap\/\">Cliquez pour plus d&rsquo;info<\/a><\/h2>\n<p>[\/vc_hoverbox][vc_empty_space height=\u00a0\u00bb12px\u00a0\u00bb][vc_hoverbox image=\u00a0\u00bb12562&Prime; primary_title=\u00a0\u00bb\u00a0\u00bb hover_title=\u00a0\u00bbPPS\u00a0\u00bb shape=\u00a0\u00bbsquare\u00a0\u00bb hover_background_color=\u00a0\u00bbpurple\u00a0\u00bb el_width=\u00a0\u00bb70&Prime; css=\u00a0\u00bb.vc_custom_1568141167653{margin-top: -10px !important;}\u00a0\u00bb]<\/p>\n<h2><a href=\"https:\/\/lafase.cl\/fr\/pps\/\">Cliquez pour plus d&rsquo;info<\/a><\/h2>\n<p>[\/vc_hoverbox][\/vc_column][vc_column width=\u00a0\u00bb1\/2&Prime; css=\u00a0\u00bb.vc_custom_1568141125182{margin-left: -68px !important;}\u00a0\u00bb][vc_hoverbox image=\u00a0\u00bb12728&Prime; primary_title=\u00a0\u00bb\u00a0\u00bb hover_title=\u00a0\u00bbPAI\u00a0\u00bb shape=\u00a0\u00bbsquare\u00a0\u00bb hover_background_color=\u00a0\u00bbgreen\u00a0\u00bb el_width=\u00a0\u00bb70&Prime; css=\u00a0\u00bb.vc_custom_1568140384166{padding-left: -30px !important;}\u00a0\u00bb]<\/p>\n<h2><a href=\"https:\/\/lafase.cl\/fr\/pai\/\">Cliquez pour plus d&rsquo;info<\/a><\/h2>\n<p>[\/vc_hoverbox][vc_empty_space height=\u00a0\u00bb12px\u00a0\u00bb][vc_hoverbox image=\u00a0\u00bb12564&Prime; primary_title=\u00a0\u00bb\u00a0\u00bb hover_title=\u00a0\u00bbPPRE\u00a0\u00bb shape=\u00a0\u00bbsquare\u00a0\u00bb hover_background_color=\u00a0\u00bbjuicy-pink\u00a0\u00bb el_width=\u00a0\u00bb70&Prime; css=\u00a0\u00bb.vc_custom_1568141209709{margin-top: -10px !important;}\u00a0\u00bb]<\/p>\n<h2><a href=\"https:\/\/lafase.cl\/fr\/ppre\/\">Cliquez pour plus d&rsquo;info<\/a><\/h2>\n<p>[\/vc_hoverbox][\/vc_column][\/vc_row]<\/p>\n<\/section>","protected":false},"excerpt":{"rendered":"<p>[vc_row][vc_column][vc_custom_heading text=\u00a0\u00bbQu&rsquo;est-ce que l&rsquo;\u00e9cole inclusive?\u00a0\u00bb google_fonts=\u00a0\u00bbfont_family:Sanchez%3Aregular%2Citalic|font_style:400%20regular%3A400%3Anormal\u00a0\u00bb][vc_column_text]L\u2019\u00e9cole est dite \u00ab\u00a0inclusive\u00a0\u00bb lorsqu\u2019elle prend en compte la sp\u00e9cificit\u00e9 de chaque \u00e9l\u00e8ve par la&nbsp;<a href=\"https:\/\/lafase.cl\/fr\/establecimiento\/lecole-inclusive\/\">&hellip;<\/a><\/p>\n","protected":false},"author":3,"featured_media":12743,"parent":319,"menu_order":12,"comment_status":"closed","ping_status":"closed","template":"template-sidebar-right-childpages.php","meta":{"om_disable_all_campaigns":false,"_monsterinsights_skip_tracking":false,"_monsterinsights_sitenote_active":false,"_monsterinsights_sitenote_note":"","_monsterinsights_sitenote_category":0},"aioseo_notices":[],"_links":{"self":[{"href":"https:\/\/lafase.cl\/fr\/wp-json\/wp\/v2\/pages\/12657"}],"collection":[{"href":"https:\/\/lafase.cl\/fr\/wp-json\/wp\/v2\/pages"}],"about":[{"href":"https:\/\/lafase.cl\/fr\/wp-json\/wp\/v2\/types\/page"}],"author":[{"embeddable":true,"href":"https:\/\/lafase.cl\/fr\/wp-json\/wp\/v2\/users\/3"}],"replies":[{"embeddable":true,"href":"https:\/\/lafase.cl\/fr\/wp-json\/wp\/v2\/comments?post=12657"}],"version-history":[{"count":23,"href":"https:\/\/lafase.cl\/fr\/wp-json\/wp\/v2\/pages\/12657\/revisions"}],"predecessor-version":[{"id":12852,"href":"https:\/\/lafase.cl\/fr\/wp-json\/wp\/v2\/pages\/12657\/revisions\/12852"}],"up":[{"embeddable":true,"href":"https:\/\/lafase.cl\/fr\/wp-json\/wp\/v2\/pages\/319"}],"wp:featuredmedia":[{"embeddable":true,"href":"https:\/\/lafase.cl\/fr\/wp-json\/wp\/v2\/media\/12743"}],"wp:attachment":[{"href":"https:\/\/lafase.cl\/fr\/wp-json\/wp\/v2\/media?parent=12657"}],"curies":[{"name":"wp","href":"https:\/\/api.w.org\/{rel}","templated":true}]}}