{"id":11952,"date":"2019-03-05T18:33:33","date_gmt":"2019-03-05T21:33:33","guid":{"rendered":"http:\/\/lafase.cl\/orientacion-en-chile\/"},"modified":"2020-10-08T15:33:04","modified_gmt":"2020-10-08T18:33:04","slug":"orientacion-en-chile","status":"publish","type":"page","link":"https:\/\/lafase.cl\/fr\/orientation\/orientacion-en-chile\/","title":{"rendered":"Orientaci\u00f3n en Chile"},"content":{"rendered":"<section class=\"wpb-content-wrapper\"><p>[vc_row][vc_column][vc_custom_heading text=\u00a0\u00bbL&rsquo;orientation au Chili\u00a0\u00bb google_fonts=\u00a0\u00bbfont_family:Bitter%3Aregular%2Citalic%2C700|font_style:400%20regular%3A400%3Anormal\u00a0\u00bb][vc_cta h2=\u00a0\u00bb\u00a0\u00bb color=\u00a0\u00bbchino\u00a0\u00bb]Le dipl\u00f4me du BAC est reconnu pour entrer, \u00e0 travers le processus d\u2019admission sp\u00e9ciale, dans certaines des universit\u00e9s les plus prestigieuses du pays.[\/vc_cta][\/vc_column][\/vc_row][vc_row][vc_column width=\u00a0\u00bb1\/2&Prime;][vc_column_text]Pour postuler en admission sp\u00e9cial avec le dipl\u00f4me du BAC, l\u2019\u00e9l\u00e8ve devra suivre les conditions explicit\u00e9es dans chaque accord que le lyc\u00e9e et l\u2019ambassade ont sign\u00e9 avec les institutions d\u2019\u00e9ducation sup\u00e9rieur.[\/vc_column_text][\/vc_column][vc_column width=\u00a0\u00bb1\/2&Prime;][vc_btn title=\u00a0\u00bbDetails des conditions d&rsquo;admission\u00a0\u00bb color=\u00a0\u00bbprimary\u00a0\u00bb i_icon_fontawesome=\u00a0\u00bbfa fa-file-o\u00a0\u00bb add_icon=\u00a0\u00bbtrue\u00a0\u00bb link=\u00a0\u00bburl:http%3A%2F%2Flafase.cl%2Fwp-content%2Fuploads%2F2020%2F10%2FConvenios-bac-2021.pdf|||\u00a0\u00bb][vc_column_text]<strong>Dans tous les cas, l\u2019\u00e9l\u00e8ve devra avoir obtenu le dipl\u00f4me du BAC et la licence d\u2019\u00e9tudes secondaires chiliennes pour pouvoir postuler.<\/strong>[\/vc_column_text][\/vc_column][\/vc_row][vc_row][vc_column][vc_custom_heading text=\u00a0\u00bbListe des universit\u00e9s pourvues d&rsquo;une voie d&rsquo;admission sp\u00e9ciale BAC\u00a0\u00bb google_fonts=\u00a0\u00bbfont_family:Abel%3Aregular|font_style:400%20regular%3A400%3Anormal\u00a0\u00bb][vc_column_text]<\/p>\n<ul>\n<li><strong>Universidad T\u00e9cnica Federico Santa Mar\u00eda <\/strong><a href=\"http:\/\/www.utfsm.cl\/\">www.utfsm.cl<\/a><\/li>\n<li><strong>Universidad Diego Portales <\/strong><a href=\"http:\/\/www.udd.cl\/\">www.udd.cl<\/a><\/li>\n<li><strong>Universidad Adolfo Ib\u00e1\u00f1ez <\/strong><a href=\"http:\/\/www.uai.cl\/\">www.uai.cl<\/a><\/li>\n<li><strong>Universidad De los Andes<\/strong> <a href=\"http:\/\/www.uandes.cl\/\">www.uandes.cl<\/a><\/li>\n<li><strong>Universidad del Desarrollo <\/strong><a href=\"http:\/\/www.udd.cl\/\">www.udd.cl<\/a><\/li>\n<li><strong>Universidad Mayor <\/strong><a href=\"http:\/\/www.umayor.cl\/\">www.umayor.cl<\/a><\/li>\n<li><strong>Universidad<\/strong><strong>\u00a0Andr\u00e9s Bello <\/strong><a href=\"http:\/\/www.unab.cl\/\">www.unab.cl<\/a><\/li>\n<li><strong>Universidad Cat\u00f3lica de Valpara\u00edso <\/strong><a href=\"http:\/\/www.ucv.cl\/\">www.ucv.cl<\/a><\/li>\n<li><strong>Universidad Finis Terrae <\/strong><a href=\"http:\/\/www.finisterrae.cl\/\">www.finisterrae.cl<\/a><\/li>\n<li><strong>Universidad Gabriela Mistral <\/strong><a href=\"http:\/\/www.ugm.cl\/\">www.ugm.cl<\/a><\/li>\n<li><strong>Universidad Alberto Hurtado <\/strong><a href=\"http:\/\/www.uahurtado.cl\/\">www.uahurtado.cl<\/a><\/li>\n<li><strong>Universidad de Santiago de Chile\u00a0<\/strong><a href=\"https:\/\/www.usach.cl\">www.usach.cl<\/a><\/li>\n<li><strong>Universidad Aut\u00f3noma <\/strong><a href=\"https:\/\/www.uautonoma.cl\">www.uautonoma.cl<\/a><\/li>\n<\/ul>\n<p>[\/vc_column_text][vc_row_inner][vc_column_inner]\t\t<div class=\"scp-teachers \">\n\t\t\t\t\t\t<div class=\"teacher one whole \">\n\t\t\t\t<div class=\"inner-wrap\">\n\t\t\t\t\t<div class=\"thumbnail\">\n\t\t\t\t\t\t\t\t\t\t\t<\/div>\n\t\t\t\t\t<div class=\"item\">\n\t\t\t\t\t\t<h5 class=\"entry-title\"><a\n\t\t\t\t\t\t\t\thref=\"https:\/\/lafase.cl\/fr\/teachers\/orientacion\/\">Contact orientation<\/a>\n\t\t\t\t\t\t<\/h5>\n\t\t\t\t\t\t\t\t\t\t\t\t\t\t\t\t\t\t\t<h6 class=\"job-title\">Conseiller d&#039;orientation<\/h6>\n\t\t\t\t\t\t\t\t\t\t\t\t\t\t\t\t\t\t\t\t\t\t\t\t\t<div class=\"summary\"><p>Mail: <a href=\"mailto:amaury.scheffter@lafase.cl\">amaury.scheffter@lafase.cl<\/a><\/p>\n<p>Tel: +56 2 282 78 343<\/p>\n<\/div>\n\t\t\t\t\t\t\n\t\t\t\t\t\t\t\t\t\t\t\t\t\t\t\t\t<\/div>\n\t\t\t\t<\/div>\n\t\t\t<\/div>\n\t\t\t\t\t<\/div>\n\t\t[vc_separator][\/vc_column_inner][\/vc_row_inner][\/vc_column][\/vc_row][vc_row][vc_column][vc_custom_heading text=\u00a0\u00bbLire \u00e9galement\u00a0\u00bb google_fonts=\u00a0\u00bbfont_family:Abel%3Aregular|font_style:400%20regular%3A400%3Anormal\u00a0\u00bb][vc_basic_grid post_type=\u00a0\u00bbids\u00a0\u00bb grid_id=\u00a0\u00bbvc_gid:1602181900146-6303f899-1745-8&Prime; include=\u00a0\u00bb10377, 5740&Prime;][\/vc_column][\/vc_row]<\/p>\n<\/section>","protected":false},"excerpt":{"rendered":"<p>[vc_row][vc_column][vc_custom_heading text=\u00a0\u00bbL&rsquo;orientation au Chili\u00a0\u00bb google_fonts=\u00a0\u00bbfont_family:Bitter%3Aregular%2Citalic%2C700|font_style:400%20regular%3A400%3Anormal\u00a0\u00bb][vc_cta h2=\u00a0\u00bb\u00a0\u00bb color=\u00a0\u00bbchino\u00a0\u00bb]Le dipl\u00f4me du BAC est reconnu pour entrer, \u00e0 travers le processus d\u2019admission sp\u00e9ciale,&nbsp;<a href=\"https:\/\/lafase.cl\/fr\/orientation\/orientacion-en-chile\/\">&hellip;<\/a><\/p>\n","protected":false},"author":3,"featured_media":0,"parent":2044,"menu_order":7,"comment_status":"closed","ping_status":"closed","template":"template-sidebar-right-childpages.php","meta":{"om_disable_all_campaigns":false,"_monsterinsights_skip_tracking":false,"_monsterinsights_sitenote_active":false,"_monsterinsights_sitenote_note":"","_monsterinsights_sitenote_category":0},"aioseo_notices":[],"_links":{"self":[{"href":"https:\/\/lafase.cl\/fr\/wp-json\/wp\/v2\/pages\/11952"}],"collection":[{"href":"https:\/\/lafase.cl\/fr\/wp-json\/wp\/v2\/pages"}],"about":[{"href":"https:\/\/lafase.cl\/fr\/wp-json\/wp\/v2\/types\/page"}],"author":[{"embeddable":true,"href":"https:\/\/lafase.cl\/fr\/wp-json\/wp\/v2\/users\/3"}],"replies":[{"embeddable":true,"href":"https:\/\/lafase.cl\/fr\/wp-json\/wp\/v2\/comments?post=11952"}],"version-history":[{"count":11,"href":"https:\/\/lafase.cl\/fr\/wp-json\/wp\/v2\/pages\/11952\/revisions"}],"predecessor-version":[{"id":25142,"href":"https:\/\/lafase.cl\/fr\/wp-json\/wp\/v2\/pages\/11952\/revisions\/25142"}],"up":[{"embeddable":true,"href":"https:\/\/lafase.cl\/fr\/wp-json\/wp\/v2\/pages\/2044"}],"wp:attachment":[{"href":"https:\/\/lafase.cl\/fr\/wp-json\/wp\/v2\/media?parent=11952"}],"curies":[{"name":"wp","href":"https:\/\/api.w.org\/{rel}","templated":true}]}}