{"id":10377,"date":"2019-07-08T11:10:38","date_gmt":"2019-07-08T15:10:38","guid":{"rendered":"http:\/\/lafase.cl\/?page_id=10377"},"modified":"2021-02-12T15:05:43","modified_gmt":"2021-02-12T18:05:43","slug":"vers-le-bac-2021","status":"publish","type":"page","link":"https:\/\/lafase.cl\/fr\/orientation\/vers-le-bac-2021\/","title":{"rendered":"Vers le BAC 2021"},"content":{"rendered":"<section class=\"wpb-content-wrapper\"><p>[vc_row][vc_column][vc_custom_heading text=\u00a0\u00bbVers le BAC 2021&Prime; google_fonts=\u00a0\u00bbfont_family:Lobster%3Aregular|font_style:400%20regular%3A400%3Anormal\u00a0\u00bb][\/vc_column][\/vc_row][vc_row][vc_column width=\u00a0\u00bb1\/4&Prime;][vc_column_text]<\/p>\n<p style=\"text-align: justify;\"><span style=\"color: #ff0000;\"><strong>Le bac sera r\u00e9form\u00e9 pour la session de 2021.<\/strong><\/span><\/p>\n<p style=\"text-align: justify;\"><span style=\"color: #ff0000;\"><strong>Le bac s\u2019obtiendra par contr\u00f4le continu et \u00e9preuves finales en premi\u00e8re et terminale.<\/strong><\/span><\/p>\n<p><strong>Plus d&rsquo;info :<\/strong>[\/vc_column_text][vc_btn title=\u00a0\u00bbR\u00e9forme du lyc\u00e9e\u00a0\u00bb shape=\u00a0\u00bbsquare\u00a0\u00bb color=\u00a0\u00bborange\u00a0\u00bb size=\u00a0\u00bblg\u00a0\u00bb i_icon_fontawesome=\u00a0\u00bbfa fa-file-o\u00a0\u00bb add_icon=\u00a0\u00bbtrue\u00a0\u00bb link=\u00a0\u00bburl:http%3A%2F%2Flafase.cl%2Fwp-content%2Fuploads%2F2020%2F02%2Fr%C3%A9forme-lyc%C3%A9e.pdf|||\u00a0\u00bb][\/vc_column][vc_column width=\u00a0\u00bb3\/4&Prime;][vc_single_image image=\u00a0\u00bb10348&Prime; img_size=\u00a0\u00bblarge\u00a0\u00bb alignment=\u00a0\u00bbcenter\u00a0\u00bb][\/vc_column][\/vc_row][vc_row][vc_column][vc_custom_heading text=\u00a0\u00bbLes coefficients du BAC\u00a0\u00bb google_fonts=\u00a0\u00bbfont_family:Ropa%20Sans%3Aregular%2Citalic|font_style:400%20regular%3A400%3Anormal\u00a0\u00bb][vc_single_image image=\u00a0\u00bb10350&Prime; img_size=\u00a0\u00bblarge\u00a0\u00bb][vc_empty_space][\/vc_column][\/vc_row][vc_row][vc_column][vc_column_text]<\/p>\n<p style=\"text-align: justify;\">Les \u00e9l\u00e8ves de premi\u00e8re et terminale suivront tous un tronc commun :<\/p>\n<p>[\/vc_column_text][vc_single_image image=\u00a0\u00bb10352&Prime; img_size=\u00a0\u00bblarge\u00a0\u00bb][vc_single_image image=\u00a0\u00bb10354&Prime; img_size=\u00a0\u00bblarge\u00a0\u00bb][vc_column_text]<\/p>\n<p style=\"text-align: justify;\">Et devront choisir 3 enseignements de sp\u00e9cialit\u00e9 pour la classe de premi\u00e8re de 4h par semaine chacun. En terminale, ils n\u2019en garderont que 2 de 6h par semaine chacun.<\/p>\n<p>[\/vc_column_text][\/vc_column][\/vc_row][vc_row][vc_column][vc_custom_heading text=\u00a0\u00bbEnseignements de sp\u00e9cialit\u00e9\u00a0\u00bb google_fonts=\u00a0\u00bbfont_family:Ropa%20Sans%3Aregular%2Citalic|font_style:400%20regular%3A400%3Anormal\u00a0\u00bb][vc_column_text]<\/p>\n<p style=\"text-align: justify;\">La liste des enseignements propos\u00e9s au lyc\u00e9e sont les suivants\u00a0:<\/p>\n<p style=\"text-align: justify;\"><strong><u>Cliquer sur les enseignements pour consulter la fiche d\u00e9taill\u00e9e.<\/u><\/strong><\/p>\n<p>[\/vc_column_text][vc_btn title=\u00a0\u00bbHistoire, g\u00e9ographie, g\u00e9opolitique et sciences politiques\u00a0\u00bb color=\u00a0\u00bbsandy-brown\u00a0\u00bb link=\u00a0\u00bburl:http%3A%2F%2Flafase.cl%2Fwp-content%2Fuploads%2F2019%2F07%2FHGGSP.pdf||target:%20_blank|\u00a0\u00bb][vc_btn title=\u00a0\u00bbHumanit\u00e9s, litt\u00e9rature et philosophie\u00a0\u00bb color=\u00a0\u00bbgreen\u00a0\u00bb link=\u00a0\u00bburl:http%3A%2F%2Flafase.cl%2Fwp-content%2Fuploads%2F2019%2F07%2FHLP.pdf||target:%20_blank|\u00a0\u00bb][vc_btn title=\u00a0\u00bbLangues, litt\u00e9ratures et cultures \u00e9trang\u00e8res* (anglais ou espagnol)\u00a0\u00bb color=\u00a0\u00bbsky\u00a0\u00bb link=\u00a0\u00bburl:http%3A%2F%2Flafase.cl%2Fwp-content%2Fuploads%2F2019%2F07%2FLLCE.pdf||target:%20_blank|\u00a0\u00bb][vc_btn title=\u00a0\u00bbMath\u00e9matiques\u00a0\u00bb color=\u00a0\u00bbdanger\u00a0\u00bb link=\u00a0\u00bburl:http%3A%2F%2Flafase.cl%2Fwp-content%2Fuploads%2F2019%2F07%2FMath%C3%A9matiques.pdf||target:%20_blank|\u00a0\u00bb][vc_btn title=\u00a0\u00bbPhysique-chimie\u00a0\u00bb color=\u00a0\u00bbturquoise\u00a0\u00bb link=\u00a0\u00bburl:http%3A%2F%2Flafase.cl%2Fwp-content%2Fuploads%2F2019%2F07%2FPhysique-Chimie.pdf||target:%20_blank|\u00a0\u00bb][vc_btn title=\u00a0\u00bbSciences de la vie et de la Terre\u00a0\u00bb color=\u00a0\u00bbviolet\u00a0\u00bb link=\u00a0\u00bburl:http%3A%2F%2Flafase.cl%2Fwp-content%2Fuploads%2F2019%2F07%2FSVT.pdf||target:%20_blank|\u00a0\u00bb][vc_btn title=\u00a0\u00bbSciences \u00e9conomiques et sociales\u00a0\u00bb color=\u00a0\u00bbwarning\u00a0\u00bb link=\u00a0\u00bburl:http%3A%2F%2Flafase.cl%2Fwp-content%2Fuploads%2F2019%2F08%2FSES.pdf||target:%20_blank|\u00a0\u00bb][\/vc_column][\/vc_row]<\/p>\n<\/section>","protected":false},"excerpt":{"rendered":"<p>[vc_row][vc_column][vc_custom_heading text=\u00a0\u00bbVers le BAC 2021&Prime; google_fonts=\u00a0\u00bbfont_family:Lobster%3Aregular|font_style:400%20regular%3A400%3Anormal\u00a0\u00bb][\/vc_column][\/vc_row][vc_row][vc_column width=\u00a0\u00bb1\/4&Prime;][vc_column_text] Le bac sera r\u00e9form\u00e9 pour la session de 2021. Le bac s\u2019obtiendra par&nbsp;<a href=\"https:\/\/lafase.cl\/fr\/orientation\/vers-le-bac-2021\/\">&hellip;<\/a><\/p>\n","protected":false},"author":8,"featured_media":30694,"parent":2044,"menu_order":8,"comment_status":"closed","ping_status":"closed","template":"template-sidebar-right-childpages.php","meta":{"om_disable_all_campaigns":false,"_monsterinsights_skip_tracking":false,"_monsterinsights_sitenote_active":false,"_monsterinsights_sitenote_note":"","_monsterinsights_sitenote_category":0},"aioseo_notices":[],"_links":{"self":[{"href":"https:\/\/lafase.cl\/fr\/wp-json\/wp\/v2\/pages\/10377"}],"collection":[{"href":"https:\/\/lafase.cl\/fr\/wp-json\/wp\/v2\/pages"}],"about":[{"href":"https:\/\/lafase.cl\/fr\/wp-json\/wp\/v2\/types\/page"}],"author":[{"embeddable":true,"href":"https:\/\/lafase.cl\/fr\/wp-json\/wp\/v2\/users\/8"}],"replies":[{"embeddable":true,"href":"https:\/\/lafase.cl\/fr\/wp-json\/wp\/v2\/comments?post=10377"}],"version-history":[{"count":6,"href":"https:\/\/lafase.cl\/fr\/wp-json\/wp\/v2\/pages\/10377\/revisions"}],"predecessor-version":[{"id":30742,"href":"https:\/\/lafase.cl\/fr\/wp-json\/wp\/v2\/pages\/10377\/revisions\/30742"}],"up":[{"embeddable":true,"href":"https:\/\/lafase.cl\/fr\/wp-json\/wp\/v2\/pages\/2044"}],"wp:featuredmedia":[{"embeddable":true,"href":"https:\/\/lafase.cl\/fr\/wp-json\/wp\/v2\/media\/30694"}],"wp:attachment":[{"href":"https:\/\/lafase.cl\/fr\/wp-json\/wp\/v2\/media?parent=10377"}],"curies":[{"name":"wp","href":"https:\/\/api.w.org\/{rel}","templated":true}]}}